{"id":18073,"date":"2023-06-20T00:56:05","date_gmt":"2023-06-20T00:56:05","guid":{"rendered":"https:\/\/oudianvalve.com\/?post_type=product&#038;p=18073"},"modified":"2023-06-20T02:08:48","modified_gmt":"2023-06-20T02:08:48","slug":"api600-8inch-150lb-cast-steel-globe-valve","status":"publish","type":"product","link":"https:\/\/oudianvalve.com\/ro\/products\/globe-valves\/api600-8inch-150lb-cast-steel-globe-valve\/","title":{"rendered":"Supap\u0103 cu glob din o\u021bel turnat API600 de 8 inch \u0219i 150 lb"},"content":{"rendered":"<p>Standard de proiectare: BS 1873 sau API623\/API600<br \/>\nEvalu\u0103ri presiune-temperatura: ASME B16.34<br \/>\nInterval de dimensiuni: 2\u201d la 28\u201d<br \/>\nInterval de presiune: Clasa 150 p\u00e2n\u0103 la 2500<br \/>\nConexiuni la cap\u0103t: RF cu flan\u0219\u0103, RTJ, sudare cap la cap<br \/>\nDimensiuni de cap\u0103t cu flan\u0219\u0103: ASME B16.5 (\u226424\u201d), ASME B16.47 Seria A sau B (&gt;24\u201d)<br \/>\nDimensiuni cap\u0103t de sudare cap la cap: ASME B16.25 fa\u021b\u0103 \u00een fa\u021b\u0103<br \/>\nDimensiuni fa\u021b\u0103 \u00een fa\u021b\u0103: ASME B16.10<br \/>\nInspec\u021bie \u0219i testare: API 598<br \/>\nMateriale caroserie: WCB, WCC, LCB, LCC, WC6, WC9, CF8, CF3, CF3M, CF8M, A995 4A, 5A, 6A, C95800, INCONEL 625, INCONEL 825, Hastelloy C, MONEL.<br \/>\nMateriale de t\u0103iere: 1#, 5#, 8#, 10#, 12#, 16#<br \/>\nMateriale de ambalare: grafit, grafit cu fir inconel, PTFE<\/p>\n<div class=\"fl-row fl-row-full-width fl-row-bg-none fl-node-6392e5b9bcb7b\" data-node=\"6392e5b9bcb7b\">\n<div class=\"fl-row-content-wrap\">\n<div class=\"fl-row-content fl-row-full-width fl-node-content\">\n<div class=\"fl-col-group fl-node-6392e5b9bd376\" data-node=\"6392e5b9bd376\">\n<div class=\"fl-col fl-node-6392e5b9be5e2\" data-node=\"6392e5b9be5e2\">\n<div class=\"fl-col-content fl-node-content\">\n<div class=\"fl-module fl-module-rich-text fl-node-6392e5b9c4a63\" data-node=\"6392e5b9c4a63\" data-animation-delay=\"0.0\">\n<div class=\"fl-module-content fl-node-content\">\n<div class=\"fl-rich-text\">\n<p>Extensie capota<br \/>\nSupape de trecere<br \/>\nSupape de golire<br \/>\nEmisii fugitive sc\u0103zute conform API 624 sau ISO 15848<br \/>\n\u0218uruburi \u0219i piuli\u021be acoperite cu PTFE<br \/>\n\u0218uruburi \u0219i piuli\u021be acoperite cu zinc<\/p>\n<\/div>\n<\/div>\n<\/div>\n<\/div>\n<\/div>\n<\/div>\n<\/div>\n<\/div>\n<\/div>\n<div class=\"fl-row fl-row-full-width fl-row-bg-none fl-node-6392e5c966481\" data-node=\"6392e5c966481\">\n<div class=\"fl-row-content-wrap\">\n<div class=\"fl-row-content fl-row-full-width fl-node-content\">\n<div class=\"fl-col-group fl-node-6392e5c9664ce\" data-node=\"6392e5c9664ce\">\n<div class=\"fl-col fl-node-6392e5c966513\" data-node=\"6392e5c966513\">\n<div class=\"fl-col-content fl-node-content\">\n<div class=\"fl-module fl-module-rich-text fl-node-6392e5c966555\" data-node=\"6392e5c966555\" data-animation-delay=\"0.0\">\n<div class=\"fl-module-content fl-node-content\">\n<div class=\"fl-rich-text\">\n<div class=\"content_box\"><\/div>\n<p>Supapa noastr\u0103 cu glob este proiectat\u0103 strict conform BS 1873 \u0219i standardelor aferente \u0219i, de asemenea, poate fi API 623 conform cerin\u021belor clientului. Grosimea peretelui conform API 600, care are o grosime mai mare dec\u00e2t standardul ASME B16.34 \u0219i va fi mai stabil\u0103. Pentru dimensiuni de peste 8\u201d, nu poate fi proiectat ca tip dublu disc, care are o valoare mai mic\u0103 a cuplului \u0219i a trac\u021biunii \u00een compara\u021bie cu tipul cu un singur disc.<\/p>\n<\/div>\n<p>Func\u021bia supapei globului<\/p>\n<p>O supap\u0103 cu glob, cunoscut\u0103 \u0219i sub numele de supap\u0103 de \u00eenchidere, apar\u021bine unei supape de etan\u0219are for\u021bat\u0103. Acesta aplic\u0103 un cuplu prin tija supapei, adic\u0103 tija supapei exercit\u0103 presiune asupra discului supapei deasupra direc\u021biei axiale pentru a ob\u021bine o potrivire de etan\u0219are \u00eentre discul supapei \u0219i scaunul supapei, prevenind scurgerea medie din spa\u021biu \u0219i juc\u00e2nd un rol \u00een t\u0103ierea, reglarea \u0219i reglarea \u00een conduct\u0103.<\/p>\n<\/div>\n<\/div>\n<\/div>\n<\/div>\n<\/div>\n<\/div>\n<\/div>\n<\/div>","protected":false},"excerpt":{"rendered":"<p>Model drept sau model Y<br \/>\nCapot\u0103 cu \u0219uruburi sau capot\u0103 de etan\u0219are sub presiune<br \/>\nTulpina \u00een cre\u0219tere<br \/>\n\u0218urub \u0219i jug exterior<br \/>\nScaun integral pentru caroserie sau inel de scaun regenerabil<br \/>\nNACE MR 0175<\/p>","protected":false},"featured_media":18074,"template":"","meta":{"advanced_seo_description":"","jetpack_seo_html_title":"","jetpack_seo_noindex":false},"product_brand":[],"product_cat":[80],"product_tag":[134,135,133,85],"class_list":{"0":"post-18073","1":"product","2":"type-product","3":"status-publish","4":"has-post-thumbnail","6":"product_cat-globe-valves","7":"product_tag-150lb-cast-steel-globe-valve","8":"product_tag-8-inch-cast-steel-globe-valve","9":"product_tag-api600-cast-steel-globe-valve","10":"product_tag-cast-steel-globe-valve","12":"first","13":"instock","14":"featured","15":"shipping-taxable","16":"product-type-simple"},"jetpack_sharing_enabled":true,"_links":{"self":[{"href":"https:\/\/oudianvalve.com\/ro\/wp-json\/wp\/v2\/product\/18073","targetHints":{"allow":["GET"]}}],"collection":[{"href":"https:\/\/oudianvalve.com\/ro\/wp-json\/wp\/v2\/product"}],"about":[{"href":"https:\/\/oudianvalve.com\/ro\/wp-json\/wp\/v2\/types\/product"}],"wp:featuredmedia":[{"embeddable":true,"href":"https:\/\/oudianvalve.com\/ro\/wp-json\/wp\/v2\/media\/18074"}],"wp:attachment":[{"href":"https:\/\/oudianvalve.com\/ro\/wp-json\/wp\/v2\/media?parent=18073"}],"wp:term":[{"taxonomy":"product_brand","embeddable":true,"href":"https:\/\/oudianvalve.com\/ro\/wp-json\/wp\/v2\/product_brand?post=18073"},{"taxonomy":"product_cat","embeddable":true,"href":"https:\/\/oudianvalve.com\/ro\/wp-json\/wp\/v2\/product_cat?post=18073"},{"taxonomy":"product_tag","embeddable":true,"href":"https:\/\/oudianvalve.com\/ro\/wp-json\/wp\/v2\/product_tag?post=18073"}],"curies":[{"name":"wp","href":"https:\/\/api.w.org\/{rel}","templated":true}]}}