{"id":18069,"date":"2023-06-19T07:49:18","date_gmt":"2023-06-19T07:49:18","guid":{"rendered":"https:\/\/oudianvalve.com\/?post_type=product&#038;p=18069"},"modified":"2023-06-20T00:30:02","modified_gmt":"2023-06-20T00:30:02","slug":"dn80-pn16-cast-steel-t-type-strainer","status":"publish","type":"product","link":"https:\/\/oudianvalve.com\/ro\/products\/y-strainer\/dn80-pn16-cast-steel-t-type-strainer\/","title":{"rendered":"Filtru de tip T DN80 PN16 din o\u021bel turnat"},"content":{"rendered":"<p>Filtru de tip T DN80 PN16 din o\u021bel turnat<br \/>\nDimensiune: 1\/2\u2033-24\u2033(DN15~DN600)<br \/>\nPresiune nominal\u0103: 150LB-2500LB\/PN16~PN160\/10K~60K)<br \/>\nMaterial: A351CF8M\/CF8\/CF3\/CF3M, A216WCB, A217 WC6 A352 LCB\/LCC, A105, F304, F316, F51\/F53, F11.F2.C3.C95800<br \/>\nTemperatura potrivit\u0103: 425 \u00b0 C (temperatur\u0103 diferit\u0103 alege materiale diferite). Mediu potrivit: ap\u0103, abur, petrol \u0219i gaze naturale etc.<\/p>\n<p>Descriere:<br \/>\nStandarde de proiectare: ASME B16.34<br \/>\nLungimea structurii: ASME B16.10<br \/>\nDimensiunea conexiunii Standard: ANSI B16.5<br \/>\nStandarde de testare \u0219i inspec\u021bie: API598<\/p>\n<p>Principiul de func\u021bionare \u0219i caracteristici:<\/p>\n<p>C\u00e2nd fluidul intr\u0103 \u00een cartu\u0219ul filtrului cu o anumit\u0103 specifica\u021bie de sit\u0103 a filtrului, impurit\u0103\u021bile sale sunt blocate, iar filtratul curat este evacuat de la ie\u0219irea filtrului. C\u00e2nd este nevoie de cur\u0103\u021bare, pur \u0219i simplu scoate\u021bi cartu\u0219ul de filtru deta\u0219abil, procesa\u021bi-l \u0219i reinstala\u021bi-l. Prin urmare, \u00eentre\u021binerea \u0219i utilizarea sunt extrem de convenabile.<\/p>\n<p>Materialele de fabrica\u021bie ale filtrului de tip T variaz\u0103 \u00een func\u021bie de nevoile zilnice \u0219i, \u00een general, aleg materiale din font\u0103, o\u021bel carbon sau o\u021bel inoxidabil. C\u00e2nd utiliza\u021bi filtre, trebuie selectate diferite modele de filtre \u00een func\u021bie de diferitele fluide. Pentru filtrarea lichidelor precum apa, amoniacul, uleiul, hidrocarburile etc.<br \/>\nC\u00e2nd lichidul intr\u0103 \u00een sita filtrului cu o anumit\u0103 specifica\u021bie, impurit\u0103\u021bile sunt blocate de sita filtrului, iar lichidul curat este evacuat prin orificiu de evacuare. Atunci c\u00e2nd este nevoie de cur\u0103\u021bare, trebuie scos doar sita de filtru deta\u0219abil\u0103 pentru tratarea apelor reziduale \u0219i reinstalat\u0103 pentru utilizare. Prin urmare, utilizarea \u0219i \u00eentre\u021binerea filtrelor sunt extrem de convenabile.<\/p>\n<p>Construc\u021bia sit\u0103 de tip T<\/p>\n<p>Sita de tip T este special realizat\u0103 cu \u021bevi \u0219i pl\u0103ci sau tee \u0219i flan\u0219e identice standard. Componentele filtrului sunt realizate din tabl\u0103 perforat\u0103 din o\u021bel inoxidabil sau plas\u0103 de s\u00e2rm\u0103 care este sus\u021binut\u0103 de tabl\u0103 perforat\u0103. Filtrele de tip T sunt o alternativ\u0103 cu costuri reduse pentru cerin\u021bele de filtrare cu orificii nominale mari. Aceast\u0103 sit\u0103 poate fi montat\u0103 rapid \u0219i necesit\u0103 mai pu\u021bin\u0103 \u00eentre\u021binere. Filtrele T vin fie cu un capac \u00een\u0219urubat, fie cu capace cu deschidere rapid\u0103 pentru aplicarea adecvat\u0103.<\/p>\n<p>Filtrele de tip T pot fi montate fie \u00een \u021bevi verticale, fie orizontale, \u00een pozi\u021bie vertical\u0103 evacuarea ar curge \u00een jos \u00een co\u0219. \u00cen loca\u021bia orizontal\u0103, leg\u0103tura de ramifica\u021bie este situat\u0103 pe lateral pentru acces lateral sau, respectiv, \u0219i \u00een partea de sus pentru acces superior. Filtrele T sunt limitate la filtrarea cursului datorit\u0103 modului \u00een care co\u0219ul este plasat \u00een T va \u00eencuraja fluidul s\u0103 curg\u0103 prin sistemul de bare de rulare.<\/p>\n<p>Caracteristici \u0219i beneficii ale filterului de tip T<\/p>\n<p>Filtrele de tip T au multe beneficii pentru aplica\u021biile de conducte, cum ar fi:<\/p>\n<ul>\n<li>Vine cu capace cu deschidere rapid\u0103 pentru o opera\u021biune u\u0219oar\u0103 de cur\u0103\u021bare.<\/li>\n<li>Este prev\u0103zut cu un orificiu de aerisire u\u0219or \u0219i are robinete de presiune diferen\u021bial\u0103.<\/li>\n<li>Are o cale de curgere mai dreapt\u0103, ceea ce permite o capacitate de curgere mai mare.<\/li>\n<li>Sita de tip T este potrivit\u0103 pentru transferul fluidelor la o vitez\u0103 mai mare.<\/li>\n<li>Acestea sunt ideale pentru utiliz\u0103ri mari de \u021bevi care necesit\u0103 acces rapid la sit\u0103.<\/li>\n<li>C\u00e2nd este instalat orizontal, capacul camerei poate fi deschis f\u0103r\u0103 scurgerea fluidului de proces. Astfel, poate fi utilizat \u00een procese periculoase.<\/li>\n<\/ul>\n<p>&nbsp;<\/p>\n<p>Aplica\u021bii ale filtrului de tip T<\/p>\n<p>Uneori nu este practic s\u0103 folosi\u021bi sit\u0103ri de tip Y \u00een pu\u021bine aplica\u021bii, deoarece elementul este accesibil din partea inferioar\u0103 a capacului sau a corpului. Filtrele de tip T ofer\u0103 accesibilitate la element prin partea superioar\u0103 a carcasei sau a corpului. Acest tip de sit\u0103 este destinat s\u0103 fie montat \u00een linie cu axa conductei, dar poate fi instalat \u0219i \u00een instala\u021bii de conducte decalate \u0219i \u00een unghi drept.<\/p>\n<p>\u00cen plus fa\u021b\u0103 de colec\u021bia standard de catalog de filtre de tip T, filtrele fabricate pot fi proiectate \u0219i produse pentru a satisface specifica\u021biile specifice aplica\u021biei. Aceste filtre sunt proiectate pentru a face fa\u021b\u0103 aplica\u021biilor industriale agresive cu abur \u0219i gaz atunci c\u00e2nd sunt construite cu o\u021bel inoxidabil sau o\u021bel carbon.<\/p>","protected":false},"excerpt":{"rendered":"<p>Sita de tip T din o\u021bel turnat DN80 PN16 apar\u021bine seriei de filtre grosiere pentru conducte \u0219i poate fi folosit\u0103 \u0219i pentru filtrarea particulelor mari de gaz sau a altor medii. C\u00e2nd este instalat pe conduct\u0103, poate \u00eendep\u0103rta impurit\u0103\u021bile solide mari din fluid, permi\u021b\u00e2nd echipamentelor ma\u0219inii (inclusiv compresoare, pompe etc.) \u0219i instrumentelor s\u0103 func\u021bioneze \u0219i s\u0103 func\u021bioneze \u00een mod normal, realiz\u00e2nd un proces stabil \u0219i asigur\u00e2nd o produc\u021bie sigur\u0103.<\/p>","protected":false},"featured_media":18070,"template":"","meta":{"advanced_seo_description":"","jetpack_seo_html_title":"","jetpack_seo_noindex":false},"product_brand":[],"product_cat":[84],"product_tag":[128,130,129,132,131],"class_list":{"0":"post-18069","1":"product","2":"type-product","3":"status-publish","4":"has-post-thumbnail","6":"product_cat-y-strainer","7":"product_tag-cast-steel-t-type-strainer","8":"product_tag-dn80-cast-steel-t-type-strainer","9":"product_tag-pn16-cast-steel-t-type-strainer","10":"product_tag-weld-t-type-strainer","11":"product_tag-wpb-cast-steel-t-type-strainer","13":"first","14":"instock","15":"featured","16":"shipping-taxable","17":"product-type-simple"},"jetpack_sharing_enabled":true,"_links":{"self":[{"href":"https:\/\/oudianvalve.com\/ro\/wp-json\/wp\/v2\/product\/18069","targetHints":{"allow":["GET"]}}],"collection":[{"href":"https:\/\/oudianvalve.com\/ro\/wp-json\/wp\/v2\/product"}],"about":[{"href":"https:\/\/oudianvalve.com\/ro\/wp-json\/wp\/v2\/types\/product"}],"wp:featuredmedia":[{"embeddable":true,"href":"https:\/\/oudianvalve.com\/ro\/wp-json\/wp\/v2\/media\/18070"}],"wp:attachment":[{"href":"https:\/\/oudianvalve.com\/ro\/wp-json\/wp\/v2\/media?parent=18069"}],"wp:term":[{"taxonomy":"product_brand","embeddable":true,"href":"https:\/\/oudianvalve.com\/ro\/wp-json\/wp\/v2\/product_brand?post=18069"},{"taxonomy":"product_cat","embeddable":true,"href":"https:\/\/oudianvalve.com\/ro\/wp-json\/wp\/v2\/product_cat?post=18069"},{"taxonomy":"product_tag","embeddable":true,"href":"https:\/\/oudianvalve.com\/ro\/wp-json\/wp\/v2\/product_tag?post=18069"}],"curies":[{"name":"wp","href":"https:\/\/api.w.org\/{rel}","templated":true}]}}