{"id":18064,"date":"2023-06-19T07:02:50","date_gmt":"2023-06-19T07:02:50","guid":{"rendered":"https:\/\/oudianvalve.com\/?post_type=product&#038;p=18064"},"modified":"2023-06-20T02:08:59","modified_gmt":"2023-06-20T02:08:59","slug":"bs-1868-900lb-dn80-cast-steel-swing-check-valve","status":"publish","type":"product","link":"https:\/\/oudianvalve.com\/ro\/products\/check-valves\/bs-1868-900lb-dn80-cast-steel-swing-check-valve\/","title":{"rendered":"BS 1868 900LB DN80 Supap\u0103 de re\u021binere pivotant\u0103 din o\u021bel turnat"},"content":{"rendered":"<p>Standard de proiectare: BS 1868 sau API 6D<br \/>\nEvalu\u0103ri presiune-temperatura: ASME B16.34<br \/>\nInterval de dimensiuni: de la 2\u201d la 48\u201d<br \/>\nInterval de presiune: Clasa 150 p\u00e2n\u0103 la 2500<br \/>\nConexiuni la cap\u0103t: RF cu flan\u0219\u0103, RTJ, FF, sudare cap la cap<br \/>\nCapot\u0103: Capot\u0103 cu \u0219uruburi sau etan\u0219are sub presiune<br \/>\nDimensiuni de cap\u0103t cu flan\u0219\u0103: ASME B16.5 (\u226424\u201d), ASME B16.47 Seria A sau B (&gt;24\u201d)<br \/>\nDimensiuni cap\u0103t de sudare cap la cap: ASME B16.25 fa\u021b\u0103 \u00een fa\u021b\u0103<br \/>\nDimensiuni fa\u021b\u0103 \u00een fa\u021b\u0103: ASME B16.10<br \/>\nInspec\u021bie \u0219i testare: API 598, API 6D<br \/>\nMateriale caroserie: WCB, CF8, CF3, CF3M, CF8M, CF8C, A995 4A, 5A, 6A, C95800, INCONEL 625, INCONEL 825, MONEL, WC6, WC9, LCB, LCC.<br \/>\nMateriale de t\u0103iere: 1#, 5#, 8#, 10#, 12#, 16#<br \/>\nMateriale de fixare: ASTM A193 B7, B7M, B8, B8M \/ ASTM A194 2H, 2HM, 8, 8M.<\/p>\n<p>Port cu deschidere complet\u0103 API 6D<br \/>\nTestare criogenic\u0103<br \/>\n\u0218uruburi \u0219i piuli\u021be acoperite cu PTFE<br \/>\n\u0218uruburi \u0219i piuli\u021be acoperite cu zinc<\/p>\n<p>Supapa de re\u021binere oscilant\u0103, cunoscut\u0103 \u0219i sub denumirea de supap\u0103 de re\u021binere unidirec\u021bional\u0103 sau supap\u0103 de re\u021binere, este utilizat\u0103 pentru a preveni curgerea \u00eenapoi a mediului din conduct\u0103. O supap\u0103 care se bazeaz\u0103 pe debitul \u0219i for\u021ba mediului de a se deschide sau \u00eenchide singur, pentru a preveni curgerea \u00eenapoi a mediului, se nume\u0219te supap\u0103 de re\u021binere. Supapele de re\u021binere apar\u021bin categoriei de supape automate \u0219i sunt utilizate \u00een principal \u00een conductele cu flux unidirec\u021bional de mediu. Acestea permit medii s\u0103 curg\u0103 doar \u00eentr-o singur\u0103 direc\u021bie pentru a preveni accidentele. Acest tip de supap\u0103 trebuie instalat \u00een general orizontal \u00een conducte.<\/p>","protected":false},"excerpt":{"rendered":"<p>Port cu deschidere complet\u0103 API 6D<br \/>\nTestare criogenic\u0103<br \/>\n\u0218uruburi \u0219i piuli\u021be acoperite cu PTFE<br \/>\n\u0218uruburi \u0219i piuli\u021be acoperite cu zinc<\/p>\n<p>&nbsp;<\/p>","protected":false},"featured_media":18066,"template":"","meta":{"advanced_seo_description":"","jetpack_seo_html_title":"","jetpack_seo_noindex":false},"product_brand":[],"product_cat":[82],"product_tag":[123,89,91,122,121],"class_list":{"0":"post-18064","1":"product","2":"type-product","3":"status-publish","4":"has-post-thumbnail","6":"product_cat-check-valves","7":"product_tag-3-inch-swing-check-valve","8":"product_tag-900lb-swing-check-valve","9":"product_tag-bolt-bonnet-swing-check-valvee","10":"product_tag-bs-1868-cast-steel-swing-check-valve","11":"product_tag-dn80-cast-steel-swing-check-valve","13":"first","14":"instock","15":"featured","16":"shipping-taxable","17":"product-type-simple"},"jetpack_sharing_enabled":true,"_links":{"self":[{"href":"https:\/\/oudianvalve.com\/ro\/wp-json\/wp\/v2\/product\/18064","targetHints":{"allow":["GET"]}}],"collection":[{"href":"https:\/\/oudianvalve.com\/ro\/wp-json\/wp\/v2\/product"}],"about":[{"href":"https:\/\/oudianvalve.com\/ro\/wp-json\/wp\/v2\/types\/product"}],"wp:featuredmedia":[{"embeddable":true,"href":"https:\/\/oudianvalve.com\/ro\/wp-json\/wp\/v2\/media\/18066"}],"wp:attachment":[{"href":"https:\/\/oudianvalve.com\/ro\/wp-json\/wp\/v2\/media?parent=18064"}],"wp:term":[{"taxonomy":"product_brand","embeddable":true,"href":"https:\/\/oudianvalve.com\/ro\/wp-json\/wp\/v2\/product_brand?post=18064"},{"taxonomy":"product_cat","embeddable":true,"href":"https:\/\/oudianvalve.com\/ro\/wp-json\/wp\/v2\/product_cat?post=18064"},{"taxonomy":"product_tag","embeddable":true,"href":"https:\/\/oudianvalve.com\/ro\/wp-json\/wp\/v2\/product_tag?post=18064"}],"curies":[{"name":"wp","href":"https:\/\/api.w.org\/{rel}","templated":true}]}}