{"id":18059,"date":"2023-06-19T06:09:41","date_gmt":"2023-06-19T06:09:41","guid":{"rendered":"https:\/\/oudianvalve.com\/?post_type=product&#038;p=18059"},"modified":"2023-06-21T06:36:06","modified_gmt":"2023-06-21T06:36:06","slug":"din3353-dn250-pn16-cast-steel-gate-valve","status":"publish","type":"product","link":"https:\/\/oudianvalve.com\/ro\/products\/gate-valves\/din3353-dn250-pn16-cast-steel-gate-valve\/","title":{"rendered":"DIN3352 DN250 PN16 Supap\u0103 cu poart\u0103 din o\u021bel turnat"},"content":{"rendered":"<p>Standard de proiectare: EN 10434\/DIN3352<br \/>\nInterval de dimensiuni: DN p\u00e2n\u0103 la DN1200<br \/>\nInterval de presiune: PN 10 p\u00e2n\u0103 la PN160<br \/>\nConexiuni la cap\u0103t: RF cu flan\u0219\u0103, RTJ, sudare cap la cap<br \/>\nDimensiuni cap\u0103t cu flan\u0219\u0103: EN 1092-1<br \/>\nDimensiuni fa\u021b\u0103 \u00een fa\u021b\u0103: EN 558-1<br \/>\nInspec\u021bie \u0219i testare: EN 12266-1<br \/>\nMateriale caroserie: 1.4301, 1.4306, 1.4401, 1.4404, 1.0619, 1.7357, 1.4552, 1.4107.<br \/>\nMateriale de t\u0103iere: 1#, 5#, 8#, 10#, 12#, 16#<br \/>\nMateriale de ambalare: grafit, grafit + s\u00e2rm\u0103 inconel<\/p>\n<p>Principalele caracteristici \u0219i aplica\u021bii ale supapei cu poart\u0103 DIN3352<br \/>\n1. Supapa cu deschidere DIN are o structur\u0103 compact\u0103, design rezonabil, rigiditate bun\u0103 a supapei, canal neted \u0219i coeficient sc\u0103zut de rezisten\u021b\u0103 la curgere<br \/>\n2. Suprafa\u021ba de etan\u0219are este realizat\u0103 din o\u021bel inoxidabil \u0219i aliaj dur, cu o durat\u0103 lung\u0103 de via\u021b\u0103.<br \/>\n3. Adoptarea umpluturii flexibile din grafit, etan\u0219are fiabil\u0103 \u0219i operare u\u0219oar\u0103 \u0219i flexibil\u0103.<br \/>\n4. Metodele de conducere includ: electrice, pneumatice, rota\u021bie a angrenajului, form\u0103 structural\u0103: poarta unic\u0103 cu pan\u0103 elastic\u0103, poart\u0103 dubl\u0103 cu pan\u0103 rigid\u0103<br \/>\n5. Supapele cu poart\u0103 sigilate cu ap\u0103 sunt utilizate pe scar\u0103 larg\u0103 \u00een conducte chimice, termice, centrale \u0219i alte conducte de petrol \u0219i abur ca dispozitiv de deschidere \u0219i \u00eenchidere pentru conectarea sau \u00eentreruperea mediului din conduct\u0103<\/p>","protected":false},"excerpt":{"rendered":"<ul>\n<li>Capot\u0103: capot\u0103 cu \u0219uruburi sau capot\u0103 cu etan\u0219are sub presiune<\/li>\n<li>Pan\u0103: pan\u0103 flexibil\u0103 sau pan\u0103 solid\u0103<\/li>\n<li>Tulpina \u00een cre\u0219tere<\/li>\n<li>\u0218urub \u0219i jug exterior<\/li>\n<li>Scaun integral pentru caroserie sau inel de scaun regenerabil<\/li>\n<\/ul>","protected":false},"featured_media":18060,"template":"","meta":{"advanced_seo_description":"","jetpack_seo_html_title":"","jetpack_seo_noindex":false},"product_brand":[],"product_cat":[81],"product_tag":[117,116,115],"class_list":{"0":"post-18059","1":"product","2":"type-product","3":"status-publish","4":"has-post-thumbnail","6":"product_cat-gate-valves","7":"product_tag-din-cast-steel-gate-valve","8":"product_tag-dn250-cast-steel-gate-valve","9":"product_tag-pn16-cast-steel-gate-valve","11":"first","12":"instock","13":"featured","14":"shipping-taxable","15":"product-type-simple"},"jetpack_sharing_enabled":true,"_links":{"self":[{"href":"https:\/\/oudianvalve.com\/ro\/wp-json\/wp\/v2\/product\/18059","targetHints":{"allow":["GET"]}}],"collection":[{"href":"https:\/\/oudianvalve.com\/ro\/wp-json\/wp\/v2\/product"}],"about":[{"href":"https:\/\/oudianvalve.com\/ro\/wp-json\/wp\/v2\/types\/product"}],"wp:featuredmedia":[{"embeddable":true,"href":"https:\/\/oudianvalve.com\/ro\/wp-json\/wp\/v2\/media\/18060"}],"wp:attachment":[{"href":"https:\/\/oudianvalve.com\/ro\/wp-json\/wp\/v2\/media?parent=18059"}],"wp:term":[{"taxonomy":"product_brand","embeddable":true,"href":"https:\/\/oudianvalve.com\/ro\/wp-json\/wp\/v2\/product_brand?post=18059"},{"taxonomy":"product_cat","embeddable":true,"href":"https:\/\/oudianvalve.com\/ro\/wp-json\/wp\/v2\/product_cat?post=18059"},{"taxonomy":"product_tag","embeddable":true,"href":"https:\/\/oudianvalve.com\/ro\/wp-json\/wp\/v2\/product_tag?post=18059"}],"curies":[{"name":"wp","href":"https:\/\/api.w.org\/{rel}","templated":true}]}}