{"id":18057,"date":"2023-06-19T05:45:25","date_gmt":"2023-06-19T05:45:25","guid":{"rendered":"https:\/\/oudianvalve.com\/?post_type=product&#038;p=18057"},"modified":"2023-06-20T00:30:07","modified_gmt":"2023-06-20T00:30:07","slug":"a217-wc6-bolt-bonnet-gate-valve","status":"publish","type":"product","link":"https:\/\/oudianvalve.com\/ro\/products\/gate-valves\/a217-wc6-bolt-bonnet-gate-valve\/","title":{"rendered":"A217 WC6 Bolt Capota Supap\u0103"},"content":{"rendered":"<p>A217 WC6 Bolt Capota Supap\u0103<br \/>\nDimensiune: 2\u2033-48\u2033(DN50~DN1200)<br \/>\nPresiune nominal\u0103: 150LB-2500LB\/PN16-PN160\/10K-60K)<br \/>\nMaterial: A351CF8M\/CF8\/CF3\/CF3M.A216WCB.A105, A352LCB\/LCC, F304.F316.F51\/F53, F11.C3.C5.C95800Temperatura potrivit\u0103: -196\u00b0C-650C<br \/>\n(Temperatura diferit\u0103 alege materiale diferite). Mediu potrivit: ap\u0103, abur, petrol \u0219i gaze naturale etc.<\/p>\n<p>A217 WC6 Bolt Capota Supap\u0103 Descriere:<\/p>\n<p>Corp \u00een\u0219urubat. Construc\u021bie complet\u0103 a portului<br \/>\nComplet conform cu ASME B16.34 API6D API600<br \/>\nComplet \u00een conformitate cu API 598 API6D API598<br \/>\nFlan\u0219\u0103 pe deplin conform\u0103 cu ASME B16.5\/ASME B16.47<br \/>\nSistem de ambalare scufundat \u0219i ac\u021bionare direct\u0103<\/p>\n<p>Prelucrare ma\u0219ini-unelte CNC, de \u00eenalt\u0103 precizie, etan\u0219are bun\u0103 Cu designul de etan\u0219are, este mai sigur \u0219i mai convenabil s\u0103 \u00eenlocui\u021bi ambalajul (materialul de etan\u0219are a scaunului poate fi decis de personalizare, \u00een func\u021bie de starea medie \u0219i temperatur\u0103 a supapei). Func\u021bionare: roat\u0103 de m\u00e2n\u0103. GearAc\u021bionator pneumatic \u0219i actuator electric.<\/p>\n<p>A217 WC6 Bolt Capot\u0103 Supap\u0103 de blocare Specifica\u021bii:<\/p>\n<p>Supapa cu capot\u0103 cu \u0219urub A217 WC6 este potrivit\u0103 pentru conductele de abur \u0219i ulei la temperaturi \u00eenalte \u0219i are caracteristici de rezisten\u021b\u0103 la temperatur\u0103 \u00eenalt\u0103. Suprafe\u021bele de etan\u0219are ale discului supapei \u0219i ale scaunului supapei sunt realizate din sudare prin suprapunere din aliaj dur pe baz\u0103 de burghie Stellite, care este rezistent\u0103 la uzur\u0103.<br \/>\nSupapa de oprire se refer\u0103 la o supap\u0103 \u00een care elementul de \u00eenchidere (discul) se mi\u0219c\u0103 de-a lungul liniei centrale a scaunului supapei. \u00cen func\u021bie de mi\u0219carea discului supapei, modificarea deschiderii scaunului supapei este direct propor\u021bional\u0103 cu cursa discului supapei. Datorit\u0103 cursei relativ scurte de deschidere sau \u00eenchidere a tijei supapei a acestui tip de supap\u0103 \u0219i a func\u021biei sale de \u00eenchidere foarte fiabile<\/p>\n<p>Descrierea materialului:<br \/>\nWC6 vine at\u00e2t \u00een corpul supapei, c\u00e2t \u0219i \u00een materiale de baz\u0103.<br \/>\nWC6 apar\u021bine standardului american de o\u021bel crom platin\u0103 pentru turnare, iar standardul de execu\u021bie este ASTM A217\/217M-2014WC6. Are rezisten\u021b\u0103 termic\u0103 ridicat\u0103 (b&gt;440MPa) \u0219i rezisten\u021b\u0103 la oxidare la temperaturi ridicate \u0219i are o anumit\u0103 rezisten\u021b\u0103 la coroziune la hidrogen. Datorit\u0103 con\u021binutului ridicat de Cr, C \u0219i alte elemente de aliere din o\u021bel, tendin\u021ba de \u00eent\u0103rire a o\u021belului este evident\u0103 \u0219i sudabilitatea este slab\u0103<\/p>","protected":false},"excerpt":{"rendered":"<p>Valvele cu \u0219urub cu \u0219urub A217 WC6 sunt potrivite pentru t\u0103ierea sau conectarea mediilor \u00een conducte \u00een diferite condi\u021bii de lucru, cum ar fi centralele petroliere, chimice \u0219i termice. Mediile aplicabile includ ap\u0103, ulei, abur etc. Metodele de operare includ: manual\u0103, transmisie cu viteze, electric\u0103 etc.<\/p>","protected":false},"featured_media":18058,"template":"","meta":{"advanced_seo_description":"","jetpack_seo_html_title":"","jetpack_seo_noindex":false},"product_brand":[],"product_cat":[81],"product_tag":[112,113,111,114],"class_list":{"0":"post-18057","1":"product","2":"type-product","3":"status-publish","4":"has-post-thumbnail","6":"product_cat-gate-valves","7":"product_tag-12-inch-wc6-gate-valve","8":"product_tag-600lb-wc6-gate-valve","9":"product_tag-a217-wc6-bolt-bonnet-gate-valve","10":"product_tag-flange-end-wc6-gate-valve","12":"first","13":"instock","14":"featured","15":"shipping-taxable","16":"product-type-simple"},"jetpack_sharing_enabled":true,"_links":{"self":[{"href":"https:\/\/oudianvalve.com\/ro\/wp-json\/wp\/v2\/product\/18057","targetHints":{"allow":["GET"]}}],"collection":[{"href":"https:\/\/oudianvalve.com\/ro\/wp-json\/wp\/v2\/product"}],"about":[{"href":"https:\/\/oudianvalve.com\/ro\/wp-json\/wp\/v2\/types\/product"}],"wp:featuredmedia":[{"embeddable":true,"href":"https:\/\/oudianvalve.com\/ro\/wp-json\/wp\/v2\/media\/18058"}],"wp:attachment":[{"href":"https:\/\/oudianvalve.com\/ro\/wp-json\/wp\/v2\/media?parent=18057"}],"wp:term":[{"taxonomy":"product_brand","embeddable":true,"href":"https:\/\/oudianvalve.com\/ro\/wp-json\/wp\/v2\/product_brand?post=18057"},{"taxonomy":"product_cat","embeddable":true,"href":"https:\/\/oudianvalve.com\/ro\/wp-json\/wp\/v2\/product_cat?post=18057"},{"taxonomy":"product_tag","embeddable":true,"href":"https:\/\/oudianvalve.com\/ro\/wp-json\/wp\/v2\/product_tag?post=18057"}],"curies":[{"name":"wp","href":"https:\/\/api.w.org\/{rel}","templated":true}]}}