{"id":17981,"date":"2023-06-12T08:09:21","date_gmt":"2023-06-12T08:09:21","guid":{"rendered":"https:\/\/oudianvalve.com\/?post_type=product&#038;p=17981"},"modified":"2023-06-20T02:09:44","modified_gmt":"2023-06-20T02:09:44","slug":"900lb-bolt-bonnet-swing-check-valve","status":"publish","type":"product","link":"https:\/\/oudianvalve.com\/ro\/products\/check-valves\/900lb-bolt-bonnet-swing-check-valve\/","title":{"rendered":"Supap\u0103 de re\u021binere a capotei cu \u0219urub de 900 LB"},"content":{"rendered":"<div class=\"fl-row fl-row-full-width fl-row-bg-none fl-node-6392e84a0cf5a\" data-node=\"6392e84a0cf5a\">\n<div class=\"fl-row-content-wrap\">\n<div class=\"fl-row-content fl-row-full-width fl-node-content\">\n<div class=\"fl-col-group fl-node-6392e84a0d694\" data-node=\"6392e84a0d694\">\n<div class=\"fl-col fl-node-6392e84a0d913\" data-node=\"6392e84a0d913\">\n<div class=\"fl-col-content fl-node-content\">\n<div class=\"fl-module fl-module-rich-text fl-node-6392e84a0f68f\" data-node=\"6392e84a0f68f\" data-animation-delay=\"0.0\">\n<div class=\"fl-module-content fl-node-content\">\n<div class=\"fl-rich-text\">\n<p>Standard de proiectare: BS 1868 sau API 6D<br \/>\nEvalu\u0103ri presiune-temperatura: ASME B16.34<br \/>\nInterval de dimensiuni: de la 2\u201d la 48\u201d<br \/>\nInterval de presiune: Clasa 150 p\u00e2n\u0103 la 2500<br \/>\nConexiuni la cap\u0103t: RF cu flan\u0219\u0103, RTJ, FF, sudare cap la cap<br \/>\nCapot\u0103: Capot\u0103 cu \u0219uruburi sau etan\u0219are sub presiune<br \/>\nDimensiuni de cap\u0103t cu flan\u0219\u0103: ASME B16.5 (\u226424\u201d), ASME B16.47 Seria A sau B (&gt;24\u201d)<br \/>\nDimensiuni cap\u0103t de sudare cap la cap: ASME B16.25 fa\u021b\u0103 \u00een fa\u021b\u0103<br \/>\nDimensiuni fa\u021b\u0103 \u00een fa\u021b\u0103: ASME B16.10<br \/>\nInspec\u021bie \u0219i testare: API 598, API 6D<br \/>\nMateriale caroserie: WCB, CF8, CF3, CF3M, CF8M, CF8C, A995 4A, 5A, 6A, C95800, INCONEL 625, INCONEL 825, MONEL, WC6, WC9, LCB, LCC.<br \/>\nMateriale de t\u0103iere: 1#, 5#, 8#, 10#, 12#, 16#<br \/>\nMateriale de fixare: ASTM A193 B7, B7M, B8, B8M \/ ASTM A194 2H, 2HM, 8, 8M.<br \/>\nNACE MR0175<\/p>\n<div class=\"content_box\">\n<h2>Op\u021bional<\/h2>\n<\/div>\n<p>Port cu deschidere complet\u0103 API 6D<br \/>\nTestare criogenic\u0103<br \/>\n\u0218uruburi \u0219i piuli\u021be acoperite cu PTFE<br \/>\n\u0218uruburi \u0219i piuli\u021be acoperite cu zinc<\/p>\n<\/div>\n<\/div>\n<\/div>\n<\/div>\n<\/div>\n<\/div>\n<\/div>\n<\/div>\n<\/div>\n<div class=\"fl-row fl-row-full-width fl-row-bg-none fl-node-6392e8560476b\" data-node=\"6392e8560476b\">\n<div class=\"fl-row-content-wrap\">\n<div class=\"fl-row-content fl-row-full-width fl-node-content\">\n<div class=\"fl-col-group fl-node-6392e856054d0\" data-node=\"6392e856054d0\">\n<div class=\"fl-col fl-node-6392e85605696\" data-node=\"6392e85605696\">\n<div class=\"fl-col-content fl-node-content\">\n<div class=\"fl-module fl-module-rich-text fl-node-6392e856065da\" data-node=\"6392e856065da\" data-animation-delay=\"0.0\">\n<div class=\"fl-module-content fl-node-content\">\n<div class=\"fl-rich-text\">\n<div class=\"content_box\">\n<h2>Introducerea Produsului<\/h2>\n<\/div>\n<p>Supapa de re\u021binere este o supap\u0103 unidirec\u021bional\u0103 care permite fluidului s\u0103 curg\u0103 printr-o deschidere \u0219i s\u0103 ias\u0103 prin cealalt\u0103. Scopul general al acestei supape este de a preveni refluxul (curgerea \u00een sens opus). Supapele de re\u021binere mo\u0219tenesc termenul \u201epresiune de fisurare\u201d. C\u00e2nd se atinge presiunea de cracare, supapa se va deschide. C\u00e2nd presiunea scade sub presiunea de fisurare \u0219i\/sau apare contrapresiunea, supapa se \u00eenchide. Modul \u00een care func\u021bioneaz\u0103 o supap\u0103 de re\u021binere este ideal pentru prevenirea contamin\u0103rii de la curgerea fluidului \u00een servicii separate conectate la un colector comun. Aceast\u0103 supap\u0103 func\u021bioneaz\u0103 automat \u0219i, de obicei, f\u0103r\u0103 control uman sau extern, cum ar fi un m\u00e2ner sau tij\u0103 de supap\u0103. Supapele de re\u021binere au diferite configura\u021bii, cele mai comune fiind supapele de re\u021binere balansate, cu disc basculant, wafer, de ridicare \u0219i de oprire.<\/p>\n<\/div>\n<\/div>\n<\/div>\n<\/div>\n<\/div>\n<\/div>\n<\/div>\n<\/div>\n<\/div>","protected":false},"excerpt":{"rendered":"<p>Supap\u0103 de re\u021binere oscilant\u0103, clasa Ansi 900 lbs, Api 6d, Bs1868, cu \u0219uruburi, capot\u0103 de etan\u0219are la presiune, cu flan\u0219\u0103, Rf, Rtj, capete Bw, o\u021bel carbon, o\u021bel inoxidabil, supape de re\u021binere din o\u021bel duplex, supap\u0103 antiretur, o\u021bel turnat industrial de \u00eenalt\u0103 presiune. Furnizor de supape de re\u021binere, exportator.<\/p>\n<ul>\n<li>Capot\u0103: capot\u0103 cu \u0219uruburi sau capot\u0103 cu etan\u0219are sub presiune<\/li>\n<li>Scaun integral pentru caroserie sau inel de scaun regenerabil<\/li>\n<li>Unidirec\u021bional<\/li>\n<li>Disc tip balansoar<\/li>\n<li>Disc turnat (peste 4\u201d) sau disc forjat (2\u201d p\u00e2n\u0103 la 4\u201d)<\/li>\n<li>Disc cu deschidere total\u0103 sau f\u0103r\u0103 deschidere complet\u0103<\/li>\n<li>Piggable pentru tipul API 6D<\/li>\n<li>Ureg\u0103 de ridicare pentru 4\u201d \u0219i mai sus<\/li>\n<li>The\u00a0<strong>supapele de re\u021binere batante<\/strong>\u00a0sunt folosite ca supape de re\u021binere pentru petrol \u0219i gaze, petrochimie, energie electric\u0103, offshore \u0219i alte aplica\u021bii solicitante. Aceste supape nu vor permite curgerea fluidului \u00een direc\u021bia invers\u0103 dec\u00e2t cea indicat\u0103 de s\u0103geat\u0103. O gam\u0103 larg\u0103 de materiale pentru carcas\u0103 \u0219i ornamente acoper\u0103 \u00eentreaga gam\u0103 de aplica\u021bii, de la tipul zilnic de service non-coroziv p\u00e2n\u0103 la service critic cu medii foarte agresive.<\/li>\n<\/ul>","protected":false},"featured_media":17982,"template":"","meta":{"advanced_seo_description":"","jetpack_seo_html_title":"","jetpack_seo_noindex":false},"product_brand":[],"product_cat":[82],"product_tag":[90,89,91,88],"class_list":{"0":"post-17981","1":"product","2":"type-product","3":"status-publish","4":"has-post-thumbnail","6":"product_cat-check-valves","7":"product_tag-8-inch-swing-check-valve","8":"product_tag-900lb-swing-check-valve","9":"product_tag-bolt-bonnet-swing-check-valvee","10":"product_tag-bs-1868-check-valves","12":"first","13":"instock","14":"featured","15":"shipping-taxable","16":"product-type-simple"},"jetpack_sharing_enabled":true,"_links":{"self":[{"href":"https:\/\/oudianvalve.com\/ro\/wp-json\/wp\/v2\/product\/17981","targetHints":{"allow":["GET"]}}],"collection":[{"href":"https:\/\/oudianvalve.com\/ro\/wp-json\/wp\/v2\/product"}],"about":[{"href":"https:\/\/oudianvalve.com\/ro\/wp-json\/wp\/v2\/types\/product"}],"wp:featuredmedia":[{"embeddable":true,"href":"https:\/\/oudianvalve.com\/ro\/wp-json\/wp\/v2\/media\/17982"}],"wp:attachment":[{"href":"https:\/\/oudianvalve.com\/ro\/wp-json\/wp\/v2\/media?parent=17981"}],"wp:term":[{"taxonomy":"product_brand","embeddable":true,"href":"https:\/\/oudianvalve.com\/ro\/wp-json\/wp\/v2\/product_brand?post=17981"},{"taxonomy":"product_cat","embeddable":true,"href":"https:\/\/oudianvalve.com\/ro\/wp-json\/wp\/v2\/product_cat?post=17981"},{"taxonomy":"product_tag","embeddable":true,"href":"https:\/\/oudianvalve.com\/ro\/wp-json\/wp\/v2\/product_tag?post=17981"}],"curies":[{"name":"wp","href":"https:\/\/api.w.org\/{rel}","templated":true}]}}