{"id":17879,"date":"2023-05-29T03:01:19","date_gmt":"2023-05-29T03:01:19","guid":{"rendered":"https:\/\/oudianvalve.com\/?post_type=product&#038;p=17879"},"modified":"2023-06-19T03:16:06","modified_gmt":"2023-06-19T03:16:06","slug":"600lb-cast-steel-globe-valve","status":"publish","type":"product","link":"https:\/\/oudianvalve.com\/ro\/products\/globe-valves\/600lb-cast-steel-globe-valve\/","title":{"rendered":"Supap\u0103 cu glob din o\u021bel turnat de 600 lb"},"content":{"rendered":"<p>Standard de proiectare: BS 1873 sau API623<br \/>\nEvalu\u0103ri presiune-temperatura: ASME B16.34<br \/>\nInterval de dimensiuni: 2\u201d la 28\u201d<br \/>\nInterval de presiune: Clasa 150 p\u00e2n\u0103 la 2500<br \/>\nConexiuni la cap\u0103t: RF cu flan\u0219\u0103, RTJ, sudare cap la cap<br \/>\nDimensiuni de cap\u0103t cu flan\u0219\u0103: ASME B16.5 (\u226424\u201d), ASME B16.47 Seria A sau B (&gt;24\u201d)<br \/>\nDimensiuni cap\u0103t de sudare cap la cap: ASME B16.25 fa\u021b\u0103 \u00een fa\u021b\u0103<br \/>\nDimensiuni fa\u021b\u0103 \u00een fa\u021b\u0103: ASME B16.10<br \/>\nInspec\u021bie \u0219i testare: API 598<br \/>\nMateriale caroserie: WCB, WCC, LCB, LCC, WC6, WC9, CF8, CF3, CF3M, CF8M, A995 4A, 5A, 6A, C95800, INCONEL 625, INCONEL 825, Hastelloy C, MONEL.<br \/>\nMateriale de t\u0103iere: 1#, 5#, 8#, 10#, 12#, 16#<br \/>\nMateriale de ambalare: grafit, grafit cu fir inconel, PTFE<\/p>\n<h2>Op\u021bional<\/h2>\n<div class=\"fl-row fl-row-full-width fl-row-bg-none fl-node-6392e5b9bcb7b\" data-node=\"6392e5b9bcb7b\">\n<div class=\"fl-row-content-wrap\">\n<div class=\"fl-row-content fl-row-full-width fl-node-content\">\n<div class=\"fl-col-group fl-node-6392e5b9bd376\" data-node=\"6392e5b9bd376\">\n<div class=\"fl-col fl-node-6392e5b9be5e2\" data-node=\"6392e5b9be5e2\">\n<div class=\"fl-col-content fl-node-content\">\n<div class=\"fl-module fl-module-rich-text fl-node-6392e5b9c4a63\" data-node=\"6392e5b9c4a63\" data-animation-delay=\"0.0\">\n<div class=\"fl-module-content fl-node-content\">\n<div class=\"fl-rich-text\">\n<p>Extensie capota<br \/>\nSupape de trecere<br \/>\nSupape de golire<br \/>\nEmisii fugitive sc\u0103zute conform API 624 sau ISO 15848<br \/>\n\u0218uruburi \u0219i piuli\u021be acoperite cu PTFE<br \/>\n\u0218uruburi \u0219i piuli\u021be acoperite cu zinc<\/p>\n<\/div>\n<\/div>\n<\/div>\n<\/div>\n<\/div>\n<\/div>\n<\/div>\n<\/div>\n<\/div>\n<div class=\"fl-row fl-row-full-width fl-row-bg-none fl-node-6392e5c966481\" data-node=\"6392e5c966481\">\n<div class=\"fl-row-content-wrap\">\n<div class=\"fl-row-content fl-row-full-width fl-node-content\">\n<div class=\"fl-col-group fl-node-6392e5c9664ce\" data-node=\"6392e5c9664ce\">\n<div class=\"fl-col fl-node-6392e5c966513\" data-node=\"6392e5c966513\">\n<div class=\"fl-col-content fl-node-content\">\n<div class=\"fl-module fl-module-rich-text fl-node-6392e5c966555\" data-node=\"6392e5c966555\" data-animation-delay=\"0.0\">\n<div class=\"fl-module-content fl-node-content\">\n<div class=\"fl-rich-text\">\n<div class=\"content_box\">\n<h2>Avantaje<\/h2>\n<\/div>\n<p>Supapa noastr\u0103 cu glob este proiectat\u0103 strict conform BS 1873 \u0219i standardelor aferente \u0219i, de asemenea, poate fi API 623 conform cerin\u021belor clientului. Grosimea peretelui conform API 600, care are o grosime mai mare dec\u00e2t standardul ASME B16.34 \u0219i va fi mai stabil\u0103. Pentru dimensiuni de peste 8\u201d, nu poate fi proiectat ca tip dublu disc, care are o valoare mai mic\u0103 a cuplului \u0219i a trac\u021biunii \u00een compara\u021bie cu tipul cu un singur disc.<\/p>\n<\/div>\n<\/div>\n<\/div>\n<\/div>\n<\/div>\n<\/div>\n<\/div>\n<\/div>\n<\/div>","protected":false},"excerpt":{"rendered":"<p>Supapa cu glob este o supap\u0103 cu mai multe rota\u021bii \u0219i unidirec\u021bionale, supapa trebuie instalat\u0103 conform direc\u021biei de curgere care este indicat\u0103 pe corpul supapei. Spre deosebire de supapele cu bil\u0103 \u0219i cu poart\u0103, modelul de curgere printr-o supap\u0103 cu glob implic\u0103 schimb\u0103ri de direc\u021bie, ceea ce duce la o restric\u021bie mai mare a debitului \u0219i o sc\u0103dere mare de presiune, pe m\u0103sur\u0103 ce mediul se deplaseaz\u0103 prin interiorul supapei, a\u0219a c\u0103 se sugereaz\u0103 s\u0103 fie utilizat pentru conducte acolo unde se dore\u0219te. pentru a reduce presiunea mediului la trecerea printr-o supap\u0103.<br \/>\nOprirea se realizeaz\u0103 prin mi\u0219carea discului \u00eempotriva fluidului, mai degrab\u0103 dec\u00e2t peste el, ceea ce reduce uzura \u00eenchiderii. \u00cen afara scopului de pornire-oprire, supapele cu glob pot fi utilizate \u0219i ca control al debitului de clapete, deoarece discul are o form\u0103 de dop pivotant.<br \/>\nSupapele cu glob sunt utilizate pe scar\u0103 larg\u0103 pentru petrol, gaze naturale, GNL, petrol, rafinare, produse chimice, minerit, tratare a apei, centrale electrice etc.<\/p>","protected":false},"featured_media":18051,"template":"","meta":{"advanced_seo_description":"","jetpack_seo_html_title":"","jetpack_seo_noindex":false},"product_brand":[],"product_cat":[80],"product_tag":[101,100,87,86,85],"class_list":{"0":"post-17879","1":"product","2":"type-product","3":"status-publish","4":"has-post-thumbnail","6":"product_cat-globe-valves","7":"product_tag-6-inch-globe-valve","8":"product_tag-600lb-falnge-globe-valve","9":"product_tag-8-inch-globe-valve","10":"product_tag-900lb-flange-globe-valve","11":"product_tag-cast-steel-globe-valve","13":"first","14":"instock","15":"featured","16":"shipping-taxable","17":"product-type-simple"},"jetpack_sharing_enabled":true,"_links":{"self":[{"href":"https:\/\/oudianvalve.com\/ro\/wp-json\/wp\/v2\/product\/17879","targetHints":{"allow":["GET"]}}],"collection":[{"href":"https:\/\/oudianvalve.com\/ro\/wp-json\/wp\/v2\/product"}],"about":[{"href":"https:\/\/oudianvalve.com\/ro\/wp-json\/wp\/v2\/types\/product"}],"wp:featuredmedia":[{"embeddable":true,"href":"https:\/\/oudianvalve.com\/ro\/wp-json\/wp\/v2\/media\/18051"}],"wp:attachment":[{"href":"https:\/\/oudianvalve.com\/ro\/wp-json\/wp\/v2\/media?parent=17879"}],"wp:term":[{"taxonomy":"product_brand","embeddable":true,"href":"https:\/\/oudianvalve.com\/ro\/wp-json\/wp\/v2\/product_brand?post=17879"},{"taxonomy":"product_cat","embeddable":true,"href":"https:\/\/oudianvalve.com\/ro\/wp-json\/wp\/v2\/product_cat?post=17879"},{"taxonomy":"product_tag","embeddable":true,"href":"https:\/\/oudianvalve.com\/ro\/wp-json\/wp\/v2\/product_tag?post=17879"}],"curies":[{"name":"wp","href":"https:\/\/api.w.org\/{rel}","templated":true}]}}