{"id":8114,"date":"2018-02-28T07:42:19","date_gmt":"2018-02-28T07:42:19","guid":{"rendered":"https:\/\/enovathemes.com\/samatex\/?page_id=8114"},"modified":"2023-06-14T06:21:10","modified_gmt":"2023-06-14T06:21:10","slug":"faq","status":"publish","type":"page","link":"https:\/\/oudianvalve.com\/ro\/faq\/","title":{"rendered":"FAQ"},"content":{"rendered":"<div class=\"vc_row wpb_row vc_row-fluid vc_custom_1684982089552 vc_column-gap-64 vc-row-182141\" >\n\t<div class=\"container et-clearfix\">\n\t\t<div class=\"wpb_column vc_column_container vc_col-sm-12 vc_col-lg-8 vc_col-md-7 vc_col-xs-12 text-align-none vc-column-865625\" >\n\t<div class=\"vc_column-inner\" >\n\t\t<div class=\"wpb_wrapper\">\n\t\t\t<h4 class=\"et-heading text-align-left tablet-text-align-inherit mobile-text-align-inherit animate-false no-animation-type\" id=\"et-heading-841920\" data-delay=\"0\" data-mobile-font=\"inherit\" data-mobile-line-height=\"inherit\" data-tablet-landscape-font=\"inherit\" data-tablet-portrait-font=\"inherit\" data-tablet-landscape-line-height=\"inherit\" data-tablet-portrait-line-height=\"inherit\" data-parallax=\"false\" data-move=\"false\" data-coordinatex=\"0\" data-coordinatey=\"0\" data-speed=\"10\"><span class=\"text-wrapper\"><span class=\"text\">Intrebari generale<\/span><\/span><\/h4><div class=\"et-separator et-clearfix animate-false solid left horizontal et-separator-838407\" data-delay=\"\"><div class=\"line\"><\/div><\/div><div class=\"et-accordion-wrapper\"><div id=\"et-accordion-1\" class=\"et-accordion et-clearfix collapsible-true\"><div class=\"toggle-title et-clearfix active\"><h6 class=\"toggle-title-tag\">C\u00e2\u021bi angaja\u021bi sunt \u00een compania dumneavoastr\u0103?<\/h6><span class=\"toggle-ind\"><\/span><\/div> <div id=\"how-many-employees-are-there-in-your-company-1\" class=\"toggle-content et-clearfix\">\n<div class=\"wpb_text_column wpb_content_element\"  data-animation-delay=\"0\">\n\t<div class=\"wpb_wrapper\">\n\t\t<p>\u00cen compania noastr\u0103 sunt 350 de angaja\u021bi<\/p>\n\t<\/div>\n<\/div>\n\n<\/div><div class=\"toggle-title et-clearfix\"><h6 class=\"toggle-title-tag\">Care este zona companiei \u0219i fabricii dvs.?<\/h6><span class=\"toggle-ind\"><\/span><\/div> <div id=\"what-is-the-area-of-your-company-and-factory-2\" class=\"toggle-content et-clearfix\">\n<div class=\"wpb_text_column wpb_content_element\"  data-animation-delay=\"0\">\n\t<div class=\"wpb_wrapper\">\n\t\t<p>Suprafa\u021ba companiei \u0219i fabricii noastre este de 40000 de metri p\u0103tra\u021bi.<\/p>\n\t<\/div>\n<\/div>\n\n<\/div><div class=\"toggle-title et-clearfix\"><h6 class=\"toggle-title-tag\">Care este capacitatea de produc\u021bie a companiei?<\/h6><span class=\"toggle-ind\"><\/span><\/div> <div id=\"what-is-the-production-capacity-of-the-company-3\" class=\"toggle-content et-clearfix\">\n<div class=\"wpb_text_column wpb_content_element\"  data-animation-delay=\"0\">\n\t<div class=\"wpb_wrapper\">\n\t\t<p>Compania noastra are 5 linii de productie cu o capacitate de 10.000 de tone.<\/p>\n\t<\/div>\n<\/div>\n\n<\/div><div class=\"toggle-title et-clearfix\"><h6 class=\"toggle-title-tag\">Care este valoarea produc\u021biei anuale a companiei dvs.?<\/h6><span class=\"toggle-ind\"><\/span><\/div> <div id=\"what-is-your-companys-annual-output-value-4\" class=\"toggle-content et-clearfix\">\n<div class=\"wpb_text_column wpb_content_element\"  data-animation-delay=\"0\">\n\t<div class=\"wpb_wrapper\">\n\t\t<p>Valoarea anual\u0103 a produc\u021biei companiei noastre este de peste 500 de milioane.<\/p>\n\t<\/div>\n<\/div>\n\n<\/div><div class=\"toggle-title et-clearfix\"><h6 class=\"toggle-title-tag\">Care este MOQ-ul produselor \u00een compania dumneavoastr\u0103?<\/h6><span class=\"toggle-ind\"><\/span><\/div> <div id=\"what-is-the-moq-of-products-in-your-company-5\" class=\"toggle-content et-clearfix\">\n<div class=\"wpb_text_column wpb_content_element\"  data-animation-delay=\"0\">\n\t<div class=\"wpb_wrapper\">\n\t\t<p>MOQ-ul produselor din compania noastr\u0103 este de 1 bucat\u0103.<\/p>\n\t<\/div>\n<\/div>\n\n<\/div><div class=\"toggle-title et-clearfix\"><h6 class=\"toggle-title-tag\">Care este tipul companiei dvs.?<\/h6><span class=\"toggle-ind\"><\/span><\/div> <div id=\"what-is-the-type-of-your-company-6\" class=\"toggle-content et-clearfix\">\n<div class=\"wpb_text_column wpb_content_element\"  data-animation-delay=\"0\">\n\t<div class=\"wpb_wrapper\">\n\t\t<p>Suntem o \u00eentreprindere privat\u0103.<\/p>\n\t<\/div>\n<\/div>\n\n<\/div><\/div><\/div><span class=\"et-gap et-clearfix et-gap-246792\"><\/span><h4 class=\"et-heading text-align-left tablet-text-align-inherit mobile-text-align-inherit animate-false no-animation-type\" id=\"et-heading-815538\" data-delay=\"0\" data-mobile-font=\"inherit\" data-mobile-line-height=\"inherit\" data-tablet-landscape-font=\"inherit\" data-tablet-portrait-font=\"inherit\" data-tablet-landscape-line-height=\"inherit\" data-tablet-portrait-line-height=\"inherit\" data-parallax=\"false\" data-move=\"false\" data-coordinatex=\"0\" data-coordinatey=\"0\" data-speed=\"10\"><span class=\"text-wrapper\"><span class=\"text\">\u00centreb\u0103ri despre produse<\/span><\/span><\/h4><div class=\"et-separator et-clearfix animate-false solid left horizontal et-separator-838407\" data-delay=\"\"><div class=\"line\"><\/div><\/div><div class=\"et-accordion-wrapper\"><div id=\"et-accordion-2\" class=\"et-accordion et-clearfix collapsible-true\"><div class=\"toggle-title et-clearfix active\"><h6 class=\"toggle-title-tag\">Ce tipuri de produse ai \u00een compania ta?<\/h6><span class=\"toggle-ind\"><\/span><\/div> <div id=\"what-types-of-products-do-you-have-in-your-company-7\" class=\"toggle-content et-clearfix\">\n<div class=\"wpb_text_column wpb_content_element\"  data-animation-delay=\"0\">\n\t<div class=\"wpb_wrapper\">\n\t\t<p>Produsele companiei noastre sunt supape fluture, supape cu bil\u0103, supape cu gur\u0103, supape de re\u021binere, supape cu glob, supape cu dop \u0219i supape ac\u021bionate.<\/p>\n\t<\/div>\n<\/div>\n\n<\/div><div class=\"toggle-title et-clearfix active\"><h6 class=\"toggle-title-tag\">Ce tipuri de produse ai \u00een compania ta?<\/h6><span class=\"toggle-ind\"><\/span><\/div> <div id=\"what-types-of-products-do-you-have-in-your-company-8\" class=\"toggle-content et-clearfix\">\n<div class=\"wpb_text_column wpb_content_element\"  data-animation-delay=\"0\">\n\t<div class=\"wpb_wrapper\">\n\t\t<p>Dimensiunea \u0219i presiunea supapelor sunt urm\u0103toarele:<br \/>\n1) Supap\u0103 cu bil\u0103: 1\/2\u2033\u201d-48\u2033\u201d(DN15-DN1200) Clasa 125-2500#(PN6-PN420)<br \/>\n2) Supap\u0103 fluture: 2\u2033\u201d-128\u201d\u201d (DN50-DN3200) Clasa 125-1500#(PN6-PN250)<\/p>\n<p>3) Supap\u0103 cu poart\u0103: 1\/2\u2033\u201d-60\u2033\u201d(DN15-DN1500) Clasa 125-2500#(PN6-PN420)<\/p>\n<p>4) Supap\u0103 cu glob: 1\/2\u2033\u201d-24\u2033\u201d (DN15-DN600) Clasa 125-2500#(PN6-PN420)<br \/>\n5) Supap\u0103 de re\u021binere: 1\/2\u2033\u201d-28\u2033\u201d(DN15-DN700) Clasa 125-2500#(PN6-PN420)<\/p>\n<p>6) Supap\u0103 cu dop: 1\/2\u2033\u201d-24\u2033\u201d(DN15-DN600) Clasa 125-2500#(PN6-PN420)<br \/>\n7) Supap\u0103 ac\u021bionat\u0103: 1\/2\u2033\u201d-60\u2033\u201d (DN15-DN1500) Clasa 125-2500#(PN6-PN420)<\/p>\n\t<\/div>\n<\/div>\n\n<\/div><div class=\"toggle-title et-clearfix active\"><h6 class=\"toggle-title-tag\">Ce tipuri de produse ai \u00een compania ta?<\/h6><span class=\"toggle-ind\"><\/span><\/div> <div id=\"what-types-of-products-do-you-have-in-your-company-9\" class=\"toggle-content et-clearfix\">\n<div class=\"wpb_text_column wpb_content_element\"  data-animation-delay=\"0\">\n\t<div class=\"wpb_wrapper\">\n\t\t<p>Metoda de conectare a supapelor include RF,RTJ,NPT,SW,BW,FF,HUB.<\/p>\n\t<\/div>\n<\/div>\n\n<\/div><div class=\"toggle-title et-clearfix\"><h6 class=\"toggle-title-tag\">Care este metoda de conectare a supapelor?<\/h6><span class=\"toggle-ind\"><\/span><\/div> <div id=\"what-is-the-connection-method-of-valves-10\" class=\"toggle-content et-clearfix\">\n<div class=\"wpb_text_column wpb_content_element\"  data-animation-delay=\"0\">\n\t<div class=\"wpb_wrapper\">\n\t\t<p>Materialul supapelor include o\u021bel carbon, o\u021bel inoxidabil, o\u021bel inoxidabil super duplex, o\u021bel Cr-Mo, o\u021bel aliat, bronz, aliaj Ti, Monel, aliaj Hastelloy.<\/p>\n\t<\/div>\n<\/div>\n\n<\/div><div class=\"toggle-title et-clearfix\"><h6 class=\"toggle-title-tag\">Care este modul de func\u021bionare al supapei?<\/h6><span class=\"toggle-ind\"><\/span><\/div> <div id=\"what-is-the-operation-mode-of-valve%ef%bc%9f-11\" class=\"toggle-content et-clearfix\">\n<div class=\"wpb_text_column wpb_content_element\"  data-animation-delay=\"0\">\n\t<div class=\"wpb_wrapper\">\n\t\t<p>Modul de func\u021bionare al supapei include roat\u0103 de m\u00e2n\u0103, m\u00e2ner, angrenaj melcat, electric, pneumatic, hidraulic, pneumatic, hidraulic \u0219i electro-hidraulic<\/p>\n\t<\/div>\n<\/div>\n\n<\/div><div class=\"toggle-title et-clearfix\"><h6 class=\"toggle-title-tag\">Care sunt aplica\u021biile supapelor?<\/h6><span class=\"toggle-ind\"><\/span><\/div> <div id=\"what-are-the-application-of-valves-12\" class=\"toggle-content et-clearfix\">\n<div class=\"wpb_text_column wpb_content_element\"  data-animation-delay=\"0\">\n\t<div class=\"wpb_wrapper\">\n\t\t<p>Aplicarea supapelor include rafinare \u0219i petrochimie, procesare chimic\u0103, produse chimice pentru c\u0103rbune, generare de energie, GNL, transport prin conducte.<\/p>\n\t<\/div>\n<\/div>\n\n<\/div><div class=\"toggle-title et-clearfix\"><h6 class=\"toggle-title-tag\">Produsul dumneavoastr\u0103 este \u00een stoc?<\/h6><span class=\"toggle-ind\"><\/span><\/div> <div id=\"is-your-product-in-stock-13\" class=\"toggle-content et-clearfix\">\n<div class=\"wpb_text_column wpb_content_element\"  data-animation-delay=\"0\">\n\t<div class=\"wpb_wrapper\">\n\t\t<p>Avem un stoc mare de produsele noastre, inclusiv robinet, supap\u0103 glob, supap\u0103 de re\u021binere, supap\u0103 cu bil\u0103, supap\u0103 fluture \u0219i sit\u0103 cu supap\u0103 Y cu o\u021bel carbon \u0219i o\u021bel inoxidabil \u00een material \u0219i 1\/2 \u201c- 16\u201d \u00een diametru.<\/p>\n\t<\/div>\n<\/div>\n\n<\/div><\/div><\/div><span class=\"et-gap et-clearfix et-gap-246792\"><\/span><h4 class=\"et-heading text-align-left tablet-text-align-inherit mobile-text-align-inherit animate-false no-animation-type\" id=\"et-heading-67496\" data-delay=\"0\" data-mobile-font=\"inherit\" data-mobile-line-height=\"inherit\" data-tablet-landscape-font=\"inherit\" data-tablet-portrait-font=\"inherit\" data-tablet-landscape-line-height=\"inherit\" data-tablet-portrait-line-height=\"inherit\" data-parallax=\"false\" data-move=\"false\" data-coordinatex=\"0\" data-coordinatey=\"0\" data-speed=\"10\"><span class=\"text-wrapper\"><span class=\"text\">garan\u021bie<\/span><\/span><\/h4><div class=\"et-separator et-clearfix animate-false solid left horizontal et-separator-838407\" data-delay=\"\"><div class=\"line\"><\/div><\/div><div class=\"et-accordion-wrapper\"><div id=\"et-accordion-3\" class=\"et-accordion et-clearfix collapsible-true\"><div class=\"toggle-title et-clearfix active\"><h6 class=\"toggle-title-tag\">C\u00e2t dureaz\u0103 perioada de garan\u021bie a produselor companiei dvs.?<\/h6><span class=\"toggle-ind\"><\/span><\/div> <div id=\"how-long-is-the-warranty-period-of-your-companys-products-14\" class=\"toggle-content et-clearfix\">\n<div class=\"wpb_text_column wpb_content_element\"  data-animation-delay=\"0\">\n\t<div class=\"wpb_wrapper\">\n\t\t<p>Perioada de garan\u021bie a produselor companiei noastre este de 24 de luni dup\u0103 ce supapa p\u0103r\u0103se\u0219te fabrica sau de 18 luni dup\u0103 instalarea supapei pe conduct\u0103. Oricare vine primul va prevala.<\/p>\n\t<\/div>\n<\/div>\n\n<\/div><div class=\"toggle-title et-clearfix active\"><h6 class=\"toggle-title-tag\">Cum se rezolv\u0103 problemele legate de calitatea produsului atunci c\u00e2nd se \u00eent\u00e2mpl\u0103?<\/h6><span class=\"toggle-ind\"><\/span><\/div> <div id=\"how-to-solve-product-quality-problems-when-happen-15\" class=\"toggle-content et-clearfix\">\n<div class=\"wpb_text_column wpb_content_element\"  data-animation-delay=\"0\">\n\t<div class=\"wpb_wrapper\">\n\t\t<p>Dac\u0103 este o problem\u0103 de calitate a produsului a companiei noastre, putem comunica prin e-mail sau discu\u021bie webcam pentru a o rezolva. Dac\u0103 nu poate fi rezolvat\u0103, vom \u00eenlocui supapa gratuit. Dac\u0103 este vorba despre un accident de calitate cauzat de operarea ilegal\u0103 a personalului clientului, nu suntem responsabili.<\/p>\n\t<\/div>\n<\/div>\n\n<\/div><div class=\"toggle-title et-clearfix active\"><h6 class=\"toggle-title-tag\">C\u00e2t este timpul limit\u0103 pentru rezolvarea problemei produsului?<\/h6><span class=\"toggle-ind\"><\/span><\/div> <div id=\"how-long-is-time-limit-for-solving-product-problem-16\" class=\"toggle-content et-clearfix\">\n<div class=\"wpb_text_column wpb_content_element\"  data-animation-delay=\"0\">\n\t<div class=\"wpb_wrapper\">\n\t\t<p>Dac\u0103 condi\u021biile permit, \u00een mod normal ajungem la fa\u021ba locului \u00een 24 de ore. Dac\u0103 nu, durata de rezolvare a problemei va depinde de dificultatea problemei reale \u0219i, \u00een mod normal, oferim solu\u021bii \u00een 48 de ore.<\/p>\n\t<\/div>\n<\/div>\n\n<\/div><\/div><\/div><span class=\"et-gap et-clearfix et-gap-246792\"><\/span><h4 class=\"et-heading text-align-left tablet-text-align-inherit mobile-text-align-inherit animate-false no-animation-type\" id=\"et-heading-248177\" data-delay=\"0\" data-mobile-font=\"inherit\" data-mobile-line-height=\"inherit\" data-tablet-landscape-font=\"inherit\" data-tablet-portrait-font=\"inherit\" data-tablet-landscape-line-height=\"inherit\" data-tablet-portrait-line-height=\"inherit\" data-parallax=\"false\" data-move=\"false\" data-coordinatex=\"0\" data-coordinatey=\"0\" data-speed=\"10\"><span class=\"text-wrapper\"><span class=\"text\">Serviciu \u0219i plat\u0103 \u0219i transport<\/span><\/span><\/h4><div class=\"et-separator et-clearfix animate-false solid left horizontal et-separator-838407\" data-delay=\"\"><div class=\"line\"><\/div><\/div><div class=\"et-accordion-wrapper\"><div id=\"et-accordion-4\" class=\"et-accordion et-clearfix collapsible-true\"><div class=\"toggle-title et-clearfix active\"><h6 class=\"toggle-title-tag\">C\u00e2t dureaz\u0103 s\u0103 faci cota\u021bia?<\/h6><span class=\"toggle-ind\"><\/span><\/div> <div id=\"how-long-does-it-take-to-make-quotation-17\" class=\"toggle-content et-clearfix\">\n<div class=\"wpb_text_column wpb_content_element\"  data-animation-delay=\"0\">\n\t<div class=\"wpb_wrapper\">\n\t\t<p>Societatea prevede ca cota\u021bia aceleia\u0219i zile s\u0103 fie procesat\u0103 \u00een aceea\u0219i zi, inclusiv pre\u021b, tragere, greutate \u0219i volum, cel mult dou\u0103 zile.<\/p>\n\t<\/div>\n<\/div>\n\n<\/div><div class=\"toggle-title et-clearfix active\"><h6 class=\"toggle-title-tag\">C\u00e2te piese de schimb sunt pe comand\u0103?<\/h6><span class=\"toggle-ind\"><\/span><\/div> <div id=\"how-many-spare-parts-are-there-per-order-18\" class=\"toggle-content et-clearfix\">\n<div class=\"wpb_text_column wpb_content_element\"  data-animation-delay=\"0\">\n\t<div class=\"wpb_wrapper\">\n\t\t<div class=\"elementor-toggle-item\">\n<div id=\"elementor-tab-content-1592\" class=\"elementor-tab-content elementor-clearfix elementor-active\" role=\"tabpanel\" data-tab=\"2\" aria-labelledby=\"elementor-tab-title-1592\">\n<div id=\"u31350\" class=\"ax_default shape\">\n<div id=\"u31350_text\" class=\"text\">\n<div id=\"u31352\" class=\"ax_default shape\">\n<div id=\"u31352_text\" class=\"text\">Compania furnizeaz\u0103 gratuit 10% piese de schimb pentru fiecare comand\u0103<\/div>\n<\/div>\n<\/div>\n<\/div>\n<\/div>\n<\/div>\n<div class=\"elementor-toggle-item\">\n<h4 id=\"elementor-tab-title-1593\" class=\"elementor-tab-title\" role=\"tab\" data-tab=\"3\" aria-controls=\"elementor-tab-content-1593\" aria-expanded=\"false\"><\/h4>\n<\/div>\n\t<\/div>\n<\/div>\n\n<\/div><div class=\"toggle-title et-clearfix active\"><h6 class=\"toggle-title-tag\">C\u00e2t timp are nevoie de livrare?<\/h6><span class=\"toggle-ind\"><\/span><\/div> <div id=\"how-long-does-the-delivery-time-need-19\" class=\"toggle-content et-clearfix\">\n<div class=\"wpb_text_column wpb_content_element\"  data-animation-delay=\"0\">\n\t<div class=\"wpb_wrapper\">\n\t\t<p>Mostrele pot fi expediate \u00eentr-o s\u0103pt\u0103m\u00e2n\u0103. Produc\u021bia normal\u0103 a produselor dureaz\u0103 \u00een general 45-50 de zile, cu excep\u021bia materialelor speciale \u0219i personaliz\u0103rii. Poate fi livrat in 7-10 zile daca este in stoc.<\/p>\n\t<\/div>\n<\/div>\n\n<\/div><div class=\"toggle-title et-clearfix active\"><h6 class=\"toggle-title-tag\">Cum este procesul de comand\u0103?<\/h6><span class=\"toggle-ind\"><\/span><\/div> <div id=\"how-is-order-process-20\" class=\"toggle-content et-clearfix\">\n<div class=\"wpb_text_column wpb_content_element\"  data-animation-delay=\"0\">\n\t<div class=\"wpb_wrapper\">\n\t\t<p>1) Alege\u021bi produsul potrivit \u00een func\u021bie de parametrii clientului<br \/>\n2) Confirmare de ofert\u0103 \u0219i tragere \u00een func\u021bie de produsele selectate<br \/>\n3) Confirmarea comenzii<br \/>\n4) Depozit 30% pentru produc\u021bie<br \/>\n5) Efectua\u021bi produc\u021bia \u0219i furniza\u021bi raportul de progres al ciclului de produc\u021bie<br \/>\n6) Informa\u021bi clientul c\u0103 m\u0103rfurile sunt gata \u0219i clientul aranjeaz\u0103 soldul<br \/>\n7) Livrarea m\u0103rfurilor c\u0103tre expeditorul clientului \u0219i aranjarea transportului.<br \/>\n8) Furniza\u021bi documentele solicitate \u00een comand\u0103 \u0219i trimite\u021bi clientului raportul de proces al \u00eentregii comenzi.<br \/>\n9) Serviciu post-v\u00e2nzare.<\/p>\n\t<\/div>\n<\/div>\n\n<\/div><div class=\"toggle-title et-clearfix active\"><h6 class=\"toggle-title-tag\">Care este metoda de plata?<\/h6><span class=\"toggle-ind\"><\/span><\/div> <div id=\"what-is-the-payment-method-21\" class=\"toggle-content et-clearfix\">\n<div class=\"wpb_text_column wpb_content_element\"  data-animation-delay=\"0\">\n\t<div class=\"wpb_wrapper\">\n\t\t<p>1) L\/C la vedere<br \/>\n2) Transfer telegrafic (mai pu\u021bin de 2000 USD, 100% pl\u0103tit \u00eenainte de livrare; egal sau mai mult de 2000 USD, depozit 30%, 70% pl\u0103tit \u00eenainte de livrare)<\/p>\n\t<\/div>\n<\/div>\n\n<\/div><div class=\"toggle-title et-clearfix active\"><h6 class=\"toggle-title-tag\">Cum se livreaz\u0103 produsele?<\/h6><span class=\"toggle-ind\"><\/span><\/div> <div id=\"how-does-the-products-deliver-22\" class=\"toggle-content et-clearfix\">\n<div class=\"wpb_text_column wpb_content_element\"  data-animation-delay=\"0\">\n\t<div class=\"wpb_wrapper\">\n\t\t<p>Metoda de livrare a produselor include aer, mare, expres \u0219i tren.<\/p>\n\t<\/div>\n<\/div>\n\n<\/div><div class=\"toggle-title et-clearfix active\"><h6 class=\"toggle-title-tag\">Care este metoda de ambalare?<\/h6><span class=\"toggle-ind\"><\/span><\/div> <div id=\"what-is-the-packing-method-23\" class=\"toggle-content et-clearfix\">\n<div class=\"wpb_text_column wpb_content_element\"  data-animation-delay=\"0\">\n\t<div class=\"wpb_wrapper\">\n\t\t<p>Produsele vor fi ambalate \u00een cutii de lemn fumigate sau placaj, iar mostrele vor fi ambalate \u00een cutii de carton<\/p>\n\t<\/div>\n<\/div>\n\n<\/div><div class=\"toggle-title et-clearfix active\"><h6 class=\"toggle-title-tag\">Cum s\u0103 alegi metoda de transport de marf\u0103?<\/h6><span class=\"toggle-ind\"><\/span><\/div> <div id=\"how-to-choose-freight-transport-method-24\" class=\"toggle-content et-clearfix\">\n<div class=\"wpb_text_column wpb_content_element\"  data-animation-delay=\"0\">\n\t<div class=\"wpb_wrapper\">\n\t\t<p>Putem folosi expeditorul de marf\u0103 desemnat de client. Dac\u0103 nu, putem recomanda expeditorul sau folosim direct expeditorul cu care am cooperat de mult timp.<\/p>\n\t<\/div>\n<\/div>\n\n<\/div><div class=\"toggle-title et-clearfix active\"><h6 class=\"toggle-title-tag\">Care sunt clauza comercial\u0103?<\/h6><span class=\"toggle-ind\"><\/span><\/div> <div id=\"what-are-the-trade-clause%ef%bc%9f-25\" class=\"toggle-content et-clearfix\">\n<div class=\"wpb_text_column wpb_content_element\"  data-animation-delay=\"0\">\n\t<div class=\"wpb_wrapper\">\n\t\t<p>EXW, FCA,FOB, CFR, CIF, DDU, DDP.<\/p>\n\t<\/div>\n<\/div>\n\n<\/div><\/div><\/div>\t\t<\/div>\n\t\t\t<\/div>\n<\/div><div class=\"wpb_column vc_column_container vc_col-sm-12 vc_col-lg-4 vc_col-md-5 vc_col-xs-12 text-align-none vc-column-116008\" >\n\t<div class=\"vc_column-inner\" >\n\t\t<div class=\"wpb_wrapper\">\n\t\t\t<span class=\"et-gap et-clearfix et-gap-807351 hide1024\"><\/span><div class=\"vc_row wpb_row vc_inner vc_row-fluid vc_column-gap-24\"><div class=\"wpb_column vc_column_container vc_col-sm-6 vc_col-lg-12 vc_col-md-12 vc_col-xs-12\"><div class=\"vc_column-inner\"><div class=\"wpb_wrapper\"><h4 class=\"et-heading text-align-left tablet-text-align-inherit mobile-text-align-inherit animate-false no-animation-type\" id=\"et-heading-42127\" data-delay=\"0\" data-mobile-font=\"inherit\" data-mobile-line-height=\"inherit\" data-tablet-landscape-font=\"inherit\" data-tablet-portrait-font=\"inherit\" data-tablet-landscape-line-height=\"inherit\" data-tablet-portrait-line-height=\"inherit\" data-parallax=\"false\" data-move=\"false\" data-coordinatex=\"0\" data-coordinatey=\"0\" data-speed=\"10\"><span class=\"text-wrapper\"><span class=\"text\">Contacta\u021bi managerul nostru<\/span><\/span><\/h4><div id=\"widget-contact-form-1\" class=\"widget widget_fast_contact_widget\"><div class=\"contact-form\"><form name=\"et-contact-form\" action=\"https:\/\/oudianvalve.com\/wp-admin\/admin-post.php\" class=\"et-contact-form\" method=\"POST\"><div><input type=\"text\" name=\"name\" placeholder=\"Name\" value=\"\" \/><span class=\"alert warning\">Please enter your name<\/span><\/div><div><input type=\"text\" name=\"email\" placeholder=\"E-mail\" value=\"\" \/><span class=\"alert warning\">Invalid or empty email<\/span><\/div><div class=\"message-div\"><textarea name=\"message\" placeholder=\"Write your message\"><\/textarea><span class=\"alert warning\">Please enter your message<\/span><\/div><div class=\"send-div\"><input type=\"submit\" value=\"Trimite mesaj\" name=\"submit\"><div class=\"sending\"><\/div><\/div><div class=\"alert success final\">Your message successfully sent<\/div><div class=\"alert error final\">Something went wrong. Your message was not send<\/div><input type=\"hidden\" name=\"action\" value=\"et_contact_form\"><input type=\"hidden\" name=\"recipient\" value=\"robin46@live.cn\"><input type=\"hidden\" id=\"et_contact_form_nonce\" name=\"et_contact_form_nonce\" value=\"ce0a768de3\" \/><\/form><\/div><\/div><\/div><\/div><\/div><\/div>\t\t<\/div>\n\t\t\t<\/div>\n<\/div>\t<\/div>\n\t\t<\/div>","protected":false},"excerpt":{"rendered":"General questionsHow many employees are there in your company? There are 350 employees in our company What is the area of your company and factory? The area of our company and factory is 40000 square meters. What is the production capacity of the company? Our company has 5 production lines with a capacity of 10,000 [...]","protected":false},"author":1,"featured_media":0,"parent":0,"menu_order":0,"comment_status":"closed","ping_status":"closed","template":"page-vc.php","meta":{"advanced_seo_description":"","jetpack_seo_html_title":"","jetpack_seo_noindex":false,"footnotes":""},"class_list":["post-8114","page","type-page","status-publish","hentry"],"jetpack_sharing_enabled":true,"_links":{"self":[{"href":"https:\/\/oudianvalve.com\/ro\/wp-json\/wp\/v2\/pages\/8114","targetHints":{"allow":["GET"]}}],"collection":[{"href":"https:\/\/oudianvalve.com\/ro\/wp-json\/wp\/v2\/pages"}],"about":[{"href":"https:\/\/oudianvalve.com\/ro\/wp-json\/wp\/v2\/types\/page"}],"author":[{"embeddable":true,"href":"https:\/\/oudianvalve.com\/ro\/wp-json\/wp\/v2\/users\/1"}],"replies":[{"embeddable":true,"href":"https:\/\/oudianvalve.com\/ro\/wp-json\/wp\/v2\/comments?post=8114"}],"version-history":[{"count":11,"href":"https:\/\/oudianvalve.com\/ro\/wp-json\/wp\/v2\/pages\/8114\/revisions"}],"predecessor-version":[{"id":17996,"href":"https:\/\/oudianvalve.com\/ro\/wp-json\/wp\/v2\/pages\/8114\/revisions\/17996"}],"wp:attachment":[{"href":"https:\/\/oudianvalve.com\/ro\/wp-json\/wp\/v2\/media?parent=8114"}],"curies":[{"name":"wp","href":"https:\/\/api.w.org\/{rel}","templated":true}]}}