{"id":8098,"date":"2018-02-28T07:40:39","date_gmt":"2018-02-28T07:40:39","guid":{"rendered":"https:\/\/enovathemes.com\/samatex\/?page_id=8098"},"modified":"2023-07-06T07:04:11","modified_gmt":"2023-07-06T07:04:11","slug":"services","status":"publish","type":"page","link":"https:\/\/oudianvalve.com\/ro\/services\/","title":{"rendered":"Servicii"},"content":{"rendered":"<div class=\"vc_row wpb_row vc_row-fluid vc_custom_1684982395199 vc_column-gap-64 vc-row-602945\" >\n\t<div class=\"container et-clearfix\">\n\t\t<div class=\"wpb_column vc_column_container vc_col-sm-12 vc_col-lg-8 vc_col-md-7 vc_col-xs-12 text-align-none vc-column-21206\" >\n\t<div class=\"vc_column-inner\" >\n\t\t<div class=\"wpb_wrapper\">\n\t\t\t\n<div class=\"wpb_text_column wpb_content_element\"  data-animation-delay=\"0\">\n\t<div class=\"wpb_wrapper\">\n\t\t<p>China Oudian accept\u0103 supape pentru nou\u0103 industrii, pute\u021bi verifica mai jos pentru detalii. \u00cen fiecare an primim una sau dou\u0103 comenzi mari de la centrala \u0219i centrala electric\u0103 din Brazilia. Compania noastr\u0103 ofer\u0103 robinete de \u00eenalt\u0103 presiune, supape API Plug, supape de joas\u0103 presiune cu cerin\u021be ridicate. Oudian furnizeaz\u0103, de asemenea, multe supape speciale la cererea clientului. Supapa cu poart\u0103 \u0219i robinetul cu glob sunt cele mai economice tipuri, care pot fi utilizate pentru conductele de abur. \u00cen ultimii 20 de ani, Oudian a acumulat o mare bog\u0103\u021bie de experien\u021be industriale. \u0218i vom continua s\u0103 \u00eenv\u0103\u021b\u0103m. Pe baza calit\u0103\u021bii \u00eenalte \u0219i a atitudinii stricte fa\u021b\u0103 de produc\u021bia de ma\u0219ini, Oudian va fi din ce \u00een ce mai profesionist, astfel \u00eenc\u00e2t s\u0103 ofere un sprijin puternic pentru supape clien\u021bilor no\u0219tri.<br \/>\nS\u0103 lucr\u0103m \u00eempreun\u0103 pentru a avea un viitor mai bun!<\/p>\n<p>Supapele Oudian sunt aplicate \u00een urm\u0103toarele domenii:<br \/>\n1. Putere<br \/>\n2. Energia nuclear\u0103 \u0219i industria militar\u0103<br \/>\n3. Alumin\u0103<br \/>\n4. O\u021bel metalurgic<br \/>\n5. Industria chimic\u0103 a c\u0103rbunelui<br \/>\n6. Petrol<br \/>\n7. Industria chimic\u0103<br \/>\n8. Livrare<br \/>\n9. Conservarea apei \u0219i problemele legate de ap\u0103<\/p>\n\t<\/div>\n<\/div>\n\n\t\t<\/div>\n\t\t\t<\/div>\n<\/div><div class=\"wpb_column vc_column_container vc_col-sm-12 vc_col-lg-4 vc_col-md-5 vc_col-xs-12 text-align-none vc_col-has-fill vc-column-366318\" >\n\t<div class=\"vc_column-inner vc_custom_1684982998178\" >\n\t\t<div class=\"wpb_wrapper\">\n\t\t\t\n<div class=\"wpcf7 no-js\" id=\"wpcf7-f10615-o1\" lang=\"en-US\" dir=\"ltr\" data-wpcf7-id=\"10615\">\n<div class=\"screen-reader-response\"><p role=\"status\" aria-live=\"polite\" aria-atomic=\"true\"><\/p> <ul><\/ul><\/div>\n<form action=\"\/ro\/wp-json\/wp\/v2\/pages\/8098#wpcf7-f10615-o1\" method=\"post\" class=\"wpcf7-form init\" aria-label=\"Contact form\" novalidate=\"novalidate\" data-status=\"init\" data-trp-original-action=\"\/ro\/wp-json\/wp\/v2\/pages\/8098#wpcf7-f10615-o1\">\n<fieldset class=\"hidden-fields-container\"><input type=\"hidden\" name=\"_wpcf7\" value=\"10615\" \/><input type=\"hidden\" name=\"_wpcf7_version\" value=\"6.1.5\" \/><input type=\"hidden\" name=\"_wpcf7_locale\" value=\"en_US\" \/><input type=\"hidden\" name=\"_wpcf7_unit_tag\" value=\"wpcf7-f10615-o1\" \/><input type=\"hidden\" name=\"_wpcf7_container_post\" value=\"0\" \/><input type=\"hidden\" name=\"_wpcf7_posted_data_hash\" value=\"\" \/>\n<\/fieldset>\n<p><span class=\"wpcf7-form-control-wrap\" data-name=\"your-name\"><input size=\"40\" maxlength=\"400\" class=\"wpcf7-form-control wpcf7-text wpcf7-validates-as-required\" aria-required=\"true\" aria-invalid=\"false\" placeholder=\"Numele dumneavoastr\u0103\" value=\"\" type=\"text\" name=\"your-name\" \/><\/span><span class=\"wpcf7-form-control-wrap\" data-name=\"your-email\"><input size=\"40\" maxlength=\"400\" class=\"wpcf7-form-control wpcf7-email wpcf7-validates-as-required wpcf7-text wpcf7-validates-as-email\" aria-required=\"true\" aria-invalid=\"false\" placeholder=\"Email-ul tau\" value=\"\" type=\"email\" name=\"your-email\" \/><\/span><span class=\"wpcf7-form-control-wrap\" data-name=\"your-subject\"><input size=\"40\" maxlength=\"400\" class=\"wpcf7-form-control wpcf7-text\" aria-invalid=\"false\" placeholder=\"Subiectul t\u0103u\" value=\"\" type=\"text\" name=\"your-subject\" \/><\/span><span class=\"wpcf7-form-control-wrap\" data-name=\"your-message\"><textarea cols=\"40\" rows=\"10\" maxlength=\"2000\" class=\"wpcf7-form-control wpcf7-textarea\" aria-invalid=\"false\" name=\"your-message\"><\/textarea><\/span><input class=\"wpcf7-form-control wpcf7-submit has-spinner\" type=\"submit\" value=\"Trimite mesaj\" \/>\n<\/p><div class=\"wpcf7-response-output\" aria-hidden=\"true\"><\/div>\n<input type=\"hidden\" name=\"trp-form-language\" value=\"ro\"\/><\/form>\n<\/div>\n\t\t<\/div>\n\t\t\t<\/div>\n<\/div>\t<\/div>\n\t\t<\/div><div data-grid-overlay=\"black\" class=\"vc_row wpb_row vc_row-fluid vc_custom_1688626902277 vc_row-has-fill vc_column-gap-40 vc-row-277572 grid-overlay-active\" >\n\t<div class=\"container et-clearfix\">\n\t\t<div class=\"background-position-right-bottom wpb_animate_when_almost_visible wpb_right-to-left right-to-left wpb_column vc_column_container vc_col-sm-12 vc_col-xs-12 shadow text-align-none vc_col-has-fill vc-column-538192\" data-animation-delay=\"150\" >\n\t<div class=\"vc_column-inner vc_custom_1688626926078\" data-480-left=\"10\"  data-480-right=\"10\" >\n\t\t<div class=\"wpb_wrapper\">\n\t\t\t\n<div class=\"vc_grid-container-wrapper vc_clearfix vc_grid-animation-zoomIn\">\n\t<div class=\"vc_grid-container vc_clearfix wpb_content_element vc_masonry_media_grid\" data-initial-loading-animation=\"zoomIn\" data-vc-grid-settings=\"{&quot;page_id&quot;:8098,&quot;style&quot;:&quot;all-masonry&quot;,&quot;action&quot;:&quot;vc_get_vc_grid_data&quot;,&quot;shortcode_id&quot;:&quot;1688626847770-51f0e86f-b657-10&quot;,&quot;tag&quot;:&quot;vc_masonry_media_grid&quot;}\" data-vc-request=\"https:\/\/oudianvalve.com\/wp-admin\/admin-ajax.php\" data-vc-post-id=\"8098\" data-vc-public-nonce=\"4542dae3e2\">\n\t\t\n\t<\/div>\n<\/div>\t\t<\/div>\n\t\t\t<\/div>\n<\/div>\t<\/div>\n\t<div class=\"grid-overlay\"><\/div>\t<\/div>","protected":false},"excerpt":{"rendered":"China Oudian supports valves for Nine industries, you can check below for details. Every year we receive one or two large orders from the power plant and power station in Brazil. Our company offer high pressure gate valves, API Plug Valve, low pressure valves with high requirements. Oudian also supplies many special valves with customer's [...]","protected":false},"author":1,"featured_media":0,"parent":0,"menu_order":0,"comment_status":"closed","ping_status":"closed","template":"page-vc.php","meta":{"advanced_seo_description":"","jetpack_seo_html_title":"","jetpack_seo_noindex":false,"footnotes":""},"class_list":["post-8098","page","type-page","status-publish","hentry"],"jetpack_sharing_enabled":true,"_links":{"self":[{"href":"https:\/\/oudianvalve.com\/ro\/wp-json\/wp\/v2\/pages\/8098","targetHints":{"allow":["GET"]}}],"collection":[{"href":"https:\/\/oudianvalve.com\/ro\/wp-json\/wp\/v2\/pages"}],"about":[{"href":"https:\/\/oudianvalve.com\/ro\/wp-json\/wp\/v2\/types\/page"}],"author":[{"embeddable":true,"href":"https:\/\/oudianvalve.com\/ro\/wp-json\/wp\/v2\/users\/1"}],"replies":[{"embeddable":true,"href":"https:\/\/oudianvalve.com\/ro\/wp-json\/wp\/v2\/comments?post=8098"}],"version-history":[{"count":8,"href":"https:\/\/oudianvalve.com\/ro\/wp-json\/wp\/v2\/pages\/8098\/revisions"}],"predecessor-version":[{"id":18224,"href":"https:\/\/oudianvalve.com\/ro\/wp-json\/wp\/v2\/pages\/8098\/revisions\/18224"}],"wp:attachment":[{"href":"https:\/\/oudianvalve.com\/ro\/wp-json\/wp\/v2\/media?parent=8098"}],"curies":[{"name":"wp","href":"https:\/\/api.w.org\/{rel}","templated":true}]}}