{"id":18475,"date":"2025-07-09T02:34:07","date_gmt":"2025-07-09T02:34:07","guid":{"rendered":"https:\/\/oudianvalve.com\/?post_type=product&#038;p=18475"},"modified":"2025-07-09T02:34:08","modified_gmt":"2025-07-09T02:34:08","slug":"api602-piston-check-valveastm-a105n2-inchrf-end","status":"publish","type":"product","link":"https:\/\/oudianvalve.com\/pt\/products\/check-valves\/api602-piston-check-valveastm-a105n2-inchrf-end\/","title":{"rendered":"API602 Piston Check Valve,ASTM A105N,2 Inch,RF End"},"content":{"rendered":"<p>1. Projeto e Fabrica\u00e7\u00e3o: API 602<br \/>\n2. Constru\u00e7\u00f5es: OS&amp;Y, Castelo Aparafusado, Castelo Soldado e Castelo Selado por Press\u00e3o;<br \/>\n3. Porta completa\/porta reduzida<br \/>\n4. Size Range: 1\/2\u2033 to 4\u2033.<br \/>\n5. Classifica\u00e7\u00f5es de press\u00e3o: ANSI 800, 900, 1500 e 2500<br \/>\n6. Conex\u00f5es finais: Rosqueadas, Flangeadas, Solda de topo, Solda de soquete.<br \/>\n7. Materiais dispon\u00edveis em: A105, LF2, F5, F11, F22, F304, F316, F51 ou equivalente;<br \/>\n8. V\u00e1rios materiais de acabamento est\u00e3o dispon\u00edveis para atender a diferentes condi\u00e7\u00f5es de servi\u00e7o<br \/>\n9. NACE MR 0175 mediante solicita\u00e7\u00e3o<br \/>\n10.Teste e Inspe\u00e7\u00e3o: API598<\/p>\n<p>&nbsp;<\/p>\n<p>Caracter\u00edsticas importantes:<br \/>\nUm design compacto, mas extremamente robusto para servi\u00e7os em alta press\u00e3o e temperatura Design de tampa aparafusada, tampa f\u00e1cil de abrir<br \/>\nDisco guia do corpo tipo pist\u00e3o<br \/>\nGaranta o alinhamento perfeito do disco e da sede RingSpring carregado mediante solicita\u00e7\u00e3o<br \/>\nDisco e assento Stellited F6 opcionais<br \/>\nFixadores B7\/2H de alta resist\u00eancia<\/p>\n<p>Aplicativo<br \/>\nUsinas de energia e ind\u00fastrias de processoPlantas petroqu\u00edmicas e refinariasF\u00e1bricas de cimento e fertilizantes<br \/>\nPlanta de a\u00e7o<br \/>\nProcessos e Ind\u00fastrias Gerais<br \/>\nInd\u00fastrias de a\u00e7\u00facar e destilarias<br \/>\n\u00c1gua, Vapor, G\u00e1s, Petr\u00f3leo e outros meios n\u00e3o agressivos<\/p>","protected":false},"excerpt":{"rendered":"<p>1500LB Piston Check Valve,\u00a02 Inch 1500LB Piston Check Valve,\u00a0A105 1500LB Piston Check Valve, API 602 1500LB Piston Check Valve,\u00a0RF End 1500LB Piston Check Valve<\/p>","protected":false},"featured_media":18477,"template":"","meta":{"advanced_seo_description":"","jetpack_seo_html_title":"","jetpack_seo_noindex":false},"product_brand":[],"product_cat":[82],"product_tag":[558,559,560,561,562],"class_list":{"0":"post-18475","1":"product","2":"type-product","3":"status-publish","4":"has-post-thumbnail","6":"product_cat-check-valves","7":"product_tag-1500lb-piston-check-valve","8":"product_tag-2-inch-1500lb-piston-check-valve","9":"product_tag-a105-1500lb-piston-check-valve","10":"product_tag-api-602-1500lb-piston-check-valve","11":"product_tag-rf-end-1500lb-piston-check-valve","13":"first","14":"instock","15":"shipping-taxable","16":"product-type-simple"},"jetpack_sharing_enabled":true,"_links":{"self":[{"href":"https:\/\/oudianvalve.com\/pt\/wp-json\/wp\/v2\/product\/18475","targetHints":{"allow":["GET"]}}],"collection":[{"href":"https:\/\/oudianvalve.com\/pt\/wp-json\/wp\/v2\/product"}],"about":[{"href":"https:\/\/oudianvalve.com\/pt\/wp-json\/wp\/v2\/types\/product"}],"wp:featuredmedia":[{"embeddable":true,"href":"https:\/\/oudianvalve.com\/pt\/wp-json\/wp\/v2\/media\/18477"}],"wp:attachment":[{"href":"https:\/\/oudianvalve.com\/pt\/wp-json\/wp\/v2\/media?parent=18475"}],"wp:term":[{"taxonomy":"product_brand","embeddable":true,"href":"https:\/\/oudianvalve.com\/pt\/wp-json\/wp\/v2\/product_brand?post=18475"},{"taxonomy":"product_cat","embeddable":true,"href":"https:\/\/oudianvalve.com\/pt\/wp-json\/wp\/v2\/product_cat?post=18475"},{"taxonomy":"product_tag","embeddable":true,"href":"https:\/\/oudianvalve.com\/pt\/wp-json\/wp\/v2\/product_tag?post=18475"}],"curies":[{"name":"wp","href":"https:\/\/api.w.org\/{rel}","templated":true}]}}