{"id":18426,"date":"2025-06-14T07:44:54","date_gmt":"2025-06-14T07:44:54","guid":{"rendered":"https:\/\/oudianvalve.com\/?post_type=product&#038;p=18426"},"modified":"2025-06-14T07:48:25","modified_gmt":"2025-06-14T07:48:25","slug":"din3352-316l-gate-valve-pn25-dn50-rf-end","status":"publish","type":"product","link":"https:\/\/oudianvalve.com\/pt\/products\/gate-valves\/din3352-316l-gate-valve-pn25-dn50-rf-end\/","title":{"rendered":"V\u00e1lvula de gaveta DIN3352 316L, PN25, DN50, extremidade RF"},"content":{"rendered":"<p>Padr\u00e3o de design e fabrica\u00e7\u00e3o: DIN3352<\/p>\n<p>Padr\u00e3o de press\u00e3o e temperatura: ASME B16.34\/DIN3230<\/p>\n<p>Padr\u00e3o de dimens\u00e3o face a face: ASME B16.10\/DIN3202\/JIS B2002<\/p>\n<p>Padr\u00e3o de flange: ASME B16.5, ASME B16.47\/DIN2543-2545-2501\/JIS B2220<\/p>\n<p>Padr\u00e3o de teste e inspe\u00e7\u00e3o: API 598, API 6D\/DIN2401\/JIS B2003.<\/p>\n<p>Tamanho: 1\/2\u201d-10\u201d(DN15~DN250)<\/p>\n<p>Classifica\u00e7\u00e3o de press\u00e3o: 150LB-600LB\/PN16~PN100\/10K~60K)<br \/>\nAplica\u00e7\u00f5es: petr\u00f3leo e g\u00e1s, tratamento de esgoto, abastecimento de \u00e1gua, projetos qu\u00edmicos<\/p>\n<p>Material principal da v\u00e1lvula de esfera de a\u00e7o inoxid\u00e1vel 317L:<br \/>\nCF8, CF3, CF8M, CF3M, CG8M, CG3M, CF8C, CK20304, 304, 316, 316L, 316Ti, 317, 317L, 310, 310S<br \/>\nF304, F304, F316, F316L, F316Ti, F317, F317L, F310, F310S.<\/p>\n<p>A liga 317L (00Cr19Ni13Mo3, UNS S31726) \u00e9 um a\u00e7o inoxid\u00e1vel austen\u00edtico \u00e0 base de molibd\u00eanio. Possui maior resist\u00eancia \u00e0 corros\u00e3o qu\u00edmica em compara\u00e7\u00e3o com o a\u00e7o inoxid\u00e1vel austen\u00edtico convencional de cromo-n\u00edquel, como a liga 304. Al\u00e9m disso, em compara\u00e7\u00e3o com o a\u00e7o inoxid\u00e1vel convencional, a liga 317L possui maior ductilidade, resist\u00eancia \u00e0 corros\u00e3o sob tens\u00e3o, resist\u00eancia \u00e0 compress\u00e3o e resist\u00eancia a altas temperaturas. \u00c9 de baixo carbono ou grau L, que possui desempenho anti-sensibiliza\u00e7\u00e3o durante a soldagem e tratamento t\u00e9rmico.<br \/>\nO a\u00e7o 317L tem boa resist\u00eancia \u00e0 \u00e1gua do mar e ao SCC em compara\u00e7\u00e3o com o 316L e \u00e9 usado em navios qu\u00edmicos, produtos qu\u00edmicos, reatores e outros equipamentos qu\u00edmicos que exigem alta resist\u00eancia \u00e0 corros\u00e3o<br \/>\nSUS317L Composi\u00e7\u00e3o qu\u00edmica: carbono (C) \u2264 0,030, mangan\u00eas (Mn) \u2264 2,00, n\u00edquel (Ni) 11,0-15,0, sil\u00edcio (Si) \u2264 1,00, f\u00f3sforo (P) \u2264 0,045, enxofre (S) \u2264 0,030, cromo (Cr ) 18,0-20,0, molibd\u00eanio (Mo) 3,0-4,0<\/p>\n<p>V\u00e1lvula de gaveta DIN3352 316L, V\u00e1lvula de gaveta PN25 316L, V\u00e1lvula de gaveta DN50 316L, V\u00e1lvula de gaveta RF End 316L.<\/p>","protected":false},"excerpt":{"rendered":"<ul>\n<li>Castelo: Castelo aparafusado ou castelo com veda\u00e7\u00e3o de press\u00e3o<\/li>\n<li>Cunha: Cunha flex\u00edvel ou cunha s\u00f3lida<\/li>\n<li>Haste ascendente<\/li>\n<li>Parafuso externo e garfo<\/li>\n<li>Assento integral do corpo ou anel de assento renov\u00e1vel<\/li>\n<\/ul>","protected":false},"featured_media":18427,"template":"","meta":{"advanced_seo_description":"","jetpack_seo_html_title":"","jetpack_seo_noindex":false},"product_brand":[],"product_cat":[81],"product_tag":[503,505,504,506],"class_list":{"0":"post-18426","1":"product","2":"type-product","3":"status-publish","4":"has-post-thumbnail","6":"product_cat-gate-valves","7":"product_tag-din3352-316l-gate-valve","8":"product_tag-dn50-316l-gate-valve","9":"product_tag-pn25-316l-gate-valve","10":"product_tag-rf-end-316l-gate-valve","12":"first","13":"instock","14":"shipping-taxable","15":"product-type-simple"},"jetpack_sharing_enabled":true,"_links":{"self":[{"href":"https:\/\/oudianvalve.com\/pt\/wp-json\/wp\/v2\/product\/18426","targetHints":{"allow":["GET"]}}],"collection":[{"href":"https:\/\/oudianvalve.com\/pt\/wp-json\/wp\/v2\/product"}],"about":[{"href":"https:\/\/oudianvalve.com\/pt\/wp-json\/wp\/v2\/types\/product"}],"wp:featuredmedia":[{"embeddable":true,"href":"https:\/\/oudianvalve.com\/pt\/wp-json\/wp\/v2\/media\/18427"}],"wp:attachment":[{"href":"https:\/\/oudianvalve.com\/pt\/wp-json\/wp\/v2\/media?parent=18426"}],"wp:term":[{"taxonomy":"product_brand","embeddable":true,"href":"https:\/\/oudianvalve.com\/pt\/wp-json\/wp\/v2\/product_brand?post=18426"},{"taxonomy":"product_cat","embeddable":true,"href":"https:\/\/oudianvalve.com\/pt\/wp-json\/wp\/v2\/product_cat?post=18426"},{"taxonomy":"product_tag","embeddable":true,"href":"https:\/\/oudianvalve.com\/pt\/wp-json\/wp\/v2\/product_tag?post=18426"}],"curies":[{"name":"wp","href":"https:\/\/api.w.org\/{rel}","templated":true}]}}