{"id":18421,"date":"2025-06-14T07:21:52","date_gmt":"2025-06-14T07:21:52","guid":{"rendered":"https:\/\/oudianvalve.com\/?post_type=product&#038;p=18421"},"modified":"2025-06-14T07:29:08","modified_gmt":"2025-06-14T07:29:08","slug":"jis10k-ball-valve-50a-304-ff-end","status":"publish","type":"product","link":"https:\/\/oudianvalve.com\/pt\/products\/ball-valves\/jis10k-ball-valve-50a-304-ff-end\/","title":{"rendered":"V\u00e1lvula de esfera JIS10K, 50A, 304, extremidade FF"},"content":{"rendered":"<p>Descri\u00e7\u00e3o da v\u00e1lvula:<br \/>\nTipo de v\u00e1lvula: V\u00e1lvula de esfera flutuante<br \/>\nMaterial do corpo: 304 .<br \/>\nDi\u00e2metro nominal: 2\u2033<br \/>\nPressure Rating: JIS10K<br \/>\nEnd Connection: FF Flange<br \/>\nTemperatura de trabalho: -29\u2103~+200\u2103.<br \/>\nOpera\u00e7\u00e3o: Alavanca.<\/p>\n<p>The Japanese standard low platform ball valve can provide an installation platform for the Japanese standard ball valves with actuators such as electric Japanese standard ball valves and pneumatic Japanese standard ball valves.<\/p>\n<p>The Japanese standard low platform ball valve opening and closing parts (balls) are driven by the valve stem and rotate around the axis of the valve stem. It is mainly used to cut off or connect the medium in the pipeline, and can also be used for fluid regulation and control. It has a compact structure, reliable sealing, simple structure, and convenient maintenance. The sealing surface and the spherical surface are often in a closed state, not easily eroded by the medium, easy to operate and maintain, suitable for general working media such as water, solvents, acids and natural gas, and also suitable for media with harsh working conditions, such as oxygen, hydrogen peroxide, methane, etc., and is widely used in various industries. The ball valve body can be integral or combined.<br \/>\nImplementation standards of Japanese standard low platform ball valve<br \/>\nDesign and manufacturing according to ANSI B16.34, JIS 2071<br \/>\nStructural length according to JIS B2002<br \/>\nFlange connection dimensions according to JIS B2212, 2214<br \/>\nInspection according to JIS B2003<\/p>\n<p>Main materials of Japanese standard low platform ball valve<\/p>\n<p>&nbsp;<\/p>\n<p>&nbsp;<\/p>\n<table style=\"height: 329px;\" border=\"1\" width=\"1054\" cellspacing=\"0\" cellpadding=\"0\">\n<tbody>\n<tr>\n<td colspan=\"2\">Parts name<\/td>\n<td><strong>WCB<\/strong><\/td>\n<td><strong>\u3000CF8<\/strong><\/td>\n<td><strong>CF3<\/strong><\/td>\n<td><strong>CF8M<\/strong><\/td>\n<td><strong>CF3M<\/strong><\/td>\n<\/tr>\n<tr>\n<td colspan=\"2\"><strong>Body\/Bonnet<\/strong><\/td>\n<td><strong>A216-WCB<\/strong><\/td>\n<td><strong>A315-CF8<\/strong><\/td>\n<td><strong>A35-CF3<\/strong><\/td>\n<td><strong>A351-CF8M<\/strong><\/td>\n<td><strong>A351-CF3M<\/strong><\/td>\n<\/tr>\n<tr>\n<td rowspan=\"2\"><strong>BOLA<\/strong><\/td>\n<td><strong>B8<\/strong><\/td>\n<td><strong>A105-1025<\/strong><\/td>\n<td><strong>A182-F304L<\/strong><\/td>\n<td><strong>A182-F304L<\/strong><\/td>\n<td><strong>A132-F316<\/strong><\/td>\n<td><strong>A182-F316L<\/strong><\/td>\n<\/tr>\n<tr>\n<td><strong>B8<\/strong><\/td>\n<td><strong>A216-WCB<\/strong><\/td>\n<td><strong>A351-CF8M<\/strong><\/td>\n<td><strong>A351-CF3<\/strong><\/td>\n<td><strong>A351-CF8M<\/strong><\/td>\n<td><strong>A351-CF3M<\/strong><\/td>\n<\/tr>\n<tr>\n<td colspan=\"2\"><strong>TRONCO<\/strong><\/td>\n<td><strong>A182-F6a<\/strong><\/td>\n<td><strong>A182-F304<\/strong><\/td>\n<td><strong>A182-F304L<\/strong><\/td>\n<td><strong>A182-F336<\/strong><\/td>\n<td><strong>A182-F316L<\/strong><\/td>\n<\/tr>\n<tr>\n<td colspan=\"2\"><strong>ASSENTO<\/strong><\/td>\n<td colspan=\"5\"><strong>PTFE\/RPTFE\/NYLIN PTFE\/Reinforced PTFE\/Nyion<\/strong><\/td>\n<\/tr>\n<tr>\n<td colspan=\"2\">Valve seat support ring<\/td>\n<td><strong>A105-1025<\/strong><\/td>\n<td><strong>A182-F304<\/strong><\/td>\n<td><strong>A182-F304L<\/strong><\/td>\n<td><strong>A182-F316<\/strong><\/td>\n<td><strong>A182-F316L<\/strong><\/td>\n<\/tr>\n<tr>\n<td colspan=\"2\"><strong>SPRING<\/strong><\/td>\n<td><strong>\u00a0<\/strong><\/td>\n<td colspan=\"4\"><strong>3yc-7\/17-49H<\/strong><\/td>\n<\/tr>\n<tr>\n<td colspan=\"2\"><strong>O-RING<\/strong><\/td>\n<td><strong>NBR<\/strong><\/td>\n<td colspan=\"4\"><strong>VITON<\/strong><\/td>\n<\/tr>\n<tr>\n<td colspan=\"2\"><strong>PARAFUSO<\/strong><\/td>\n<td><strong>A193-B7<\/strong><\/td>\n<td colspan=\"4\"><strong>A193-B8<\/strong><\/td>\n<\/tr>\n<tr>\n<td colspan=\"2\"><strong>NOZ<\/strong><\/td>\n<td><strong>A194-2H<\/strong><\/td>\n<td colspan=\"4\"><strong>A194-8<\/strong><\/td>\n<\/tr>\n<\/tbody>\n<\/table>\n<table border=\"0\" cellspacing=\"0\" cellpadding=\"0\">\n<tbody>\n<tr>\n<td><strong>10KMain connection dimensions and weight 20K 5K 30K 45K<\/strong><\/td>\n<\/tr>\n<\/tbody>\n<\/table>\n<table style=\"height: 115px;\" border=\"1\" width=\"1067\" cellspacing=\"0\" cellpadding=\"0\">\n<tbody>\n<tr>\n<td rowspan=\"2\"><strong>Size<\/strong><\/td>\n<td><strong>inch<\/strong><\/td>\n<td><strong>1\/2&#8243;<\/strong><\/td>\n<td><strong>3\/4&#8243;<\/strong><\/td>\n<td><strong>1&#8243;<\/strong><\/td>\n<td><strong>1-1\/2&#8243;<\/strong><\/td>\n<td><strong>2&#8243;<\/strong><\/td>\n<td><strong>2-1\/2&#8243;<\/strong><\/td>\n<td><strong>3&#8243;<\/strong><\/td>\n<td><strong>4&#8243;<\/strong><\/td>\n<td><strong>5&#8243;<\/strong><\/td>\n<td><strong>6&#8243;<\/strong><\/td>\n<td><strong>8&#8243;<\/strong><\/td>\n<td><strong>10&#8243;<\/strong><\/td>\n<\/tr>\n<tr>\n<td><strong>DN<\/strong><\/td>\n<td><strong>15<\/strong><\/td>\n<td><strong>20<\/strong><\/td>\n<td><strong>25<\/strong><\/td>\n<td><strong>40<\/strong><\/td>\n<td><strong>50<\/strong><\/td>\n<td><strong>65<\/strong><\/td>\n<td><strong>80<\/strong><\/td>\n<td><strong>100<\/strong><\/td>\n<td><strong>125<\/strong><\/td>\n<td><strong>150<\/strong><\/td>\n<td><strong>200<\/strong><\/td>\n<td><strong>250<\/strong><\/td>\n<\/tr>\n<tr>\n<td><strong>eu<\/strong><\/td>\n<td><strong>mm<\/strong><\/td>\n<td><strong>108<\/strong><\/td>\n<td><strong>117<\/strong><\/td>\n<td><strong>127<\/strong><\/td>\n<td><strong>165<\/strong><\/td>\n<td><strong>178<\/strong><\/td>\n<td><strong>190<\/strong><\/td>\n<td><strong>203<\/strong><\/td>\n<td><strong>229<\/strong><\/td>\n<td><strong>356<\/strong><\/td>\n<td><strong>394<\/strong><\/td>\n<td><strong>457<\/strong><\/td>\n<td><strong>533<\/strong><\/td>\n<\/tr>\n<tr>\n<td><strong>H<\/strong><\/td>\n<td><strong>mm<\/strong><\/td>\n<td><strong>59<\/strong><\/td>\n<td><strong>63<\/strong><\/td>\n<td><strong>75<\/strong><\/td>\n<td><strong>97<\/strong><\/td>\n<td><strong>107<\/strong><\/td>\n<td><strong>142<\/strong><\/td>\n<td><strong>152<\/strong><\/td>\n<td><strong>178<\/strong><\/td>\n<td><strong>252<\/strong><\/td>\n<td><strong>272<\/strong><\/td>\n<td><strong>342<\/strong><\/td>\n<td><strong>345<\/strong><\/td>\n<\/tr>\n<tr>\n<td><strong>W<\/strong><\/td>\n<td><strong>mm<\/strong><\/td>\n<td><strong>130<\/strong><\/td>\n<td><strong>130<\/strong><\/td>\n<td><strong>160<\/strong><\/td>\n<td><strong>230<\/strong><\/td>\n<td><strong>230<\/strong><\/td>\n<td><strong>400<\/strong><\/td>\n<td><strong>400<\/strong><\/td>\n<td><strong>700<\/strong><\/td>\n<td><strong>1100<\/strong><\/td>\n<td><strong>1100<\/strong><\/td>\n<td><strong>1500<\/strong><\/td>\n<td><strong>1500<\/strong><\/td>\n<\/tr>\n<tr>\n<td><strong>Peso<\/strong><\/td>\n<td><strong>kg<\/strong><\/td>\n<td><strong>2.3<\/strong><\/td>\n<td><strong>3.0<\/strong><\/td>\n<td><strong>4.5<\/strong><\/td>\n<td><strong>7.0<\/strong><\/td>\n<td><strong>9.5<\/strong><\/td>\n<td><strong>15.0<\/strong><\/td>\n<td><strong>19.0<\/strong><\/td>\n<td><strong>33.0<\/strong><\/td>\n<td><strong>58.0<\/strong><\/td>\n<td><strong>93.0<\/strong><\/td>\n<td><strong>160.0<\/strong><\/td>\n<td><strong>200.0<\/strong><\/td>\n<\/tr>\n<\/tbody>\n<\/table>\n<p>China JIS10K Ball Valve Manufacturer ,OUdian Supplies JIS10K Ball Valve, 304 JIS10K Ball Valve,\u00a0 Floating JIS10K Ball Valve, 50A JIS10K Ball Valve, FF End JIS10K Ball Valve.<\/p>","protected":false},"excerpt":{"rendered":"<p>1. Design and manufacture: JIS 2071<br \/>\n2. Face to face: JIS B2002<br \/>\n3. Flange end: JIS B2212, 2214<br \/>\n4. Tamanho nominal: DN15 \u2013 DN200<br \/>\n5. Nonimal Pressure: JIS10K,JIS20K;<br \/>\n6. Materiais do corpo: WCB, LCB, CF8, CF8M, CF3, CF3M etc.<br \/>\n7. Acabamento: 13CR, 304SS, 316SS, a\u00e7o inoxid\u00e1vel duplex;<br \/>\n8. Tipo de furo: furo completo<br \/>\n9. Atuador: Alavanca, Engrenagem sem-fim;<\/p>\n<p><strong>V\u00c1LVULA DE ESFERA FLUTUANTE DIN PARA PN16, PN25<\/strong><\/p>\n<p>Conex\u00f5es finais: RF flangeado, RTJ, solda de topo<br \/>\nTipo de bola: Bola s\u00f3lida forjada<br \/>\nMateriais do assento: PTFE, RPTFE, DEVLON, NYLON, PEEK, assento met\u00e1lico com TCC\/STL\/Ni.<\/p>","protected":false},"featured_media":18422,"template":"","meta":{"advanced_seo_description":"","jetpack_seo_html_title":"","jetpack_seo_noindex":false},"product_brand":[],"product_cat":[83],"product_tag":[493,495,491,496,494,492],"class_list":{"0":"post-18421","1":"product","2":"type-product","3":"status-publish","4":"has-post-thumbnail","6":"product_cat-ball-valves","7":"product_tag-304-jis10k-ball-valve","8":"product_tag-50a-jis10k-ball-valve","9":"product_tag-china-jis10k-ball-valve-manufacturer","10":"product_tag-ff-end-jis10k-ball-valve","11":"product_tag-floating-jis10k-ball-valve","12":"product_tag-oudian-supplies-jis10k-ball-valve","14":"first","15":"instock","16":"shipping-taxable","17":"product-type-simple"},"jetpack_sharing_enabled":true,"_links":{"self":[{"href":"https:\/\/oudianvalve.com\/pt\/wp-json\/wp\/v2\/product\/18421","targetHints":{"allow":["GET"]}}],"collection":[{"href":"https:\/\/oudianvalve.com\/pt\/wp-json\/wp\/v2\/product"}],"about":[{"href":"https:\/\/oudianvalve.com\/pt\/wp-json\/wp\/v2\/types\/product"}],"wp:featuredmedia":[{"embeddable":true,"href":"https:\/\/oudianvalve.com\/pt\/wp-json\/wp\/v2\/media\/18422"}],"wp:attachment":[{"href":"https:\/\/oudianvalve.com\/pt\/wp-json\/wp\/v2\/media?parent=18421"}],"wp:term":[{"taxonomy":"product_brand","embeddable":true,"href":"https:\/\/oudianvalve.com\/pt\/wp-json\/wp\/v2\/product_brand?post=18421"},{"taxonomy":"product_cat","embeddable":true,"href":"https:\/\/oudianvalve.com\/pt\/wp-json\/wp\/v2\/product_cat?post=18421"},{"taxonomy":"product_tag","embeddable":true,"href":"https:\/\/oudianvalve.com\/pt\/wp-json\/wp\/v2\/product_tag?post=18421"}],"curies":[{"name":"wp","href":"https:\/\/api.w.org\/{rel}","templated":true}]}}