{"id":18417,"date":"2025-06-14T07:05:46","date_gmt":"2025-06-14T07:05:46","guid":{"rendered":"https:\/\/oudianvalve.com\/?post_type=product&#038;p=18417"},"modified":"2025-06-14T07:20:13","modified_gmt":"2025-06-14T07:20:13","slug":"dial-indicator-ball-valve-pn16-dn50-304-rf-end","status":"publish","type":"product","link":"https:\/\/oudianvalve.com\/pt\/products\/ball-valves\/dial-indicator-ball-valve-pn16-dn50-304-rf-end\/","title":{"rendered":"V\u00e1lvula de esfera com indicador de discagem, PN16, DN50, 304, extremidade RF"},"content":{"rendered":"<p>Descri\u00e7\u00e3o da v\u00e1lvula:<br \/>\nTipo de v\u00e1lvula: V\u00e1lvula de esfera flutuante<br \/>\nMaterial do corpo: 304 .<br \/>\nDi\u00e2metro nominal: 2\u2033<br \/>\nClassifica\u00e7\u00e3o de press\u00e3o: PN16<br \/>\nConex\u00e3o final: Flange RF<br \/>\nTemperatura de trabalho: -29\u2103~+200\u2103.<br \/>\nOpera\u00e7\u00e3o: Alavanca.<\/p>\n<p>Nome da v\u00e1lvula: V\u00e1lvula de esfera de a\u00e7o inoxid\u00e1vel com mostrador, v\u00e1lvula de esfera com indicador, v\u00e1lvula de esfera com escala<\/p>\n<p>A v\u00e1lvula de esfera de a\u00e7o inoxid\u00e1vel com mostrador \u00e9 uma v\u00e1lvula de esfera com mostrador e ponteiro. Ao ser ligada e desligada, a abertura pode ser vista rapidamente.<br \/>\nVantagens da v\u00e1lvula de esfera de a\u00e7o inoxid\u00e1vel com mostrador:<br \/>\n1 Assento de v\u00e1lvula avan\u00e7ado: O assento de v\u00e1lvula projetado com muitos anos de experi\u00eancia na fabrica\u00e7\u00e3o de v\u00e1lvulas de esfera garante veda\u00e7\u00e3o de v\u00e1lvula, baixo coeficiente de atrito, pequeno torque operacional, uma variedade de materiais de assento de v\u00e1lvula e uma ampla gama de adaptabilidade.<br \/>\n2. Al\u00e7a para comuta\u00e7\u00e3o correta: A haste da v\u00e1lvula de cabe\u00e7a plana \u00e9 usada e a conex\u00e3o com a al\u00e7a n\u00e3o ser\u00e1 deslocada, de modo a garantir que o estado de comuta\u00e7\u00e3o indicado pela al\u00e7a seja consistente com a v\u00e1lvula de esfera.<br \/>\n3. Dispositivo de travamento: para evitar que a v\u00e1lvula seja ligada e desligada por engano, h\u00e1 orif\u00edcios de travamento nas posi\u00e7\u00f5es totalmente aberta e totalmente fechada da v\u00e1lvula para garantir que ela esteja na posi\u00e7\u00e3o correta.<br \/>\n4. Estrutura anti-voo da haste da v\u00e1lvula: A haste da v\u00e1lvula \u00e9 montada na parte inferior para evitar que voe sob press\u00e3o. Ao mesmo tempo, pode entrar em contato com o corpo da v\u00e1lvula ap\u00f3s um inc\u00eandio para garantir a veda\u00e7\u00e3o da haste da v\u00e1lvula.<br \/>\nV\u00e1lvula de esfera de a\u00e7o inoxid\u00e1vel com mostrador \u00e9 adequada para os seguintes meios: \u00e1gua, g\u00e1s, \u00f3leo, g\u00e1s natural e meios corrosivos \u00e1cido-base.<br \/>\nTemperatura aplic\u00e1vel: -196\uff5e350\u2103<br \/>\nModo de acionamento: manual, pneum\u00e1tico, el\u00e9trico, hidr\u00e1ulico, etc.<br \/>\nDi\u00e2metro nominal: DN 15-250 1\/2\u2033\uff5e10\u2033<br \/>\nModelo de v\u00e1lvula: DKDQ41F-10P\/DKDQ41F-16P\/DKDQ41F-25P\/DKDQ41F-40P\/DKDQ41F-64P<br \/>\nDKDQ41F-10C\/DKDQ41F16C\/ DKDQ41F-25C\/ DKDQ41F-40C\/DKDQ41F-64C<br \/>\nDKDQ41F-150LB\/DKDQ41F-300LB\/DKDQ41F-600LB<br \/>\nDKDQ41F-5K\/DKDQ41F-10K\/DKDQ41F-20K\/DKDQ41F-40K\/DKDQ41F-45K<br \/>\nAtuadores opcionais: manual, engrenagem c\u00f4nica, engrenagem sem-fim, pneum\u00e1tico, el\u00e9trico, hidr\u00e1ulico<br \/>\nProdutos relacionados: v\u00e1lvula de esfera com mostrador | v\u00e1lvula de esfera com indicador | v\u00e1lvula de esfera com escala<br \/>\nConex\u00e3o de v\u00e1lvula: flange \/ soldagem \/ wafer \/ soldagem de topo \/ soldagem de soquete \/ rosca \/ rosca interna \/ rosca \/ rosca<br \/>\nMaterial da v\u00e1lvula: a\u00e7o inoxid\u00e1vel \/ a\u00e7o inoxid\u00e1vel 304 \/ a\u00e7o inoxid\u00e1vel 316 \/ a\u00e7o inoxid\u00e1vel 304L \/ a\u00e7o inoxid\u00e1vel 316L \/ a\u00e7o inoxid\u00e1vel 321 \/ a\u00e7o inoxid\u00e1vel 310S resistente \/ a\u00e7o inoxid\u00e1vel 2520 de alta temperatura \/ a\u00e7o inoxid\u00e1vel 904L \/ a\u00e7o inoxid\u00e1vel 317L \/ a\u00e7o inoxid\u00e1vel C4\/a\u00e7o inoxid\u00e1vel CF8\/a\u00e7o inoxid\u00e1vel CF8M\/a\u00e7o inoxid\u00e1vel CF3\/a\u00e7o inoxid\u00e1vel CF3M\/a\u00e7o inoxid\u00e1vel CF8C\/20#\/25#\/a\u00e7o de baixa temperatura\/a\u00e7o inoxid\u00e1vel austen\u00edtico, a\u00e7o inoxid\u00e1vel duplex 2205, tit\u00e2nio puro, n\u00edquel puro, zirc\u00f4nio puro, a\u00e7o cromo-molibd\u00eanio ZG20CrMo, a\u00e7o cromo-molibd\u00eanio WC6, a\u00e7o fundido, a\u00e7o carbono, a\u00e7o carbono WCB, a\u00e7o carbono de baixa temperatura LCB, liga Hastelloy, liga Monel, a\u00e7o forjado, A105, F11, F304\/F304L\/F316L\/WC6\/ N6, N201, N200, CZ-100, N02200, N02201, UB6,<br \/>\nProdutos relacionados: v\u00e1lvula de esfera de a\u00e7o inoxid\u00e1vel com mostrador, v\u00e1lvula de esfera com indicador, v\u00e1lvula de esfera com escala<\/p>\n<p>&nbsp;<\/p>\n<p>Fabricante de v\u00e1lvula de esfera com indicador de mostrador da China, OUdian SuppliesV\u00e1lvula de esfera com indicador de mostrador, V\u00e1lvula de esfera com indicador de mostrador 304, V\u00e1lvula de esfera com indicador de mostrador flutuante, V\u00e1lvula de esfera com indicador de mostrador de 2 polegadas, V\u00e1lvula de esfera com indicador de mostrador PN16, V\u00e1lvula de esfera 304, V\u00e1lvula de esfera com indicador de mostrador final RF.<\/p>","protected":false},"excerpt":{"rendered":"<p>1. Projeto e fabrica\u00e7\u00e3o: DIN 3357<br \/>\n2. Face a face: DIN 3202<br \/>\n3. Extremidade do flange: DIN2501<br \/>\n4. Tamanho nominal: DN15 \u2013 DN200<br \/>\n5. Press\u00e3o n\u00e3o animal: PN16, PN25;<br \/>\n6. Materiais do corpo: WCB, LCB, CF8, CF8M, CF3, CF3M etc.<br \/>\n7. Acabamento: 13CR, 304SS, 316SS, a\u00e7o inoxid\u00e1vel duplex;<br \/>\n8. Tipo de furo: furo completo<br \/>\n9. Atuador: Alavanca, Engrenagem sem-fim;<\/p>\n<p><strong>V\u00c1LVULA DE ESFERA FLUTUANTE DIN PARA PN16, PN25<\/strong><\/p>\n<p>Conex\u00f5es finais: RF flangeado, RTJ, solda de topo<br \/>\nTipo de bola: Bola s\u00f3lida forjada<br \/>\nMateriais do assento: PTFE, RPTFE, DEVLON, NYLON, PEEK, assento met\u00e1lico com TCC\/STL\/Ni.<\/p>","protected":false},"featured_media":18420,"template":"","meta":{"advanced_seo_description":"","jetpack_seo_html_title":"","jetpack_seo_noindex":false},"product_brand":[],"product_cat":[83],"product_tag":[487,489,485,481,482,483,486,484,488,490,480],"class_list":{"0":"post-18417","1":"product","2":"type-product","3":"status-publish","4":"has-post-thumbnail","6":"product_cat-ball-valves","7":"product_tag-2-inch-dial-indicator-ball-valve","8":"product_tag-304-ball-valve","9":"product_tag-304-dial-indicator-ball-valve","10":"product_tag-ball-valve-with-indicator","11":"product_tag-ball-valve-with-scale","12":"product_tag-china-dial-indicator-ball-valve-manufacturer","13":"product_tag-floating-dial-indicator-ball-valve","14":"product_tag-oudian-suppliesdial-indicator-ball-valve","15":"product_tag-pn16-dial-indicator-ball-valve","16":"product_tag-rf-end-dial-indicator-ball-valve","17":"product_tag-stainless-steel-ball-valve-with-dial","19":"first","20":"instock","21":"shipping-taxable","22":"product-type-simple"},"jetpack_sharing_enabled":true,"_links":{"self":[{"href":"https:\/\/oudianvalve.com\/pt\/wp-json\/wp\/v2\/product\/18417","targetHints":{"allow":["GET"]}}],"collection":[{"href":"https:\/\/oudianvalve.com\/pt\/wp-json\/wp\/v2\/product"}],"about":[{"href":"https:\/\/oudianvalve.com\/pt\/wp-json\/wp\/v2\/types\/product"}],"wp:featuredmedia":[{"embeddable":true,"href":"https:\/\/oudianvalve.com\/pt\/wp-json\/wp\/v2\/media\/18420"}],"wp:attachment":[{"href":"https:\/\/oudianvalve.com\/pt\/wp-json\/wp\/v2\/media?parent=18417"}],"wp:term":[{"taxonomy":"product_brand","embeddable":true,"href":"https:\/\/oudianvalve.com\/pt\/wp-json\/wp\/v2\/product_brand?post=18417"},{"taxonomy":"product_cat","embeddable":true,"href":"https:\/\/oudianvalve.com\/pt\/wp-json\/wp\/v2\/product_cat?post=18417"},{"taxonomy":"product_tag","embeddable":true,"href":"https:\/\/oudianvalve.com\/pt\/wp-json\/wp\/v2\/product_tag?post=18417"}],"curies":[{"name":"wp","href":"https:\/\/api.w.org\/{rel}","templated":true}]}}