{"id":18415,"date":"2025-06-14T06:54:32","date_gmt":"2025-06-14T06:54:32","guid":{"rendered":"https:\/\/oudianvalve.com\/?post_type=product&#038;p=18415"},"modified":"2025-06-14T07:00:12","modified_gmt":"2025-06-14T07:00:12","slug":"316ti-ball-valve-pn16-dn50-rf-end","status":"publish","type":"product","link":"https:\/\/oudianvalve.com\/pt\/products\/ball-valves\/316ti-ball-valve-pn16-dn50-rf-end\/","title":{"rendered":"V\u00e1lvula de esfera 316TI, PN16, DN50, extremidade RF"},"content":{"rendered":"<p>Descri\u00e7\u00e3o da v\u00e1lvula:<br \/>\nTipo de v\u00e1lvula: V\u00e1lvula de esfera flutuante<br \/>\nBody Material: 316TI .<br \/>\nDi\u00e2metro nominal: 2\u2033<br \/>\nClassifica\u00e7\u00e3o de press\u00e3o: PN16<br \/>\nConex\u00e3o final: Flange RF<br \/>\nTemperatura de trabalho: -29\u2103~+200\u2103.<br \/>\nOpera\u00e7\u00e3o: Alavanca.<\/p>\n<p>Stainless steel 316TI ball valves are a specific type of valve that uses a spherical ball with a hole in the middle to control the flow of liquids or gases through a pipe. These ball valves are made from stainless steel grade 316TI, a high-performance alloy that is an enhanced version of the standard 316 stainless steel. The inclusion of titanium (denoted by the \u201cTI\u201d) in the composition provides superior resistance to high-temperature environments, corrosion, and wear. 316TI stainless steel ball valves are used extensively in high-pressure, high-temperature, and corrosive environments due to their durability and resistance properties. The combination of titanium with the existing properties of 316 stainless steel makes these valves ideal for applications in aggressive chemical processes, marine environments, and industries where hygiene is paramount.<\/p>\n<p>&nbsp;<\/p>\n<p>China 316TI Ball Valve Manufacturer ,OUdian Supplies 316TI Ball Valve, 316TI Ball Valve,\u00a0 Floating 316TI Ball Valve, 2 Inch 316TI Ball Valve, PN16 316TI Ball Valve,\u00a0 Floating 316TI Ball Valve,RF End 316TI Ball Valve.<\/p>","protected":false},"excerpt":{"rendered":"<p>1. Projeto e fabrica\u00e7\u00e3o: DIN 3357<br \/>\n2. Face a face: DIN 3202<br \/>\n3. Extremidade do flange: DIN2501<br \/>\n4. Tamanho nominal: DN15 \u2013 DN200<br \/>\n5. Press\u00e3o n\u00e3o animal: PN16, PN25;<br \/>\n6. Materiais do corpo: WCB, LCB, CF8, CF8M, CF3, CF3M etc.<br \/>\n7. Acabamento: 13CR, 304SS, 316SS, a\u00e7o inoxid\u00e1vel duplex;<br \/>\n8. Tipo de furo: furo completo<br \/>\n9. Atuador: Alavanca, Engrenagem sem-fim;<\/p>\n<p><strong>V\u00c1LVULA DE ESFERA FLUTUANTE DIN PARA PN16, PN25<\/strong><\/p>\n<p>Conex\u00f5es finais: RF flangeado, RTJ, solda de topo<br \/>\nTipo de bola: Bola s\u00f3lida forjada<br \/>\nMateriais do assento: PTFE, RPTFE, DEVLON, NYLON, PEEK, assento met\u00e1lico com TCC\/STL\/Ni.<\/p>","protected":false},"featured_media":18416,"template":"","meta":{"advanced_seo_description":"","jetpack_seo_html_title":"","jetpack_seo_noindex":false},"product_brand":[],"product_cat":[83],"product_tag":[469,467,465,468,466,470,471],"class_list":{"0":"post-18415","1":"product","2":"type-product","3":"status-publish","4":"has-post-thumbnail","6":"product_cat-ball-valves","7":"product_tag-2-inch-316ti-ball-valve","8":"product_tag-316ti-ball-valve","9":"product_tag-china-316ti-ball-valve-manufacturer","10":"product_tag-floating-316ti-ball-valve","11":"product_tag-oudian-supplies-316ti-ball-valve","12":"product_tag-pn16-316ti-ball-valve","13":"product_tag-rf-end-316ti-ball-valve","15":"first","16":"instock","17":"shipping-taxable","18":"product-type-simple"},"jetpack_sharing_enabled":true,"_links":{"self":[{"href":"https:\/\/oudianvalve.com\/pt\/wp-json\/wp\/v2\/product\/18415","targetHints":{"allow":["GET"]}}],"collection":[{"href":"https:\/\/oudianvalve.com\/pt\/wp-json\/wp\/v2\/product"}],"about":[{"href":"https:\/\/oudianvalve.com\/pt\/wp-json\/wp\/v2\/types\/product"}],"wp:featuredmedia":[{"embeddable":true,"href":"https:\/\/oudianvalve.com\/pt\/wp-json\/wp\/v2\/media\/18416"}],"wp:attachment":[{"href":"https:\/\/oudianvalve.com\/pt\/wp-json\/wp\/v2\/media?parent=18415"}],"wp:term":[{"taxonomy":"product_brand","embeddable":true,"href":"https:\/\/oudianvalve.com\/pt\/wp-json\/wp\/v2\/product_brand?post=18415"},{"taxonomy":"product_cat","embeddable":true,"href":"https:\/\/oudianvalve.com\/pt\/wp-json\/wp\/v2\/product_cat?post=18415"},{"taxonomy":"product_tag","embeddable":true,"href":"https:\/\/oudianvalve.com\/pt\/wp-json\/wp\/v2\/product_tag?post=18415"}],"curies":[{"name":"wp","href":"https:\/\/api.w.org\/{rel}","templated":true}]}}