{"id":18410,"date":"2025-06-14T06:30:28","date_gmt":"2025-06-14T06:30:28","guid":{"rendered":"https:\/\/oudianvalve.com\/?post_type=product&#038;p=18410"},"modified":"2025-06-14T06:34:35","modified_gmt":"2025-06-14T06:34:35","slug":"wafer-pattern-ball-valves-pn16-dn125-wcb","status":"publish","type":"product","link":"https:\/\/oudianvalve.com\/pt\/products\/ball-valves\/wafer-pattern-ball-valves-pn16-dn125-wcb\/","title":{"rendered":"V\u00e1lvulas de esfera padr\u00e3o wafer, PN16, DN125, WCB"},"content":{"rendered":"<p>Descri\u00e7\u00e3o da v\u00e1lvula:<br \/>\nTipo de v\u00e1lvula: V\u00e1lvula de esfera flutuante<br \/>\nMaterial do corpo: ASTM 216 WCB<br \/>\nDi\u00e2metro nominal: 5\u2033<br \/>\nClassifica\u00e7\u00e3o de press\u00e3o: PN16<br \/>\nConex\u00e3o final: wafer<br \/>\nTemperatura de trabalho: -29\u2103~+200\u2103.<br \/>\nOpera\u00e7\u00e3o: Alavanca.<\/p>\n<p>&nbsp;<\/p>\n<p>Uma v\u00e1lvula de esfera tipo wafer \u00e9 uma v\u00e1lvula que controla o fluxo de fluido girando o n\u00facleo da v\u00e1lvula. Seu corpo \u00e9 projetado em estilo wafer, o que significa que a v\u00e1lvula \u00e9 fixada entre dois segmentos de tubula\u00e7\u00e3o com parafusos, eliminando a necessidade de espa\u00e7o adicional exigido pelas conex\u00f5es de flange tradicionais. As v\u00e1lvulas de esfera tipo wafer s\u00e3o normalmente utilizadas em aplica\u00e7\u00f5es que envolvem fechamento, distribui\u00e7\u00e3o e altera\u00e7\u00e3o da dire\u00e7\u00e3o do fluxo.<\/p>\n<p><strong>Caracter\u00edsticas estruturais<\/strong><\/p>\n<p>1. Design compacto:<\/p>\n<p>A v\u00e1lvula de esfera tipo wafer apresenta um design estilo wafer, tornando sua estrutura compacta e exigindo espa\u00e7o m\u00ednimo de instala\u00e7\u00e3o, ideal para sistemas de tubula\u00e7\u00e3o com espa\u00e7o limitado.<\/p>\n<p>2. Leve:<\/p>\n<p>Devido \u00e0 elimina\u00e7\u00e3o de flanges e conex\u00f5es de parafusos, a v\u00e1lvula de esfera tipo wafer \u00e9 relativamente leve, ajudando a reduzir a carga no sistema de tubula\u00e7\u00e3o.<\/p>\n<p>3. F\u00e1cil instala\u00e7\u00e3o e manuten\u00e7\u00e3o:<\/p>\n<p>A instala\u00e7\u00e3o e a remo\u00e7\u00e3o das v\u00e1lvulas de esfera tipo wafer s\u00e3o muito pr\u00e1ticas; basta encaixar a v\u00e1lvula entre as tubula\u00e7\u00f5es e fix\u00e1-la com parafusos. Este design simplifica bastante o processo de instala\u00e7\u00e3o e manuten\u00e7\u00e3o da v\u00e1lvula.<\/p>\n<p>4. Bom desempenho de veda\u00e7\u00e3o:<\/p>\n<p>As v\u00e1lvulas de esfera tipo wafer normalmente usam estruturas de veda\u00e7\u00e3o macias ou r\u00edgidas, garantindo excelente desempenho de veda\u00e7\u00e3o e prevenindo eficazmente o vazamento de fluidos.<\/p>\n<p><strong>Princ\u00edpio de funcionamento<\/strong><\/p>\n<p>O princ\u00edpio de funcionamento da v\u00e1lvula de esfera tipo wafer \u00e9 relativamente simples, envolvendo principalmente a rota\u00e7\u00e3o do n\u00facleo da v\u00e1lvula (esfera) para controlar o fluxo do fluido. O processo espec\u00edfico \u00e9 o seguinte:<\/p>\n<p>1. Abertura da v\u00e1lvula: Quando a alavanca ou o atuador \u00e9 girado, o n\u00facleo da v\u00e1lvula (esfera) gira 90 graus, alinhando a passagem da v\u00e1lvula com a passagem da tubula\u00e7\u00e3o, permitindo que o fluido passe livremente.<\/p>\n<p>2. Fechamento da v\u00e1lvula: Ao girar a manopla ou o atuador na dire\u00e7\u00e3o oposta, o n\u00facleo da v\u00e1lvula (esfera) gira mais 90 graus, tornando a passagem da v\u00e1lvula perpendicular \u00e0 passagem da tubula\u00e7\u00e3o, bloqueando o fluxo do fluido e alcan\u00e7ando a fun\u00e7\u00e3o de fechamento.<\/p>\n<p><strong>Vantagem<\/strong><\/p>\n<p>1. Economia de espa\u00e7o: o design compacto das v\u00e1lvulas de esfera tipo wafer ocupa menos espa\u00e7o, tornando-as particularmente adequadas para instala\u00e7\u00f5es com espa\u00e7o limitado.<\/p>\n<p>2. Leve: Em compara\u00e7\u00e3o com as v\u00e1lvulas de esfera flangeadas tradicionais, as v\u00e1lvulas de esfera wafer s\u00e3o mais leves, o que as torna mais f\u00e1ceis de transportar e instalar.<\/p>\n<p>3. F\u00e1cil instala\u00e7\u00e3o: O processo de instala\u00e7\u00e3o das v\u00e1lvulas de esfera tipo wafer \u00e9 simples e r\u00e1pido. Elas s\u00f3 precisam ser fixadas entre os tubos e com parafusos, eliminando as etapas complexas das conex\u00f5es de flange.<\/p>\n<p>4. Excelente desempenho de veda\u00e7\u00e3o: as v\u00e1lvulas de esfera tipo wafer usam materiais de veda\u00e7\u00e3o de alta qualidade, proporcionando desempenho de veda\u00e7\u00e3o superior adequado para aplica\u00e7\u00f5es que exigem altos padr\u00f5es de veda\u00e7\u00e3o.<\/p>\n<p>5. Aplica\u00e7\u00f5es vers\u00e1teis: As v\u00e1lvulas de esfera tipo wafer s\u00e3o adequadas para v\u00e1rios sistemas de tubula\u00e7\u00e3o industrial, como tratamento de \u00e1gua, ind\u00fastrias qu\u00edmica, de petr\u00f3leo e g\u00e1s, farmac\u00eautica e aliment\u00edcia.<\/p>\n<p><strong>Aplicativo<\/strong><\/p>\n<p>1. Sistemas de tratamento de \u00e1gua: usados para controlar o fluxo e a press\u00e3o da \u00e1gua em sistemas de tratamento de \u00e1gua municipais e industriais, garantindo a opera\u00e7\u00e3o eficiente do processo de tratamento de \u00e1gua.<\/p>\n<p>2. Dutos qu\u00edmicos: utilizados na produ\u00e7\u00e3o qu\u00edmica para transportar e controlar diversos meios qu\u00edmicos, garantindo seguran\u00e7a e estabilidade no processo de produ\u00e7\u00e3o.<\/p>\n<p>3. Petr\u00f3leo e g\u00e1s: Empregado em oleodutos e gasodutos para interromper e distribuir o fluxo de fluidos, garantindo a opera\u00e7\u00e3o normal do sistema de oleodutos.<\/p>\n<p>4. Ind\u00fastrias farmac\u00eautica e aliment\u00edcia: Aplicadas na produ\u00e7\u00e3o farmac\u00eautica e aliment\u00edcia para transportar e controlar meios puros, atendendo a altos requisitos de limpeza e higiene.<\/p>\n<p>&nbsp;<\/p>\n<p>Fabrica\u00e7\u00e3o de v\u00e1lvulas de esfera com padr\u00e3o wafer, v\u00e1lvulas de esfera com padr\u00e3o wafer PN16, v\u00e1lvulas de esfera com padr\u00e3o wafer DN125, v\u00e1lvulas de esfera com padr\u00e3o wafer WCB<\/p>","protected":false},"excerpt":{"rendered":"<p><strong>Material<\/strong>: A\u00e7o carbono, a\u00e7o inoxid\u00e1vel<br \/>\n<strong>Conector<\/strong>: Conex\u00e3o de flange, flanges conforme SAE, DIN, ANSI, ISO<\/p>\n<p><strong>Descri\u00e7\u00e3o:<\/strong><\/p>\n<ul>\n<li><strong>Dimens\u00f5es<\/strong>: DN15 a DN200<\/li>\n<li><strong>Corpo<\/strong>: FSt-PI, a\u00e7o de corte livre, S355J2G3, esfera + haste: a\u00e7o de corte livre, a\u00e7o inoxid\u00e1vel (1.4571\/316Ti)<br \/>\nveda\u00e7\u00e3o: pl\u00e1sticos<\/li>\n<li><strong>Faixa de press\u00e3o<\/strong>: at\u00e9 PN32\u00d8 (observe a tabela de dimens\u00f5es)<\/li>\n<li><strong>Campo de aplica\u00e7\u00e3o<\/strong>: Tecnologia de extra\u00e7\u00e3o, plantas de processo, engenharia de g\u00e1s, sistemas de extin\u00e7\u00e3o de inc\u00eandio (revestimentos de veda\u00e7\u00f5es e materiais de corpo adaptados \u00e0 aplica\u00e7\u00e3o!)<\/li>\n<li><strong>Faixa de temperatura<\/strong>: padr\u00e3o: -20\u00b0C a +60\u00b0C (-4 a +140\u00b0F)<\/li>\n<li><strong>Superf\u00edcie<\/strong>: sem revestimento, acabamento em \u00f3xido preto, livre de cromo VI<\/li>\n<\/ul>","protected":false},"featured_media":18411,"template":"","meta":{"advanced_seo_description":"","jetpack_seo_html_title":"","jetpack_seo_noindex":false},"product_brand":[],"product_cat":[83],"product_tag":[456,455,454,457],"class_list":{"0":"post-18410","1":"product","2":"type-product","3":"status-publish","4":"has-post-thumbnail","6":"product_cat-ball-valves","7":"product_tag-dn125-wafer-pattern-ball-valves","8":"product_tag-pn16-wafer-pattern-ball-valves","9":"product_tag-wafer-pattern-ball-valves-manufacture","10":"product_tag-wcb-wafer-pattern-ball-valves","12":"first","13":"instock","14":"shipping-taxable","15":"product-type-simple"},"jetpack_sharing_enabled":true,"_links":{"self":[{"href":"https:\/\/oudianvalve.com\/pt\/wp-json\/wp\/v2\/product\/18410","targetHints":{"allow":["GET"]}}],"collection":[{"href":"https:\/\/oudianvalve.com\/pt\/wp-json\/wp\/v2\/product"}],"about":[{"href":"https:\/\/oudianvalve.com\/pt\/wp-json\/wp\/v2\/types\/product"}],"wp:featuredmedia":[{"embeddable":true,"href":"https:\/\/oudianvalve.com\/pt\/wp-json\/wp\/v2\/media\/18411"}],"wp:attachment":[{"href":"https:\/\/oudianvalve.com\/pt\/wp-json\/wp\/v2\/media?parent=18410"}],"wp:term":[{"taxonomy":"product_brand","embeddable":true,"href":"https:\/\/oudianvalve.com\/pt\/wp-json\/wp\/v2\/product_brand?post=18410"},{"taxonomy":"product_cat","embeddable":true,"href":"https:\/\/oudianvalve.com\/pt\/wp-json\/wp\/v2\/product_cat?post=18410"},{"taxonomy":"product_tag","embeddable":true,"href":"https:\/\/oudianvalve.com\/pt\/wp-json\/wp\/v2\/product_tag?post=18410"}],"curies":[{"name":"wp","href":"https:\/\/api.w.org\/{rel}","templated":true}]}}