{"id":18406,"date":"2025-06-14T06:07:48","date_gmt":"2025-06-14T06:07:48","guid":{"rendered":"https:\/\/oudianvalve.com\/?post_type=product&#038;p=18406"},"modified":"2025-06-14T06:10:30","modified_gmt":"2025-06-14T06:10:30","slug":"api599-lubricated-plug-valve-hc276-body-150lb-dn25-rf-end","status":"publish","type":"product","link":"https:\/\/oudianvalve.com\/pt\/products\/plug-valves\/api599-lubricated-plug-valve-hc276-body-150lb-dn25-rf-end\/","title":{"rendered":"V\u00e1lvula macho lubrificada API599, corpo HC276, 150LB, DN25, extremidade RF"},"content":{"rendered":"<p>V\u00e1lvula macho n\u00e3o lubrificada APIacc. para API599 StandardI \u00e9 aplic\u00e1vel ao corte e conex\u00e3o de dutos m\u00e9dios que s\u00e3o usados em diversas ind\u00fastrias, como petr\u00f3leo, ind\u00fastria qu\u00edmica, farm\u00e1cia, fertilizantes qu\u00edmicos, ind\u00fastria de energia, etc., sob press\u00e3o nominal de 150LB ~ 2500LB e temperatura de trabalho de-29-180 \u00b0C.<\/p>\n<p>Padr\u00e3o de projeto: API 599 API 6D<\/p>\n<p>Cara a cara: ASME B16.5<\/p>\n<p>Inspe\u00e7\u00e3o de teste: API598<\/p>\n<p>Escopo do produto:<\/p>\n<p>Padr\u00e3o de projeto: API 599 API6D<\/p>\n<p>Escopo do produto:<\/p>\n<p>1. Escopo de press\u00e3o: CLASSE 150Lb ~ 2500Lb<br \/>\n2. Di\u00e2metro nominal: NPS 1\/2-40\u2033<\/p>\n<p>3.Material do corpo:A105\uff64LF2\uff64F304\uff64F316\uff64F304L\uff64F316L\uff64F51,WCB\uff64LCB\uff64WCC\uff64CF8\uff64CF8M\uff64CF3\uff64CF3M\uff64A890 4A etc.<\/p>\n<p>4. Conex\u00e3o final: RF RTJ BW<br \/>\n5. Dispositivo de acionamento: Alavanca, caixa de engrenagens, dispositivo el\u00e9trico, pneum\u00e1tico, hidr\u00e1ulico, etc.<\/p>","protected":false},"excerpt":{"rendered":"<p>V\u00e1lvula de macho lubrificada API599 Fabricante: Oudian Oferta V\u00e1lvula de macho lubrificada API599, V\u00e1lvula de macho com corpo HC276, V\u00e1lvula de macho HC276 de 150 lb, V\u00e1lvula de macho HC276 DN25, V\u00e1lvula de macho RF HC276<\/p>","protected":false},"featured_media":18407,"template":"","meta":{"advanced_seo_description":"","jetpack_seo_html_title":"","jetpack_seo_noindex":false},"product_brand":[],"product_cat":[156],"product_tag":[447,445,448,446,449],"class_list":{"0":"post-18406","1":"product","2":"type-product","3":"status-publish","4":"has-post-thumbnail","6":"product_cat-plug-valves","7":"product_tag-150lb-hc276-plug-valve","8":"product_tag-api599-lubricated-plug-valve-manufacturer-oudian-offer-api599-lubricated-plug-valve","9":"product_tag-dn25-hc276-plug-valve","10":"product_tag-hc276-body-plug-valve","11":"product_tag-rf-end-hc276-plug-valve","13":"first","14":"instock","15":"shipping-taxable","16":"product-type-simple"},"jetpack_sharing_enabled":true,"_links":{"self":[{"href":"https:\/\/oudianvalve.com\/pt\/wp-json\/wp\/v2\/product\/18406","targetHints":{"allow":["GET"]}}],"collection":[{"href":"https:\/\/oudianvalve.com\/pt\/wp-json\/wp\/v2\/product"}],"about":[{"href":"https:\/\/oudianvalve.com\/pt\/wp-json\/wp\/v2\/types\/product"}],"wp:featuredmedia":[{"embeddable":true,"href":"https:\/\/oudianvalve.com\/pt\/wp-json\/wp\/v2\/media\/18407"}],"wp:attachment":[{"href":"https:\/\/oudianvalve.com\/pt\/wp-json\/wp\/v2\/media?parent=18406"}],"wp:term":[{"taxonomy":"product_brand","embeddable":true,"href":"https:\/\/oudianvalve.com\/pt\/wp-json\/wp\/v2\/product_brand?post=18406"},{"taxonomy":"product_cat","embeddable":true,"href":"https:\/\/oudianvalve.com\/pt\/wp-json\/wp\/v2\/product_cat?post=18406"},{"taxonomy":"product_tag","embeddable":true,"href":"https:\/\/oudianvalve.com\/pt\/wp-json\/wp\/v2\/product_tag?post=18406"}],"curies":[{"name":"wp","href":"https:\/\/api.w.org\/{rel}","templated":true}]}}