{"id":18403,"date":"2025-06-14T05:55:39","date_gmt":"2025-06-14T05:55:39","guid":{"rendered":"https:\/\/oudianvalve.com\/?post_type=product&#038;p=18403"},"modified":"2025-06-14T06:20:51","modified_gmt":"2025-06-14T06:20:51","slug":"astm-a494-cw12mw-ball-valve-pn16-dn50-rf-end","status":"publish","type":"product","link":"https:\/\/oudianvalve.com\/pt\/products\/ball-valves\/astm-a494-cw12mw-ball-valve-pn16-dn50-rf-end\/","title":{"rendered":"V\u00e1lvula de esfera ASTM A494 CW12MW, PN16, DN50, extremidade RF"},"content":{"rendered":"<p>Descri\u00e7\u00e3o da v\u00e1lvula:<br \/>\nTipo de v\u00e1lvula: V\u00e1lvula de esfera flutuante<br \/>\nMaterial do corpo: ASTM A494 CW12MW.<br \/>\nDi\u00e2metro nominal: 2\u2033<br \/>\nClassifica\u00e7\u00e3o de press\u00e3o: PN16<br \/>\nConex\u00e3o final: Flange RF<br \/>\nTemperatura de trabalho: -29\u2103~+200\u2103.<br \/>\nOpera\u00e7\u00e3o: Alavanca.<\/p>\n<p><a href=\"https:\/\/www.stvvalves.com\/products\/a494-cw12mw-swing-check-valve-300lb-8-inch-flange-end\/\">CW12MW Hastelloy<\/a>\u00a0A v\u00e1lvula de esfera \u00e9 uma classe Hastelloy, usada principalmente para v\u00e1lvulas resistentes \u00e0 corros\u00e3o, como Hastelloy B (Hastelloy B) e Hastelloy C (Hastelloy C). As classes de liga fundida de Hastelloy B (Hastelloy B) s\u00e3o N-12MV (N-12M-1) e N-7M na norma ASTM A494 (alguns materiais a chamam de N-12M-2, tamb\u00e9m conhecida como liga Chlorimet 2). Sua classe de material rolante \u00e9 UNS N10665 na norma ASTM B335. Hastelloy B \u00e9 resistente a v\u00e1rias concentra\u00e7\u00f5es de \u00e1cido clor\u00eddrico, bem como a sais e \u00e1cidos n\u00e3o oxidantes. A v\u00e1lvula resistente \u00e0 corros\u00e3o de Hastelloy B \u00e9 adequada para resist\u00eancia \u00e0 corros\u00e3o e resist\u00eancia \u00e0 corros\u00e3o intergranular.<\/p>\n<p>Utilizar Hastelloy B (N-7M) de baixo carbono. O c\u00f3digo de material de Hastelloy n\u00e3o \u00e9 estipulado na ind\u00fastria de v\u00e1lvulas. O c\u00f3digo de material da v\u00e1lvula Hastelloy B pode ser representado diretamente pelo seu grau de liga fundida. A temperatura de trabalho adequada para Hastelloy B \u00e9 de -29\u00b0C a 425\u00b0C. Os graus de liga de fundi\u00e7\u00e3o de Hastelloy C (Hastelloy C) s\u00e3o CW-12MW (alguns materiais o chamam de CW-12M-1) e CW-7M (CW-12M-2, tamb\u00e9m chamada de liga Chlorimet3) e liga HastelloyC-276, seus graus de liga de fundi\u00e7\u00e3o s\u00e3o CW-6MC e liga HastelloyC-4, e seu grau de liga de fundi\u00e7\u00e3o \u00e9 CW-2M. Hastelloy CW-7M, CW-12MW, CW-6MC e CW-2M fundidos, com as classes de material de lamina\u00e7\u00e3o correspondentes a UNS N10001, UNS N10003, UNSN10276 e UNS N06455, respectivamente. O Hastelloy C \u00e9 resistente a solventes oxidantes e a baixas concentra\u00e7\u00f5es de \u00e1cido clor\u00eddrico e \u00e1cido n\u00edtrico \u00e0 temperatura ambiente. A primeira gera\u00e7\u00e3o do Hastelloy C (0Cr16Ni60Mo16W4) \u00e9 caracterizada por excelente resist\u00eancia \u00e0 corros\u00e3o em meios \u00e1cidos oxidantes e redutores fortemente corrosivos, mas devido \u00e0 sua estrutura austen\u00edtica, a liga com alto teor de n\u00edquel \u00e9 resistente \u00e0 corros\u00e3o, pois o Ni reduz o C na austenita, a solubilidade do s\u00f3lido no corpo, etc. Portanto, tanto o HastelloyB \u00e0 base de Ni-Mo quanto o HastelloyC \u00e0 base de Ni-Mo-Cr apresentam s\u00e9rias tend\u00eancias ou suscetibilidade \u00e0 corros\u00e3o intergranular, o que tamb\u00e9m pode levar \u00e0 corros\u00e3o sob tens\u00e3o e corros\u00e3o por frestas em altas temperaturas. Para superar a corros\u00e3o intergranular, foram introduzidos o Hastelloy C-276 de segunda gera\u00e7\u00e3o (C foi reduzido de 0,12% para 6%) e o Hastelloy C-HastelloyC-4 de terceira gera\u00e7\u00e3o, que s\u00e3o caracterizados por baixo Si (Si\u22640,108%) e ultramicro C (C\u22640,1015%), e o conte\u00fado de Fe e W \u00e9 reduzido, e o elemento de liga estabilizado Ti \u00e9 adicionado.<\/p>\n<p>Para a v\u00e1lvula resistente \u00e0 corros\u00e3o de<a href=\"https:\/\/stvvalve.com\/\" target=\"_blank\" rel=\"noopener\">\u00a0V\u00e1lvula de esfera Hastelloy CW12MW<\/a>Considerando a resist\u00eancia \u00e0 corros\u00e3o e a resist\u00eancia \u00e0 corros\u00e3o intergranular, Hastelloy C-276 (CW-6MC) e Hastelloy C-4 (CW-2M) devem ser selecionados. A v\u00e1lvula Hastelloy C possui diversos c\u00f3digos de materiais, e o desempenho e a temperatura de trabalho s\u00e3o muito diferentes, portanto, CW-12MW, CW-7M, CW-6MC e CW2M.<br \/>\nRepresentados, respectivamente, por HC-12, HC-7, HC-276 e HC-4, ou representados diretamente por seus graus de liga fundida. A temperatura de trabalho adequada para as ligas Hastelloy CW-7M e UNSN10001 \u00e9 de -29 ~ 425 \u2103.<br \/>\nV\u00e1lvula de esfera Hastelloy CW12MW A temperatura de trabalho adequada para Hastelloy CW-12MW e liga UNSN10003 \u00e9 de -29 a 700 \u2103, a temperatura de trabalho adequada para Hastelloy CW-6MC e liga UNSN10276 \u00e9 de -29 a 676 \u2103, Hastelloy CW- A temperatura de trabalho adequada para 2M e liga UNSN06455 \u00e9 de -29 a 425 \u2103.<br \/>\nEspecifica\u00e7\u00f5es do produto da v\u00e1lvula de esfera Hastelloy CW12MW:<\/p>\n<ul class=\"list-paddingleft-2\">\n<li><strong>Norma aplic\u00e1vel<\/strong><\/li>\n<\/ul>\n<p>Padr\u00e3o de projeto: API 6D, ASME B16.34<br \/>\nCara a Cara: ASME B16.10, API 6D, EN 558, DIN 3202<br \/>\nFlange final: ASME B16.5, ASME B16.47, DIN2501, DIN2533<br \/>\nSoldagem de topo Extremidades: ASME B16.25, DIN3239<br \/>\nInspe\u00e7\u00e3o e Teste: API 598, DIN3230<\/p>\n<ul class=\"list-paddingleft-2\">\n<li><strong>Gama de produtos<\/strong><br \/>\nTamanho: 2\u2033 ~ 18\u2033 (DN50 ~ DN450)<br \/>\nClassifica\u00e7\u00e3o: ANSI 150 lb ~ 300 lb<br \/>\nMateriais do corpo: Hastelloy C276 (A494 CW12MW)<br \/>\nAcabamento: Hastelloy C276 (A494 CW12MW)<\/li>\n<\/ul>\n<p>&nbsp;<\/p>\n<p>V\u00e1lvula de esfera ASTM A494 CW12MW, V\u00e1lvula de esfera PN16 ASTM A494 CW12MW, V\u00e1lvula de esfera DN50 ASTM A494 CW12MW, V\u00e1lvula de esfera RF ASTM A494 CW12MW<\/p>","protected":false},"excerpt":{"rendered":"<p>Padr\u00e3o de projeto: API 6D\/API 608<br \/>\nSeguran\u00e7a contra inc\u00eandio: API 607\/6FA<br \/>\nClassifica\u00e7\u00f5es de temperatura de press\u00e3o: ASME B16.34<br \/>\nFaixa de tamanho: 2\u201d a 48\u201d \uff08DN50-DN1200\uff09<br \/>\nPorta: passagem total ou passagem reduzida<br \/>\nFaixa de press\u00e3o: 150LB a 2500LB<br \/>\nConex\u00f5es finais: RF flangeado, RTJ, solda de topo<br \/>\nTipo de bola: Bola s\u00f3lida forjada<br \/>\nDimens\u00f5es da extremidade flangeada: ASME B16.5 (24\u201d e abaixo), ASME B16.47 S\u00e9rie A ou B (acima de 24\u201d)<br \/>\nDimens\u00f5es da extremidade da solda de topo: ASME B16.25<br \/>\nDimens\u00f5es face a face: ASME B16.10<br \/>\nInspe\u00e7\u00e3o e Teste: API 6D<br \/>\nMateriais do corpo: M30-C, M35-1, Monel 400, Monel K500, Monel 600<br \/>\nMateriais do assento: PTFE, RPTFE, DEVLON, NYLON, PEEK, assento met\u00e1lico com TCC\/STL\/Ni.<\/p>","protected":false},"featured_media":18409,"template":"","meta":{"advanced_seo_description":"","jetpack_seo_html_title":"","jetpack_seo_noindex":false},"product_brand":[],"product_cat":[83],"product_tag":[450,452,451,453],"class_list":{"0":"post-18403","1":"product","2":"type-product","3":"status-publish","4":"has-post-thumbnail","6":"product_cat-ball-valves","7":"product_tag-astm-a494-cw12mw-ball-valve","8":"product_tag-dn50-astm-a494-cw12mw-ball-valve","9":"product_tag-pn16-astm-a494-cw12mw-ball-valve","10":"product_tag-rf-end-astm-a494-cw12mw-ball-valve","12":"first","13":"instock","14":"shipping-taxable","15":"product-type-simple"},"jetpack_sharing_enabled":true,"_links":{"self":[{"href":"https:\/\/oudianvalve.com\/pt\/wp-json\/wp\/v2\/product\/18403","targetHints":{"allow":["GET"]}}],"collection":[{"href":"https:\/\/oudianvalve.com\/pt\/wp-json\/wp\/v2\/product"}],"about":[{"href":"https:\/\/oudianvalve.com\/pt\/wp-json\/wp\/v2\/types\/product"}],"wp:featuredmedia":[{"embeddable":true,"href":"https:\/\/oudianvalve.com\/pt\/wp-json\/wp\/v2\/media\/18409"}],"wp:attachment":[{"href":"https:\/\/oudianvalve.com\/pt\/wp-json\/wp\/v2\/media?parent=18403"}],"wp:term":[{"taxonomy":"product_brand","embeddable":true,"href":"https:\/\/oudianvalve.com\/pt\/wp-json\/wp\/v2\/product_brand?post=18403"},{"taxonomy":"product_cat","embeddable":true,"href":"https:\/\/oudianvalve.com\/pt\/wp-json\/wp\/v2\/product_cat?post=18403"},{"taxonomy":"product_tag","embeddable":true,"href":"https:\/\/oudianvalve.com\/pt\/wp-json\/wp\/v2\/product_tag?post=18403"}],"curies":[{"name":"wp","href":"https:\/\/api.w.org\/{rel}","templated":true}]}}