{"id":18399,"date":"2025-06-14T05:36:33","date_gmt":"2025-06-14T05:36:33","guid":{"rendered":"https:\/\/oudianvalve.com\/?post_type=product&#038;p=18399"},"modified":"2025-06-14T05:43:59","modified_gmt":"2025-06-14T05:43:59","slug":"fully-jacket-ball-valve-2205-pn16-dn80-rf-end","status":"publish","type":"product","link":"https:\/\/oudianvalve.com\/pt\/products\/ball-valves\/fully-jacket-ball-valve-2205-pn16-dn80-rf-end\/","title":{"rendered":"V\u00e1lvula de esfera com revestimento completo, 2205, PN16, DN80, extremidade RF"},"content":{"rendered":"<p>Descri\u00e7\u00e3o da v\u00e1lvula:<br \/>\nTipo de v\u00e1lvula: V\u00e1lvula de esfera flutuante<br \/>\nMaterial do corpo: 2205.<br \/>\nDi\u00e2metro nominal: DN80<br \/>\nClassifica\u00e7\u00e3o de press\u00e3o: PN16<br \/>\nConex\u00e3o final: Flange RF<br \/>\nTemperatura de trabalho: -29\u2103~+200\u2103.<br \/>\nOpera\u00e7\u00e3o: Alavanca.<\/p>\n<p>A v\u00e1lvula de esfera isolada 2205 \u00e9 soldada com uma camisa met\u00e1lica na base da v\u00e1lvula de esfera, que \u00e9 usada para injetar vapor ou outros meios isolantes de calor e frio, garantindo o funcionamento normal do fluido na v\u00e1lvula. A v\u00e1lvula de esfera com camisa isolada possui boas propriedades de isolamento t\u00e9rmico e frio, e o di\u00e2metro da v\u00e1lvula \u00e9 consistente com o di\u00e2metro do tubo, reduzindo efetivamente a perda de calor do fluido na tubula\u00e7\u00e3o.<\/p>\n<p>A v\u00e1lvula de esfera isolada 2205 possui diversas formas estruturais, como v\u00e1lvula de esfera isolada integral, v\u00e1lvula de esfera isolada de duas pe\u00e7as e v\u00e1lvula de esfera isolada tipo sandu\u00edche, de acordo com as diferentes estruturas da v\u00e1lvula de esfera. \u00c9 amplamente utilizada em tubula\u00e7\u00f5es de sistemas nas ind\u00fastrias qu\u00edmica, petrol\u00edfera, farmac\u00eautica, metal\u00fargica e outras.<\/p>\n<p>Faixa de aplica\u00e7\u00e3o da v\u00e1lvula de esfera isolada 2205:<br \/>\nV\u00e1lvulas de esfera com revestimento isolado s\u00e3o usadas principalmente em v\u00e1rios sistemas, como petr\u00f3leo, produtos qu\u00edmicos, metal\u00fargicos, farmac\u00eauticos e aliment\u00edcios, para transportar \u00f3leo pesado, borracha e outros meios de alta viscosidade que solidificam \u00e0 temperatura ambiente.<\/p>\n<p>Caracter\u00edsticas estruturais da v\u00e1lvula de esfera de isolamento 2205:<br \/>\nA v\u00e1lvula de esfera com revestimento isolante adota um design de estrutura de revestimento integral, que permite isolar o calor e o frio de forma mais uniforme. A v\u00e1lvula de esfera com revestimento isolante \u00e9 menor e mais leve do que as v\u00e1lvulas de esfera comuns, sem vazamentos e com bom desempenho de veda\u00e7\u00e3o. O revestimento \u00e9 soldado com tubo de a\u00e7o carbono, que \u00e9 mais resistente \u00e0 press\u00e3o e firme do que a fundi\u00e7\u00e3o. O revestimento, a parte externa do corpo da v\u00e1lvula e o tubo do revestimento s\u00e3o soldados, e a press\u00e3o m\u00e1xima de vapor ou \u00e1gua fria permitida \u00e9 de 1 MPa.<br \/>\nA v\u00e1lvula de esfera de isolamento 2205 possui boas propriedades de isolamento e reten\u00e7\u00e3o de frio. Com exce\u00e7\u00e3o da v\u00e1lvula de esfera de isolamento de di\u00e2metro reduzido, o di\u00e2metro da v\u00e1lvula e o di\u00e2metro da tubula\u00e7\u00e3o s\u00e3o os mesmos, o fluido flui em linha reta, a resist\u00eancia \u00e9 pequena e a perda de calor do fluido na tubula\u00e7\u00e3o pode ser efetivamente reduzida. Portanto, apresenta excelente desempenho para fluidos l\u00edquidos de f\u00e1cil solidifica\u00e7\u00e3o e alta viscosidade.<\/p>\n<p>Especifica\u00e7\u00f5es padr\u00e3o da v\u00e1lvula de esfera isolada 2205:<br \/>\nPadr\u00f5es de projeto e fabrica\u00e7\u00e3o: GB\/T12224, ASME B 16.34<br \/>\nPadr\u00f5es de comprimento estrutural: GB\/T 12221-2005, ASME B 16.10<br \/>\nNormas de flange de conex\u00e3o: JB\/T 79, GB\/T 9113, ASME B 16.5<br \/>\nGraus de press\u00e3o e temperatura: GB\/T 12224-2005<br \/>\nNormas de teste e inspe\u00e7\u00e3o: GB\/T 13927-2008, JB\/T9092, API 598<\/p>\n<p><strong>V\u00e1lvula de esfera com revestimento completo<\/strong><b>\u00a0<\/b><strong>especifica\u00e7\u00e3o<\/strong><\/p>\n<table border=\"1\" cellspacing=\"0\">\n<tbody>\n<tr>\n<td>Nome do produto<\/td>\n<td>V\u00e1lvula de esfera com revestimento completo<\/td>\n<\/tr>\n<tr>\n<td>1. Material<\/td>\n<td>WCB, CF8, CF3, CF8M, CF3M etc.<\/td>\n<\/tr>\n<tr>\n<td>2. Tamanho<\/td>\n<td>1\/2~24 polegadas (DN15~DN600)<\/td>\n<\/tr>\n<tr>\n<td>3. Estrutura<\/td>\n<td>Design de jaqueta completa ou parcial<\/td>\n<\/tr>\n<tr>\n<td>4. Press\u00e3o de trabalho<\/td>\n<td>150LB~600LB,PN10~PN100<\/td>\n<\/tr>\n<tr>\n<td>5. Fim da conex\u00e3o<\/td>\n<td>Flange<\/td>\n<\/tr>\n<tr>\n<td>6. Temperatura de trabalho.<\/td>\n<td>-20~450\u00baC, ou de acordo com os requisitos do cliente para diferentes ind\u00fastrias.<\/td>\n<\/tr>\n<tr>\n<td>7. Meio adequado<\/td>\n<td>\u00a0F\u00e1cil de solidificar, meio de alta viscosidade<\/td>\n<\/tr>\n<tr>\n<td>8. Opera\u00e7\u00e3o<\/td>\n<td>Acionamento por al\u00e7a, dispositivo de travamento opcional<\/td>\n<\/tr>\n<\/tbody>\n<\/table>\n<p>&nbsp;<\/p>\n<p>Fabricante de v\u00e1lvula de esfera totalmente revestida 2205 da China, suprimentos OUdian 2205 v\u00e1lvula de esfera flutuante totalmente revestida, v\u00e1lvula de esfera totalmente revestida 2205, v\u00e1lvula de esfera totalmente revestida DN80 2205, v\u00e1lvula de esfera totalmente revestida PN16 2205.<\/p>","protected":false},"excerpt":{"rendered":"<p>1. Projeto e fabrica\u00e7\u00e3o: DIN 3357<br \/>\n2. Face a face: DIN 3202<br \/>\n3. Extremidade do flange: DIN2501<br \/>\n4. Tamanho nominal: DN15 \u2013 DN200<br \/>\n5. Press\u00e3o n\u00e3o animal: PN16, PN25;<br \/>\nFaixa de tamanho: 2\u201d a 48\u201d<br \/>\nFaixa de press\u00e3o: Classe 150 a 2500<br \/>\nConex\u00f5es finais: RF flangeado, RTJ, solda de topo<br \/>\nTipo de esfera: Esfera s\u00f3lida forjada, montada em munh\u00e3o<br \/>\nDimens\u00f5es da extremidade flangeada: ASME B16.5 (\u226424\u201d), ASME B16.47 S\u00e9rie A ou B (&gt;24\u201d)<br \/>\nDimens\u00f5es da extremidade da solda de topo: ASME B16.25 face a face<br \/>\nDimens\u00f5es face a face: ASME B16.10<br \/>\nInspe\u00e7\u00e3o e Teste: API 6D<br \/>\nMateriais do corpo: ZTA1, ZTA2, ZTA3, ZTA9, ZTA10, ZTC4 TA1, TA2, TA3, TA9, TA10, TC4 Tit\u00e2nio Gr2, Gr3, Gr5, Gr6, Gr7, Gr12 Tit\u00e2nio GrC2, GrC3, GrC5, GrC6, Ti-Pd7B, GrC12 Tit\u00e2nio GrF2, Gr3F, GrF5, GrF6, GrF7, GrF12<br \/>\nMateriais do assento: PTFE, RPTFE, DEVLON, NYLON, PEEK, totalmente met\u00e1lico com revestimento duro.<\/p>\n<p>&nbsp;<\/p>\n<p>Caracter\u00edsticas do produto<\/p>\n<p>.A resist\u00eancia ao fluxo \u00e9 pequena;<br \/>\n2. Assento do pist\u00e3o, design de estrutura antiest\u00e1tica de prote\u00e7\u00e3o contra inc\u00eandio;<br \/>\n3. Nenhuma limita\u00e7\u00e3o na dire\u00e7\u00e3o do fluxo do meio \uff1b<br \/>\n4.Quando a v\u00e1lvula est\u00e1 na posi\u00e7\u00e3o totalmente aberta, as superf\u00edcies da sede ficam fora do fluxo de fluxo, sempre em contato total com a comporta que pode proteger as superf\u00edcies da sede e s\u00e3o adequadas para a tubula\u00e7\u00e3o de pigging;<br \/>\n5.A embalagem com mola pode ser escolhida;<br \/>\n6. A embalagem de baixa emiss\u00e3o pode ser escolhida de acordo com o requisito ISO 15848;<br \/>\n7. O design estendido da haste pode ser escolhido;<br \/>\n8. O design do assento de metal com metal pode ser escolhido;<br \/>\n9.DBB,DIB-1,DIB-2 design pode ser escolhido;<br \/>\n10.A bola \u00e9 fixada com uma placa de suporte e um eixo fixo;<\/p>","protected":false},"featured_media":18400,"template":"","meta":{"advanced_seo_description":"","jetpack_seo_html_title":"","jetpack_seo_noindex":false},"product_brand":[],"product_cat":[83],"product_tag":[432,430,433,431,434],"class_list":{"0":"post-18399","1":"product","2":"type-product","3":"status-publish","4":"has-post-thumbnail","6":"product_cat-ball-valves","7":"product_tag-2205-fully-jacket-ball-valve","8":"product_tag-china-2205-fully-jacket-ball-valve-manufacturer","9":"product_tag-dn80-2205-fully-jacket-ball-valve","10":"product_tag-oudian-supplies-2205-fully-jacket-floating-ball-valve","11":"product_tag-pn16-2205-fully-jacket-ball-valve","13":"first","14":"instock","15":"shipping-taxable","16":"product-type-simple"},"jetpack_sharing_enabled":true,"_links":{"self":[{"href":"https:\/\/oudianvalve.com\/pt\/wp-json\/wp\/v2\/product\/18399","targetHints":{"allow":["GET"]}}],"collection":[{"href":"https:\/\/oudianvalve.com\/pt\/wp-json\/wp\/v2\/product"}],"about":[{"href":"https:\/\/oudianvalve.com\/pt\/wp-json\/wp\/v2\/types\/product"}],"wp:featuredmedia":[{"embeddable":true,"href":"https:\/\/oudianvalve.com\/pt\/wp-json\/wp\/v2\/media\/18400"}],"wp:attachment":[{"href":"https:\/\/oudianvalve.com\/pt\/wp-json\/wp\/v2\/media?parent=18399"}],"wp:term":[{"taxonomy":"product_brand","embeddable":true,"href":"https:\/\/oudianvalve.com\/pt\/wp-json\/wp\/v2\/product_brand?post=18399"},{"taxonomy":"product_cat","embeddable":true,"href":"https:\/\/oudianvalve.com\/pt\/wp-json\/wp\/v2\/product_cat?post=18399"},{"taxonomy":"product_tag","embeddable":true,"href":"https:\/\/oudianvalve.com\/pt\/wp-json\/wp\/v2\/product_tag?post=18399"}],"curies":[{"name":"wp","href":"https:\/\/api.w.org\/{rel}","templated":true}]}}