{"id":18395,"date":"2025-06-14T05:22:53","date_gmt":"2025-06-14T05:22:53","guid":{"rendered":"https:\/\/oudianvalve.com\/?post_type=product&#038;p=18395"},"modified":"2025-06-14T05:52:00","modified_gmt":"2025-06-14T05:52:00","slug":"2507-ball-valve-pn16-dn100-rf-end","status":"publish","type":"product","link":"https:\/\/oudianvalve.com\/pt\/products\/ball-valves\/2507-ball-valve-pn16-dn100-rf-end\/","title":{"rendered":"V\u00e1lvula de esfera 2507, PN16, DN100, extremidade RF"},"content":{"rendered":"<p>Descri\u00e7\u00e3o da v\u00e1lvula:<br \/>\nTipo de v\u00e1lvula: V\u00e1lvula de esfera flutuante<br \/>\nBody Material: 2507.<br \/>\nNominal Diameter: DN100<br \/>\nClassifica\u00e7\u00e3o de press\u00e3o: PN16<br \/>\nConex\u00e3o final: Flange RF<br \/>\nTemperatura de trabalho: -29\u2103~+200\u2103.<br \/>\nOpera\u00e7\u00e3o: Alavanca.<\/p>\n<p>2507 Ball Valve Product Introduction:<\/p>\n<p>2507 Ball Valve is a ferrite-austenite (duplex) stainless steel. It combines many of the most beneficial properties of ferrite and austenite steels. Since the steel has high chromium and molybdenum contents, it has excellent resistance to pitting, crevice and uniform corrosion. The duplex microstructure ensures that the steel has high resistance to stress corrosion cracking and high mechanical strength.<\/p>\n<p>2507 Ball Valve Product Features<br \/>\n1. The valve has a simple structure, small size, light weight, low flow resistance and good energy-saving effect. When the medium flows through the valve, it is equivalent to flowing through a straight pipeline. The fluid resistance is small<br \/>\n2. The direction of the fluid in and out of the valve can be selected arbitrarily, and it has a two-way effect.<br \/>\n3. The connection methods of valve pipe fittings produced by our company are: internal thread, flange, butt welding, plug welding, quick installation, etc. It can be installed in horizontal and vertical pipelines.<br \/>\n4. Easy to operate, quick switching, the handle only needs to be turned 90 degrees to achieve switching. Pneumatic and electric can be adjusted at will.<br \/>\n5. Excellent anti-leakage effect, the switch life can be 5-10 times longer than other equipment.<br \/>\nProduct features of 2207 stainless steel ball valve<br \/>\nApplicable media: water, gas, oil, natural gas and acid-base corrosive media<br \/>\nTemperatura aplic\u00e1vel: -196\uff5e350\u2103<br \/>\nModo de acionamento: manual, pneum\u00e1tico, el\u00e9trico, hidr\u00e1ulico, etc.<br \/>\nNominal diameter: DN15\uff5e250mm 1\/2\uff02\uff5e10\uff02<\/p>\n<p>2507 Ball Valve is used in the oil and gas industry; offshore Shipotian oil platform (heat exchanger tubes, water treatment and water supply systems, fire protection systems, water spray systems, water stabilization systems; petrochemical equipment; desalination (desalination) equipment (and high-pressure pipes and seawater pipes in the equipment); mechanical and structural components that require both high strength and high corrosion resistance; pulp and paper industry, seawater desalination, flue gas purification, heat exchangers, chemical tanker piping systems, seawater systems, etc.<br \/>\nChemical composition of 2507 duplex stainless steel ball valve:<br \/>\nC\u22640.03, Si\u22640.80, Mn\u22641.2, Cr:24-26 ,Ni:6-8,S\u22640.02,P\u22640.035,Mo:3-5,N:0.24-0.32<\/p>\n<p>2507 Ball Valve Outline Connection Dimensions<\/p>\n<table style=\"height: 157px;\" border=\"1\" width=\"764\">\n<tbody>\n<tr>\n<td>PN1.6Mpa<\/td>\n<\/tr>\n<tr>\n<td>DN<\/td>\n<td>15<\/td>\n<td>20<\/td>\n<td>25<\/td>\n<td>32<\/td>\n<td>40<\/td>\n<td>50<\/td>\n<td>65<\/td>\n<td>80<\/td>\n<td>100<\/td>\n<td>125<\/td>\n<td>150<\/td>\n<td>200<\/td>\n<\/tr>\n<tr>\n<td>eu<\/td>\n<td>130<\/td>\n<td>140<\/td>\n<td>150<\/td>\n<td>165<\/td>\n<td>180<\/td>\n<td>200<\/td>\n<td>220<\/td>\n<td>250<\/td>\n<td>280<\/td>\n<td>320<\/td>\n<td>360<\/td>\n<td>400<\/td>\n<\/tr>\n<tr>\n<td>H<\/td>\n<td>59<\/td>\n<td>63<\/td>\n<td>75<\/td>\n<td>85<\/td>\n<td>95<\/td>\n<td>107<\/td>\n<td>142<\/td>\n<td>152<\/td>\n<td>178<\/td>\n<td>252<\/td>\n<td>272<\/td>\n<td>342<\/td>\n<\/tr>\n<tr>\n<td>W<\/td>\n<td>130<\/td>\n<td>130<\/td>\n<td>160<\/td>\n<td>180<\/td>\n<td>230<\/td>\n<td>230<\/td>\n<td>400<\/td>\n<td>400<\/td>\n<td>650<\/td>\n<td>1050<\/td>\n<td>1050<\/td>\n<td>1410<\/td>\n<\/tr>\n<tr>\n<td>Wt(Kg)<\/td>\n<td>2.5<\/td>\n<td>3<\/td>\n<td>5<\/td>\n<td>6<\/td>\n<td>7<\/td>\n<td>10<\/td>\n<td>15<\/td>\n<td>19<\/td>\n<td>33<\/td>\n<td>58<\/td>\n<td>93<\/td>\n<td>160<\/td>\n<\/tr>\n<\/tbody>\n<\/table>\n<p>&nbsp;<\/p>\n<table style=\"height: 172px;\" border=\"1\" width=\"901\">\n<tbody>\n<tr>\n<td>PN2.5Mpa<\/td>\n<\/tr>\n<tr>\n<td>DN<\/td>\n<td>15<\/td>\n<td>20<\/td>\n<td>25<\/td>\n<td>32<\/td>\n<td>40<\/td>\n<td>50<\/td>\n<td>65<\/td>\n<td>80<\/td>\n<td>100<\/td>\n<td>125<\/td>\n<td>150<\/td>\n<td>200<\/td>\n<\/tr>\n<tr>\n<td>eu<\/td>\n<td>130<\/td>\n<td>140<\/td>\n<td>150<\/td>\n<td>165<\/td>\n<td>180<\/td>\n<td>200<\/td>\n<td>220<\/td>\n<td>250<\/td>\n<td>320<\/td>\n<td>400<\/td>\n<td>400<\/td>\n<td>550<\/td>\n<\/tr>\n<tr>\n<td>H<\/td>\n<td>59<\/td>\n<td>63<\/td>\n<td>75<\/td>\n<td>97<\/td>\n<td>107<\/td>\n<td>142<\/td>\n<td>152<\/td>\n<td>178<\/td>\n<td>252<\/td>\n<td>272<\/td>\n<td>342<\/td>\n<td>345<\/td>\n<\/tr>\n<tr>\n<td>W<\/td>\n<td>130<\/td>\n<td>130<\/td>\n<td>160<\/td>\n<td>230<\/td>\n<td>230<\/td>\n<td>400<\/td>\n<td>400<\/td>\n<td>700<\/td>\n<td>1100<\/td>\n<td>1100<\/td>\n<td>1500<\/td>\n<td>1500<\/td>\n<\/tr>\n<tr>\n<td>Wt(Kg)<\/td>\n<td>2.5<\/td>\n<td>3<\/td>\n<td>5<\/td>\n<td>6<\/td>\n<td>7.5<\/td>\n<td>10<\/td>\n<td>15<\/td>\n<td>20<\/td>\n<td>33<\/td>\n<td>60<\/td>\n<td>93<\/td>\n<td>175<\/td>\n<\/tr>\n<\/tbody>\n<\/table>\n<p>We can produce 2507 ball valves,2507 gate valves, 2507 globe valves, 2507 check valves etc.<\/p>\n<p>China 2507 Ball Valve Manufacturer ,OUdian Supplies 2507 Floating Ball Valve, 2507\u00a0 Floating Ball Valve, DN100 2507 Ball Valve, PN16 2507 Floating Ball Valve.<\/p>","protected":false},"excerpt":{"rendered":"<p>1. Projeto e fabrica\u00e7\u00e3o: DIN 3357<br \/>\n2. Face a face: DIN 3202<br \/>\n3. Extremidade do flange: DIN2501<br \/>\n4. Tamanho nominal: DN15 \u2013 DN200<br \/>\n5. Press\u00e3o n\u00e3o animal: PN16, PN25;<br \/>\nFaixa de tamanho: 2\u201d a 48\u201d<br \/>\nFaixa de press\u00e3o: Classe 150 a 2500<br \/>\nConex\u00f5es finais: RF flangeado, RTJ, solda de topo<br \/>\nTipo de esfera: Esfera s\u00f3lida forjada, montada em munh\u00e3o<br \/>\nDimens\u00f5es da extremidade flangeada: ASME B16.5 (\u226424\u201d), ASME B16.47 S\u00e9rie A ou B (&gt;24\u201d)<br \/>\nDimens\u00f5es da extremidade da solda de topo: ASME B16.25 face a face<br \/>\nDimens\u00f5es face a face: ASME B16.10<br \/>\nInspe\u00e7\u00e3o e Teste: API 6D<br \/>\nMateriais do corpo: ZTA1, ZTA2, ZTA3, ZTA9, ZTA10, ZTC4 TA1, TA2, TA3, TA9, TA10, TC4 Tit\u00e2nio Gr2, Gr3, Gr5, Gr6, Gr7, Gr12 Tit\u00e2nio GrC2, GrC3, GrC5, GrC6, Ti-Pd7B, GrC12 Tit\u00e2nio GrF2, Gr3F, GrF5, GrF6, GrF7, GrF12<br \/>\nMateriais do assento: PTFE, RPTFE, DEVLON, NYLON, PEEK, totalmente met\u00e1lico com revestimento duro.<\/p>\n<p>&nbsp;<\/p>\n<p>Caracter\u00edsticas do produto<\/p>\n<p>.A resist\u00eancia ao fluxo \u00e9 pequena;<br \/>\n2. Assento do pist\u00e3o, design de estrutura antiest\u00e1tica de prote\u00e7\u00e3o contra inc\u00eandio;<br \/>\n3. Nenhuma limita\u00e7\u00e3o na dire\u00e7\u00e3o do fluxo do meio \uff1b<br \/>\n4.Quando a v\u00e1lvula est\u00e1 na posi\u00e7\u00e3o totalmente aberta, as superf\u00edcies da sede ficam fora do fluxo de fluxo, sempre em contato total com a comporta que pode proteger as superf\u00edcies da sede e s\u00e3o adequadas para a tubula\u00e7\u00e3o de pigging;<br \/>\n5.A embalagem com mola pode ser escolhida;<br \/>\n6. A embalagem de baixa emiss\u00e3o pode ser escolhida de acordo com o requisito ISO 15848;<br \/>\n7. O design estendido da haste pode ser escolhido;<br \/>\n8. O design do assento de metal com metal pode ser escolhido;<br \/>\n9.DBB,DIB-1,DIB-2 design pode ser escolhido;<br \/>\n10.A bola \u00e9 fixada com uma placa de suporte e um eixo fixo;<\/p>","protected":false},"featured_media":18398,"template":"","meta":{"advanced_seo_description":"","jetpack_seo_html_title":"","jetpack_seo_noindex":false},"product_brand":[],"product_cat":[83],"product_tag":[427,425,428,426,429],"class_list":{"0":"post-18395","1":"product","2":"type-product","3":"status-publish","4":"has-post-thumbnail","6":"product_cat-ball-valves","7":"product_tag-2507-floating-ball-valve","8":"product_tag-china-2507-ball-valve-manufacturer","9":"product_tag-dn100-2507-ball-valve","10":"product_tag-oudian-supplies-2507-floating-ball-valve","11":"product_tag-pn16-2507-floating-ball-valve","13":"first","14":"instock","15":"shipping-taxable","16":"product-type-simple"},"jetpack_sharing_enabled":true,"_links":{"self":[{"href":"https:\/\/oudianvalve.com\/pt\/wp-json\/wp\/v2\/product\/18395","targetHints":{"allow":["GET"]}}],"collection":[{"href":"https:\/\/oudianvalve.com\/pt\/wp-json\/wp\/v2\/product"}],"about":[{"href":"https:\/\/oudianvalve.com\/pt\/wp-json\/wp\/v2\/types\/product"}],"wp:featuredmedia":[{"embeddable":true,"href":"https:\/\/oudianvalve.com\/pt\/wp-json\/wp\/v2\/media\/18398"}],"wp:attachment":[{"href":"https:\/\/oudianvalve.com\/pt\/wp-json\/wp\/v2\/media?parent=18395"}],"wp:term":[{"taxonomy":"product_brand","embeddable":true,"href":"https:\/\/oudianvalve.com\/pt\/wp-json\/wp\/v2\/product_brand?post=18395"},{"taxonomy":"product_cat","embeddable":true,"href":"https:\/\/oudianvalve.com\/pt\/wp-json\/wp\/v2\/product_cat?post=18395"},{"taxonomy":"product_tag","embeddable":true,"href":"https:\/\/oudianvalve.com\/pt\/wp-json\/wp\/v2\/product_tag?post=18395"}],"curies":[{"name":"wp","href":"https:\/\/api.w.org\/{rel}","templated":true}]}}