{"id":18393,"date":"2025-06-14T05:15:10","date_gmt":"2025-06-14T05:15:10","guid":{"rendered":"https:\/\/oudianvalve.com\/?post_type=product&#038;p=18393"},"modified":"2025-06-14T06:45:26","modified_gmt":"2025-06-14T06:45:26","slug":"worm-gear-ball-valve-pn16-dn150-304-rf-end","status":"publish","type":"product","link":"https:\/\/oudianvalve.com\/pt\/products\/ball-valves\/worm-gear-ball-valve-pn16-dn150-304-rf-end\/","title":{"rendered":"V\u00e1lvula de esfera com engrenagem helicoidal, PN16, DN150, 304, extremidade RF"},"content":{"rendered":"<p>Descri\u00e7\u00e3o da v\u00e1lvula:<br \/>\nTipo de v\u00e1lvula: V\u00e1lvula de esfera flutuante<br \/>\nMaterial do corpo: 304 .<br \/>\nNominal Diameter: 6&#8243;<br \/>\nClassifica\u00e7\u00e3o de press\u00e3o: PN16<br \/>\nConex\u00e3o final: Flange RF<br \/>\nTemperatura de trabalho: -29\u2103~+200\u2103.<br \/>\nOpera\u00e7\u00e3o: Alavanca.<\/p>\n<p>The Worm Gear flange ball valve is a valve widely used in fluid systems. Its working principle is to open and close the valve through the meshing of the turbine worm. The turbine is installed on the ball valve stem. When the turbine rotates, the worm rotates accordingly, thereby driving the valve stem and the ball to rotate to achieve valve control. It is mainly used to cut off, distribute and change the flow direction of the medium in the pipeline. It has many characteristics and advantages, making it very popular in pipeline systems in various industrial applications such as petroleum, chemical, electric power, heat, metallurgy, medicine, fertilizer, saline, chemical fiber, water supply, environmental protection, industrial and civil construction, nuclear industry, etc.<br \/>\nThe turbine transmission mechanism is an important part of the turbine transmission flange ball valve, which has the following characteristics: high transmission efficiency: the meshing transmission efficiency of the turbine worm is high, making the valve open and close more quickly; small operating torque: due to the meshing principle of the turbine worm, the operating torque is small, which is convenient for manual operation, or an electric actuator can be added as needed to use electric operation; high reliability: the meshing structure of the turbine worm is simple, the failure rate is low, the maintenance is easy, and the reliability is high.<\/p>\n<p>Main features of Worm Gear flange ball valve<br \/>\n1. Low fluid resistance: The design of the ball valve makes it almost free of fluid resistance when opened, and its resistance coefficient is equal to that of a pipe section of the same length.<br \/>\n2. Simple structure, small size and light weight: This makes the ball valve easy to install and maintain.<br \/>\n3. Tight and reliable: The ball valve has good sealing performance, and plastic and other materials are widely used as sealing surfaces, which are suitable for vacuum systems.<br \/>\n4. Easy operation: It opens and closes quickly, and only needs to rotate 90\u00b0 to achieve full opening or full closing, which is convenient for remote control.<br \/>\n5. Easy maintenance: The ball valve has a simple structure, and the sealing ring is usually movable, which is easy to disassemble and replace.<br \/>\n6. Wide range of applications: The diameter of the ball valve ranges from a few millimeters to a few meters, and it is suitable for a wide range of media, from high vacuum to high pressure<\/p>\n<table style=\"height: 295px;\" border=\"2\" width=\"1033\">\n<tbody>\n<tr>\n<td width=\"60\">N\u00c3O<\/td>\n<td width=\"115\">NOME DAS PE\u00c7AS<\/td>\n<td colspan=\"6\" width=\"525\">MATERIAL DAS PE\u00c7AS<\/td>\n<\/tr>\n<tr>\n<td width=\"60\">1<\/td>\n<td width=\"115\">CORPO<\/td>\n<td width=\"87\">SAF 2205<\/td>\n<td width=\"87\">SAF 2507<\/td>\n<td width=\"87\">A995 Gr.1B<\/td>\n<td width=\"87\">A995 Gr.4A<\/td>\n<td width=\"87\">A995 Gr.5A<\/td>\n<td width=\"88\">A995 Gr.6A<\/td>\n<\/tr>\n<tr>\n<td width=\"60\">2<\/td>\n<td width=\"115\">CAP\u00d4<\/td>\n<td width=\"87\">SAF 2205<\/td>\n<td width=\"87\">SAF 2507<\/td>\n<td width=\"87\">A995 Gr.1B<\/td>\n<td width=\"87\">A995 Gr.4A<\/td>\n<td width=\"87\">A995 Gr.5A<\/td>\n<td width=\"88\">A995 Gr.6A<\/td>\n<\/tr>\n<tr>\n<td width=\"60\">3<\/td>\n<td width=\"115\">ASSENTO<\/td>\n<td colspan=\"6\" width=\"525\">RPTFE, PTFE, TEFLON, NYLON, PPL, PEEK, DEVLON, a\u00e7o inoxid\u00e1vel duplex + tratamento de endurecimento<\/td>\n<\/tr>\n<tr>\n<td width=\"60\">4<\/td>\n<td width=\"115\">BOLA<\/td>\n<td width=\"87\">2205<\/td>\n<td width=\"87\">2507<\/td>\n<td width=\"87\">S32550<\/td>\n<td width=\"87\">S31803<\/td>\n<td width=\"87\">S32750<\/td>\n<td width=\"88\">S32760<\/td>\n<\/tr>\n<tr>\n<td width=\"60\">5<\/td>\n<td width=\"115\">TRONCO<\/td>\n<td width=\"87\">2205<\/td>\n<td width=\"87\">2507<\/td>\n<td width=\"87\">S32550<\/td>\n<td width=\"87\">S31803<\/td>\n<td width=\"87\">S32750<\/td>\n<td width=\"88\">S32760<\/td>\n<\/tr>\n<tr>\n<td width=\"60\">6<\/td>\n<td width=\"115\">EMBALAGEM<\/td>\n<td colspan=\"6\" width=\"525\">GRAFITE, RPTFE, PTFE, TEFLON, PPL<\/td>\n<\/tr>\n<tr>\n<td width=\"60\">7<\/td>\n<td width=\"115\">PARAFUSO<\/td>\n<td width=\"87\">A193 B8M<\/td>\n<td width=\"87\">A193 B8M<\/td>\n<td width=\"87\">A193 B8M<\/td>\n<td width=\"87\">A193 B8M<\/td>\n<td width=\"87\">A193 B8M<\/td>\n<td width=\"88\">A193 B8M<\/td>\n<\/tr>\n<tr>\n<td width=\"60\">8<\/td>\n<td width=\"115\">NOZ<\/td>\n<td width=\"87\">A194 8M<\/td>\n<td width=\"87\">A194 8M<\/td>\n<td width=\"87\">A194 8M<\/td>\n<td width=\"87\">A194 8M<\/td>\n<td width=\"87\">A194 8M<\/td>\n<td width=\"88\">A194 8M<\/td>\n<\/tr>\n<\/tbody>\n<\/table>\n<p>Normas de v\u00e1lvulas: Norma japonesa\/JIS Norma japonesa\/JPI Norma americana Norma americana API Norma americana\/ANS Norma americana\/Norma alem\u00e3 DIN Norma alem\u00e3\/Departamento mec\u00e2nico JB\/Norma qu\u00edmica HG20592\/Norma nacional\/GB Norma nacional JB Norma nacional<br \/>\nVeda\u00e7\u00e3o de v\u00e1lvula: veda\u00e7\u00e3o macia, veda\u00e7\u00e3o r\u00edgida, STL.PPL.M, N, B, Cr13<br \/>\nEstrutura da v\u00e1lvula: direta, bidirecional, tripla, qu\u00e1drupla, flutuante, fixa<\/p>\n<p>China Worm Gear Ball Valve Manufacturer ,OUdian Supplies Worm Gear Ball Valve, Worm Gear\u00a0 Floating Ball Valve, 6 Inch Worm Gear Ball Valve, 150lb Worm Gear Ball Valve,\u00a0 Floating Worm Gear Ball Valve,RF End Worm Gear Ball Valve.<\/p>","protected":false},"excerpt":{"rendered":"<p>1. Projeto e fabrica\u00e7\u00e3o: DIN 3357<br \/>\n2. Face a face: DIN 3202<br \/>\n3. Extremidade do flange: DIN2501<br \/>\n4. Tamanho nominal: DN15 \u2013 DN200<br \/>\n5. Press\u00e3o n\u00e3o animal: PN16, PN25;<br \/>\n6. Materiais do corpo: WCB, LCB, CF8, CF8M, CF3, CF3M etc.<br \/>\n7. Acabamento: 13CR, 304SS, 316SS, a\u00e7o inoxid\u00e1vel duplex;<br \/>\n8. Tipo de furo: furo completo<br \/>\n9. Atuador: Alavanca, Engrenagem sem-fim;<\/p>\n<p><strong>V\u00c1LVULA DE ESFERA FLUTUANTE DIN PARA PN16, PN25<\/strong><\/p>\n<p>Conex\u00f5es finais: RF flangeado, RTJ, solda de topo<br \/>\nTipo de bola: Bola s\u00f3lida forjada<br \/>\nMateriais do assento: PTFE, RPTFE, DEVLON, NYLON, PEEK, assento met\u00e1lico com TCC\/STL\/Ni.<\/p>","protected":false},"featured_media":18414,"template":"","meta":{"advanced_seo_description":"","jetpack_seo_html_title":"","jetpack_seo_noindex":false},"product_brand":[],"product_cat":[83],"product_tag":[462,461,458,463,459,464,460],"class_list":{"0":"post-18393","1":"product","2":"type-product","3":"status-publish","4":"has-post-thumbnail","6":"product_cat-ball-valves","7":"product_tag-150lb-worm-gear-ball-valve","8":"product_tag-6-inch-worm-gear-ball-valve","9":"product_tag-china-worm-gear-ball-valve-manufacturer","10":"product_tag-floating-worm-gear-ball-valve","11":"product_tag-oudian-supplies-worm-gear-ball-valve","12":"product_tag-rf-end-worm-gear-ball-valve","13":"product_tag-worm-gear-floating-ball-valve","15":"first","16":"instock","17":"shipping-taxable","18":"product-type-simple"},"jetpack_sharing_enabled":true,"_links":{"self":[{"href":"https:\/\/oudianvalve.com\/pt\/wp-json\/wp\/v2\/product\/18393","targetHints":{"allow":["GET"]}}],"collection":[{"href":"https:\/\/oudianvalve.com\/pt\/wp-json\/wp\/v2\/product"}],"about":[{"href":"https:\/\/oudianvalve.com\/pt\/wp-json\/wp\/v2\/types\/product"}],"wp:featuredmedia":[{"embeddable":true,"href":"https:\/\/oudianvalve.com\/pt\/wp-json\/wp\/v2\/media\/18414"}],"wp:attachment":[{"href":"https:\/\/oudianvalve.com\/pt\/wp-json\/wp\/v2\/media?parent=18393"}],"wp:term":[{"taxonomy":"product_brand","embeddable":true,"href":"https:\/\/oudianvalve.com\/pt\/wp-json\/wp\/v2\/product_brand?post=18393"},{"taxonomy":"product_cat","embeddable":true,"href":"https:\/\/oudianvalve.com\/pt\/wp-json\/wp\/v2\/product_cat?post=18393"},{"taxonomy":"product_tag","embeddable":true,"href":"https:\/\/oudianvalve.com\/pt\/wp-json\/wp\/v2\/product_tag?post=18393"}],"curies":[{"name":"wp","href":"https:\/\/api.w.org\/{rel}","templated":true}]}}