{"id":18391,"date":"2025-06-14T02:54:18","date_gmt":"2025-06-14T02:54:18","guid":{"rendered":"https:\/\/oudianvalve.com\/?post_type=product&#038;p=18391"},"modified":"2025-06-14T03:02:24","modified_gmt":"2025-06-14T03:02:24","slug":"daikin-m111-seat-ball-valve-150lb-2-inch-rf-end","status":"publish","type":"product","link":"https:\/\/oudianvalve.com\/pt\/products\/ball-valves\/daikin-m111-seat-ball-valve-150lb-2-inch-rf-end\/","title":{"rendered":"V\u00e1lvula de esfera de assento Daikin M111, 150 lb, 2 polegadas, extremidade RF"},"content":{"rendered":"<p>Descri\u00e7\u00e3o da v\u00e1lvula:<br \/>\nTipo de v\u00e1lvula: V\u00e1lvula de esfera flutuante<br \/>\nMaterial do corpo: CF8.<br \/>\nDi\u00e2metro nominal: 2\u2033<br \/>\nClassifica\u00e7\u00e3o de press\u00e3o: 150 LB<br \/>\nConex\u00e3o final: Flange RF<br \/>\nTemperatura de trabalho: -29\u2103~+200\u2103.<br \/>\nOpera\u00e7\u00e3o: Alavanca.<\/p>\n<p>A v\u00e1lvula de esfera de a\u00e7o duplex Daikin M111 \u00e9 feita de a\u00e7o inoxid\u00e1vel duplex (ferrita e austenita representam cerca de 50% do metal cada, e o conte\u00fado da fase inferior deve ser de pelo menos 30%). Na fabrica\u00e7\u00e3o industrial, os a\u00e7os duplex comuns s\u00e3o 2205, 2507 e 2520 (310S). Este tipo de v\u00e1lvula de esfera tem melhor desempenho do que o a\u00e7o inoxid\u00e1vel convencional 304, 8 n\u00edquel 18 cromo, possui plasticidade e tenacidade suficientes, boa resist\u00eancia \u00e0 corros\u00e3o local e boa resist\u00eancia \u00e0 corros\u00e3o, e \u00e9 frequentemente usada em ambientes de trabalho ricos em cloreto, como sistemas de evapora\u00e7\u00e3o de \u00e1gua do mar, navios e dutos de engenharia mar\u00edtima. O meio na tubula\u00e7\u00e3o \u00e9 per\u00f3xido de hidrog\u00eanio, soda c\u00e1ustica, \u00e1cido clor\u00eddrico, etc., especialmente o desempenho de resist\u00eancia \u00e0 corros\u00e3o oxidativa torna a v\u00e1lvula de esfera de a\u00e7o duplex Daikin M111 um excelente equipamento de corte e corte em dispositivos de \u00e1cido n\u00edtrico e \u00e1cidos org\u00e2nicos fortes.<\/p>\n<p>&nbsp;<\/p>\n<p>A veda\u00e7\u00e3o da v\u00e1lvula de esfera de a\u00e7o duplex Daikin M111 utiliza PTFE importado com o n\u00famero de lote M111, produzido na Daikin, Jap\u00e3o. Apresenta melhor resist\u00eancia ao desgaste, \u00e0 corros\u00e3o, \u00e0 temperatura e ao frio do que o PTFE dom\u00e9stico comum. A faixa de temperatura aplic\u00e1vel \u00e9 de -180\u00b0C a 200\u00b0C. Em algumas situa\u00e7\u00f5es com altos requisitos de resist\u00eancia \u00e0 corros\u00e3o, como na ind\u00fastria qu\u00edmica fina, farmac\u00eautica, eletr\u00f4nica e outros setores relacionados, recomenda-se o uso de v\u00e1lvulas de esfera de a\u00e7o duplex com PTFE M111 como veda\u00e7\u00e3o. Ela tamb\u00e9m apresenta um \u00f3timo desempenho em ambientes de trabalho com altas ou baixas temperaturas.<br \/>\nPe\u00e7as relacionadas \u00e0 v\u00e1lvula de esfera de a\u00e7o duplex Daikin M111<\/p>\n<p><a href=\"http:\/\/www.oudianfm.com\/prolist-2240365-1.html\" target=\"_blank\" rel=\"noopener\">Pe\u00e7as relacionadas \u00e0 v\u00e1lvula de esfera de a\u00e7o duplex Daikin M111<\/a><\/p>\n<p>&nbsp;<\/p>\n<table style=\"height: 295px;\" border=\"2\" width=\"1033\">\n<tbody>\n<tr>\n<td width=\"60\">N\u00c3O<\/td>\n<td width=\"115\">NOME DAS PE\u00c7AS<\/td>\n<td colspan=\"6\" width=\"525\">MATERIAL DAS PE\u00c7AS<\/td>\n<\/tr>\n<tr>\n<td width=\"60\">1<\/td>\n<td width=\"115\">CORPO<\/td>\n<td width=\"87\">SAF 2205<\/td>\n<td width=\"87\">SAF 2507<\/td>\n<td width=\"87\">A995 Gr.1B<\/td>\n<td width=\"87\">A995 Gr.4A<\/td>\n<td width=\"87\">A995 Gr.5A<\/td>\n<td width=\"88\">A995 Gr.6A<\/td>\n<\/tr>\n<tr>\n<td width=\"60\">2<\/td>\n<td width=\"115\">CAP\u00d4<\/td>\n<td width=\"87\">SAF 2205<\/td>\n<td width=\"87\">SAF 2507<\/td>\n<td width=\"87\">A995 Gr.1B<\/td>\n<td width=\"87\">A995 Gr.4A<\/td>\n<td width=\"87\">A995 Gr.5A<\/td>\n<td width=\"88\">A995 Gr.6A<\/td>\n<\/tr>\n<tr>\n<td width=\"60\">3<\/td>\n<td width=\"115\">ASSENTO<\/td>\n<td colspan=\"6\" width=\"525\">RPTFE, PTFE, TEFLON, NYLON, PPL, PEEK, DEVLON, a\u00e7o inoxid\u00e1vel duplex + tratamento de endurecimento<\/td>\n<\/tr>\n<tr>\n<td width=\"60\">4<\/td>\n<td width=\"115\">BOLA<\/td>\n<td width=\"87\">2205<\/td>\n<td width=\"87\">2507<\/td>\n<td width=\"87\">S32550<\/td>\n<td width=\"87\">S31803<\/td>\n<td width=\"87\">S32750<\/td>\n<td width=\"88\">S32760<\/td>\n<\/tr>\n<tr>\n<td width=\"60\">5<\/td>\n<td width=\"115\">TRONCO<\/td>\n<td width=\"87\">2205<\/td>\n<td width=\"87\">2507<\/td>\n<td width=\"87\">S32550<\/td>\n<td width=\"87\">S31803<\/td>\n<td width=\"87\">S32750<\/td>\n<td width=\"88\">S32760<\/td>\n<\/tr>\n<tr>\n<td width=\"60\">6<\/td>\n<td width=\"115\">EMBALAGEM<\/td>\n<td colspan=\"6\" width=\"525\">GRAFITE, RPTFE, PTFE, TEFLON, PPL<\/td>\n<\/tr>\n<tr>\n<td width=\"60\">7<\/td>\n<td width=\"115\">PARAFUSO<\/td>\n<td width=\"87\">A193 B8M<\/td>\n<td width=\"87\">A193 B8M<\/td>\n<td width=\"87\">A193 B8M<\/td>\n<td width=\"87\">A193 B8M<\/td>\n<td width=\"87\">A193 B8M<\/td>\n<td width=\"88\">A193 B8M<\/td>\n<\/tr>\n<tr>\n<td width=\"60\">8<\/td>\n<td width=\"115\">NOZ<\/td>\n<td width=\"87\">A194 8M<\/td>\n<td width=\"87\">A194 8M<\/td>\n<td width=\"87\">A194 8M<\/td>\n<td width=\"87\">A194 8M<\/td>\n<td width=\"87\">A194 8M<\/td>\n<td width=\"88\">A194 8M<\/td>\n<\/tr>\n<\/tbody>\n<\/table>\n<p>Normas de v\u00e1lvulas: Norma japonesa\/JIS Norma japonesa\/JPI Norma americana Norma americana API Norma americana\/ANS Norma americana\/Norma alem\u00e3 DIN Norma alem\u00e3\/Departamento mec\u00e2nico JB\/Norma qu\u00edmica HG20592\/Norma nacional\/GB Norma nacional JB Norma nacional<br \/>\nVeda\u00e7\u00e3o de v\u00e1lvula: veda\u00e7\u00e3o macia, veda\u00e7\u00e3o r\u00edgida, STL.PPL.M, N, B, Cr13<br \/>\nEstrutura da v\u00e1lvula: direta, bidirecional, tripla, qu\u00e1drupla, flutuante, fixa<\/p>\n<p>Fabricante de v\u00e1lvula de esfera de assento Daikin M111 na China, suprimentos OUdian para v\u00e1lvula de esfera de assento Daikin M111, v\u00e1lvula de esfera flutuante de assento Daikin M111, v\u00e1lvula de esfera de assento Daikin M111 de 2 polegadas, v\u00e1lvula de esfera flutuante de assento Daikin M111 de 150 lb.<\/p>","protected":false},"excerpt":{"rendered":"<p>Padr\u00e3o de projeto: API 6D\/API 608<br \/>\nSeguran\u00e7a contra inc\u00eandio: API 607\/6FA<br \/>\nClassifica\u00e7\u00f5es de temperatura de press\u00e3o: ASME B16.34<br \/>\nFaixa de tamanho: 2\u201d a 48\u201d \uff08DN50-DN1200\uff09<br \/>\nPorta: passagem total ou passagem reduzida<br \/>\nFaixa de press\u00e3o: 150LB a 2500LB<br \/>\nConex\u00f5es finais: RF flangeado, RTJ, solda de topo<br \/>\nTipo de bola: Bola s\u00f3lida forjada<br \/>\nDimens\u00f5es da extremidade flangeada: ASME B16.5 (24\u201d e abaixo), ASME B16.47 S\u00e9rie A ou B (acima de 24\u201d)<br \/>\nDimens\u00f5es da extremidade da solda de topo: ASME B16.25<br \/>\nDimens\u00f5es face a face: ASME B16.10<br \/>\nInspe\u00e7\u00e3o e Teste: API 6D<br \/>\nMateriais do corpo: A105\/A105N, F304, F316, F316L, F51, F53, F55, C95800, UNS N08825, UNS N06625.<br \/>\nMateriais do assento: PTFE, RPTFE, DEVLON, NYLON, PEEK, assento met\u00e1lico com TCC\/STL\/Ni.<\/p>","protected":false},"featured_media":18392,"template":"","meta":{"advanced_seo_description":"","jetpack_seo_html_title":"","jetpack_seo_noindex":false},"product_brand":[],"product_cat":[83],"product_tag":[412,411,408,410,409],"class_list":{"0":"post-18391","1":"product","2":"type-product","3":"status-publish","4":"has-post-thumbnail","6":"product_cat-ball-valves","7":"product_tag-150lb-daikin-m111-seat-floating-ball-valve","8":"product_tag-2-inch-daikin-m111-seat-ball-valve","9":"product_tag-china-daikin-m111-seat-ball-valve-manufacturer","10":"product_tag-daikin-m111-seat-floating-ball-valve","11":"product_tag-oudian-supplies-daikin-m111-seat-ball-valve","13":"first","14":"instock","15":"shipping-taxable","16":"product-type-simple"},"jetpack_sharing_enabled":true,"_links":{"self":[{"href":"https:\/\/oudianvalve.com\/pt\/wp-json\/wp\/v2\/product\/18391","targetHints":{"allow":["GET"]}}],"collection":[{"href":"https:\/\/oudianvalve.com\/pt\/wp-json\/wp\/v2\/product"}],"about":[{"href":"https:\/\/oudianvalve.com\/pt\/wp-json\/wp\/v2\/types\/product"}],"wp:featuredmedia":[{"embeddable":true,"href":"https:\/\/oudianvalve.com\/pt\/wp-json\/wp\/v2\/media\/18392"}],"wp:attachment":[{"href":"https:\/\/oudianvalve.com\/pt\/wp-json\/wp\/v2\/media?parent=18391"}],"wp:term":[{"taxonomy":"product_brand","embeddable":true,"href":"https:\/\/oudianvalve.com\/pt\/wp-json\/wp\/v2\/product_brand?post=18391"},{"taxonomy":"product_cat","embeddable":true,"href":"https:\/\/oudianvalve.com\/pt\/wp-json\/wp\/v2\/product_cat?post=18391"},{"taxonomy":"product_tag","embeddable":true,"href":"https:\/\/oudianvalve.com\/pt\/wp-json\/wp\/v2\/product_tag?post=18391"}],"curies":[{"name":"wp","href":"https:\/\/api.w.org\/{rel}","templated":true}]}}