{"id":18389,"date":"2025-06-14T02:36:02","date_gmt":"2025-06-14T02:36:02","guid":{"rendered":"https:\/\/oudianvalve.com\/?post_type=product&#038;p=18389"},"modified":"2025-06-14T02:42:19","modified_gmt":"2025-06-14T02:42:19","slug":"a890-cd3mn-ball-valve-150lb-1-inch-rf-end","status":"publish","type":"product","link":"https:\/\/oudianvalve.com\/pt\/products\/ball-valves\/a890-cd3mn-ball-valve-150lb-1-inch-rf-end\/","title":{"rendered":"V\u00e1lvula de esfera A890-CD3MN, 150 lb, 1 polegada, extremidade RF"},"content":{"rendered":"<p>Descri\u00e7\u00e3o da v\u00e1lvula:<br \/>\nTipo de v\u00e1lvula: V\u00e1lvula de esfera flutuante<br \/>\nMaterial do corpo: A890-CD3MN .<br \/>\nDi\u00e2metro nominal: 1\u2033<br \/>\nClassifica\u00e7\u00e3o de press\u00e3o: 150 LB<br \/>\nConex\u00e3o final: Flange RF<br \/>\nTemperatura de trabalho: -29\u2103~+200\u2103.<br \/>\nOpera\u00e7\u00e3o: Alavanca.<\/p>\n<p>A v\u00e1lvula de esfera A890-CD3MN, padr\u00e3o americano, \u00e9 um tipo de v\u00e1lvula de esfera flutuante. Seus padr\u00f5es de projeto e fabrica\u00e7\u00e3o baseiam-se principalmente nas tr\u00eas especifica\u00e7\u00f5es a seguir: &quot;API 6D-2014 Pipeline and Pipeline Valve Specification&quot;, &quot;API 608-2008 Metal Ball Valves with Flanges, Threads and Welded Connections&quot; e &quot;ASME B16.34-2013 Valves with Flanges, Threads and Welded Ends&quot;. As dimens\u00f5es do flange deste tipo de v\u00e1lvula de esfera flutuante s\u00e3o ASME B16.5, ASME B16.47, ANSI B16.5, etc.<\/p>\n<p>A v\u00e1lvula de esfera A890-CD3MN, padr\u00e3o americano, \u00e9 dividida principalmente em veda\u00e7\u00e3o macia e veda\u00e7\u00e3o r\u00edgida, de acordo com os diferentes materiais de veda\u00e7\u00e3o. A veda\u00e7\u00e3o geral da sede da v\u00e1lvula de esfera com veda\u00e7\u00e3o macia \u00e9 fabricada com PTFE, RPTFE, PPL, PEEK, Daikin M111 e nylon. A veda\u00e7\u00e3o r\u00edgida adota a sede da esfera pulverizada com STL, Ni60, WC, WCr e outras ligas. O material do corpo da v\u00e1lvula pode ser selecionado entre a\u00e7o duplex CD3MN.<\/p>\n<p>A v\u00e1lvula de esfera padr\u00e3o americana A890-CD3MN possui estrutura simples, manuten\u00e7\u00e3o conveniente e ampla gama de aplica\u00e7\u00f5es. \u00c9 utilizada principalmente em tubula\u00e7\u00f5es para cortar, distribuir e alterar a dire\u00e7\u00e3o do fluxo do fluido. A superf\u00edcie de veda\u00e7\u00e3o e a superf\u00edcie esf\u00e9rica est\u00e3o frequentemente fechadas e n\u00e3o s\u00e3o facilmente erodidas pelo fluido. A v\u00e1lvula utiliza principalmente uma esfera com um canal circular como parte de abertura e fechamento. A parte de abertura e fechamento \u00e9 uma esfera com um furo que gira em torno do eixo perpendicular ao canal para atingir a finalidade de abertura e fechamento do canal.<\/p>\n<p>O CD3MN \u00e9 um a\u00e7o duplex para fundi\u00e7\u00e3o, composto principalmente por elementos como cromo (Cr), n\u00edquel (Ni), molibd\u00eanio (Mo), nitrog\u00eanio (N) e uma certa quantidade de carbono (C), sil\u00edcio (Si), mangan\u00eas (Mn), f\u00f3sforo (P) e enxofre (S). A caracter\u00edstica mais not\u00e1vel desse tipo de metal \u00e9 sua estrutura duplex, ou seja, o material cont\u00e9m duas fases: austenita e ferrita simultaneamente. A fase austenita proporciona excelente tenacidade e processabilidade, enquanto a fase ferrita aumenta a resist\u00eancia mec\u00e2nica e a resist\u00eancia \u00e0 corros\u00e3o do material. A exist\u00eancia dessa estrutura bif\u00e1sica permite que o material CD3MN mantenha alta resist\u00eancia mec\u00e2nica, al\u00e9m de apresentar boa plasticidade e tenacidade.<\/p>\n<p>6. Tabela de classifica\u00e7\u00e3o de press\u00e3o aplic\u00e1vel \u00e0 v\u00e1lvula de esfera ASTM A890 4A:<\/p>\n<table border=\"1\" width=\"100%\" cellspacing=\"0\" cellpadding=\"0\">\n<tbody>\n<tr>\n<td rowspan=\"3\" align=\"middle\" bgcolor=\"#8c9e9c\">Press\u00e3o nominal ou n\u00edvel de press\u00e3o<\/td>\n<td colspan=\"13\" align=\"middle\" bgcolor=\"#8c9e9c\">DN\/NPS (mm\/pol.)<\/td>\n<\/tr>\n<tr>\n<td align=\"middle\" bgcolor=\"#8c9e9c\">15<\/td>\n<td align=\"middle\" bgcolor=\"#8c9e9c\">20<\/td>\n<td align=\"middle\" bgcolor=\"#8c9e9c\">25<\/td>\n<td align=\"middle\" bgcolor=\"#8c9e9c\">32<\/td>\n<td align=\"middle\" bgcolor=\"#8c9e9c\">40<\/td>\n<td align=\"middle\" bgcolor=\"#8c9e9c\">50<\/td>\n<td align=\"middle\" bgcolor=\"#8c9e9c\">65<\/td>\n<td align=\"middle\" bgcolor=\"#8c9e9c\">80<\/td>\n<td align=\"middle\" bgcolor=\"#8c9e9c\">100<\/td>\n<td align=\"middle\" bgcolor=\"#8c9e9c\">125<\/td>\n<td align=\"middle\" bgcolor=\"#8c9e9c\">150<\/td>\n<td align=\"middle\" bgcolor=\"#8c9e9c\">200<\/td>\n<td align=\"middle\" bgcolor=\"#8c9e9c\">250<\/td>\n<\/tr>\n<tr>\n<td align=\"middle\" bgcolor=\"#8c9e9c\">1\/2<\/td>\n<td align=\"middle\" bgcolor=\"#8c9e9c\">3\/4<\/td>\n<td align=\"middle\" bgcolor=\"#8c9e9c\">1<\/td>\n<td align=\"middle\" bgcolor=\"#8c9e9c\">11\/4<\/td>\n<td align=\"middle\" bgcolor=\"#8c9e9c\">11\/2<\/td>\n<td align=\"middle\" bgcolor=\"#8c9e9c\">2<\/td>\n<td align=\"middle\" bgcolor=\"#8c9e9c\">21\/2<\/td>\n<td align=\"middle\" bgcolor=\"#8c9e9c\">3<\/td>\n<td align=\"middle\" bgcolor=\"#8c9e9c\">4<\/td>\n<td align=\"middle\" bgcolor=\"#8c9e9c\">5<\/td>\n<td align=\"middle\" bgcolor=\"#8c9e9c\">6<\/td>\n<td align=\"middle\" bgcolor=\"#8c9e9c\">8<\/td>\n<td align=\"middle\" bgcolor=\"#8c9e9c\">10<\/td>\n<\/tr>\n<tr>\n<td align=\"middle\" valign=\"top\">PN16<\/td>\n<td align=\"middle\">\u221a<\/td>\n<td align=\"middle\" valign=\"top\">\u221a<\/td>\n<td align=\"middle\">\u221a<\/td>\n<td align=\"middle\" valign=\"top\">\u221a<\/td>\n<td align=\"middle\">\u221a<\/td>\n<td align=\"middle\" valign=\"top\">\u221a<\/td>\n<td align=\"middle\">\u221a<\/td>\n<td align=\"middle\" valign=\"top\">\u221a<\/td>\n<td align=\"middle\">\u221a<\/td>\n<td align=\"middle\" valign=\"top\">\u221a<\/td>\n<td align=\"middle\">\u221a<\/td>\n<td align=\"middle\" valign=\"top\">\u221a<\/td>\n<td align=\"middle\" valign=\"top\"><\/td>\n<\/tr>\n<tr>\n<td align=\"middle\" valign=\"top\">PN25<\/td>\n<td align=\"middle\">\u221a<\/td>\n<td align=\"middle\">\u221a<\/td>\n<td align=\"middle\" valign=\"top\">\u221a<\/td>\n<td align=\"middle\">\u221a<\/td>\n<td align=\"middle\" valign=\"top\">\u221a<\/td>\n<td align=\"middle\">\u221a<\/td>\n<td align=\"middle\" valign=\"top\">\u221a<\/td>\n<td align=\"middle\">\u221a<\/td>\n<td align=\"middle\" valign=\"top\">\u221a<\/td>\n<td align=\"middle\">\u221a<\/td>\n<td align=\"middle\" valign=\"top\">\u221a<\/td>\n<td align=\"middle\">\u221a<\/td>\n<td align=\"middle\" valign=\"top\"><\/td>\n<\/tr>\n<tr>\n<td align=\"middle\" valign=\"top\">PN40<\/td>\n<td align=\"middle\">\u221a<\/td>\n<td align=\"middle\">\u221a<\/td>\n<td align=\"middle\" valign=\"top\">\u221a<\/td>\n<td align=\"middle\">\u221a<\/td>\n<td align=\"middle\" valign=\"top\">\u221a<\/td>\n<td align=\"middle\">\u221a<\/td>\n<td align=\"middle\" valign=\"top\">\u221a<\/td>\n<td align=\"middle\">\u221a<\/td>\n<td align=\"middle\" valign=\"top\">\u221a<\/td>\n<td align=\"middle\">\u221a<\/td>\n<td align=\"middle\" valign=\"top\">\u221a<\/td>\n<td align=\"middle\">\u221a<\/td>\n<td align=\"middle\" valign=\"top\"><\/td>\n<\/tr>\n<tr>\n<td align=\"middle\" valign=\"top\">PN63<\/td>\n<td align=\"middle\">\u221a<\/td>\n<td align=\"middle\">\u221a<\/td>\n<td align=\"middle\" valign=\"top\">\u221a<\/td>\n<td align=\"middle\">\u221a<\/td>\n<td align=\"middle\" valign=\"top\">\u221a<\/td>\n<td align=\"middle\">\u221a<\/td>\n<td align=\"middle\" valign=\"top\">\u221a<\/td>\n<td align=\"middle\">\u221a<\/td>\n<td align=\"middle\" valign=\"top\">\u221a<\/td>\n<td align=\"middle\"><\/td>\n<td align=\"middle\" valign=\"top\"><\/td>\n<td align=\"middle\"><\/td>\n<td align=\"middle\" valign=\"top\"><\/td>\n<\/tr>\n<tr>\n<td align=\"middle\" valign=\"top\">PN100<\/td>\n<td align=\"middle\">\u221a<\/td>\n<td align=\"middle\" valign=\"top\">\u221a<\/td>\n<td align=\"middle\">\u221a<\/td>\n<td align=\"middle\" valign=\"top\">\u221a<\/td>\n<td align=\"middle\">\u221a<\/td>\n<td align=\"middle\" valign=\"top\">\u221a<\/td>\n<td align=\"middle\">\u221a<\/td>\n<td align=\"middle\" valign=\"top\">\u221a<\/td>\n<td align=\"middle\">\u221a<\/td>\n<td align=\"middle\" valign=\"top\"><\/td>\n<td align=\"middle\"><\/td>\n<td align=\"middle\" valign=\"top\"><\/td>\n<td align=\"middle\" valign=\"top\"><\/td>\n<\/tr>\n<tr>\n<td align=\"middle\" valign=\"top\">PN160<\/td>\n<td align=\"middle\">\u221a<\/td>\n<td align=\"middle\" valign=\"top\">\u221a<\/td>\n<td align=\"middle\">\u221a<\/td>\n<td align=\"middle\" valign=\"top\">\u221a<\/td>\n<td align=\"middle\">\u221a<\/td>\n<td align=\"middle\" valign=\"top\">\u221a<\/td>\n<td align=\"middle\">\u221a<\/td>\n<td align=\"middle\" valign=\"top\">\u221a<\/td>\n<td align=\"middle\">\u221a<\/td>\n<td align=\"middle\"><\/td>\n<td align=\"middle\" valign=\"top\"><\/td>\n<td align=\"middle\"><\/td>\n<td align=\"middle\"><\/td>\n<\/tr>\n<tr>\n<td align=\"middle\" valign=\"top\">Classe 150 (PN20)<\/td>\n<td align=\"middle\">\u221a<\/td>\n<td align=\"middle\">\u221a<\/td>\n<td align=\"middle\">\u221a<\/td>\n<td align=\"middle\">\u221a<\/td>\n<td align=\"middle\">\u221a<\/td>\n<td align=\"middle\">\u221a<\/td>\n<td align=\"middle\">\u221a<\/td>\n<td align=\"middle\">\u221a<\/td>\n<td align=\"middle\">\u221a<\/td>\n<td align=\"middle\">\u221a<\/td>\n<td align=\"middle\">\u221a<\/td>\n<td align=\"middle\">\u221a<\/td>\n<td align=\"middle\">\u221a<\/td>\n<\/tr>\n<tr>\n<td align=\"middle\" valign=\"top\">Classe 300 (PN50)<\/td>\n<td align=\"middle\">\u221a<\/td>\n<td align=\"middle\">\u221a<\/td>\n<td align=\"middle\">\u221a<\/td>\n<td align=\"middle\">\u221a<\/td>\n<td align=\"middle\">\u221a<\/td>\n<td align=\"middle\">\u221a<\/td>\n<td align=\"middle\">\u221a<\/td>\n<td align=\"middle\">\u221a<\/td>\n<td align=\"middle\">\u221a<\/td>\n<td align=\"middle\">\u221a<\/td>\n<td align=\"middle\">\u221a<\/td>\n<td align=\"middle\">\u221a<\/td>\n<td align=\"middle\"><\/td>\n<\/tr>\n<tr>\n<td align=\"middle\" valign=\"top\">Classe 600 (PN110)<\/td>\n<td align=\"middle\">\u221a<\/td>\n<td align=\"middle\">\u221a<\/td>\n<td align=\"middle\">\u221a<\/td>\n<td align=\"middle\">\u221a<\/td>\n<td align=\"middle\">\u221a<\/td>\n<td align=\"middle\">\u221a<\/td>\n<td align=\"middle\">\u221a<\/td>\n<td align=\"middle\">\u221a<\/td>\n<td align=\"middle\">\u221a<\/td>\n<td align=\"middle\"><\/td>\n<td align=\"middle\"><\/td>\n<td align=\"middle\"><\/td>\n<td align=\"middle\"><\/td>\n<\/tr>\n<tr>\n<td align=\"middle\" valign=\"top\">Classe 900 (PN150)<\/td>\n<td align=\"middle\">\u221a<\/td>\n<td align=\"middle\">\u221a<\/td>\n<td align=\"middle\">\u221a<\/td>\n<td align=\"middle\">\u221a<\/td>\n<td align=\"middle\">\u221a<\/td>\n<td align=\"middle\">\u221a<\/td>\n<td align=\"middle\"><\/td>\n<td align=\"middle\"><\/td>\n<td align=\"middle\"><\/td>\n<td align=\"middle\"><\/td>\n<td align=\"middle\"><\/td>\n<td align=\"middle\"><\/td>\n<td align=\"middle\"><\/td>\n<\/tr>\n<tr>\n<td align=\"middle\" valign=\"top\">Classe 1500\/PN260<\/td>\n<td align=\"middle\">\u221a<\/td>\n<td align=\"middle\">\u221a<\/td>\n<td align=\"middle\">\u221a<\/td>\n<td align=\"middle\">\u221a<\/td>\n<td align=\"middle\">\u221a<\/td>\n<td align=\"middle\">\u221a<\/td>\n<td align=\"middle\"><\/td>\n<td align=\"middle\"><\/td>\n<td align=\"middle\"><\/td>\n<td align=\"middle\"><\/td>\n<td align=\"middle\"><\/td>\n<td align=\"middle\"><\/td>\n<td align=\"middle\"><\/td>\n<\/tr>\n<tr>\n<td align=\"middle\" valign=\"top\">JIS 10K<\/td>\n<td align=\"middle\">\u221a<\/td>\n<td align=\"middle\">\u221a<\/td>\n<td align=\"middle\">\u221a<\/td>\n<td align=\"middle\">\u221a<\/td>\n<td align=\"middle\">\u221a<\/td>\n<td align=\"middle\">\u221a<\/td>\n<td align=\"middle\">\u221a<\/td>\n<td align=\"middle\">\u221a<\/td>\n<td align=\"middle\">\u221a<\/td>\n<td align=\"middle\">\u221a<\/td>\n<td align=\"middle\">\u221a<\/td>\n<td align=\"middle\">\u221a<\/td>\n<td align=\"middle\">\u221a<\/td>\n<\/tr>\n<tr>\n<td align=\"middle\" valign=\"top\">JIS 20K<\/td>\n<td align=\"middle\">\u221a<\/td>\n<td align=\"middle\">\u221a<\/td>\n<td align=\"middle\">\u221a<\/td>\n<td align=\"middle\">\u221a<\/td>\n<td align=\"middle\">\u221a<\/td>\n<td align=\"middle\">\u221a<\/td>\n<td align=\"middle\">\u221a<\/td>\n<td align=\"middle\">\u221a<\/td>\n<td align=\"middle\">\u221a<\/td>\n<td align=\"middle\">\u221a<\/td>\n<td align=\"middle\">\u221a<\/td>\n<td align=\"middle\">\u221a<\/td>\n<td align=\"middle\"><\/td>\n<\/tr>\n<\/tbody>\n<\/table>\n<p>Fabricante de v\u00e1lvula de esfera A890-CD3MN da China, suprimentos indianos para v\u00e1lvula de esfera flutuante A890-CD3MN, v\u00e1lvula de esfera flutuante A890-CD3MN, v\u00e1lvula de esfera flutuante A890-CD3MN de 1 polegada, v\u00e1lvula de esfera flutuante A890-CD3MN de 150 lb.<\/p>","protected":false},"excerpt":{"rendered":"<p>Padr\u00e3o de projeto: API 6D\/API 608<br \/>\nSeguran\u00e7a contra inc\u00eandio: API 607\/6FA<br \/>\nClassifica\u00e7\u00f5es de temperatura de press\u00e3o: ASME B16.34<br \/>\nFaixa de tamanho: 2\u201d a 48\u201d \uff08DN50-DN1200\uff09<br \/>\nPorta: passagem total ou passagem reduzida<br \/>\nFaixa de press\u00e3o: 150LB a 2500LB<br \/>\nConex\u00f5es finais: RF flangeado, RTJ, solda de topo<br \/>\nTipo de bola: Bola s\u00f3lida forjada<br \/>\nDimens\u00f5es da extremidade flangeada: ASME B16.5 (24\u201d e abaixo), ASME B16.47 S\u00e9rie A ou B (acima de 24\u201d)<br \/>\nDimens\u00f5es da extremidade da solda de topo: ASME B16.25<br \/>\nDimens\u00f5es face a face: ASME B16.10<br \/>\nInspe\u00e7\u00e3o e Teste: API 6D<br \/>\nMateriais do corpo: A105\/A105N, F304, F316, F316L, F51, F53, F55, C95800, UNS N08825, UNS N06625.<br \/>\nMateriais do assento: PTFE, RPTFE, DEVLON, NYLON, PEEK, assento met\u00e1lico com TCC\/STL\/Ni.<\/p>","protected":false},"featured_media":18390,"template":"","meta":{"advanced_seo_description":"","jetpack_seo_html_title":"","jetpack_seo_noindex":false},"product_brand":[],"product_cat":[83],"product_tag":[406,407,405,403,404],"class_list":{"0":"post-18389","1":"product","2":"type-product","3":"status-publish","4":"has-post-thumbnail","6":"product_cat-ball-valves","7":"product_tag-1-inch-a890-cd3mn-ball-valve","8":"product_tag-150lb-a890-cd3mn-floating-ball-valve","9":"product_tag-a890-cd3mn-floating-ball-valve","10":"product_tag-china-a890-cd3mn-ball-valve-manufacturer","11":"product_tag-oudian-supplies-a890-cd3mn-floating-ball-valve","13":"first","14":"instock","15":"shipping-taxable","16":"product-type-simple"},"jetpack_sharing_enabled":true,"_links":{"self":[{"href":"https:\/\/oudianvalve.com\/pt\/wp-json\/wp\/v2\/product\/18389","targetHints":{"allow":["GET"]}}],"collection":[{"href":"https:\/\/oudianvalve.com\/pt\/wp-json\/wp\/v2\/product"}],"about":[{"href":"https:\/\/oudianvalve.com\/pt\/wp-json\/wp\/v2\/types\/product"}],"wp:featuredmedia":[{"embeddable":true,"href":"https:\/\/oudianvalve.com\/pt\/wp-json\/wp\/v2\/media\/18390"}],"wp:attachment":[{"href":"https:\/\/oudianvalve.com\/pt\/wp-json\/wp\/v2\/media?parent=18389"}],"wp:term":[{"taxonomy":"product_brand","embeddable":true,"href":"https:\/\/oudianvalve.com\/pt\/wp-json\/wp\/v2\/product_brand?post=18389"},{"taxonomy":"product_cat","embeddable":true,"href":"https:\/\/oudianvalve.com\/pt\/wp-json\/wp\/v2\/product_cat?post=18389"},{"taxonomy":"product_tag","embeddable":true,"href":"https:\/\/oudianvalve.com\/pt\/wp-json\/wp\/v2\/product_tag?post=18389"}],"curies":[{"name":"wp","href":"https:\/\/api.w.org\/{rel}","templated":true}]}}