{"id":18376,"date":"2025-06-14T00:57:58","date_gmt":"2025-06-14T00:57:58","guid":{"rendered":"https:\/\/oudianvalve.com\/?post_type=product&#038;p=18376"},"modified":"2025-06-14T01:01:23","modified_gmt":"2025-06-14T01:01:23","slug":"ta2-ball-valve-pn16-dn25-rf-end","status":"publish","type":"product","link":"https:\/\/oudianvalve.com\/pt\/products\/ball-valves\/ta2-ball-valve-pn16-dn25-rf-end\/","title":{"rendered":"V\u00e1lvula de esfera TA2, PN16, DN25, extremidade RF"},"content":{"rendered":"<p>Descri\u00e7\u00e3o da v\u00e1lvula:<br \/>\nTipo de v\u00e1lvula: V\u00e1lvula de esfera flutuante<br \/>\nMaterial do corpo: Tit\u00e2nio TA2.<br \/>\nDi\u00e2metro nominal: DN25<br \/>\nClassifica\u00e7\u00e3o de press\u00e3o: PN16<br \/>\nConex\u00e3o final: Flange RF<br \/>\nTemperatura de trabalho: -29\u2103~+200\u2103.<br \/>\nOpera\u00e7\u00e3o: Alavanca.<\/p>\n<p>Campos de aplica\u00e7\u00e3o e caracter\u00edsticas do produto da v\u00e1lvula de esfera de tit\u00e2nio com prensagem isost\u00e1tica a quente<br \/>\nComo v\u00e1lvula de alto desempenho, a v\u00e1lvula de esfera de tit\u00e2nio com prensagem isost\u00e1tica a quente tem sido amplamente utilizada em diversos setores devido ao seu material e design estrutural exclusivos. Suas principais \u00e1reas de aplica\u00e7\u00e3o incluem petr\u00f3leo, ind\u00fastria qu\u00edmica, produ\u00e7\u00e3o de sal, cloro-\u00e1lcali, carbonato de s\u00f3dio, ureia e dessaliniza\u00e7\u00e3o de \u00e1gua do mar. A v\u00e1lvula de esfera de tit\u00e2nio com prensagem isost\u00e1tica a quente adota uma estrutura de carregamento superior, que pode reduzir os parafusos de conex\u00e3o do pr\u00f3prio corpo da v\u00e1lvula em condi\u00e7\u00f5es de alta press\u00e3o e grande di\u00e2metro, aumentando a confiabilidade da v\u00e1lvula e superando a influ\u00eancia do peso morto do sistema na opera\u00e7\u00e3o normal da v\u00e1lvula.<\/p>\n<p>As caracter\u00edsticas da v\u00e1lvula de esfera de tit\u00e2nio prensada isost\u00e1tica a quente s\u00e3o sua excelente resist\u00eancia \u00e0 corros\u00e3o, alta resist\u00eancia mec\u00e2nica e baixa densidade. O tit\u00e2nio \u00e9 um metal altamente quimicamente ativo com boa afinidade por oxig\u00eanio. Ao entrar em contato com a atmosfera ou qualquer meio contendo oxig\u00eanio, pode formar imediatamente uma pel\u00edcula de \u00f3xido passiva forte e compacta em sua superf\u00edcie. Essa pel\u00edcula de \u00f3xido \u00e9 muito est\u00e1vel e dif\u00edcil de dissolver. Mesmo se for mecanicamente danificada, ela se regenerar\u00e1 rapidamente enquanto houver oxig\u00eanio. Portanto, as v\u00e1lvulas de esfera de tit\u00e2nio t\u00eam um bom desempenho em uma variedade de meios corrosivos, especialmente adequadas para equipamentos nas ind\u00fastrias de cloro-\u00e1lcali, carbonato de s\u00f3dio, farmac\u00eautica, ureia e petroqu\u00edmica. Al\u00e9m disso, as v\u00e1lvulas de esfera de tit\u00e2nio tamb\u00e9m t\u00eam dois formatos: veda\u00e7\u00e3o macia e veda\u00e7\u00e3o r\u00edgida de metal, que podem resolver os problemas de corros\u00e3o que s\u00e3o dif\u00edceis de resolver com v\u00e1lvulas como a\u00e7o inoxid\u00e1vel, liga de cobre, alum\u00ednio ou pl\u00e1stico em tubula\u00e7\u00f5es industriais.<\/p>\n<p>Introdu\u00e7\u00e3o e aplica\u00e7\u00e3o da tecnologia de prensagem isost\u00e1tica a quente<br \/>\nA prensagem isost\u00e1tica a quente (HIP) \u00e9 um processo especial de tratamento t\u00e9rmico para materiais met\u00e1licos ou cer\u00e2micos, sendo um importante meio de prepara\u00e7\u00e3o de materiais de alto desempenho. Este processo densifica a estrutura interna do material atrav\u00e9s da a\u00e7\u00e3o combinada de alta temperatura e alta press\u00e3o, eliminando todos os poros e defeitos, formando um todo uniforme e denso, melhorando significativamente a resist\u00eancia ao desgaste, a resist\u00eancia \u00e0 corros\u00e3o e as propriedades mec\u00e2nicas do material. A tecnologia de prensagem isost\u00e1tica a quente pode ser aplicada \u00e0 conforma\u00e7\u00e3o por metalurgia do p\u00f3 ou \u00e0 densifica\u00e7\u00e3o de pe\u00e7as fundidas (como pe\u00e7as fundidas de contra\u00e7\u00e3o solta, como ligas de tit\u00e2nio, ligas de alta temperatura, ligas de alum\u00ednio, etc.).<\/p>\n<p>O dispositivo de prensagem isost\u00e1tica a quente \u00e9 composto principalmente por um vaso de press\u00e3o resfriado a \u00e1gua, um forno de aquecimento e recursos adicionais, como controle, seguran\u00e7a e manipula\u00e7\u00e3o. O processo operacional inclui a introdu\u00e7\u00e3o do p\u00f3 ou p\u00f3 compacto na embalagem, a selagem a v\u00e1cuo ap\u00f3s a remo\u00e7\u00e3o do g\u00e1s, a coloca\u00e7\u00e3o em um vaso de press\u00e3o, o bombeamento de g\u00e1s inerte a uma determinada press\u00e3o e, em seguida, o aquecimento at\u00e9 a temperatura necess\u00e1ria para completar a conforma\u00e7\u00e3o e a sinteriza\u00e7\u00e3o. A tecnologia de prensagem isost\u00e1tica a quente \u00e9 amplamente utilizada nas ind\u00fastrias naval, aeron\u00e1utica, aeroespacial, automotiva e outras, pois combina as vantagens da prensagem a quente e da prensagem isost\u00e1tica, apresenta baixa temperatura de conforma\u00e7\u00e3o, produtos densos e excelente desempenho.<\/p>\n<p>No processo de produ\u00e7\u00e3o de v\u00e1lvulas de esfera de tit\u00e2nio por prensagem isost\u00e1tica a quente, a tecnologia de prensagem isost\u00e1tica a quente pode ser utilizada para melhorar a densidade e as propriedades mec\u00e2nicas dos materiais de tit\u00e2nio, aprimorando assim a qualidade e a confiabilidade geral da v\u00e1lvula. Atrav\u00e9s do tratamento de prensagem isost\u00e1tica a quente, a resist\u00eancia ao desgaste, a resist\u00eancia \u00e0 corros\u00e3o e a vida \u00fatil \u00e0 fadiga das v\u00e1lvulas de esfera de tit\u00e2nio s\u00e3o significativamente aumentadas, tornando-as mais dur\u00e1veis sob diversas condi\u00e7\u00f5es de trabalho adversas.<\/p>\n<p>Caracter\u00edsticas dos materiais e conte\u00fado de elementos qu\u00edmicos dos materiais de tit\u00e2nio<br \/>\nO tit\u00e2nio \u00e9 um metal com excelentes propriedades. \u00c9 leve, duro, resistente \u00e0 corros\u00e3o e possui boa biocompatibilidade. A densidade do tit\u00e2nio \u00e9 de cerca de 4,5 g\/cm\u00b3, o que representa apenas 57% da do a\u00e7o, mas sua resist\u00eancia espec\u00edfica (raz\u00e3o entre resist\u00eancia e densidade) \u00e9 muito alta, cerca de 2 vezes a dureza do a\u00e7o comum e cerca de 6 vezes a do alum\u00ednio. O tit\u00e2nio possui excelente resist\u00eancia \u00e0 corros\u00e3o e pode permanecer livre de corros\u00e3o na \u00e1gua do mar por 20 a 50 anos, podendo at\u00e9 mesmo resistir \u00e0 eros\u00e3o da \u00e1gua r\u00e9gia.<\/p>\n<p>Entre a composi\u00e7\u00e3o qu\u00edmica dos materiais de tit\u00e2nio, o tit\u00e2nio industrial puro, como o TA1, possui um teor de tit\u00e2nio superior a 99,5%, e o teor de impurezas \u00e9 muito baixo, como oligoelementos como ferro, hidrog\u00eanio, nitrog\u00eanio e carbono. Essas impurezas t\u00eam um efeito sutil no desempenho dos materiais de tit\u00e2nio. Por exemplo, o tit\u00e2nio industrial puro, como o TA2 e o TA3, apresenta maior resist\u00eancia e dureza em compara\u00e7\u00e3o com o TA1. Ligas de tit\u00e2nio como o TC4 (Ti-6Al-4V) apresentam maior resist\u00eancia e melhor resist\u00eancia a altas temperaturas, sendo amplamente utilizadas nas \u00e1reas aeroespacial, m\u00e9dica e outras.<\/p>\n<p>Em resumo, as v\u00e1lvulas de esfera de tit\u00e2nio com tecnologia de prensagem isost\u00e1tica a quente t\u00eam sido amplamente utilizadas em diversos setores devido \u00e0 sua excelente resist\u00eancia \u00e0 corros\u00e3o, alta resist\u00eancia mec\u00e2nica e baixa densidade. Como um importante meio de prepara\u00e7\u00e3o de materiais de alto desempenho, a tecnologia de prensagem isost\u00e1tica a quente aprimora ainda mais a qualidade e a confiabilidade das v\u00e1lvulas de esfera de tit\u00e2nio, melhorando a densidade e as propriedades mec\u00e2nicas dos materiais de tit\u00e2nio. As caracter\u00edsticas do material e o teor de elementos qu\u00edmicos do tit\u00e2nio fornecem uma base s\u00f3lida para sua aplica\u00e7\u00e3o em diversas condi\u00e7\u00f5es de trabalho adversas.<\/p>\n<p>Tabela de aplica\u00e7\u00e3o de calibre de press\u00e3o de v\u00e1lvula de esfera de tit\u00e2nio com tecnologia de prensagem isost\u00e1tica a quente<\/p>\n<p>Podemos produzir v\u00e1lvulas de esfera de liga de tit\u00e2nio TA2, v\u00e1lvulas de gaveta de tit\u00e2nio, v\u00e1lvulas globo, v\u00e1lvulas de reten\u00e7\u00e3o etc.<\/p>\n<table border=\"1\" width=\"100%\" cellspacing=\"0\" cellpadding=\"0\">\n<tbody>\n<tr>\n<td rowspan=\"3\" align=\"middle\" bgcolor=\"#8c9e9c\">Press\u00e3o nominal ou n\u00edvel de press\u00e3o<\/td>\n<td colspan=\"13\" align=\"middle\" bgcolor=\"#8c9e9c\">DN\/NPS (mm\/pol.)<\/td>\n<\/tr>\n<tr>\n<td align=\"middle\" bgcolor=\"#8c9e9c\">15<\/td>\n<td align=\"middle\" bgcolor=\"#8c9e9c\">20<\/td>\n<td align=\"middle\" bgcolor=\"#8c9e9c\">25<\/td>\n<td align=\"middle\" bgcolor=\"#8c9e9c\">32<\/td>\n<td align=\"middle\" bgcolor=\"#8c9e9c\">40<\/td>\n<td align=\"middle\" bgcolor=\"#8c9e9c\">50<\/td>\n<td align=\"middle\" bgcolor=\"#8c9e9c\">65<\/td>\n<td align=\"middle\" bgcolor=\"#8c9e9c\">80<\/td>\n<td align=\"middle\" bgcolor=\"#8c9e9c\">100<\/td>\n<td align=\"middle\" bgcolor=\"#8c9e9c\">125<\/td>\n<td align=\"middle\" bgcolor=\"#8c9e9c\">150<\/td>\n<td align=\"middle\" bgcolor=\"#8c9e9c\">200<\/td>\n<td align=\"middle\" bgcolor=\"#8c9e9c\">250<\/td>\n<\/tr>\n<tr>\n<td align=\"middle\" bgcolor=\"#8c9e9c\">1\/2<\/td>\n<td align=\"middle\" bgcolor=\"#8c9e9c\">3\/4<\/td>\n<td align=\"middle\" bgcolor=\"#8c9e9c\">1<\/td>\n<td align=\"middle\" bgcolor=\"#8c9e9c\">11\/4<\/td>\n<td align=\"middle\" bgcolor=\"#8c9e9c\">11\/2<\/td>\n<td align=\"middle\" bgcolor=\"#8c9e9c\">2<\/td>\n<td align=\"middle\" bgcolor=\"#8c9e9c\">21\/2<\/td>\n<td align=\"middle\" bgcolor=\"#8c9e9c\">3<\/td>\n<td align=\"middle\" bgcolor=\"#8c9e9c\">4<\/td>\n<td align=\"middle\" bgcolor=\"#8c9e9c\">5<\/td>\n<td align=\"middle\" bgcolor=\"#8c9e9c\">6<\/td>\n<td align=\"middle\" bgcolor=\"#8c9e9c\">8<\/td>\n<td align=\"middle\" bgcolor=\"#8c9e9c\">10<\/td>\n<\/tr>\n<tr>\n<td align=\"middle\" valign=\"top\">PN16<\/td>\n<td align=\"middle\">\u221a<\/td>\n<td align=\"middle\" valign=\"top\">\u221a<\/td>\n<td align=\"middle\">\u221a<\/td>\n<td align=\"middle\" valign=\"top\">\u221a<\/td>\n<td align=\"middle\">\u221a<\/td>\n<td align=\"middle\" valign=\"top\">\u221a<\/td>\n<td align=\"middle\">\u221a<\/td>\n<td align=\"middle\" valign=\"top\">\u221a<\/td>\n<td align=\"middle\">\u221a<\/td>\n<td align=\"middle\" valign=\"top\">\u221a<\/td>\n<td align=\"middle\">\u221a<\/td>\n<td align=\"middle\" valign=\"top\">\u221a<\/td>\n<td align=\"middle\" valign=\"top\"><\/td>\n<\/tr>\n<tr>\n<td align=\"middle\" valign=\"top\">PN25<\/td>\n<td align=\"middle\">\u221a<\/td>\n<td align=\"middle\">\u221a<\/td>\n<td align=\"middle\" valign=\"top\">\u221a<\/td>\n<td align=\"middle\">\u221a<\/td>\n<td align=\"middle\" valign=\"top\">\u221a<\/td>\n<td align=\"middle\">\u221a<\/td>\n<td align=\"middle\" valign=\"top\">\u221a<\/td>\n<td align=\"middle\">\u221a<\/td>\n<td align=\"middle\" valign=\"top\">\u221a<\/td>\n<td align=\"middle\">\u221a<\/td>\n<td align=\"middle\" valign=\"top\">\u221a<\/td>\n<td align=\"middle\">\u221a<\/td>\n<td align=\"middle\" valign=\"top\"><\/td>\n<\/tr>\n<tr>\n<td align=\"middle\" valign=\"top\">PN40<\/td>\n<td align=\"middle\">\u221a<\/td>\n<td align=\"middle\">\u221a<\/td>\n<td align=\"middle\" valign=\"top\">\u221a<\/td>\n<td align=\"middle\">\u221a<\/td>\n<td align=\"middle\" valign=\"top\">\u221a<\/td>\n<td align=\"middle\">\u221a<\/td>\n<td align=\"middle\" valign=\"top\">\u221a<\/td>\n<td align=\"middle\">\u221a<\/td>\n<td align=\"middle\" valign=\"top\">\u221a<\/td>\n<td align=\"middle\">\u221a<\/td>\n<td align=\"middle\" valign=\"top\">\u221a<\/td>\n<td align=\"middle\">\u221a<\/td>\n<td align=\"middle\" valign=\"top\"><\/td>\n<\/tr>\n<tr>\n<td align=\"middle\" valign=\"top\">PN63<\/td>\n<td align=\"middle\">\u221a<\/td>\n<td align=\"middle\">\u221a<\/td>\n<td align=\"middle\" valign=\"top\">\u221a<\/td>\n<td align=\"middle\">\u221a<\/td>\n<td align=\"middle\" valign=\"top\">\u221a<\/td>\n<td align=\"middle\">\u221a<\/td>\n<td align=\"middle\" valign=\"top\">\u221a<\/td>\n<td align=\"middle\">\u221a<\/td>\n<td align=\"middle\" valign=\"top\">\u221a<\/td>\n<td align=\"middle\"><\/td>\n<td align=\"middle\" valign=\"top\"><\/td>\n<td align=\"middle\"><\/td>\n<td align=\"middle\" valign=\"top\"><\/td>\n<\/tr>\n<tr>\n<td align=\"middle\" valign=\"top\">PN100<\/td>\n<td align=\"middle\">\u221a<\/td>\n<td align=\"middle\" valign=\"top\">\u221a<\/td>\n<td align=\"middle\">\u221a<\/td>\n<td align=\"middle\" valign=\"top\">\u221a<\/td>\n<td align=\"middle\">\u221a<\/td>\n<td align=\"middle\" valign=\"top\">\u221a<\/td>\n<td align=\"middle\">\u221a<\/td>\n<td align=\"middle\" valign=\"top\">\u221a<\/td>\n<td align=\"middle\">\u221a<\/td>\n<td align=\"middle\" valign=\"top\"><\/td>\n<td align=\"middle\"><\/td>\n<td align=\"middle\" valign=\"top\"><\/td>\n<td align=\"middle\" valign=\"top\"><\/td>\n<\/tr>\n<tr>\n<td align=\"middle\" valign=\"top\">PN160<\/td>\n<td align=\"middle\">\u221a<\/td>\n<td align=\"middle\" valign=\"top\">\u221a<\/td>\n<td align=\"middle\">\u221a<\/td>\n<td align=\"middle\" valign=\"top\">\u221a<\/td>\n<td align=\"middle\">\u221a<\/td>\n<td align=\"middle\" valign=\"top\">\u221a<\/td>\n<td align=\"middle\">\u221a<\/td>\n<td align=\"middle\" valign=\"top\">\u221a<\/td>\n<td align=\"middle\">\u221a<\/td>\n<td align=\"middle\"><\/td>\n<td align=\"middle\" valign=\"top\"><\/td>\n<td align=\"middle\"><\/td>\n<td align=\"middle\"><\/td>\n<\/tr>\n<tr>\n<td align=\"middle\" valign=\"top\">Classe 150 (PN20)<\/td>\n<td align=\"middle\">\u221a<\/td>\n<td align=\"middle\">\u221a<\/td>\n<td align=\"middle\">\u221a<\/td>\n<td align=\"middle\">\u221a<\/td>\n<td align=\"middle\">\u221a<\/td>\n<td align=\"middle\">\u221a<\/td>\n<td align=\"middle\">\u221a<\/td>\n<td align=\"middle\">\u221a<\/td>\n<td align=\"middle\">\u221a<\/td>\n<td align=\"middle\">\u221a<\/td>\n<td align=\"middle\">\u221a<\/td>\n<td align=\"middle\">\u221a<\/td>\n<td align=\"middle\">\u221a<\/td>\n<\/tr>\n<tr>\n<td align=\"middle\" valign=\"top\">Classe 300 (PN50)<\/td>\n<td align=\"middle\">\u221a<\/td>\n<td align=\"middle\">\u221a<\/td>\n<td align=\"middle\">\u221a<\/td>\n<td align=\"middle\">\u221a<\/td>\n<td align=\"middle\">\u221a<\/td>\n<td align=\"middle\">\u221a<\/td>\n<td align=\"middle\">\u221a<\/td>\n<td align=\"middle\">\u221a<\/td>\n<td align=\"middle\">\u221a<\/td>\n<td align=\"middle\">\u221a<\/td>\n<td align=\"middle\">\u221a<\/td>\n<td align=\"middle\">\u221a<\/td>\n<td align=\"middle\"><\/td>\n<\/tr>\n<tr>\n<td align=\"middle\" valign=\"top\">Classe 600 (PN110)<\/td>\n<td align=\"middle\">\u221a<\/td>\n<td align=\"middle\">\u221a<\/td>\n<td align=\"middle\">\u221a<\/td>\n<td align=\"middle\">\u221a<\/td>\n<td align=\"middle\">\u221a<\/td>\n<td align=\"middle\">\u221a<\/td>\n<td align=\"middle\">\u221a<\/td>\n<td align=\"middle\">\u221a<\/td>\n<td align=\"middle\">\u221a<\/td>\n<td align=\"middle\"><\/td>\n<td align=\"middle\"><\/td>\n<td align=\"middle\"><\/td>\n<td align=\"middle\"><\/td>\n<\/tr>\n<tr>\n<td align=\"middle\" valign=\"top\">Classe 900 (PN150)<\/td>\n<td align=\"middle\">\u221a<\/td>\n<td align=\"middle\">\u221a<\/td>\n<td align=\"middle\">\u221a<\/td>\n<td align=\"middle\">\u221a<\/td>\n<td align=\"middle\">\u221a<\/td>\n<td align=\"middle\">\u221a<\/td>\n<td align=\"middle\"><\/td>\n<td align=\"middle\"><\/td>\n<td align=\"middle\"><\/td>\n<td align=\"middle\"><\/td>\n<td align=\"middle\"><\/td>\n<td align=\"middle\"><\/td>\n<td align=\"middle\"><\/td>\n<\/tr>\n<tr>\n<td align=\"middle\" valign=\"top\">Classe 1500\/PN260<\/td>\n<td align=\"middle\">\u221a<\/td>\n<td align=\"middle\">\u221a<\/td>\n<td align=\"middle\">\u221a<\/td>\n<td align=\"middle\">\u221a<\/td>\n<td align=\"middle\">\u221a<\/td>\n<td align=\"middle\">\u221a<\/td>\n<td align=\"middle\"><\/td>\n<td align=\"middle\"><\/td>\n<td align=\"middle\"><\/td>\n<td align=\"middle\"><\/td>\n<td align=\"middle\"><\/td>\n<td align=\"middle\"><\/td>\n<td align=\"middle\"><\/td>\n<\/tr>\n<tr>\n<td align=\"middle\" valign=\"top\">JIS 10K<\/td>\n<td align=\"middle\">\u221a<\/td>\n<td align=\"middle\">\u221a<\/td>\n<td align=\"middle\">\u221a<\/td>\n<td align=\"middle\">\u221a<\/td>\n<td align=\"middle\">\u221a<\/td>\n<td align=\"middle\">\u221a<\/td>\n<td align=\"middle\">\u221a<\/td>\n<td align=\"middle\">\u221a<\/td>\n<td align=\"middle\">\u221a<\/td>\n<td align=\"middle\">\u221a<\/td>\n<td align=\"middle\">\u221a<\/td>\n<td align=\"middle\">\u221a<\/td>\n<td align=\"middle\">\u221a<\/td>\n<\/tr>\n<tr>\n<td align=\"middle\" valign=\"top\">JIS 20K<\/td>\n<td align=\"middle\">\u221a<\/td>\n<td align=\"middle\">\u221a<\/td>\n<td align=\"middle\">\u221a<\/td>\n<td align=\"middle\">\u221a<\/td>\n<td align=\"middle\">\u221a<\/td>\n<td align=\"middle\">\u221a<\/td>\n<td align=\"middle\">\u221a<\/td>\n<td align=\"middle\">\u221a<\/td>\n<td align=\"middle\">\u221a<\/td>\n<td align=\"middle\">\u221a<\/td>\n<td align=\"middle\">\u221a<\/td>\n<td align=\"middle\">\u221a<\/td>\n<td align=\"middle\"><\/td>\n<\/tr>\n<\/tbody>\n<\/table>\n<p>Fabricante de v\u00e1lvulas de esfera de tit\u00e2nio da China, OUdian Supplies v\u00e1lvulas de esfera flutuantes de tit\u00e2nio, v\u00e1lvulas de esfera flutuantes TA2, v\u00e1lvulas de esfera de tit\u00e2nio DN25, v\u00e1lvulas de esfera flutuantes de tit\u00e2nio PN16.<\/p>","protected":false},"excerpt":{"rendered":"<p>Padr\u00e3o de projeto: API 6D<br \/>\nSeguran\u00e7a contra inc\u00eandio: API 607\/6FA<br \/>\nClassifica\u00e7\u00f5es de press\u00e3o-temperatura: ASME B16.34<br \/>\nFaixa de tamanho: 2\u201d a 48\u201d<br \/>\nFaixa de press\u00e3o: Classe 150 a 2500<br \/>\nConex\u00f5es finais: RF flangeado, RTJ, solda de topo<br \/>\nTipo de esfera: Esfera s\u00f3lida forjada, montada em munh\u00e3o<br \/>\nDimens\u00f5es da extremidade flangeada: ASME B16.5 (\u226424\u201d), ASME B16.47 S\u00e9rie A ou B (&gt;24\u201d)<br \/>\nDimens\u00f5es da extremidade da solda de topo: ASME B16.25 face a face<br \/>\nDimens\u00f5es face a face: ASME B16.10<br \/>\nInspe\u00e7\u00e3o e Teste: API 6D<br \/>\nMateriais do corpo: ZTA1, ZTA2, ZTA3, ZTA9, ZTA10, ZTC4 TA1, TA2, TA3, TA9, TA10, TC4 Tit\u00e2nio Gr2, Gr3, Gr5, Gr6, Gr7, Gr12 Tit\u00e2nio GrC2, GrC3, GrC5, GrC6, Ti-Pd7B, GrC12 Tit\u00e2nio GrF2, Gr3F, GrF5, GrF6, GrF7, GrF12<br \/>\nMateriais do assento: PTFE, RPTFE, DEVLON, NYLON, PEEK, totalmente met\u00e1lico com revestimento duro.<\/p>\n<p>&nbsp;<\/p>\n<p>Caracter\u00edsticas do produto<\/p>\n<p>.A resist\u00eancia ao fluxo \u00e9 pequena;<br \/>\n2. Assento do pist\u00e3o, design de estrutura antiest\u00e1tica de prote\u00e7\u00e3o contra inc\u00eandio;<br \/>\n3. Nenhuma limita\u00e7\u00e3o na dire\u00e7\u00e3o do fluxo do meio \uff1b<br \/>\n4.Quando a v\u00e1lvula est\u00e1 na posi\u00e7\u00e3o totalmente aberta, as superf\u00edcies da sede ficam fora do fluxo de fluxo, sempre em contato total com a comporta que pode proteger as superf\u00edcies da sede e s\u00e3o adequadas para a tubula\u00e7\u00e3o de pigging;<br \/>\n5.A embalagem com mola pode ser escolhida;<br \/>\n6. A embalagem de baixa emiss\u00e3o pode ser escolhida de acordo com o requisito ISO 15848;<br \/>\n7. O design estendido da haste pode ser escolhido;<br \/>\n8. O design do assento de metal com metal pode ser escolhido;<br \/>\n9.DBB,DIB-1,DIB-2 design pode ser escolhido;<br \/>\n10.A bola \u00e9 fixada com uma placa de suporte e um eixo fixo;<\/p>","protected":false},"featured_media":18377,"template":"","meta":{"advanced_seo_description":"","jetpack_seo_html_title":"","jetpack_seo_noindex":false},"product_brand":[],"product_cat":[83],"product_tag":[378,384,379,382,383],"class_list":{"0":"post-18376","1":"product","2":"type-product","3":"status-publish","4":"has-post-thumbnail","6":"product_cat-ball-valves","7":"product_tag-china-titanium-ball-valve-manufacturer","8":"product_tag-dn25-titanium-ball-valve","9":"product_tag-oudian-supplies-titanium-floating-ball-valve","10":"product_tag-pn16-titanium-floating-ball-valve","11":"product_tag-ta2-floating-ball-valve","13":"first","14":"instock","15":"shipping-taxable","16":"product-type-simple"},"jetpack_sharing_enabled":true,"_links":{"self":[{"href":"https:\/\/oudianvalve.com\/pt\/wp-json\/wp\/v2\/product\/18376","targetHints":{"allow":["GET"]}}],"collection":[{"href":"https:\/\/oudianvalve.com\/pt\/wp-json\/wp\/v2\/product"}],"about":[{"href":"https:\/\/oudianvalve.com\/pt\/wp-json\/wp\/v2\/types\/product"}],"wp:featuredmedia":[{"embeddable":true,"href":"https:\/\/oudianvalve.com\/pt\/wp-json\/wp\/v2\/media\/18377"}],"wp:attachment":[{"href":"https:\/\/oudianvalve.com\/pt\/wp-json\/wp\/v2\/media?parent=18376"}],"wp:term":[{"taxonomy":"product_brand","embeddable":true,"href":"https:\/\/oudianvalve.com\/pt\/wp-json\/wp\/v2\/product_brand?post=18376"},{"taxonomy":"product_cat","embeddable":true,"href":"https:\/\/oudianvalve.com\/pt\/wp-json\/wp\/v2\/product_cat?post=18376"},{"taxonomy":"product_tag","embeddable":true,"href":"https:\/\/oudianvalve.com\/pt\/wp-json\/wp\/v2\/product_tag?post=18376"}],"curies":[{"name":"wp","href":"https:\/\/api.w.org\/{rel}","templated":true}]}}