{"id":18374,"date":"2025-06-14T00:42:54","date_gmt":"2025-06-14T00:42:54","guid":{"rendered":"https:\/\/oudianvalve.com\/?post_type=product&#038;p=18374"},"modified":"2025-06-14T00:54:46","modified_gmt":"2025-06-14T00:54:46","slug":"ta10-ball-valve-pn16-dn20-rf-end","status":"publish","type":"product","link":"https:\/\/oudianvalve.com\/pt\/products\/ball-valves\/ta10-ball-valve-pn16-dn20-rf-end\/","title":{"rendered":"V\u00e1lvula de esfera TA10, PN16, DN20, extremidade RF"},"content":{"rendered":"<p>Descri\u00e7\u00e3o da v\u00e1lvula:<br \/>\nTipo de v\u00e1lvula: V\u00e1lvula de esfera flutuante<br \/>\nMaterial do corpo: Tit\u00e2nio TA10.<br \/>\nDi\u00e2metro nominal: DN20<br \/>\nClassifica\u00e7\u00e3o de press\u00e3o: PN16<br \/>\nConex\u00e3o final: Flange RF<br \/>\nTemperatura de trabalho: -29\u2103~+200\u2103.<br \/>\nOpera\u00e7\u00e3o: Alavanca.<\/p>\n<p>A v\u00e1lvula de esfera de a\u00e7o forjado TA10 \u00e9 uma v\u00e1lvula de esfera de passagem plena. A v\u00e1lvula \u00e9 aberta ou fechada girando a haste da v\u00e1lvula em um \u00e2ngulo de 90 graus. De acordo com as diferentes press\u00f5es de aplica\u00e7\u00e3o, ela pode ser dividida em v\u00e1lvulas de esfera de a\u00e7o forjado de baixa press\u00e3o e v\u00e1lvulas de esfera de a\u00e7o forjado de alta press\u00e3o. Este tipo de v\u00e1lvula de esfera \u00e9 pequeno em tamanho, leve, de estrutura simples, confi\u00e1vel na veda\u00e7\u00e3o e o fluido flui em uma dire\u00e7\u00e3o, de acordo com a seta marcada no corpo da v\u00e1lvula. As pe\u00e7as s\u00e3o intercambi\u00e1veis, a manuten\u00e7\u00e3o posterior \u00e9 conveniente e f\u00e1cil, e o custo de manuten\u00e7\u00e3o \u00e9 baixo.<br \/>\nComparado com a v\u00e1lvula de esfera de fundi\u00e7\u00e3o,<\/p>\n<p>A v\u00e1lvula de esfera de a\u00e7o forjado TA10 \u00e9 relativamente mais compacta e n\u00e3o apresenta problemas como furos de areia, bolhas e folgas. Devido \u00e0 influ\u00eancia do processo de forjamento, a v\u00e1lvula geralmente n\u00e3o \u00e9 formada de uma s\u00f3 vez e precisa ser forjada modularmente separadamente e, em seguida, conectada por parafusos, porcas ou soldagem. Portanto, o calibre de produ\u00e7\u00e3o ter\u00e1 certas limita\u00e7\u00f5es. O di\u00e2metro da sede da v\u00e1lvula forjada \u00e9 relativamente fixo. Em alguns tamanhos de v\u00e1lvula, seu di\u00e2metro \u00e9 relativamente pequeno, o que afeta a vaz\u00e3o. Se uma v\u00e1lvula grande precisar ser forjada, devido \u00e0s limita\u00e7\u00f5es do processo de forjamento de v\u00e1lvulas grandes, geralmente \u00e9 adotada a estrutura da fundi\u00e7\u00e3o central do corpo da v\u00e1lvula e forjada em ambas as extremidades. Portanto, seja fundi\u00e7\u00e3o ou forjamento, pode haver defici\u00eancias correspondentes no processo de processamento que precisam ser superadas tecnicamente.<\/p>\n<p>A v\u00e1lvula de esfera de a\u00e7o forjado TA10 \u00e9 produzida pela forja da liga de tit\u00e2nio TA10. TA10 \u00e9 uma liga de tit\u00e2nio resistente \u00e0 corros\u00e3o. Trata-se de uma liga quase \u03b1 desenvolvida para melhorar o desempenho do tit\u00e2nio puro em corros\u00e3o por frestas. O n\u00edquel melhora a resist\u00eancia do tit\u00e2nio em solu\u00e7\u00e3o de \u00e1cido clor\u00eddrico \u00e0 corros\u00e3o por frestas. A liga cont\u00e9m 0,31 TP3T Mo e 0,81 TP3T Ni (Ti-0,3 Mo-0,8 Ni). Em \u00e1cido redutor, o molibd\u00eanio pode ser adicionado adequadamente para melhorar sua resist\u00eancia \u00e0 corros\u00e3o em meios redutores.<\/p>\n<p>Composi\u00e7\u00e3o do material da v\u00e1lvula de esfera de a\u00e7o forjado TA10<\/p>\n<p>&nbsp;<\/p>\n<table style=\"height: 317px;\" border=\"2\" width=\"850\" cellspacing=\"0\" cellpadding=\"0\">\n<tbody>\n<tr>\n<td colspan=\"3\" valign=\"top\" width=\"30\" height=\"40\">Composi\u00e7\u00e3o principal<\/p>\n<p>&nbsp;<\/td>\n<td colspan=\"7\" valign=\"top\" width=\"70\" height=\"40\">Impurezas, n\u00e3o mais que<\/td>\n<\/tr>\n<tr>\n<td rowspan=\"2\" valign=\"top\" width=\"10\" height=\"40\">Ti<\/td>\n<td rowspan=\"2\" valign=\"top\" width=\"10\" height=\"40\">M\u00eas<\/td>\n<td rowspan=\"2\" valign=\"top\" width=\"10\" height=\"40\">N\u00e3o<\/td>\n<td rowspan=\"2\" valign=\"top\" width=\"10\" height=\"40\">F\u00e9<\/td>\n<td rowspan=\"2\" valign=\"top\" width=\"10\" height=\"40\">C<\/td>\n<td rowspan=\"2\" valign=\"top\" width=\"10\" height=\"40\">N<\/td>\n<td rowspan=\"2\" valign=\"top\" width=\"10\" height=\"40\">H<\/td>\n<td rowspan=\"2\" valign=\"top\" width=\"10\" height=\"40\">O<\/td>\n<td colspan=\"2\" valign=\"top\" width=\"140\" height=\"40\">Outros Elementos<\/td>\n<\/tr>\n<tr>\n<td valign=\"top\" width=\"10\" height=\"40\">Unidade<\/td>\n<td valign=\"top\" width=\"10\" height=\"40\">Total<\/td>\n<\/tr>\n<tr>\n<td valign=\"top\" width=\"10\" height=\"40\">margem<\/td>\n<td valign=\"top\" width=\"10\" height=\"40\">0,2 a 0,4<\/td>\n<td valign=\"top\" width=\"10\" height=\"40\">0,6 a 0,9<\/td>\n<td valign=\"top\" width=\"10\" height=\"40\">0.30<\/td>\n<td valign=\"top\" width=\"10\" height=\"40\">0.08<\/td>\n<td valign=\"top\" width=\"10\" height=\"40\">0.03<\/td>\n<td valign=\"top\" width=\"10\" height=\"40\">0.015<\/td>\n<td valign=\"top\" width=\"10\" height=\"40\">0.25<\/td>\n<td valign=\"top\" width=\"10\" height=\"40\">0.10<\/td>\n<td valign=\"top\" width=\"10\" height=\"40\">0.40<\/td>\n<\/tr>\n<\/tbody>\n<\/table>\n<p>Podemos produzir v\u00e1lvulas de esfera de liga de tit\u00e2nio TA10, v\u00e1lvulas de gaveta de tit\u00e2nio, v\u00e1lvulas globo, v\u00e1lvulas de reten\u00e7\u00e3o, etc.<br \/>\nFabricante de v\u00e1lvulas de esfera de tit\u00e2nio da China, OUdian Supplies v\u00e1lvulas de esfera flutuantes de tit\u00e2nio, v\u00e1lvulas de esfera flutuantes TA10, v\u00e1lvulas de esfera de tit\u00e2nio DN20, v\u00e1lvulas de esfera flutuantes de tit\u00e2nio PN16.<\/p>","protected":false},"excerpt":{"rendered":"<p>Padr\u00e3o de projeto: API 6D<br \/>\nSeguran\u00e7a contra inc\u00eandio: API 607\/6FA<br \/>\nClassifica\u00e7\u00f5es de press\u00e3o-temperatura: ASME B16.34<br \/>\nFaixa de tamanho: 2\u201d a 48\u201d<br \/>\nFaixa de press\u00e3o: Classe 150 a 2500<br \/>\nConex\u00f5es finais: RF flangeado, RTJ, solda de topo<br \/>\nTipo de esfera: Esfera s\u00f3lida forjada, montada em munh\u00e3o<br \/>\nDimens\u00f5es da extremidade flangeada: ASME B16.5 (\u226424\u201d), ASME B16.47 S\u00e9rie A ou B (&gt;24\u201d)<br \/>\nDimens\u00f5es da extremidade da solda de topo: ASME B16.25 face a face<br \/>\nDimens\u00f5es face a face: ASME B16.10<br \/>\nInspe\u00e7\u00e3o e Teste: API 6D<br \/>\nMateriais do corpo: ZTA1, ZTA2, ZTA3, ZTA9, ZTA10, ZTC4 TA1, TA2, TA3, TA9, TA10, TC4 Tit\u00e2nio Gr2, Gr3, Gr5, Gr6, Gr7, Gr12 Tit\u00e2nio GrC2, GrC3, GrC5, GrC6, Ti-Pd7B, GrC12 Tit\u00e2nio GrF2, Gr3F, GrF5, GrF6, GrF7, GrF12<br \/>\nMateriais do assento: PTFE, RPTFE, DEVLON, NYLON, PEEK, totalmente met\u00e1lico com revestimento duro.<\/p>\n<p>&nbsp;<\/p>\n<p>Caracter\u00edsticas do produto<\/p>\n<p>.A resist\u00eancia ao fluxo \u00e9 pequena;<br \/>\n2. Assento do pist\u00e3o, design de estrutura antiest\u00e1tica de prote\u00e7\u00e3o contra inc\u00eandio;<br \/>\n3. Nenhuma limita\u00e7\u00e3o na dire\u00e7\u00e3o do fluxo do meio \uff1b<br \/>\n4.Quando a v\u00e1lvula est\u00e1 na posi\u00e7\u00e3o totalmente aberta, as superf\u00edcies da sede ficam fora do fluxo de fluxo, sempre em contato total com a comporta que pode proteger as superf\u00edcies da sede e s\u00e3o adequadas para a tubula\u00e7\u00e3o de pigging;<br \/>\n5.A embalagem com mola pode ser escolhida;<br \/>\n6. A embalagem de baixa emiss\u00e3o pode ser escolhida de acordo com o requisito ISO 15848;<br \/>\n7. O design estendido da haste pode ser escolhido;<br \/>\n8. O design do assento de metal com metal pode ser escolhido;<br \/>\n9.DBB,DIB-1,DIB-2 design pode ser escolhido;<br \/>\n10.A bola \u00e9 fixada com uma placa de suporte e um eixo fixo;<\/p>","protected":false},"featured_media":18375,"template":"","meta":{"advanced_seo_description":"","jetpack_seo_html_title":"","jetpack_seo_noindex":false},"product_brand":[],"product_cat":[83],"product_tag":[378,381,379,382,380,377,376],"class_list":{"0":"post-18374","1":"product","2":"type-product","3":"status-publish","4":"has-post-thumbnail","6":"product_cat-ball-valves","7":"product_tag-china-titanium-ball-valve-manufacturer","8":"product_tag-dn20-titanium-ball-valve","9":"product_tag-oudian-supplies-titanium-floating-ball-valve","10":"product_tag-pn16-titanium-floating-ball-valve","11":"product_tag-ta10-floating-ball-valve","12":"product_tag-ta10-titanium-floating-ball-valve","13":"product_tag-titanium-floating-ball-valve","15":"first","16":"instock","17":"shipping-taxable","18":"product-type-simple"},"jetpack_sharing_enabled":true,"_links":{"self":[{"href":"https:\/\/oudianvalve.com\/pt\/wp-json\/wp\/v2\/product\/18374","targetHints":{"allow":["GET"]}}],"collection":[{"href":"https:\/\/oudianvalve.com\/pt\/wp-json\/wp\/v2\/product"}],"about":[{"href":"https:\/\/oudianvalve.com\/pt\/wp-json\/wp\/v2\/types\/product"}],"wp:featuredmedia":[{"embeddable":true,"href":"https:\/\/oudianvalve.com\/pt\/wp-json\/wp\/v2\/media\/18375"}],"wp:attachment":[{"href":"https:\/\/oudianvalve.com\/pt\/wp-json\/wp\/v2\/media?parent=18374"}],"wp:term":[{"taxonomy":"product_brand","embeddable":true,"href":"https:\/\/oudianvalve.com\/pt\/wp-json\/wp\/v2\/product_brand?post=18374"},{"taxonomy":"product_cat","embeddable":true,"href":"https:\/\/oudianvalve.com\/pt\/wp-json\/wp\/v2\/product_cat?post=18374"},{"taxonomy":"product_tag","embeddable":true,"href":"https:\/\/oudianvalve.com\/pt\/wp-json\/wp\/v2\/product_tag?post=18374"}],"curies":[{"name":"wp","href":"https:\/\/api.w.org\/{rel}","templated":true}]}}