{"id":18369,"date":"2025-06-01T14:11:32","date_gmt":"2025-06-01T14:11:32","guid":{"rendered":"https:\/\/oudianvalve.com\/?post_type=product&#038;p=18369"},"modified":"2025-06-01T14:19:59","modified_gmt":"2025-06-01T14:19:59","slug":"pn63-wedge-gate-valve-dn300-gs-c25-din-3352-en-1984","status":"publish","type":"product","link":"https:\/\/oudianvalve.com\/pt\/products\/gate-valves\/pn63-wedge-gate-valve-dn300-gs-c25-din-3352-en-1984\/","title":{"rendered":"V\u00e1lvula de gaveta tipo cunha PN63, DN300,GS-C25, DIN 3352, EN 1984"},"content":{"rendered":"<p>Descri\u00e7\u00e3o da v\u00e1lvula:<br \/>\nNome do produto: V\u00e1lvula de gaveta de cunha PN63<br \/>\nProjeto: EN 1984, DIN 3352<br \/>\nMaterial: GS-C25.<br \/>\nTamanho nominal: DN300<br \/>\nPress\u00e3o nominal: PN63.<br \/>\nExtremidades de conex\u00e3o: RF X RF, conforme EN 1092-1\/B1.<br \/>\nFace a Face: EN 558-1\/linha 15<br \/>\nModelo de opera\u00e7\u00e3o: Volante, caixa de engrenagens, haste nua<br \/>\nTeste e inspe\u00e7\u00e3o: EN 12266-1.<\/p>\n<p>Par\u00e2metros e Caracter\u00edsticas T\u00e9cnicas<br \/>\nTipo de produto: V\u00e1lvula de gaveta.<br \/>\nFaixa de tamanho: NPS 2 \u2013 60 polegadas, DN50 \u2013 DN1500.<br \/>\nPress\u00e3o de projeto: classe 150 \u2013 2500 LB, PN10 \u2013 PN420.<br \/>\nPadr\u00e3o de projeto: API 600, ASME B16.34, EN 1984, DIN 3352.<br \/>\nTemperatura de projeto: -196\u2103 \u2013 573\u2103.<br \/>\nMateriais: ASTM A216 WCB, ASTM A216 WCC, ASTM A217 WC6, ASTM A217 WC9,<br \/>\nASTM A217 C5, ASTM A217 C12A, ASTM A352 LCB, ASTM A352 LCC<br \/>\nASTM A351 CF8, ASTM A351 CF8M, ASTM A351 CF3M, ASTM A351 CF8C<br \/>\nCN3MN, CK3MCUN, CN7M, ASTM A890 4A (CD3MN), ASTM A890 5A (CE3MN),<br \/>\nASTM A890 6A (CD3MWCuN)<br \/>\nASTM B148 C95800, ASTM B148 C95500<br \/>\nExtremidade de conex\u00e3o: ASME B16.5, ASME B16.25, s\u00e9rie EN 1092.<br \/>\nOpera\u00e7\u00e3o: Volante, caixa de velocidades, el\u00e9trica<br \/>\nAplica\u00e7\u00e3o: energia el\u00e9trica, refino de petr\u00f3leo, engenharia petroqu\u00edmica, petr\u00f3leo offshore, engenharia qu\u00edmica<br \/>\nFabricante de v\u00e1lvula de gaveta tipo cunha PN63 da China, China<br \/>\nFornecedor de v\u00e1lvula de gaveta tipo cunha PN63, pre\u00e7o de f\u00e1brica da v\u00e1lvula de gaveta tipo cunha PN63 na China.<\/p>","protected":false},"excerpt":{"rendered":"<p>A Oudian Valve \u00e9 uma F\u00e1brica de V\u00e1lvulas de Gaveta PN63! Somos especializados na fabrica\u00e7\u00e3o de v\u00e1lvulas de gaveta de alta qualidade, como o modelo GS-C25. Esta v\u00e1lvula de gaveta possui especifica\u00e7\u00f5es impressionantes, incluindo tamanho DN300 (12 polegadas), classifica\u00e7\u00e3o de 300 lb e uma conveniente v\u00e1lvula de drenagem. Projetada para atender \u00e0s normas EN 1984 e DIN 3352, nossa v\u00e1lvula de gaveta garante confiabilidade com seu design de cunha flex\u00edvel. Em conformidade com as normas API 600 e ASME B16.34, esta v\u00e1lvula opera perfeitamente. O controle e a opera\u00e7\u00e3o s\u00e3o facilitados pelo mecanismo de volante. Escolha a F\u00e1brica de V\u00e1lvulas de Gaveta PN63 para obter excel\u00eancia em solu\u00e7\u00f5es de v\u00e1lvulas de gaveta.<\/p>","protected":false},"featured_media":18370,"template":"","meta":{"advanced_seo_description":"","jetpack_seo_html_title":"","jetpack_seo_noindex":false},"product_brand":[],"product_cat":[81],"product_tag":[364,362,363,361,370,365,369],"class_list":{"0":"post-18369","1":"product","2":"type-product","3":"status-publish","4":"has-post-thumbnail","6":"product_cat-gate-valves","7":"product_tag-din-gate-valves","8":"product_tag-din3202-f5-gate-valve","9":"product_tag-din3202-f7-gate-valves","10":"product_tag-din3352-gate-valve","11":"product_tag-dn300-wedge-gate-valve","12":"product_tag-pn63-gate-valve","13":"product_tag-pn63-wedge-gate-valve","15":"first","16":"instock","17":"shipping-taxable","18":"product-type-simple"},"jetpack_sharing_enabled":true,"_links":{"self":[{"href":"https:\/\/oudianvalve.com\/pt\/wp-json\/wp\/v2\/product\/18369","targetHints":{"allow":["GET"]}}],"collection":[{"href":"https:\/\/oudianvalve.com\/pt\/wp-json\/wp\/v2\/product"}],"about":[{"href":"https:\/\/oudianvalve.com\/pt\/wp-json\/wp\/v2\/types\/product"}],"wp:featuredmedia":[{"embeddable":true,"href":"https:\/\/oudianvalve.com\/pt\/wp-json\/wp\/v2\/media\/18370"}],"wp:attachment":[{"href":"https:\/\/oudianvalve.com\/pt\/wp-json\/wp\/v2\/media?parent=18369"}],"wp:term":[{"taxonomy":"product_brand","embeddable":true,"href":"https:\/\/oudianvalve.com\/pt\/wp-json\/wp\/v2\/product_brand?post=18369"},{"taxonomy":"product_cat","embeddable":true,"href":"https:\/\/oudianvalve.com\/pt\/wp-json\/wp\/v2\/product_cat?post=18369"},{"taxonomy":"product_tag","embeddable":true,"href":"https:\/\/oudianvalve.com\/pt\/wp-json\/wp\/v2\/product_tag?post=18369"}],"curies":[{"name":"wp","href":"https:\/\/api.w.org\/{rel}","templated":true}]}}