{"id":18344,"date":"2024-05-13T03:48:48","date_gmt":"2024-05-13T03:48:48","guid":{"rendered":"https:\/\/oudianvalve.com\/?post_type=product&#038;p=18344"},"modified":"2025-06-02T00:55:56","modified_gmt":"2025-06-02T00:55:56","slug":"ta10-globe-valve-2-inch-class-900-lb-rf-end","status":"publish","type":"product","link":"https:\/\/oudianvalve.com\/pt\/products\/globe-valves\/ta10-globe-valve-2-inch-class-900-lb-rf-end\/","title":{"rendered":"V\u00e1lvula globo TA10, 2 polegadas, classe 900 LB, extremidade RF"},"content":{"rendered":"<p>Tamanho: 2\u2033-20\u2033<br \/>\nMaterial do corpo\\Bola\\Haste:<br \/>\nTit\u00e2nio: TA1, TA2, TA9, TA10, TC4<br \/>\nTit\u00e2nio ASTM A182 316Ti: Gr2,Gr3,Gr5,Gr6,Gr7,Gr12<br \/>\nPadr\u00e3o: GB, DIN, ANSI<br \/>\nPress\u00e3o nominal: Classe 150 lb, 300 lb, PN16, PN25, PN40<br \/>\nM\u00e9todo de conex\u00e3o: Flange, rosca<br \/>\nAtuador: v\u00e1lvula de controle pneum\u00e1tica, v\u00e1lvula de controle el\u00e9trica<br \/>\n<strong>Outros materiais especiais de v\u00e1lvulas:<\/strong><br \/>\nV\u00e1lvulas Monel: M-30C, M35-1, M35C, M35-2, Monel 400, Monel K500, Monel 600<br \/>\nV\u00e1lvulas Hastelloy: Hastelloy C276, Hastelloy G30, Hastelloy C4, Hastelloy C22, Hastelloy B<br \/>\nV\u00e1lvulas de n\u00edquel: N6, n\u00edquel 201, n\u00edquel 200, CZ-100, N02200, N02201<br \/>\nV\u00e1lvulas Inconel: Inconel 600, Inconel625, Inconel690, Incoloy800, Incoloy825<br \/>\nV\u00e1lvulas de a\u00e7o duplex: 2205, 2507, 1.4529, F51, F53, F55<br \/>\nV\u00e1lvulas de zirc\u00f4nio: zirc\u00f4nio 702, zirc\u00f4nio 705<\/p>\n<p>As v\u00e1lvulas globo de liga de tit\u00e2nio TA10 t\u00eam boa resist\u00eancia \u00e0 corros\u00e3o por frestas em cloretos de alta temperatura e alta concentra\u00e7\u00e3o, e s\u00e3o usadas em aeroespacial, avia\u00e7\u00e3o, navega\u00e7\u00e3o, navios, dessaliniza\u00e7\u00e3o de \u00e1gua do mar, petr\u00f3leo, ind\u00fastria qu\u00edmica, equipamentos mec\u00e2nicos, equipamentos de energia nuclear, equipamentos de energia, componentes automotivos e de motocicletas, esportes e lazer, componentes m\u00e9dicos, a\u00e7o e metalurgia e campos de alta tecnologia. A v\u00e1lvula globo de liga de tit\u00e2nio TA10 \u00e9 chamada de liga de n\u00edquel-molibd\u00eanio de tit\u00e2nio com uma composi\u00e7\u00e3o nominal de T1-0,3M0-0,8Ni. \u00c9 uma liga T-12 desenvolvida pelos Estados Unidos em meados da d\u00e9cada de 1970 e \u00e9 uma liga de tit\u00e2nio resistente \u00e0 corros\u00e3o por frestas. A haste de n\u00edquel-molibd\u00eanio de tit\u00e2nio TA10 tem maior resist\u00eancia \u00e0 tra\u00e7\u00e3o do que o tit\u00e2nio puro TA2 e menor resist\u00eancia do que o TC4, e sua tecnologia de processamento \u00e9 basicamente a mesma do tit\u00e2nio puro. A resist\u00eancia \u00e0 tra\u00e7\u00e3o da liga TA10 \u00e9 o dobro da do tit\u00e2nio puro a 300 graus, e sua resist\u00eancia \u00e0 corros\u00e3o em meios redutores \u00e9 significativamente melhorada. N\u00e3o sofre corros\u00e3o por frestas em cloretos a 150-200 graus. Os graus padr\u00e3o nacionais comumente usados para tit\u00e2nio s\u00e3o TA1, TA2, TA3, TA7, TA9, TA10, TA15, TA18, TC4TC4ELI, TC6, TC9, TC10, TC11, e os graus padr\u00e3o americanos s\u00e3o GR1, GR2, GR3, GR5, GR7 e GR12.<\/p>\n<p>Normas comuns para v\u00e1lvulas globo de liga de tit\u00e2nio TA10, normas nacionais: GB\/2965-2007, GBT13810 Normas americanas: ASTM B348, ASTM F136, ASTM F67, AMS4928<br \/>\nV\u00e1lvula globo de liga de tit\u00e2nio TA10 refer\u00eancia padr\u00e3o<br \/>\n1. GB 228 M\u00e9todos de teste de tra\u00e7\u00e3o de metais<br \/>\n2. GBIT 3620.1 Tit\u00e2nio e liga de tit\u00e2nio * * * N\u00famero e composi\u00e7\u00e3o qu\u00edmica<br \/>\n3.GB\/T3620.2 Composi\u00e7\u00e3o qu\u00edmica e desvio permitido de produtos processados de tit\u00e2nio e ligas de tit\u00e2nio<br \/>\n4.GB 4698 M\u00e9todos de an\u00e1lise qu\u00edmica para tit\u00e2nio esponja, tit\u00e2nio e ligas de tit\u00e2nio 4<\/p>","protected":false},"excerpt":{"rendered":"<p>Baixo atrito e longa vida \u00fatil:<br \/>\n1. A estrutura \u00e9 simples e a fabrica\u00e7\u00e3o e manuten\u00e7\u00e3o s\u00e3o relativamente convenientes.<br \/>\n2. Pequeno curso de trabalho e curto tempo de abertura e fechamento.<br \/>\n3. Bom desempenho de veda\u00e7\u00e3o, baixo atrito entre as superf\u00edcies de veda\u00e7\u00e3o e longa vida \u00fatil.<br \/>\n4. Durante o processo de abertura e fechamento, a for\u00e7a de atrito da superf\u00edcie de veda\u00e7\u00e3o \u00e9 menor que a da v\u00e1lvula gaveta e \u00e9 resistente ao desgaste.<br \/>\n5. Normalmente existe apenas uma superf\u00edcie de veda\u00e7\u00e3o, com boa tecnologia de fabrica\u00e7\u00e3o e f\u00e1cil manuten\u00e7\u00e3o.<br \/>\n6. As formas estruturais do corpo da v\u00e1lvula globo incluem passagem direta, fluxo direto e \u00e2ngulo reto.<\/p>","protected":false},"featured_media":18345,"template":"","meta":{"advanced_seo_description":"","jetpack_seo_html_title":"","jetpack_seo_noindex":false},"product_brand":[],"product_cat":[80],"product_tag":[348,347,350,349],"class_list":{"0":"post-18344","1":"product","2":"type-product","3":"status-publish","4":"has-post-thumbnail","6":"product_cat-globe-valves","7":"product_tag-2-inch-ta10-globe-valve","8":"product_tag-900lb-ta10-globe-valve","9":"product_tag-china-ta10-globe-valve","10":"product_tag-rf-end-ta10-globe-valve","12":"first","13":"instock","14":"shipping-taxable","15":"product-type-simple"},"jetpack_sharing_enabled":true,"_links":{"self":[{"href":"https:\/\/oudianvalve.com\/pt\/wp-json\/wp\/v2\/product\/18344","targetHints":{"allow":["GET"]}}],"collection":[{"href":"https:\/\/oudianvalve.com\/pt\/wp-json\/wp\/v2\/product"}],"about":[{"href":"https:\/\/oudianvalve.com\/pt\/wp-json\/wp\/v2\/types\/product"}],"wp:featuredmedia":[{"embeddable":true,"href":"https:\/\/oudianvalve.com\/pt\/wp-json\/wp\/v2\/media\/18345"}],"wp:attachment":[{"href":"https:\/\/oudianvalve.com\/pt\/wp-json\/wp\/v2\/media?parent=18344"}],"wp:term":[{"taxonomy":"product_brand","embeddable":true,"href":"https:\/\/oudianvalve.com\/pt\/wp-json\/wp\/v2\/product_brand?post=18344"},{"taxonomy":"product_cat","embeddable":true,"href":"https:\/\/oudianvalve.com\/pt\/wp-json\/wp\/v2\/product_cat?post=18344"},{"taxonomy":"product_tag","embeddable":true,"href":"https:\/\/oudianvalve.com\/pt\/wp-json\/wp\/v2\/product_tag?post=18344"}],"curies":[{"name":"wp","href":"https:\/\/api.w.org\/{rel}","templated":true}]}}