{"id":18339,"date":"2024-05-06T06:13:22","date_gmt":"2024-05-06T06:13:22","guid":{"rendered":"https:\/\/oudianvalve.com\/?post_type=product&#038;p=18339"},"modified":"2024-05-06T06:17:53","modified_gmt":"2024-05-06T06:17:53","slug":"3-pc-threaded-end-ball-valve-316-dn65-bare-stem","status":"publish","type":"product","link":"https:\/\/oudianvalve.com\/pt\/products\/ball-valves\/3-pc-threaded-end-ball-valve-316-dn65-bare-stem\/","title":{"rendered":"V\u00e1lvula de esfera com extremidade roscada de 3 PCs, 316, DN65, haste nua"},"content":{"rendered":"<p><strong>3 pe\u00e7as\u00a0<\/strong><strong>v\u00e1lvula de esfera<\/strong>\u00a0tipo tem tr\u00eas pe\u00e7as, um corpo e duas tampas. Eles s\u00e3o conectados \u00e0s extremidades dos tubos por\u00a0<strong>soldagem, rosqueamento ou com flanges<\/strong>. A alavanca de design de um quarto de volta pode ser girada em 90 graus para abrir ou fechar a v\u00e1lvula. O dispositivo de travamento funciona como um mecanismo de travamento na al\u00e7a para evitar que ela gire ao travar na posi\u00e7\u00e3o aberta ou fechada. Ajuda a evitar o desligamento da linha durante a manuten\u00e7\u00e3o dos sistemas e funciona como separador da porta de conex\u00e3o da v\u00e1lvula do corpo. A v\u00e1lvula de esfera do tipo furo total \u00e9 onde o furo tem o mesmo tamanho que o di\u00e2metro interno do tubo. O material dispon\u00edvel para a v\u00e1lvula esfera 3PC \u00e9\u00a0<strong>a\u00e7o inoxid\u00e1vel SS316<\/strong>\u00a0e venha com\u00a0<strong>Veda\u00e7\u00e3o de PTFE<\/strong>.<\/p>\n<p>Ind\u00fastria de aplica\u00e7\u00e3o de produtos:<\/p>\n<p>Especifica\u00e7\u00e3o t\u00e9cnica<\/p>\n<p>DN: Porta completa, DN15 ~ DN100<\/p>\n<p>WP:1000WOG (PN63)<\/p>\n<p>Peso:-20\u00b0C~180\u00b0C<\/p>\n<p>Material do corpo: WCB\/CF8\/CF8M<br \/>\nTipo de solda de topo: ASME BPE \/ ISO 2037\/ISO 2037<br \/>\nExtremidade roscada: NPT, BSPT, BSPP<\/p>\n<p>Atuador: pneum\u00e1tico, motor el\u00e9trico<\/p>\n<p>O produto \u00e9 adequado para ind\u00fastrias como petr\u00f3leo, qu\u00edmica, g\u00e1s natural, bioqu\u00edmica, farmac\u00eautica, prote\u00e7\u00e3o ambiental e novas energias.<\/p>","protected":false},"excerpt":{"rendered":"<p>Caracter\u00edsticas<br \/>\n\uff0eFundi\u00e7\u00e3o de investimento<br \/>\n\uff0eAl\u00e7a do dispositivo de bloqueio<br \/>\n\uff0eDispositivo antiest\u00e1tico<br \/>\n\uff0eHaste \u00e0 prova de explos\u00e3o<br \/>\n\uff0eAcess\u00f3rios de automa\u00e7\u00e3o<br \/>\n\uff0eAlmofada de montagem direta ISO5211<br \/>\n\uff0eDesign de carregamento ao vivo<br \/>\n\uff0eAssentos preenchidos com cavidades<\/p>","protected":false},"featured_media":18340,"template":"","meta":{"advanced_seo_description":"","jetpack_seo_html_title":"","jetpack_seo_noindex":false},"product_brand":[],"product_cat":[83],"product_tag":[345,343,344,346],"class_list":{"0":"post-18339","1":"product","2":"type-product","3":"status-publish","4":"has-post-thumbnail","6":"product_cat-ball-valves","7":"product_tag-1000wog-threaded-end-ball-valve","8":"product_tag-3-pc-threaded-end-ball-valve","9":"product_tag-316-threaded-end-ball-valve","10":"product_tag-dn65-threaded-end-ball-valve","12":"first","13":"instock","14":"shipping-taxable","15":"product-type-simple"},"jetpack_sharing_enabled":true,"_links":{"self":[{"href":"https:\/\/oudianvalve.com\/pt\/wp-json\/wp\/v2\/product\/18339","targetHints":{"allow":["GET"]}}],"collection":[{"href":"https:\/\/oudianvalve.com\/pt\/wp-json\/wp\/v2\/product"}],"about":[{"href":"https:\/\/oudianvalve.com\/pt\/wp-json\/wp\/v2\/types\/product"}],"wp:featuredmedia":[{"embeddable":true,"href":"https:\/\/oudianvalve.com\/pt\/wp-json\/wp\/v2\/media\/18340"}],"wp:attachment":[{"href":"https:\/\/oudianvalve.com\/pt\/wp-json\/wp\/v2\/media?parent=18339"}],"wp:term":[{"taxonomy":"product_brand","embeddable":true,"href":"https:\/\/oudianvalve.com\/pt\/wp-json\/wp\/v2\/product_brand?post=18339"},{"taxonomy":"product_cat","embeddable":true,"href":"https:\/\/oudianvalve.com\/pt\/wp-json\/wp\/v2\/product_cat?post=18339"},{"taxonomy":"product_tag","embeddable":true,"href":"https:\/\/oudianvalve.com\/pt\/wp-json\/wp\/v2\/product_tag?post=18339"}],"curies":[{"name":"wp","href":"https:\/\/api.w.org\/{rel}","templated":true}]}}