{"id":18266,"date":"2023-07-12T07:00:32","date_gmt":"2023-07-12T07:00:32","guid":{"rendered":"https:\/\/oudianvalve.com\/?post_type=product&#038;p=18266"},"modified":"2023-07-12T07:00:32","modified_gmt":"2023-07-12T07:00:32","slug":"astm-a105n-metal-seated-ball-valve24-inch300lbrf-end","status":"publish","type":"product","link":"https:\/\/oudianvalve.com\/pt\/products\/ball-valves\/astm-a105n-metal-seated-ball-valve24-inch300lbrf-end\/","title":{"rendered":"V\u00e1lvula de esfera com sede de metal ASTM A105N, 24 polegadas, 300LB, extremidade RF"},"content":{"rendered":"<p>Padr\u00e3o de projeto: API 6D ISO 17292<\/p>\n<p>Escopo do produto:<br \/>\n1. Escopo de press\u00e3o: CLASSE 150Lb ~ 2500Lb<br \/>\n2. Di\u00e2metro nominal: NPS 2~48\u2033<br \/>\n3. Material do corpo: WCB\uff64LCB\uff64WCC\uff64CF8\uff64CF8M\uff64CF3\uff64C3M\uff64A890 4A\uff64A105\uff64LF2\uff64F304\uff64F316\uff64F304L\uff64F316L etc.<\/p>\n<p>4. Conex\u00e3o final: RF RTJ BW<\/p>\n<p>5. Teste \u00e0 prova de fogo: API 607\/API 6FA<br \/>\n6. Dispositivo de acionamento: Alavanca, caixa de engrenagens, dispositivo el\u00e9trico, pneum\u00e1tico, hidr\u00e1ulico, etc.<\/p>\n<h4>Caracter\u00edsticas do produto<\/h4>\n<p>1. A resist\u00eancia ao fluxo \u00e9 pequena;<br \/>\n2. Assento do pist\u00e3o, design de estrutura antiest\u00e1tica de prote\u00e7\u00e3o contra inc\u00eandio;<br \/>\n3. Nenhuma limita\u00e7\u00e3o na dire\u00e7\u00e3o do fluxo do meio \uff1b<br \/>\n4.Quando a v\u00e1lvula est\u00e1 na posi\u00e7\u00e3o totalmente aberta, as superf\u00edcies da sede ficam fora do fluxo de fluxo, sempre em contato total com a comporta que pode proteger as superf\u00edcies da sede e s\u00e3o adequadas para a tubula\u00e7\u00e3o de pigging;<br \/>\n5.A embalagem com mola pode ser escolhida;<br \/>\n6. A embalagem de baixa emiss\u00e3o pode ser escolhida de acordo com o requisito ISO 15848;<br \/>\n7. O design estendido da haste pode ser escolhido;<br \/>\n8. O design do assento de metal com metal pode ser escolhido;<br \/>\n9.DBB,DIB-1,DIB-2 design pode ser escolhido;<br \/>\n10.A bola \u00e9 fixada com uma placa de suporte e um eixo fixo;<\/p>","protected":false},"excerpt":{"rendered":"<p>Fabrica\u00e7\u00e3o de v\u00e1lvula esfera com sede de metal ASTM A105N na China: Oudian oferece v\u00e1lvula de esfera com sede de metal ASTM A105N, 25 polegadas (DN600), classe 300 (300LB), extremidades flangeadas RF.<\/p>","protected":false},"featured_media":18267,"template":"","meta":{"advanced_seo_description":"","jetpack_seo_html_title":"","jetpack_seo_noindex":false},"product_brand":[],"product_cat":[83],"product_tag":[340,339,337,338,336],"class_list":{"0":"post-18266","1":"product","2":"type-product","3":"status-publish","4":"has-post-thumbnail","6":"product_cat-ball-valves","7":"product_tag-24-inch-metal-ball-valve","8":"product_tag-300lb-metal-ball-valve","9":"product_tag-a105-ball-valve","10":"product_tag-api-6d-ball-valve","11":"product_tag-astm-a105n-metal-seated-ball-valve","13":"first","14":"instock","15":"shipping-taxable","16":"product-type-simple"},"jetpack_sharing_enabled":true,"_links":{"self":[{"href":"https:\/\/oudianvalve.com\/pt\/wp-json\/wp\/v2\/product\/18266","targetHints":{"allow":["GET"]}}],"collection":[{"href":"https:\/\/oudianvalve.com\/pt\/wp-json\/wp\/v2\/product"}],"about":[{"href":"https:\/\/oudianvalve.com\/pt\/wp-json\/wp\/v2\/types\/product"}],"wp:featuredmedia":[{"embeddable":true,"href":"https:\/\/oudianvalve.com\/pt\/wp-json\/wp\/v2\/media\/18267"}],"wp:attachment":[{"href":"https:\/\/oudianvalve.com\/pt\/wp-json\/wp\/v2\/media?parent=18266"}],"wp:term":[{"taxonomy":"product_brand","embeddable":true,"href":"https:\/\/oudianvalve.com\/pt\/wp-json\/wp\/v2\/product_brand?post=18266"},{"taxonomy":"product_cat","embeddable":true,"href":"https:\/\/oudianvalve.com\/pt\/wp-json\/wp\/v2\/product_cat?post=18266"},{"taxonomy":"product_tag","embeddable":true,"href":"https:\/\/oudianvalve.com\/pt\/wp-json\/wp\/v2\/product_tag?post=18266"}],"curies":[{"name":"wp","href":"https:\/\/api.w.org\/{rel}","templated":true}]}}