{"id":18260,"date":"2023-07-12T06:09:46","date_gmt":"2023-07-12T06:09:46","guid":{"rendered":"https:\/\/oudianvalve.com\/?post_type=product&#038;p=18260"},"modified":"2023-07-12T06:13:05","modified_gmt":"2023-07-12T06:13:05","slug":"din-3357-ball-valve-2205-body-pn160-dn65-flange-end","status":"publish","type":"product","link":"https:\/\/oudianvalve.com\/pt\/products\/ball-valves\/din-3357-ball-valve-2205-body-pn160-dn65-flange-end\/","title":{"rendered":"V\u00e1lvula de esfera DIN 3357, corpo 2205, PN160, DN65, extremidade do flange"},"content":{"rendered":"<p>Padr\u00e3o de design e fabrica\u00e7\u00e3o: API 6D, API 608, BS 5351\/DIN3357\/JIS B2071<\/p>\n<p>Padr\u00e3o de press\u00e3o e temperatura: ASME B16.34\/DIN3230<\/p>\n<p>Padr\u00e3o de dimens\u00e3o face a face: ASME B16.10\/DIN3202\/JIS B2002<\/p>\n<p>Padr\u00e3o de flange: ASME B16.5, ASME B16.47\/DIN2543-2545-2501\/JIS B2220<\/p>\n<p>Padr\u00e3o de teste e inspe\u00e7\u00e3o: API 598, API 6D\/DIN2401\/JIS B2003.<\/p>\n<p>Tamanho: 1\/2\u201d-10\u201d(DN15~DN250)<\/p>\n<p>Classifica\u00e7\u00e3o de press\u00e3o: 150LB-600LB\/PN16~PN100\/10K~60K)<\/p>\n<p>Material: Duplex S31803 \u3001 Super Duplex S32750 \u3001 Super Duplex S327601A \u3001 2A \u3001 3A \u3001 4A \u3001 5A \u3001 6A \u3001 1B \u3001 1C, CD4MCu \u3001 CD4MCuN \u3001 CD3MCuN \u3001 CE8MN \u3001 CD6MN \u3001 CD3MN \u3001 CE3MN \u3001 CD3MWCuNF51 \u3001 F53 \u3001 F55 \u3001 F60<\/p>\n<p>Temperatura adequada: -196\u00baC~450\u00baC( Temperaturas diferentes escolhem materiais diferentes).<\/p>\n<p>Meio Adequado: \u00c1gua, Vapor, Petr\u00f3leo e g\u00e1s natural, etc.<\/p>","protected":false},"excerpt":{"rendered":"<p>Fabricante de v\u00e1lvula esf\u00e9rica DIN 3357 na China: V\u00e1lvula esf\u00e9rica 2205, com sede de metal, 21\/2 polegada, PN160, extremidades RF, API 608, para alta temperatura.<\/p>","protected":false},"featured_media":18261,"template":"","meta":{"advanced_seo_description":"","jetpack_seo_html_title":"","jetpack_seo_noindex":false},"product_brand":[],"product_cat":[83],"product_tag":[324,323,326,325],"class_list":{"0":"post-18260","1":"product","2":"type-product","3":"status-publish","4":"has-post-thumbnail","6":"product_cat-ball-valves","7":"product_tag-2205-din-3357-ball-valve","8":"product_tag-din-3357-ball-valve","9":"product_tag-flange-end-din-3357-ball-valve","10":"product_tag-pn160din-3357-ball-valve","12":"first","13":"instock","14":"shipping-taxable","15":"product-type-simple"},"jetpack_sharing_enabled":true,"_links":{"self":[{"href":"https:\/\/oudianvalve.com\/pt\/wp-json\/wp\/v2\/product\/18260","targetHints":{"allow":["GET"]}}],"collection":[{"href":"https:\/\/oudianvalve.com\/pt\/wp-json\/wp\/v2\/product"}],"about":[{"href":"https:\/\/oudianvalve.com\/pt\/wp-json\/wp\/v2\/types\/product"}],"wp:featuredmedia":[{"embeddable":true,"href":"https:\/\/oudianvalve.com\/pt\/wp-json\/wp\/v2\/media\/18261"}],"wp:attachment":[{"href":"https:\/\/oudianvalve.com\/pt\/wp-json\/wp\/v2\/media?parent=18260"}],"wp:term":[{"taxonomy":"product_brand","embeddable":true,"href":"https:\/\/oudianvalve.com\/pt\/wp-json\/wp\/v2\/product_brand?post=18260"},{"taxonomy":"product_cat","embeddable":true,"href":"https:\/\/oudianvalve.com\/pt\/wp-json\/wp\/v2\/product_cat?post=18260"},{"taxonomy":"product_tag","embeddable":true,"href":"https:\/\/oudianvalve.com\/pt\/wp-json\/wp\/v2\/product_tag?post=18260"}],"curies":[{"name":"wp","href":"https:\/\/api.w.org\/{rel}","templated":true}]}}