{"id":18257,"date":"2023-07-10T06:43:47","date_gmt":"2023-07-10T06:43:47","guid":{"rendered":"https:\/\/oudianvalve.com\/?post_type=product&#038;p=18257"},"modified":"2023-07-10T07:33:37","modified_gmt":"2023-07-10T07:33:37","slug":"api599-lubricated-plug-valve-wcb-body-600lb-26-inch-flange-end","status":"publish","type":"product","link":"https:\/\/oudianvalve.com\/pt\/products\/plug-valves\/api599-lubricated-plug-valve-wcb-body-600lb-26-inch-flange-end\/","title":{"rendered":"V\u00e1lvula macho lubrificada API599, corpo WCB, 600LB, 26 polegadas, extremidade do flange"},"content":{"rendered":"<p>Padr\u00e3o de projeto: API 599 API6D<\/p>\n<p>Escopo do produto:<br \/>\n1. Escopo de press\u00e3o: CLASSE 150Lb ~ 2500Lb<br \/>\n2. Di\u00e2metro nominal: NPS 1\/2-40\u2033<br \/>\n3.Material do corpo: A105\uff64LF2\uff64F304\uff64F316\uff64F304L\uff64F316L\uff64F51,WCB\uff64LCB\uff64WCC\uff64CF8\uff64CF8M\uff64CF3\uff64CF3M\uff64A890 4A etc.<\/p>\n<p>4. Conex\u00e3o final: RF RTJ BW<br \/>\n5. Dispositivo de acionamento: Alavanca, caixa de engrenagens, dispositivo el\u00e9trico, pneum\u00e1tico, hidr\u00e1ulico, etc.<\/p>\n<h4>CARACTER\u00cdSTICAS ESTRUTURAIS DO PRODUTO<\/h4>\n<p>V\u00e1lvula macho lubrificada com equil\u00edbrio de press\u00e3o invertida de acordo com. para ANSI \u00e9 aplic\u00e1vel ao corte e conex\u00e3o de dutos m\u00e9dios que s\u00e3o usados em diversas ind\u00fastrias, como petr\u00f3leo, ind\u00fastria qu\u00edmica, farm\u00e1cia, fertilizantes qu\u00edmicos, ind\u00fastria de energia el\u00e9trica, etc., sob press\u00e3o nominal de CLASSE 150-900LBS e temperatura de trabalho de -29-180\u00b0 C<\/p>\n<p>&nbsp;<\/p>\n<h4>PRINCIPAIS CARACTER\u00cdSTICAS ESTRUTURAIS<\/h4>\n<p>Possui estrutura l\u00f3gica, veda\u00e7\u00e3o confi\u00e1vel, excelente desempenho e belo design.<\/p>\n<p>Possui estrutura de press\u00e3o balance\u00e1vel flip-chip e opera\u00e7\u00e3o liga\/desliga leve.<\/p>\n<p>Uma ranhura de \u00f3leo \u00e9 colocada entre o corpo da v\u00e1lvula e a superf\u00edcie da veda\u00e7\u00e3o, que pode infundir a graxa da veda\u00e7\u00e3o para aumentar a capacidade da veda\u00e7\u00e3o.<\/p>\n<p>Os materiais das pe\u00e7as e as dimens\u00f5es do flange podem ser selecionados de acordo com as condi\u00e7\u00f5es operacionais atuais e os requisitos dos usu\u00e1rios, de modo que atendam aos requisitos de diversas engenharias.<\/p>","protected":false},"excerpt":{"rendered":"<p>Fornecedor de v\u00e1lvula macho lubrificada API599 da China Oudian fornece v\u00e1lvula macho lubrificada com press\u00e3o balanceada API 599: ASTM A216 WCb, 26IN, CL600, extremidade do flange.<\/p>","protected":false},"featured_media":18258,"template":"","meta":{"advanced_seo_description":"","jetpack_seo_html_title":"","jetpack_seo_noindex":false},"product_brand":[],"product_cat":[156],"product_tag":[319,318,322,317,320,321],"class_list":{"0":"post-18257","1":"product","2":"type-product","3":"status-publish","4":"has-post-thumbnail","6":"product_cat-plug-valves","7":"product_tag-26-inch-api599-lubricated-plug-valve","8":"product_tag-300lb-api599-lubricated-plug-valve","9":"product_tag-600lb-api599-lubricated-plug-valve","10":"product_tag-api599-lubricated-plug-valve","11":"product_tag-flange-end-api599-lubricated-plug-valve","12":"product_tag-wcb-api599-lubricated-plug-valve","14":"first","15":"instock","16":"shipping-taxable","17":"product-type-simple"},"jetpack_sharing_enabled":true,"_links":{"self":[{"href":"https:\/\/oudianvalve.com\/pt\/wp-json\/wp\/v2\/product\/18257","targetHints":{"allow":["GET"]}}],"collection":[{"href":"https:\/\/oudianvalve.com\/pt\/wp-json\/wp\/v2\/product"}],"about":[{"href":"https:\/\/oudianvalve.com\/pt\/wp-json\/wp\/v2\/types\/product"}],"wp:featuredmedia":[{"embeddable":true,"href":"https:\/\/oudianvalve.com\/pt\/wp-json\/wp\/v2\/media\/18258"}],"wp:attachment":[{"href":"https:\/\/oudianvalve.com\/pt\/wp-json\/wp\/v2\/media?parent=18257"}],"wp:term":[{"taxonomy":"product_brand","embeddable":true,"href":"https:\/\/oudianvalve.com\/pt\/wp-json\/wp\/v2\/product_brand?post=18257"},{"taxonomy":"product_cat","embeddable":true,"href":"https:\/\/oudianvalve.com\/pt\/wp-json\/wp\/v2\/product_cat?post=18257"},{"taxonomy":"product_tag","embeddable":true,"href":"https:\/\/oudianvalve.com\/pt\/wp-json\/wp\/v2\/product_tag?post=18257"}],"curies":[{"name":"wp","href":"https:\/\/api.w.org\/{rel}","templated":true}]}}