{"id":18255,"date":"2023-07-10T06:28:37","date_gmt":"2023-07-10T06:28:37","guid":{"rendered":"https:\/\/oudianvalve.com\/?post_type=product&#038;p=18255"},"modified":"2023-07-10T06:29:19","modified_gmt":"2023-07-10T06:29:19","slug":"din-non-lubricated-plug-valve904ldn100pn25flange-end","status":"publish","type":"product","link":"https:\/\/oudianvalve.com\/pt\/products\/plug-valves\/din-non-lubricated-plug-valve904ldn100pn25flange-end\/","title":{"rendered":"V\u00e1lvula macho n\u00e3o lubrificada DIN, 904L, DN100, PN25, extremidade do flange"},"content":{"rendered":"<p>V\u00e1lvula macho n\u00e3o lubrificada DINacc. de acordo com o padr\u00e3o DINI \u00e9 aplic\u00e1vel ao corte e conex\u00e3o de tubula\u00e7\u00f5es m\u00e9dias usadas em diversas ind\u00fastrias, como petr\u00f3leo, ind\u00fastria qu\u00edmica, farm\u00e1cia, fertilizantes qu\u00edmicos, ind\u00fastria de energia, etc., sob press\u00e3o nominal de PN16 ~ PN150 e temperatura de trabalho de -29-180 \u00b0C.<\/p>\n<p>Padr\u00e3o de projeto: API 599 API 6D<\/p>\n<p>Cara a cara: EN558 F1\/F4\/F5<\/p>\n<p>Inspe\u00e7\u00e3o de teste: DIN3230<\/p>\n<p>Escopo do produto:<br \/>\n1. Faixa de press\u00e3o: PN16 ~ PN150<br \/>\n2. Di\u00e2metro nominal: NPS 1\/2-40\u2033<br \/>\n3. Material do corpo: A105\uff64LF2\uff64F304\uff64F316\uff64F304L\uff64F316L\uff64F51,WCB\uff64LCB\uff64WCC\uff64CF8\uff64CF8M\uff64CF3\uff64CF3M\uff64A890 4A etc.<\/p>\n<p>4. Conex\u00e3o final: RF RTJ BW<br \/>\n5. Dispositivo de acionamento: Alavanca, caixa de engrenagens, dispositivo el\u00e9trico, pneum\u00e1tico, hidr\u00e1ulico, dispositivo pneum\u00e1tico-hidr\u00e1ulico;<\/p>","protected":false},"excerpt":{"rendered":"<p>Padr\u00e3o de projeto: API 599 API 6D<br \/>\nCara a cara: EN558 F1\/F4\/F5<br \/>\nInspe\u00e7\u00e3o de teste: DIN3230<\/p>\n<p>Fabricante de v\u00e1lvula macho n\u00e3o lubrificada DIN: , V\u00e1lvula macho n\u00e3o lubrificada 904L, DN100, PN25, extremidade do flange, API 599.<\/p>","protected":false},"featured_media":18256,"template":"","meta":{"advanced_seo_description":"","jetpack_seo_html_title":"","jetpack_seo_noindex":false},"product_brand":[],"product_cat":[156],"product_tag":[313,312,314,316,315],"class_list":{"0":"post-18255","1":"product","2":"type-product","3":"status-publish","4":"has-post-thumbnail","6":"product_cat-plug-valves","7":"product_tag-904l-din-non-lubricated-plug-valve","8":"product_tag-din-non-lubricated-plug-valve","9":"product_tag-dn100-din-non-lubricated-plug-valve","10":"product_tag-flange-end-din-non-lubricated-plug-valve","11":"product_tag-pn25-din-non-lubricated-plug-valve","13":"first","14":"instock","15":"shipping-taxable","16":"product-type-simple"},"jetpack_sharing_enabled":true,"_links":{"self":[{"href":"https:\/\/oudianvalve.com\/pt\/wp-json\/wp\/v2\/product\/18255","targetHints":{"allow":["GET"]}}],"collection":[{"href":"https:\/\/oudianvalve.com\/pt\/wp-json\/wp\/v2\/product"}],"about":[{"href":"https:\/\/oudianvalve.com\/pt\/wp-json\/wp\/v2\/types\/product"}],"wp:featuredmedia":[{"embeddable":true,"href":"https:\/\/oudianvalve.com\/pt\/wp-json\/wp\/v2\/media\/18256"}],"wp:attachment":[{"href":"https:\/\/oudianvalve.com\/pt\/wp-json\/wp\/v2\/media?parent=18255"}],"wp:term":[{"taxonomy":"product_brand","embeddable":true,"href":"https:\/\/oudianvalve.com\/pt\/wp-json\/wp\/v2\/product_brand?post=18255"},{"taxonomy":"product_cat","embeddable":true,"href":"https:\/\/oudianvalve.com\/pt\/wp-json\/wp\/v2\/product_cat?post=18255"},{"taxonomy":"product_tag","embeddable":true,"href":"https:\/\/oudianvalve.com\/pt\/wp-json\/wp\/v2\/product_tag?post=18255"}],"curies":[{"name":"wp","href":"https:\/\/api.w.org\/{rel}","templated":true}]}}