{"id":18253,"date":"2023-07-10T03:28:53","date_gmt":"2023-07-10T03:28:53","guid":{"rendered":"https:\/\/oudianvalve.com\/?post_type=product&#038;p=18253"},"modified":"2023-07-10T03:28:53","modified_gmt":"2023-07-10T03:28:53","slug":"upward-discharge-valve-cf8-pn16-dn80-flange-end","status":"publish","type":"product","link":"https:\/\/oudianvalve.com\/pt\/products\/globe-valves\/upward-discharge-valve-cf8-pn16-dn80-flange-end\/","title":{"rendered":"V\u00e1lvula de descarga ascendente, CF8, PN16, DN80, extremidade do flange"},"content":{"rendered":"<p>Vis\u00e3o geral da v\u00e1lvula de descarga ascendente:<br \/>\nA v\u00e1lvula de descarga ascendente \u00e9 usada principalmente para opera\u00e7\u00f5es de descarga inferior, descarga, amostragem e desligamento livre de zona morta de reatores, tanques de armazenamento e outros cont\u00eaineres. O volante da v\u00e1lvula de descarga ascendente gira para a direita para fechar e para a esquerda para abrir. \u00c9 usado principalmente para descarga inferior de reatores, tanques de armazenamento e outros recipientes. Com a ajuda do flange inferior da v\u00e1lvula, ela \u00e9 soldada ao fundo do tanque de armazenamento e demais recipientes, eliminando assim o fen\u00f4meno de meios residuais no fundo do recipiente. A v\u00e1lvula de descarga \u00e9 projetada como fundo plano de acordo com a situa\u00e7\u00e3o real, com corpo de v\u00e1lvula em forma de Y e disco de v\u00e1lvula para opera\u00e7\u00e3o de eleva\u00e7\u00e3o. A cavidade interna do corpo da v\u00e1lvula \u00e9 equipada com um anel de veda\u00e7\u00e3o resistente \u00e0 eros\u00e3o e corros\u00e3o, que pode proteger o corpo da v\u00e1lvula contra eros\u00e3o m\u00e9dia e corros\u00e3o no momento da abertura da v\u00e1lvula. O anel de veda\u00e7\u00e3o \u00e9 especialmente tratado para atingir uma dureza superficial de HRC56 ~ 62, com alta resist\u00eancia ao desgaste e fun\u00e7\u00f5es de resist\u00eancia \u00e0 corros\u00e3o. A veda\u00e7\u00e3o do disco da v\u00e1lvula \u00e9 soldada com liga dura na tampa conforme necess\u00e1rio, e a superf\u00edcie de veda\u00e7\u00e3o \u00e9 selada com arame para garantir a confiabilidade da veda\u00e7\u00e3o e evitar cicatrizes. Ao mesmo tempo, \u00e9 adotado um projeto de disco de v\u00e1lvula de curso curto. Amplamente utilizado em ind\u00fastrias como qu\u00edmica, petr\u00f3leo, metalurgia, farmac\u00eautica, pesticidas, corantes e processamento de alimentos. Diversos m\u00e9todos de opera\u00e7\u00e3o, como manual, pneum\u00e1tico (tipo retorno por mola, tipo dupla a\u00e7\u00e3o, com e sem volante), el\u00e9trico, hidr\u00e1ulico, engrenagem, etc.<\/p>\n<p>Caracter\u00edstica de projeto da v\u00e1lvula de descarga<\/p>\n<div class=\"overflow-x\">\n<table style=\"height: 410px;\" width=\"522\" cellspacing=\"0\">\n<tbody>\n<tr class=\"firstRow\">\n<td>Projeto<\/td>\n<td>HG5-89-1 e HG-16-79<\/td>\n<\/tr>\n<tr>\n<td>Teste<\/td>\n<td>API 598<\/td>\n<\/tr>\n<tr>\n<td>Dimens\u00e3o cara a cara<\/td>\n<td>CONFORME MFR<\/td>\n<\/tr>\n<tr>\n<td>Termina a conex\u00e3o<\/td>\n<td>ASME B16.5RF<\/td>\n<\/tr>\n<tr>\n<td>Classifica\u00e7\u00e3o de temperatura de press\u00e3o<\/td>\n<td>ASME B16.34<\/td>\n<\/tr>\n<tr>\n<td>Marca\u00e7\u00e3o<\/td>\n<td>MSS SP-25<\/td>\n<\/tr>\n<tr>\n<td>Verifica\u00e7\u00e3o n\u00e3o destrutiva<\/td>\n<td>VT, PT, RT, UT, MT<\/td>\n<\/tr>\n<\/tbody>\n<\/table>\n<\/div>\n<p>Desempenho e vantagens da v\u00e1lvula de descarga ascendente:<br \/>\n1. A c\u00e2mara interna do corpo da v\u00e1lvula est\u00e1 equipada com um anel de veda\u00e7\u00e3o resistente \u00e0 eros\u00e3o e corros\u00e3o.<br \/>\n2. A veda\u00e7\u00e3o do disco da v\u00e1lvula \u00e9 soldada com liga dura na tampa conforme necess\u00e1rio, que possui alta resist\u00eancia ao desgaste e \u00e0 corros\u00e3o.<br \/>\n3. V\u00e1rios m\u00e9todos de opera\u00e7\u00e3o, como manual, pneum\u00e1tico (tipo retorno por mola, tipo dupla a\u00e7\u00e3o, com e sem volante), el\u00e9trico, hidr\u00e1ulico, engrenagem, etc.<br \/>\nDesempenho do equipamento principal da v\u00e1lvula de descarga ascendente:<br \/>\n\uff081\uff09 Resist\u00eancia \u00e0 corros\u00e3o<br \/>\n\u2605 \u2606 Use meios como \u00e1gua, acetona, \u00e1lcool, am\u00f4nia, carbonato de b\u00e1rio, benzeno (a baixa temperatura final de uso do material WCB \u00e9 -29 \u2103 e a temperatura m\u00e1xima \u00e9 425 \u2103).<br \/>\n\u2605 \u2606 Use meios como part\u00edculas, \u00f3leo, polpa e di\u00f3xido de carbono (a temperatura m\u00ednima de uso para materiais de a\u00e7o inoxid\u00e1vel \u00e9 -100 \u2103 e a temperatura m\u00e1xima de uso \u00e9 232 \u2103)<br \/>\n\u2605 \u2606 \u00c9 estritamente proibido o uso de l\u00edquidos i\u00f4nicos fluorados (como HF), bem como bases fortes e \u00e1cido fosf\u00f3rico (temperatura&gt;150 \u2103, concentra\u00e7\u00e3o&gt;30%)<br \/>\n\uff082\uff09 Temperatura geral de trabalho do a\u00e7o inoxid\u00e1vel para v\u00e1lvula de descarga ascendente HG5-89-1: \u2264 150 \u2103<br \/>\n(3) Faixa de press\u00e3o: 0,6 ~ 2,5 MPa (IV), faixa de di\u00e2metro: 25 ~ 250 mm<\/p>\n<p>Precau\u00e7\u00f5es para manuten\u00e7\u00e3o, instala\u00e7\u00e3o e uso da v\u00e1lvula de descarga ascendente<br \/>\n1. A v\u00e1lvula deve ser armazenada como um todo em um armaz\u00e9m ventilado e seco, sendo estritamente proibido o empilhamento ou armazenamento ao ar livre. Ambas as extremidades do di\u00e2metro da v\u00e1lvula devem ser bloqueadas com placas.<br \/>\n2. Antes da instala\u00e7\u00e3o, \u00e9 necess\u00e1rio inspecionar cuidadosamente a v\u00e1lvula e remover quaisquer danos causados durante o transporte e armazenamento.<br \/>\n3. Antes da instala\u00e7\u00e3o, deve-se prestar aten\u00e7\u00e3o se os parafusos de cada parte est\u00e3o balanceados e se o levantamento (movimento) \u00e9 flex\u00edvel.<br \/>\n4. A v\u00e1lvula deve ser instalada em local sem fortes vibra\u00e7\u00f5es e impactos, bem como em local onde a v\u00e1lvula seja utilizada sem danos.<br \/>\n5. Quando a descarga est\u00e1 bloqueada, podem ser usadas hastes de metal ou ferramentas r\u00edgidas para liber\u00e1-la. \u00c9 importante utilizar hastes met\u00e1licas ou ferramentas duras para evitar danificar a superf\u00edcie de contato entre o disco da v\u00e1lvula e o anel de veda\u00e7\u00e3o.<br \/>\n6. Tente evitar o uso alternado de meios \u00e1cidos e alcalinos (exceto meios de rea\u00e7\u00e3o de neutraliza\u00e7\u00e3o) para evitar encurtar a vida \u00fatil.<br \/>\n7. De acordo com o desempenho e a vida \u00fatil do meio, o anel de veda\u00e7\u00e3o de PTFE na parte superior do corpo da v\u00e1lvula e a placa fina de PTFE no orif\u00edcio devem ser inspecionados regularmente. Se algum dano for encontrado, ele dever\u00e1 ser substitu\u00eddo imediatamente antes do uso.<br \/>\n8. Se forem encontrados danos na face da v\u00e1lvula, ela deve ser imediatamente interrompida e materiais especializados podem ser usados para reparar a \u00e1rea afetada, ou unidades de produ\u00e7\u00e3o relevantes podem ser confiadas para a produ\u00e7\u00e3o.<\/p>\n<p>A v\u00e1lvula de descarga \u00e9 usada principalmente para descarregar materiais no fundo do tanque de armazenamento, caldeira de rea\u00e7\u00e3o e outros recipientes. A v\u00e1lvula \u00e9 conectada ao equipamento e localizada na parte inferior por flange ou solda de topo, de forma a eliminar o fen\u00f4meno residual do meio do processo geralmente na sa\u00edda do vaso. De acordo com as necessidades da situa\u00e7\u00e3o real, \u00e9 dividido em tipos de exposi\u00e7\u00e3o ascendentes e descendentes. O tipo Upward \u00e9 utilizado para descarregar o reator com a v\u00e1lvula de descarga do agitador; o tipo descendente \u00e9 usado para a descarga da caldeira de rea\u00e7\u00e3o do agitador de \u00e2ncora tipo estrutura.<\/p>\n<p>&nbsp;<\/p>","protected":false},"excerpt":{"rendered":"<p>F\u00e1brica de v\u00e1lvula de descarga ascendente na China Oudian oferece v\u00e1lvula de descarga ascendente, CF8, PN16, DN80, extremidade do flange: ASTM 351 CF8, 3 polegadas, ASME B16.5 RF, EN1092-1<\/p>","protected":false},"featured_media":18254,"template":"","meta":{"advanced_seo_description":"","jetpack_seo_html_title":"","jetpack_seo_noindex":false},"product_brand":[],"product_cat":[80],"product_tag":[308,310,311,309],"class_list":{"0":"post-18253","1":"product","2":"type-product","3":"status-publish","4":"has-post-thumbnail","6":"product_cat-globe-valves","7":"product_tag-cf8-upward-discharge-valve","8":"product_tag-dn80upward-discharge-valve","9":"product_tag-flange-end-upward-discharge-valve","10":"product_tag-pn16-upward-discharge-valve","12":"first","13":"instock","14":"shipping-taxable","15":"product-type-simple"},"jetpack_sharing_enabled":true,"_links":{"self":[{"href":"https:\/\/oudianvalve.com\/pt\/wp-json\/wp\/v2\/product\/18253","targetHints":{"allow":["GET"]}}],"collection":[{"href":"https:\/\/oudianvalve.com\/pt\/wp-json\/wp\/v2\/product"}],"about":[{"href":"https:\/\/oudianvalve.com\/pt\/wp-json\/wp\/v2\/types\/product"}],"wp:featuredmedia":[{"embeddable":true,"href":"https:\/\/oudianvalve.com\/pt\/wp-json\/wp\/v2\/media\/18254"}],"wp:attachment":[{"href":"https:\/\/oudianvalve.com\/pt\/wp-json\/wp\/v2\/media?parent=18253"}],"wp:term":[{"taxonomy":"product_brand","embeddable":true,"href":"https:\/\/oudianvalve.com\/pt\/wp-json\/wp\/v2\/product_brand?post=18253"},{"taxonomy":"product_cat","embeddable":true,"href":"https:\/\/oudianvalve.com\/pt\/wp-json\/wp\/v2\/product_cat?post=18253"},{"taxonomy":"product_tag","embeddable":true,"href":"https:\/\/oudianvalve.com\/pt\/wp-json\/wp\/v2\/product_tag?post=18253"}],"curies":[{"name":"wp","href":"https:\/\/api.w.org\/{rel}","templated":true}]}}