{"id":18202,"date":"2023-07-06T03:21:05","date_gmt":"2023-07-06T03:21:05","guid":{"rendered":"https:\/\/oudianvalve.com\/?post_type=product&#038;p=18202"},"modified":"2023-07-06T03:21:06","modified_gmt":"2023-07-06T03:21:06","slug":"api-6d-lubricated-plug-valve-a216-wcb-8-inch-600lb-flange-end","status":"publish","type":"product","link":"https:\/\/oudianvalve.com\/pt\/products\/plug-valves\/api-6d-lubricated-plug-valve-a216-wcb-8-inch-600lb-flange-end\/","title":{"rendered":"V\u00e1lvula macho lubrificada API 6D, A216 WCB, 8 polegadas, 600LB, extremidade do flange"},"content":{"rendered":"<p>As v\u00e1lvulas macho lubrificadas API 6D est\u00e3o dispon\u00edveis nos padr\u00f5es Curto, Regular e Venturi.  Os diferentes padr\u00f5es variam em rela\u00e7\u00e3o \u00e0 dimens\u00e3o ponta a ponta e \u00e0 \u00e1rea da porta para um determinado tamanho de v\u00e1lvula. As v\u00e1lvulas de padr\u00e3o regular t\u00eam a maior \u00e1rea de porta. As v\u00e1lvulas de padr\u00e3o curto t\u00eam uma \u00e1rea de porta reduzida como consequ\u00eancia de suas dimens\u00f5es face a face compactas, que s\u00e3o id\u00eanticas \u00e0s das v\u00e1lvulas de gaveta em cunha. As v\u00e1lvulas Venturi Pattern t\u00eam uma \u00e1rea de porta reduzida e um caminho de fluxo que se aproxima do formato de Venturi para auxiliar na recupera\u00e7\u00e3o da press\u00e3o. Os projetos da v\u00e1lvula est\u00e3o em conformidade com API 599, API 6D e B16.34.  As dimens\u00f5es face a face e ponta a ponta est\u00e3o em conformidade com ANSI B16.10.<\/p>\n<p>Padr\u00e3o de projeto: API 599 API6D<\/p>\n<p>Escopo do produto:<\/p>\n<p>1. Escopo de press\u00e3o: CLASSE 150Lb ~ 2500Lb<br \/>\n2. Di\u00e2metro nominal: NPS 1\/2-40\u2033<br \/>\n3.Material do corpo:A216 WCB, WCC, A217 WC6, WC9, C5, A352 LCB, LCC,<br \/>\nA351 CF8, CF8M, CF3M, CF8C, CN3MN, CN7M,<br \/>\nA890 4A(CD3MN), 5A(CE3MN), 6A(CD3MWCuN),<br \/>\nASTM B 148 C95800, C95500, etc.<br \/>\n4. Conex\u00e3o final: RF RTJ BW<br \/>\n5. Dispositivo de acionamento: Alavanca, caixa de engrenagens, dispositivo el\u00e9trico, pneum\u00e1tico, hidr\u00e1ulico, etc.<\/p>\n<h4>CARACTER\u00cdSTICAS ESTRUTURAIS DO PRODUTO<\/h4>\n<p>V\u00e1lvula macho lubrificada com equil\u00edbrio de press\u00e3o invertida de acordo com. para ANSI \u00e9 aplic\u00e1vel ao corte e conex\u00e3o de dutos m\u00e9dios que s\u00e3o usados em diversas ind\u00fastrias, como petr\u00f3leo, ind\u00fastria qu\u00edmica, farm\u00e1cia, fertilizantes qu\u00edmicos, ind\u00fastria de energia el\u00e9trica, etc., sob press\u00e3o nominal de CLASSE 150-900LBS e temperatura de trabalho de -29-180\u00b0 C.<\/p>","protected":false},"excerpt":{"rendered":"<p>Fornecedor de v\u00e1lvula macho lubrificada API 6D da China Oudian fornece v\u00e1lvula macho lubrificada com press\u00e3o balanceada API 599: ASTM A216 WCb, 8IN, CL600, extremidade do flange.<\/p>","protected":false},"featured_media":18203,"template":"","meta":{"advanced_seo_description":"","jetpack_seo_html_title":"","jetpack_seo_noindex":false},"product_brand":[],"product_cat":[156],"product_tag":[291,292,290,289,293],"class_list":{"0":"post-18202","1":"product","2":"type-product","3":"status-publish","4":"has-post-thumbnail","6":"product_cat-plug-valves","7":"product_tag-600lb-lubricated-plug-valve","8":"product_tag-8-inch-lubricated-plug-valve","9":"product_tag-a216-lubricated-plug-valve","10":"product_tag-api-6d-lubricated-plug-valve","11":"product_tag-flange-end-lubricated-plug-valve","13":"first","14":"instock","15":"shipping-taxable","16":"product-type-simple"},"jetpack_sharing_enabled":true,"_links":{"self":[{"href":"https:\/\/oudianvalve.com\/pt\/wp-json\/wp\/v2\/product\/18202","targetHints":{"allow":["GET"]}}],"collection":[{"href":"https:\/\/oudianvalve.com\/pt\/wp-json\/wp\/v2\/product"}],"about":[{"href":"https:\/\/oudianvalve.com\/pt\/wp-json\/wp\/v2\/types\/product"}],"wp:featuredmedia":[{"embeddable":true,"href":"https:\/\/oudianvalve.com\/pt\/wp-json\/wp\/v2\/media\/18203"}],"wp:attachment":[{"href":"https:\/\/oudianvalve.com\/pt\/wp-json\/wp\/v2\/media?parent=18202"}],"wp:term":[{"taxonomy":"product_brand","embeddable":true,"href":"https:\/\/oudianvalve.com\/pt\/wp-json\/wp\/v2\/product_brand?post=18202"},{"taxonomy":"product_cat","embeddable":true,"href":"https:\/\/oudianvalve.com\/pt\/wp-json\/wp\/v2\/product_cat?post=18202"},{"taxonomy":"product_tag","embeddable":true,"href":"https:\/\/oudianvalve.com\/pt\/wp-json\/wp\/v2\/product_tag?post=18202"}],"curies":[{"name":"wp","href":"https:\/\/api.w.org\/{rel}","templated":true}]}}