{"id":18196,"date":"2023-07-05T02:43:17","date_gmt":"2023-07-05T02:43:17","guid":{"rendered":"https:\/\/oudianvalve.com\/?post_type=product&#038;p=18196"},"modified":"2023-07-05T03:02:39","modified_gmt":"2023-07-05T03:02:39","slug":"flange-segment-ball-valve-a216-wcb-dn200-pn16","status":"publish","type":"product","link":"https:\/\/oudianvalve.com\/pt\/products\/ball-valves\/flange-segment-ball-valve-a216-wcb-dn200-pn16\/","title":{"rendered":"V\u00e1lvula de esfera de segmento de flange, A216 WCB, DN200, PN16"},"content":{"rendered":"<p>A v\u00e1lvula de esfera de segmento tipo flange combina a vantagem da v\u00e1lvula de controle globo com a efici\u00eancia de uma v\u00e1lvula de esfera rotativa que satisfaz as necessidades de acelera\u00e7\u00e3o e corte de fluxo na ind\u00fastria de processos autom\u00e1ticos. A esfera de segmento em design de entalhe em V tem forte for\u00e7a de corte e auto -fun\u00e7\u00e3o de limpeza.Com a esfera do segmento girando um quarto, a \u00e1rea de passagem muda de forma etorial.Levando ao controle preciso do fluxo, \u00e9 a v\u00e1lvula ideal para a maioria das aplica\u00e7\u00f5es de processo de papel e celulose, o controle preciso de baixo valor CV est\u00e1 dispon\u00edvel por V- especial entalhe na esfera do segmento DN25.<\/p>\n<p>&nbsp;<\/p>\n<p>Dados t\u00e9cnicos<\/p>\n<p>Tamanhos:<\/p>\n<p>DN 25~500mm NPS 1\u201d-20\u201d (tipo flange)<\/p>\n<p>Material do assento:<\/p>\n<p>Resiliente: PTFE\/RPTFE\/PEEK\/DEVLON\/NYLON<\/p>\n<p>Metal: Carboneto de tungst\u00eanio\/sat\u00e9lite\/Ni60<\/p>\n<p>Classifica\u00e7\u00e3o de press\u00e3o:<\/p>\n<p>PN 10\/16<\/p>\n<p>ANSI 150\/300<\/p>\n<p>Atuador do :<\/p>\n<p>Engrenagem sem fim\/pneum\u00e1tica\/el\u00e9trica<\/p>\n<p>Padr\u00e3o:<\/p>\n<p>Conex\u00e3o de flange:ISA S75.04, IEC\/DIN 534-3-2<\/p>\n<p>Padr\u00e3o de conex\u00e3o: ASME B16.5 \/ EN 1092-1<\/p>\n<p>Padr\u00e3o de teste e inspe\u00e7\u00e3o: DIN3230, ISO5208, ANSI \/FCI 70-2,<\/p>\n<p>Classifica\u00e7\u00e3o de press\u00e3o e temperatura Padr\u00e3o: ASME B16.34<\/p>\n<p>&nbsp;<\/p>\n<p>CARACTER\u00cdSTICAS<\/p>\n<p>1. Excelente capacidade de veda\u00e7\u00e3o - Padr\u00e3o Classe V<\/p>\n<p>2. O contorno preciso do entalhe em V fornece excelentes caracter\u00edsticas de controle para uma ampla variedade de aplica\u00e7\u00f5es de fluxo.<\/p>\n<p>3. A op\u00e7\u00e3o robusta com sede de metal autoajust\u00e1vel \u00e9 ideal para aplica\u00e7\u00f5es de alta temperatura ou lamas.<\/p>\n<p>4. A a\u00e7\u00e3o de cisalhamento entre a esfera e a veda\u00e7\u00e3o promove uma opera\u00e7\u00e3o suave e sem entupimento - perfeita para aplica\u00e7\u00f5es de fibra ou lama.<\/p>\n<p>5. F\u00e1cil troca de assentos, significa baixo custo para reparos de v\u00e1lvulas.<\/p>\n<p>6. A constru\u00e7\u00e3o resistente com passagem de fluxo irrestrita proporciona alta capacidade.<\/p>\n<p>7. A sede com mola mant\u00e9m contato constante com a esfera, proporcionando melhor desempenho de veda\u00e7\u00e3o.<\/p>\n<p>8. A tecnologia superior de rolamento de munh\u00e3o \u00e9 projetada para excelente resist\u00eancia \u00e0 abras\u00e3o.<\/p>\n<p>9. A conex\u00e3o estriada entre o eixo e a esfera garante controle preciso e baixa histerese.<\/p>\n<p>Aplicativo:<br \/>\nPapel e Celulose\/Tratamento de \u00c1guas Residuais\/ Alimentos e<br \/>\nBebidas\/F\u00e1bricas Qu\u00edmicas\/ Centrais El\u00e9tricas\/ Ind\u00fastria Sider\u00fargica\/Et<\/p>","protected":false},"excerpt":{"rendered":"<p>A v\u00e1lvula esfera de segmento de flange \u00e9 projetada principalmente para controle de fluxo e tamb\u00e9m pode ser usada para opera\u00e7\u00e3o de fechamento. A porta entalhada na esfera do segmento contribui para uma forte tens\u00e3o de cisalhamento para cortar meios com fibras e part\u00edculas. Consequentemente, esta v\u00e1lvula de segmento com porta em V \u00e9 uma boa v\u00e1lvula de controle geral para a maioria das aplica\u00e7\u00f5es de processo de celulose e papel, ou fluxo semelhante cont\u00e9m fibras e part\u00edculas<\/p>","protected":false},"featured_media":18197,"template":"","meta":{"advanced_seo_description":"","jetpack_seo_html_title":"","jetpack_seo_noindex":false},"product_brand":[],"product_cat":[83],"product_tag":[282,284,277,283,280],"class_list":{"0":"post-18196","1":"product","2":"type-product","3":"status-publish","4":"has-post-thumbnail","6":"product_cat-ball-valves","7":"product_tag-a216-wcb-flange-segment-ball-valve","8":"product_tag-dn200-flange-segment-ball-valve","9":"product_tag-flange-segment-ball-valve","10":"product_tag-pn16-flange-segment-ball-valve","11":"product_tag-rf-end-flange-segment-ball-valve","13":"first","14":"instock","15":"shipping-taxable","16":"product-type-simple"},"jetpack_sharing_enabled":true,"_links":{"self":[{"href":"https:\/\/oudianvalve.com\/pt\/wp-json\/wp\/v2\/product\/18196","targetHints":{"allow":["GET"]}}],"collection":[{"href":"https:\/\/oudianvalve.com\/pt\/wp-json\/wp\/v2\/product"}],"about":[{"href":"https:\/\/oudianvalve.com\/pt\/wp-json\/wp\/v2\/types\/product"}],"wp:featuredmedia":[{"embeddable":true,"href":"https:\/\/oudianvalve.com\/pt\/wp-json\/wp\/v2\/media\/18197"}],"wp:attachment":[{"href":"https:\/\/oudianvalve.com\/pt\/wp-json\/wp\/v2\/media?parent=18196"}],"wp:term":[{"taxonomy":"product_brand","embeddable":true,"href":"https:\/\/oudianvalve.com\/pt\/wp-json\/wp\/v2\/product_brand?post=18196"},{"taxonomy":"product_cat","embeddable":true,"href":"https:\/\/oudianvalve.com\/pt\/wp-json\/wp\/v2\/product_cat?post=18196"},{"taxonomy":"product_tag","embeddable":true,"href":"https:\/\/oudianvalve.com\/pt\/wp-json\/wp\/v2\/product_tag?post=18196"}],"curies":[{"name":"wp","href":"https:\/\/api.w.org\/{rel}","templated":true}]}}