{"id":18194,"date":"2023-07-05T02:28:20","date_gmt":"2023-07-05T02:28:20","guid":{"rendered":"https:\/\/oudianvalve.com\/?post_type=product&#038;p=18194"},"modified":"2023-07-05T02:28:21","modified_gmt":"2023-07-05T02:28:21","slug":"flange-segment-ball-valvecf8150lb6-inchrf-end","status":"publish","type":"product","link":"https:\/\/oudianvalve.com\/pt\/products\/ball-valves\/flange-segment-ball-valvecf8150lb6-inchrf-end\/","title":{"rendered":"V\u00e1lvula de esfera de segmento de flange, CF8,150LB, 6 polegadas, extremidade RF"},"content":{"rendered":"<p>A v\u00e1lvula esfera de segmento flangeado \u00e9 projetada principalmente para controle de fluxo e tamb\u00e9m pode ser usada para opera\u00e7\u00e3o de fechamento. A porta entalhada na esfera do segmento contribui para uma forte tens\u00e3o de cisalhamento para cortar meios com fibras e part\u00edculas. Conseq\u00fcentemente, esta v\u00e1lvula esf\u00e9rica de segmento \u00e9 uma boa v\u00e1lvula de controle geral (caracter\u00edstica de fluxo de porcentagem igual) para a maioria das aplica\u00e7\u00f5es de processo de celulose e papel, ou fluxo semelhante cont\u00e9m fibras e part\u00edculas.<\/p>\n<p>Classifica\u00e7\u00f5es de press\u00e3o-temperatura: ASME B16.34<br \/>\nFaixa de tamanho: DN 25~500mm NPS 1\u201d-20\u201d (Flange)<br \/>\nFaixa de press\u00e3o: PN 10\/16\/25\/40\/63 ANSI 150\/300\/600<br \/>\nConex\u00f5es finais: ISA S75.04, IEC\/DIN 534-3-2 (Flange)<br \/>\nTipo de bola: Bola s\u00f3lida forjada, Bola oca, Bola flutuante<br \/>\nInspe\u00e7\u00e3o e Teste: DIN3230,API598<br \/>\nEstanqueidade da veda\u00e7\u00e3o: Assento met\u00e1lico Classe IV Assento resiliente Classe VI<br \/>\nMateriais do corpo: WCB, CF8, CF8M CF3M, 4A,5A,6A, C95800.<br \/>\nMateriais do assento: A\u00e7o Inoxid\u00e1vel+STL, PCTFE,PEEK (Flange), A\u00e7o Inoxid\u00e1vel+STL (Wafer)<br \/>\nTemperatura. Faixa: Assento met\u00e1lico -29\u2026+450\u2103 Assento resiliente -29\u2026+150\u2103<br \/>\nOpera\u00e7\u00e3o manual, engrenagem helicoidal, pneum\u00e1tica, el\u00e9trica.<\/p>\n<p>Caracter\u00edsticas:<\/p>\n<p>1. Corpo:<\/p>\n<p>a) O projeto de corpo integral oferece maior rigidez contra cargas flutuantes no tubo.<\/p>\n<p>b) Elimina o caminho de vazamento associado a designs de corpo de duas pe\u00e7as.<\/p>\n<p>c) Est\u00e3o dispon\u00edveis conex\u00f5es wafer e flange.<\/p>\n<p>2. N\u00facleo:<\/p>\n<p>a) A esfera com entalhe em V especialmente projetada proporciona forte tens\u00e3o de corte e veda\u00e7\u00e3o herm\u00e9tica.<\/p>\n<p>b) Os tratamentos de cromo duro, nitreta\u00e7\u00e3o e HCOF est\u00e3o dispon\u00edveis para o tratamento da superf\u00edcie da esfera, melhorando a dureza,<\/p>\n<p>resist\u00eancia \u00e0 abras\u00e3o, resist\u00eancia \u00e0 fadiga, resist\u00eancia \u00e0 corros\u00e3o e desempenho sob alta temperatura.<\/p>\n<p>c) A superf\u00edcie da esfera entalhada bem retificada garante pequeno torque operacional e veda\u00e7\u00e3o herm\u00e9tica, especialmente para sedes met\u00e1licas<\/p>\n<p>v\u00e1lvula de segmento.<\/p>\n<p>3. Assento:<\/p>\n<p>a) Para v\u00e1lvulas classificadas na classe 150, o retentor \u00e9 fundido no corpo da v\u00e1lvula para eliminar qualquer poss\u00edvel espa\u00e7o entre a sede<\/p>\n<p>anel e corpo para ac\u00famulo de res\u00edduos. Conseq\u00fcentemente, isso garante uma veda\u00e7\u00e3o perfeita\u3002<\/p>\n<p>b) O projeto especializado da mola diminui o torque da v\u00e1lvula enquanto fornece for\u00e7a para veda\u00e7\u00e3o herm\u00e9tica.<\/p>\n<p>c) O projeto da sede energizada por press\u00e3o oferece excelente veda\u00e7\u00e3o mesmo em press\u00f5es diferenciais muito baixas.<\/p>\n<p>4. Haste:<\/p>\n<p>a) A haste \u00e9 finamente retificada para combinar perfeitamente com o atuador, o que evita movimento de balan\u00e7o e falha potencial<\/p>\n<p>da v\u00e1lvula segmentada.<\/p>\n<p>Aplicativo:<br \/>\nPapel e Celulose\/Tratamento de \u00c1guas Residuais\/ Alimentos e<br \/>\nBebidas\/F\u00e1bricas Qu\u00edmicas\/Centrais El\u00e9tricas\/Ind\u00fastria Sider\u00fargica\/Etc<\/p>","protected":false},"excerpt":{"rendered":"<p>CARACTER\u00cdSTICAS<\/p>\n<p>1. F\u00e1cil troca de assentos, significa baixo custo para reparos de v\u00e1lvulas.<\/p>\n<p>2. O contorno preciso do entalhe em V fornece excelentes caracter\u00edsticas de controle para uma ampla variedade de aplica\u00e7\u00f5es de fluxo.<\/p>\n<p>3. A conex\u00e3o estriada entre o eixo e a esfera garante controle preciso e baixa histerese.<\/p>\n<p>4. A a\u00e7\u00e3o de cisalhamento entre a esfera e a veda\u00e7\u00e3o promove uma opera\u00e7\u00e3o suave e sem entupimento - perfeita para aplica\u00e7\u00f5es de fibra ou lama.<\/p>\n<p>5. O assento com mola mant\u00e9m contato constante com a esfera, proporcionando melhor desempenho de veda\u00e7\u00e3o.<\/p>\n<p>6. A constru\u00e7\u00e3o resistente com passagem de fluxo irrestrita proporciona alta capacidade.<\/p>\n<p>7. A tecnologia superior de rolamento de munh\u00e3o \u00e9 projetada para excelente resist\u00eancia \u00e0 abras\u00e3o.<\/p>\n<p>8. A op\u00e7\u00e3o robusta com sede de metal autoajust\u00e1vel \u00e9 ideal para aplica\u00e7\u00f5es de alta temperatura ou lamas.<\/p>\n<p>9. Excelente capacidade de veda\u00e7\u00e3o - Padr\u00e3o Classe V<\/p>","protected":false},"featured_media":18195,"template":"","meta":{"advanced_seo_description":"","jetpack_seo_html_title":"","jetpack_seo_noindex":false},"product_brand":[],"product_cat":[83],"product_tag":[281,279,278,277,280],"class_list":{"0":"post-18194","1":"product","2":"type-product","3":"status-publish","4":"has-post-thumbnail","6":"product_cat-ball-valves","7":"product_tag-150lb-flange-segment-ball-valve","8":"product_tag-6-inch-flange-segment-ball-valve","9":"product_tag-cf8-flange-segment-ball-valve","10":"product_tag-flange-segment-ball-valve","11":"product_tag-rf-end-flange-segment-ball-valve","13":"first","14":"instock","15":"shipping-taxable","16":"product-type-simple"},"jetpack_sharing_enabled":true,"_links":{"self":[{"href":"https:\/\/oudianvalve.com\/pt\/wp-json\/wp\/v2\/product\/18194","targetHints":{"allow":["GET"]}}],"collection":[{"href":"https:\/\/oudianvalve.com\/pt\/wp-json\/wp\/v2\/product"}],"about":[{"href":"https:\/\/oudianvalve.com\/pt\/wp-json\/wp\/v2\/types\/product"}],"wp:featuredmedia":[{"embeddable":true,"href":"https:\/\/oudianvalve.com\/pt\/wp-json\/wp\/v2\/media\/18195"}],"wp:attachment":[{"href":"https:\/\/oudianvalve.com\/pt\/wp-json\/wp\/v2\/media?parent=18194"}],"wp:term":[{"taxonomy":"product_brand","embeddable":true,"href":"https:\/\/oudianvalve.com\/pt\/wp-json\/wp\/v2\/product_brand?post=18194"},{"taxonomy":"product_cat","embeddable":true,"href":"https:\/\/oudianvalve.com\/pt\/wp-json\/wp\/v2\/product_cat?post=18194"},{"taxonomy":"product_tag","embeddable":true,"href":"https:\/\/oudianvalve.com\/pt\/wp-json\/wp\/v2\/product_tag?post=18194"}],"curies":[{"name":"wp","href":"https:\/\/api.w.org\/{rel}","templated":true}]}}