{"id":18193,"date":"2023-07-05T02:57:48","date_gmt":"2023-07-05T02:57:48","guid":{"rendered":"https:\/\/oudianvalve.com\/?post_type=product&#038;p=18193"},"modified":"2023-07-05T02:57:49","modified_gmt":"2023-07-05T02:57:49","slug":"wafer-segment-ball-valve-a351-cf8-pn16-dn150","status":"publish","type":"product","link":"https:\/\/oudianvalve.com\/pt\/products\/ball-valves\/wafer-segment-ball-valve-a351-cf8-pn16-dn150\/","title":{"rendered":"V\u00e1lvula de esfera de segmento wafer, A351 CF8, PN16, DN150"},"content":{"rendered":"<p>A v\u00e1lvula esfera de segmento Wafer foi projetada principalmente para controle de fluxo e tamb\u00e9m pode ser usada para opera\u00e7\u00e3o de fechamento. A porta entalhada na esfera do segmento contribui para uma forte tens\u00e3o de cisalhamento para cortar meios com fibras e part\u00edculas. Conseq\u00fcentemente, esta v\u00e1lvula de segmento com porta em V \u00e9 uma boa v\u00e1lvula de controle geral para a maioria das aplica\u00e7\u00f5es de processos de celulose e papel, ou fluxos similares cont\u00eam fibras e part\u00edculas.<\/p>\n<p>Classifica\u00e7\u00f5es de press\u00e3o-temperatura: ASME B16.34<br \/>\nFaixa de tamanho: DN 25~250mm NPS 1\u201d-10\u201d (Wafer)<br \/>\nFaixa de press\u00e3o: PN 10\/16\/25\/40\/63 ANSI 150\/300\/600<br \/>\nConex\u00f5es finais: Padr\u00e3o de f\u00e1brica (Wafer)<br \/>\nTipo de bola: Bola s\u00f3lida forjada, Bola oca, Bola flutuante<br \/>\nInspe\u00e7\u00e3o e Teste: DIN3230, API598<br \/>\nEstanqueidade da veda\u00e7\u00e3o: Assento met\u00e1lico Classe IV Assento resiliente Classe VI<br \/>\nMateriais do corpo: WCB, CF8, CF8M CF3M, 4A,5A,6A, C95800.<br \/>\nMateriais do assento: A\u00e7o Inoxid\u00e1vel+STL, PCTFE,PEEK (Flange), A\u00e7o Inoxid\u00e1vel+STL (Wafer)<br \/>\nTemperatura. Faixa: Assento met\u00e1lico -29\u2026+450\u2103 Assento resiliente -29\u2026+150\u2103<br \/>\nOpera\u00e7\u00e3o manual, engrenagem helicoidal, pneum\u00e1tica, el\u00e9trica.<\/p>\n<p>Corpo<br \/>\n\u2022 Corpo de pe\u00e7a \u00fanica evita vazamentos causados por flanges ou an\u00e9is de travamento separados.<br \/>\nEsfera de segmento de porta V:<br \/>\n\u2022 A esfera com entalhe em V especialmente projetada proporciona forte tens\u00e3o de corte e veda\u00e7\u00e3o herm\u00e9tica.<br \/>\nA superf\u00edcie da esfera entalhada bem retificada garante pequeno torque operacional e veda\u00e7\u00e3o herm\u00e9tica,<br \/>\nespecialmente para v\u00e1lvula de segmento com sede met\u00e1lica.<br \/>\nAssento<br \/>\n\u2022 O design especial da sede elimina a cavidade entre a sede e o corpo da v\u00e1lvula. Esse,<br \/>\nconseq\u00fcentemente, evita que a m\u00eddia fique presa entre a sede e o corpo, garantindo confiabilidade<br \/>\nveda\u00e7\u00e3o.<br \/>\nSuperf\u00edcie de veda\u00e7\u00e3o<br \/>\n\u2022 O revestimento de nitreta\u00e7\u00e3o\/carboneto de tungst\u00eanio\/liga de sat\u00e9lite\/liga \u00e0 base de n\u00edquel est\u00e1 dispon\u00edvel para<br \/>\nmeios abrasivos.<br \/>\nTronco<br \/>\n\u2022 A haste \u00e9 finamente aterrada para combinar perfeitamente com o atuador, o que evita movimentos de balan\u00e7o<br \/>\ne falha potencial da v\u00e1lvula segmentada com porta v.<br \/>\n\u2022 Estrias de ajuste perfeito ou chave de pino est\u00e3o dispon\u00edveis para conex\u00e3o esf\u00e9rica do segmento da haste para fornecer<br \/>\ntransmiss\u00e3o confi\u00e1vel sem perda de movimento ou banda morta\u3002<\/p>\n<p>Aplicativo:<br \/>\nCelulose e Papel\/Tratamento de \u00c1guas Residuais\/ Alimentos e Bebidas\/F\u00e1bricas Qu\u00edmicas\/Centrais El\u00e9tricas\/Ind\u00fastria Sider\u00fargica\/Etc.<\/p>","protected":false},"excerpt":{"rendered":"<p>As v\u00e1lvulas esf\u00e9ricas de segmento wafer pertencem a v\u00e1lvulas esf\u00e9ricas fixas e tamb\u00e9m s\u00e3o v\u00e1lvulas esf\u00e9ricas seladas de assento \u00fanico. Seu desempenho de regula\u00e7\u00e3o \u00e9 o melhor entre as v\u00e1lvulas esfera e suas caracter\u00edsticas de vaz\u00e3o s\u00e3o iguais em porcentagem, com rela\u00e7\u00e3o ajust\u00e1vel de 100:1. Seu entalhe em forma de V tem um efeito de cisalhamento entre a sede met\u00e1lica da v\u00e1lvula, tornando-o particularmente adequado para meios contendo fibras, pequenas part\u00edculas s\u00f3lidas, lama e outros materiais.<\/p>","protected":false},"featured_media":18198,"template":"","meta":{"advanced_seo_description":"","jetpack_seo_html_title":"","jetpack_seo_noindex":false},"product_brand":[],"product_cat":[83],"product_tag":[286,288,287,285],"class_list":{"0":"post-18193","1":"product","2":"type-product","3":"status-publish","4":"has-post-thumbnail","6":"product_cat-ball-valves","7":"product_tag-cf8-wafer-segment-ball-valve","8":"product_tag-dn150-wafer-segment-ball-valve","9":"product_tag-pn16-wafer-segment-ball-valve","10":"product_tag-wafer-segment-ball-valve","12":"first","13":"instock","14":"shipping-taxable","15":"product-type-simple"},"jetpack_sharing_enabled":true,"_links":{"self":[{"href":"https:\/\/oudianvalve.com\/pt\/wp-json\/wp\/v2\/product\/18193","targetHints":{"allow":["GET"]}}],"collection":[{"href":"https:\/\/oudianvalve.com\/pt\/wp-json\/wp\/v2\/product"}],"about":[{"href":"https:\/\/oudianvalve.com\/pt\/wp-json\/wp\/v2\/types\/product"}],"wp:featuredmedia":[{"embeddable":true,"href":"https:\/\/oudianvalve.com\/pt\/wp-json\/wp\/v2\/media\/18198"}],"wp:attachment":[{"href":"https:\/\/oudianvalve.com\/pt\/wp-json\/wp\/v2\/media?parent=18193"}],"wp:term":[{"taxonomy":"product_brand","embeddable":true,"href":"https:\/\/oudianvalve.com\/pt\/wp-json\/wp\/v2\/product_brand?post=18193"},{"taxonomy":"product_cat","embeddable":true,"href":"https:\/\/oudianvalve.com\/pt\/wp-json\/wp\/v2\/product_cat?post=18193"},{"taxonomy":"product_tag","embeddable":true,"href":"https:\/\/oudianvalve.com\/pt\/wp-json\/wp\/v2\/product_tag?post=18193"}],"curies":[{"name":"wp","href":"https:\/\/api.w.org\/{rel}","templated":true}]}}