{"id":18191,"date":"2023-07-03T09:02:04","date_gmt":"2023-07-03T09:02:04","guid":{"rendered":"https:\/\/oudianvalve.com\/?post_type=product&#038;p=18191"},"modified":"2023-07-03T09:02:05","modified_gmt":"2023-07-03T09:02:05","slug":"1500lb-lift-check-valve-astm-a105n-3-inch-rf-end","status":"publish","type":"product","link":"https:\/\/oudianvalve.com\/pt\/products\/check-valves\/1500lb-lift-check-valve-astm-a105n-3-inch-rf-end\/","title":{"rendered":"V\u00e1lvula de reten\u00e7\u00e3o de eleva\u00e7\u00e3o 1500LB, ASTM A105N, 3 polegadas, extremidade RF"},"content":{"rendered":"<p>1. Projeto e Fabrica\u00e7\u00e3o: API 602<br \/>\n2. Constru\u00e7\u00f5es: OS&amp;Y, Castelo Aparafusado, Castelo Soldado e Castelo Selado por Press\u00e3o;<br \/>\n3. Porta completa\/porta reduzida<br \/>\n4. Faixa de tamanho: 1\/2\u2033 a 4\u2033.<br \/>\n5. Classifica\u00e7\u00f5es de press\u00e3o: ANSI 800, 900, 1500 e 2500<br \/>\n6. Conex\u00f5es finais: Rosqueadas, Flangeadas, Solda de topo, Solda de soquete.<br \/>\n7. Materiais dispon\u00edveis em: A105, LF2, F5, F11, F22, F304, F316, F51 ou equivalente;<br \/>\n8. V\u00e1rios materiais de acabamento est\u00e3o dispon\u00edveis para atender a diferentes condi\u00e7\u00f5es de servi\u00e7o<br \/>\n9. NACE MR 0175 mediante solicita\u00e7\u00e3o<br \/>\n10.Teste e Inspe\u00e7\u00e3o: API598<\/p>\n<p>&nbsp;<\/p>\n<p>Caracter\u00edsticas importantes:<br \/>\nUm design compacto, mas extremamente robusto para servi\u00e7os em alta press\u00e3o e temperatura Design de tampa aparafusada, tampa f\u00e1cil de abrir<br \/>\nDisco guia do corpo tipo pist\u00e3o<br \/>\nGaranta o alinhamento perfeito do disco e da sede RingSpring carregado mediante solicita\u00e7\u00e3o<br \/>\nDisco e assento Stellited F6 opcionais<br \/>\nFixadores B7\/2H de alta resist\u00eancia<\/p>\n<p>Aplicativo<br \/>\nUsinas de energia e ind\u00fastrias de processoPlantas petroqu\u00edmicas e refinariasF\u00e1bricas de cimento e fertilizantes<br \/>\nPlanta de a\u00e7o<br \/>\nProcessos e Ind\u00fastrias Gerais<br \/>\nInd\u00fastrias de a\u00e7\u00facar e destilarias<br \/>\n\u00c1gua, Vapor, G\u00e1s, Petr\u00f3leo e outros meios n\u00e3o agressivos<\/p>","protected":false},"excerpt":{"rendered":"<p>1. Design &amp; Manufacture: API 602 2. Constructions: OS&amp;Y, Bolted Bonnet, Welded Bonnet &amp; Pressure Sealed Bonnet; 3. Full Port \/ Reduced Port 4. Size Range: 1\/2&#8243; to 4&#8243;. 5. Pressure Ratings: ANSI \u00a0800, 900, 1500 &amp; 2500 6. End Connections: Threaded, Flanged, Butt weld, Socket Weld. 7. Materials Available in: A105, LF2, F5, F11, [&hellip;]<\/p>\n","protected":false},"featured_media":18192,"template":"","meta":{"advanced_seo_description":"","jetpack_seo_html_title":"","jetpack_seo_noindex":false},"product_brand":[],"product_cat":[82],"product_tag":[272,274,273,275,276],"class_list":{"0":"post-18191","1":"product","2":"type-product","3":"status-publish","4":"has-post-thumbnail","6":"product_cat-check-valves","7":"product_tag-1500lb-lift-check-valve","8":"product_tag-3-inch-1500lb-lift-check-valve","9":"product_tag-a105-1500lb-lift-check-valve","10":"product_tag-aapi-602-1500lb-lift-check-valve","11":"product_tag-rf-end-1500lb-lift-check-valve","13":"first","14":"instock","15":"shipping-taxable","16":"product-type-simple"},"jetpack_sharing_enabled":true,"_links":{"self":[{"href":"https:\/\/oudianvalve.com\/pt\/wp-json\/wp\/v2\/product\/18191","targetHints":{"allow":["GET"]}}],"collection":[{"href":"https:\/\/oudianvalve.com\/pt\/wp-json\/wp\/v2\/product"}],"about":[{"href":"https:\/\/oudianvalve.com\/pt\/wp-json\/wp\/v2\/types\/product"}],"wp:featuredmedia":[{"embeddable":true,"href":"https:\/\/oudianvalve.com\/pt\/wp-json\/wp\/v2\/media\/18192"}],"wp:attachment":[{"href":"https:\/\/oudianvalve.com\/pt\/wp-json\/wp\/v2\/media?parent=18191"}],"wp:term":[{"taxonomy":"product_brand","embeddable":true,"href":"https:\/\/oudianvalve.com\/pt\/wp-json\/wp\/v2\/product_brand?post=18191"},{"taxonomy":"product_cat","embeddable":true,"href":"https:\/\/oudianvalve.com\/pt\/wp-json\/wp\/v2\/product_cat?post=18191"},{"taxonomy":"product_tag","embeddable":true,"href":"https:\/\/oudianvalve.com\/pt\/wp-json\/wp\/v2\/product_tag?post=18191"}],"curies":[{"name":"wp","href":"https:\/\/api.w.org\/{rel}","templated":true}]}}