{"id":18189,"date":"2023-07-03T08:18:53","date_gmt":"2023-07-03T08:18:53","guid":{"rendered":"https:\/\/oudianvalve.com\/?post_type=product&#038;p=18189"},"modified":"2023-07-03T08:19:23","modified_gmt":"2023-07-03T08:19:23","slug":"wafer-type-dual-plate-check-valve-150lb-cf8m-6-inch","status":"publish","type":"product","link":"https:\/\/oudianvalve.com\/pt\/products\/check-valves\/wafer-type-dual-plate-check-valve-150lb-cf8m-6-inch\/","title":{"rendered":"V\u00e1lvula de reten\u00e7\u00e3o de placa dupla tipo wafer, 150LB, CF8M, 6 polegadas"},"content":{"rendered":"<p>Comprimento estrutural curto, apenas 1\/4~1\/8 do comprimento da v\u00e1lvula de reten\u00e7\u00e3o flangeada tradicional;<\/p>\n<p>Baixo volume, peso leve, apenas 1\/4~1\/20 daqueles das v\u00e1lvulas de reten\u00e7\u00e3o flangeadas tradicionais;<\/p>\n<p>Fechamento r\u00e1pido do disco da v\u00e1lvula, baixa press\u00e3o do golpe de ar\u00edete;<\/p>\n<p>Aplic\u00e1vel e facilmente instalado em tubula\u00e7\u00f5es verticais ou horizontais;<\/p>\n<p>Passagem de fluxo suave e pequena resist\u00eancia ao fluido;<\/p>\n<p>A\u00e7\u00e3o flex\u00edvel e bom desempenho de veda\u00e7\u00e3o;<\/p>\n<p>Curso estreito da v\u00e1lvula e pequeno impacto de fechamento;<\/p>\n<p>Estrutura integrada, simples e compacta, em formato bonito;<\/p>\n<p>Longa vida \u00fatil e boa confiabilidade.<\/p>\n<p>Especifica\u00e7\u00e3o do par\u00e2metro principal<\/p>\n<p>Projeto e fabrica\u00e7\u00e3o:API594,API 6D<br \/>\nFace a face e ponta a ponta:API594,API6D,DIN3202<br \/>\nClassifica\u00e7\u00e3o de press\u00e3o-temperatura: ASME B16.34, DIN2410,<br \/>\nInspe\u00e7\u00e3o e teste: API598<br \/>\nFlange de tubo: ASME B16.5,DIN2543~2548,GB\/T13402,API605,ASME B16.47.<\/p>\n<p>Gama de Produtos<\/p>\n<p>Material do corpo: a\u00e7o carbono, a\u00e7o inoxid\u00e1vel, a\u00e7o de liga, bronze<\/p>\n<p>Di\u00e2metro nominal: 1,5\u2033~60\u2033(DN40~DN1500)<\/p>\n<p>Conex\u00e3o final: RF, RTJ, BW<\/p>\n<p>Faixa de press\u00e3o: Classe 150~2500 (PN16~PN420)<\/p>\n<p>Temperatura de trabalho: -196\u2103~+560\u2103<\/p>\n<p>&nbsp;<\/p>\n<p>As v\u00e1lvulas de reten\u00e7\u00e3o de placa dupla t\u00eam extremidades tipo wafer, lug ou flangeadas e atendem \u00e0s normas API 6D ou API 594. As v\u00e1lvulas de reten\u00e7\u00e3o de placa dupla s\u00e3o projetadas sem retentores para evitar caminhos de vazamento atrav\u00e9s do corpo da v\u00e1lvula.<\/p>\n<p>A V\u00e1lvula de Reten\u00e7\u00e3o de Placa Dupla emprega duas placas carregadas por mola articuladas em um pino de dobradi\u00e7a central. A v\u00e1lvula de reten\u00e7\u00e3o de placa dupla \u00e9 um tipo de v\u00e1lvula de reten\u00e7\u00e3o de balan\u00e7o, com caracter\u00edsticas que s\u00e3o muito mais curtas e menos pesadas em compara\u00e7\u00e3o com uma v\u00e1lvula de reten\u00e7\u00e3o de balan\u00e7o convencional.<\/p>\n<p>Vantagens:<\/p>\n<p>\u2013 V\u00e1lvulas de reten\u00e7\u00e3o de placa dupla realizam o trabalho de quase qualquer v\u00e1lvula de reten\u00e7\u00e3o de giro. No entanto, suas dimens\u00f5es menores as tornam mais leves e, portanto, mais econ\u00f4micas para comprar, instalar e manter.<\/p>\n<p>\u2013 A v\u00e1lvula de reten\u00e7\u00e3o de placa dupla \u00e9 uma v\u00e1lvula de reten\u00e7\u00e3o silenciosa; devido ao seu design inovador, ela n\u00e3o bate ao fechar.<\/p>\n<p>\u2013 A v\u00e1lvula de reten\u00e7\u00e3o de placa dupla tem uma caracter\u00edstica importante: n\u00e3o depende de press\u00e3o ou fluxo para centralizar as placas em rela\u00e7\u00e3o \u00e0 superf\u00edcie de veda\u00e7\u00e3o para fazer a veda\u00e7\u00e3o.<\/p>","protected":false},"excerpt":{"rendered":"<p>A v\u00e1lvula de reten\u00e7\u00e3o de placa dupla \u00e9 um tipo de v\u00e1lvula de reten\u00e7\u00e3o de giro, com caracter\u00edsticas muito mais curtas e leves em compara\u00e7\u00e3o com uma v\u00e1lvula de reten\u00e7\u00e3o de giro convencional.<\/p>","protected":false},"featured_media":18190,"template":"","meta":{"advanced_seo_description":"","jetpack_seo_html_title":"","jetpack_seo_noindex":false},"product_brand":[],"product_cat":[82],"product_tag":[269,270,271,268],"class_list":{"0":"post-18189","1":"product","2":"type-product","3":"status-publish","4":"has-post-thumbnail","6":"product_cat-check-valves","7":"product_tag-150lb-wafer-type-dual-plate-check-valve","8":"product_tag-6-inch-dual-plate-check-valve","9":"product_tag-cf8m-dual-plate-check-valve","10":"product_tag-wafer-type-dual-plate-check-valve","12":"first","13":"instock","14":"shipping-taxable","15":"product-type-simple"},"jetpack_sharing_enabled":true,"_links":{"self":[{"href":"https:\/\/oudianvalve.com\/pt\/wp-json\/wp\/v2\/product\/18189","targetHints":{"allow":["GET"]}}],"collection":[{"href":"https:\/\/oudianvalve.com\/pt\/wp-json\/wp\/v2\/product"}],"about":[{"href":"https:\/\/oudianvalve.com\/pt\/wp-json\/wp\/v2\/types\/product"}],"wp:featuredmedia":[{"embeddable":true,"href":"https:\/\/oudianvalve.com\/pt\/wp-json\/wp\/v2\/media\/18190"}],"wp:attachment":[{"href":"https:\/\/oudianvalve.com\/pt\/wp-json\/wp\/v2\/media?parent=18189"}],"wp:term":[{"taxonomy":"product_brand","embeddable":true,"href":"https:\/\/oudianvalve.com\/pt\/wp-json\/wp\/v2\/product_brand?post=18189"},{"taxonomy":"product_cat","embeddable":true,"href":"https:\/\/oudianvalve.com\/pt\/wp-json\/wp\/v2\/product_cat?post=18189"},{"taxonomy":"product_tag","embeddable":true,"href":"https:\/\/oudianvalve.com\/pt\/wp-json\/wp\/v2\/product_tag?post=18189"}],"curies":[{"name":"wp","href":"https:\/\/api.w.org\/{rel}","templated":true}]}}