{"id":18182,"date":"2023-07-03T07:41:37","date_gmt":"2023-07-03T07:41:37","guid":{"rendered":"https:\/\/oudianvalve.com\/?post_type=product&#038;p=18182"},"modified":"2023-07-03T07:50:12","modified_gmt":"2023-07-03T07:50:12","slug":"axial-flow-check-valve-wcb-body-600lb-12-inch-flange-end","status":"publish","type":"product","link":"https:\/\/oudianvalve.com\/pt\/products\/check-valves\/axial-flow-check-valve-wcb-body-600lb-12-inch-flange-end\/","title":{"rendered":"V\u00e1lvula de reten\u00e7\u00e3o de fluxo axial, corpo WCB, 600LB, 12 polegadas, extremidade do flange"},"content":{"rendered":"<p>Padr\u00e3o de projeto: API 6D<br \/>\nClassifica\u00e7\u00f5es de press\u00e3o-temperatura: ASME B16.34<br \/>\nFaixa de tamanho: 2\u201d a 48\u201d<br \/>\nFaixa de press\u00e3o: Classe 150 a 2500<br \/>\nConex\u00f5es finais: RF flangeado, RTJ, solda de topo<br \/>\nDimens\u00f5es da extremidade flangeada: ASME B16.5 (\u226424\u201d), ASME B16.47 S\u00e9rie A ou B (&gt;24\u201d)<br \/>\nDimens\u00f5es da extremidade da solda de topo: ASME B16.25 face a face<br \/>\nDimens\u00f5es face a face: ASME B16.10<br \/>\nInspe\u00e7\u00e3o e Teste: API 598<br \/>\nMateriais do corpo: WCB, CF8, CF3, CF3M, CF8M, A995 4A, 5A, 6A, C95800, INCONEL 625, INCONEL 825, MONEL, WC6, WC9.<br \/>\nMateriais de acabamento: 1#, 5#, 8#, 10#, 12#, 16#<br \/>\nMateriais de embalagem: grafite, grafite com fio inconel<\/p>\n<p>Aplica\u00e7\u00f5es Golpe de Ar\u00edete O golpe de ar\u00edete \u00e9 o fen\u00f4meno que ocorre quando um l\u00edquido para repentinamente e gera ondas de choque dentro do tubo. A alta press\u00e3o resultante pode causar danos significativos \u00e0s tubula\u00e7\u00f5es, juntas, medidores, hangares de tubula\u00e7\u00e3o e outros componentes. As v\u00e1lvulas de reten\u00e7\u00e3o de fluxo axial Relia podem reduzir os efeitos do golpe de ar\u00edete. Pulsa\u00e7\u00f5es de press\u00e3o As pulsa\u00e7\u00f5es de press\u00e3o s\u00e3o causadas pela redu\u00e7\u00e3o intermitente da press\u00e3o devido ao movimento alternativo de um compressor alternativo. A flutua\u00e7\u00e3o de press\u00e3o causa ondas de choque pulsantes no sistema, o que aumenta o desgaste dos componentes do sistema. No entanto, as v\u00e1lvulas de reten\u00e7\u00e3o axiais n\u00e3o consistem em pe\u00e7as oscilantes e, portanto, reduzem o desgaste dos componentes do sistema, contribuindo para uma vida \u00fatil mais longa em compara\u00e7\u00e3o com outros tipos de v\u00e1lvulas. O objetivo das v\u00e1lvulas de reten\u00e7\u00e3o de fluxo axial Relia \u00e9 permitir a sa\u00edda de ar e g\u00e1s de um compressor alternativo. Op\u00e7\u00f5es de instala\u00e7\u00e3o: horizontal ou vertical Um problema comum enfrentado ao usar uma bomba \u00e9 o espa\u00e7o limitado para v\u00e1lvulas e tubos. As bombas s\u00e3o extremamente barulhentas quando em opera\u00e7\u00e3o. Portanto, geralmente s\u00e3o colocados em salas especiais. Isso deixa menos espa\u00e7o para v\u00e1lvulas e tubula\u00e7\u00f5es. As v\u00e1lvulas de fluxo axial podem lidar melhor com a turbul\u00eancia do que as v\u00e1lvulas de reten\u00e7\u00e3o convencionais. Isso os torna uma excelente op\u00e7\u00e3o quando o espa\u00e7o \u00e9 limitado. Al\u00e9m disso, v\u00e1lvulas de reten\u00e7\u00e3o de fluxo axial podem ser instaladas em tubos verticais e horizontais.<\/p>\n<p>2\u3001 Caracter\u00edsticas das v\u00e1lvulas de reten\u00e7\u00e3o de fluxo axial:<br \/>\n1. O produto consiste em um corpo de v\u00e1lvula, um corpo de guia, um disco de v\u00e1lvula com movimento axial e componentes de mola. O produto pode prevenir eficazmente o refluxo da m\u00eddia. Garantir a seguran\u00e7a do gasoduto.<br \/>\n2. O corpo da v\u00e1lvula, o disco e o cone traseiro s\u00e3o projetados como canais simplificados, que apresentam bom desempenho de fluido e minimizam a resist\u00eancia ao fluxo e a press\u00e3o.<br \/>\n3. Utilizando material de mola de alto desempenho HT\/INCONELX-750, possui excelente resist\u00eancia \u00e0 corros\u00e3o, resist\u00eancia \u00e0 oxida\u00e7\u00e3o e excelentes propriedades mec\u00e2nicas, garantindo que a mola opere em um estado de opera\u00e7\u00e3o de longo prazo.<br \/>\n4. Opera\u00e7\u00e3o silenciosa para eliminar ru\u00eddo e golpe de ar\u00edete nas tubula\u00e7\u00f5es de v\u00e1lvulas e garantir a seguran\u00e7a do equipamento e da tubula\u00e7\u00e3o.<br \/>\n5. As rea\u00e7\u00f5es de abertura e fechamento s\u00e3o r\u00e1pidas e a mola de pr\u00e9-compress\u00e3o altamente confi\u00e1vel permite que o disco da v\u00e1lvula responda rapidamente \u00e0s mudan\u00e7as na press\u00e3o do fluido.<br \/>\n6. Estrutura compacta, f\u00e1cil de instalar, adequada para instala\u00e7\u00e3o vertical e horizontal.<br \/>\n7. A v\u00e1lvula adota soldagem de liga de a\u00e7o com uma superf\u00edcie de veda\u00e7\u00e3o, que \u00e9 resistente ao desgaste, \u00e0 corros\u00e3o e tem uma longa vida \u00fatil.<br \/>\n8. A faixa de press\u00e3o da v\u00e1lvula \u00e9 relativamente ampla.<\/p>","protected":false},"excerpt":{"rendered":"<p>A v\u00e1lvula de reten\u00e7\u00e3o de fluxo axial determina a abertura e o fechamento do disco da v\u00e1lvula pela diferen\u00e7a de press\u00e3o entre as extremidades de entrada e sa\u00edda da v\u00e1lvula. A v\u00e1lvula de reten\u00e7\u00e3o de fluxo axial pode prevenir eficazmente o refluxo m\u00e9dio e garantir a seguran\u00e7a da tubula\u00e7\u00e3o\u3002<\/p>","protected":false},"featured_media":18183,"template":"","meta":{"advanced_seo_description":"","jetpack_seo_html_title":"","jetpack_seo_noindex":false},"product_brand":[],"product_cat":[82],"product_tag":[265,266,263,267,264],"class_list":{"0":"post-18182","1":"product","2":"type-product","3":"status-publish","4":"has-post-thumbnail","6":"product_cat-check-valves","7":"product_tag-12-inch-axial-flow-check-valve","8":"product_tag-600lb-axial-flow-check-valve","9":"product_tag-axial-flow-check-valve","10":"product_tag-non-slam-axial-flow-check-valve","11":"product_tag-wcb-axial-flow-check-valve","13":"first","14":"instock","15":"shipping-taxable","16":"product-type-simple"},"jetpack_sharing_enabled":true,"_links":{"self":[{"href":"https:\/\/oudianvalve.com\/pt\/wp-json\/wp\/v2\/product\/18182","targetHints":{"allow":["GET"]}}],"collection":[{"href":"https:\/\/oudianvalve.com\/pt\/wp-json\/wp\/v2\/product"}],"about":[{"href":"https:\/\/oudianvalve.com\/pt\/wp-json\/wp\/v2\/types\/product"}],"wp:featuredmedia":[{"embeddable":true,"href":"https:\/\/oudianvalve.com\/pt\/wp-json\/wp\/v2\/media\/18183"}],"wp:attachment":[{"href":"https:\/\/oudianvalve.com\/pt\/wp-json\/wp\/v2\/media?parent=18182"}],"wp:term":[{"taxonomy":"product_brand","embeddable":true,"href":"https:\/\/oudianvalve.com\/pt\/wp-json\/wp\/v2\/product_brand?post=18182"},{"taxonomy":"product_cat","embeddable":true,"href":"https:\/\/oudianvalve.com\/pt\/wp-json\/wp\/v2\/product_cat?post=18182"},{"taxonomy":"product_tag","embeddable":true,"href":"https:\/\/oudianvalve.com\/pt\/wp-json\/wp\/v2\/product_tag?post=18182"}],"curies":[{"name":"wp","href":"https:\/\/api.w.org\/{rel}","templated":true}]}}