{"id":18180,"date":"2023-07-03T07:14:51","date_gmt":"2023-07-03T07:14:51","guid":{"rendered":"https:\/\/oudianvalve.com\/?post_type=product&#038;p=18180"},"modified":"2023-07-03T08:02:40","modified_gmt":"2023-07-03T08:02:40","slug":"tilting-disc-check-valve-300lb-wcb-12-inch-rf-end","status":"publish","type":"product","link":"https:\/\/oudianvalve.com\/pt\/products\/check-valves\/tilting-disc-check-valve-300lb-wcb-12-inch-rf-end\/","title":{"rendered":"V\u00e1lvula de reten\u00e7\u00e3o de disco inclin\u00e1vel, 300LB, WCB, 12 polegadas, extremidade RF"},"content":{"rendered":"<p>Padr\u00e3o de projeto: API 6D<br \/>\nClassifica\u00e7\u00f5es de press\u00e3o-temperatura: ASME B16.34<br \/>\nFaixa de tamanho: 2\u201d a 48\u201d<br \/>\nFaixa de press\u00e3o: Classe 150 a 2500<br \/>\nConex\u00f5es finais: RF flangeado, RTJ, solda de topo<br \/>\nDimens\u00f5es da extremidade flangeada: ASME B16.5 (\u226424\u201d), ASME B16.47 S\u00e9rie A ou B (&gt;24\u201d)<br \/>\nDimens\u00f5es da extremidade da solda de topo: ASME B16.25 face a face<br \/>\nDimens\u00f5es face a face: ASME B16.10<br \/>\nInspe\u00e7\u00e3o e Teste: API 598<br \/>\nMateriais do corpo: WCB, CF8, CF3, CF3M, CF8M, A995 4A, 5A, 6A, C95800, INCONEL 625, INCONEL 825, MONEL, WC6, WC9.<br \/>\nMateriais de acabamento: 1#, 5#, 8#, 10#, 12#, 16#<br \/>\nMateriais de embalagem: grafite, grafite com fio inconel<\/p>\n<p>As V\u00e1lvulas de Reten\u00e7\u00e3o de Disco Inclin\u00e1vel realizam abertura de fluxo total ao fazer o disco girar ou inclinar no meio de fluxo. O intervalo de curso de abertura \u00e9 muito menor do que o das v\u00e1lvulas de reten\u00e7\u00e3o de giro convencionais, o que reduz o tempo de abertura e fechamento. \u00c9 essencial para controlar a revers\u00e3o do fluxo e reduzir o golpe de ar\u00edete. O design da v\u00e1lvula de reten\u00e7\u00e3o de disco inclin\u00e1vel oferece a solu\u00e7\u00e3o ao permitir um fechamento r\u00e1pido, mesmo no caso de pouca perda de fluxo.<\/p>\n<p>As v\u00e1lvulas de reten\u00e7\u00e3o de disco basculante s\u00e3o projetadas para abrir e fechar mais r\u00e1pido do que as v\u00e1lvulas de reten\u00e7\u00e3o padr\u00e3o. A opera\u00e7\u00e3o r\u00e1pida \u00e9 necess\u00e1ria sempre que componentes cr\u00edticos devem ser protegidos contra refluxo imediatamente. No entanto, muitos outros tipos de v\u00e1lvulas de reten\u00e7\u00e3o s\u00f3 conseguem fechar quando o fluxo a montante \u00e9 perdido completamente.<\/p>\n<p>Em sistemas onde o refluxo pode ocorrer rapidamente, como sistemas de bombeamento em um sistema de alta press\u00e3o, isso pode levar a grandes problemas. Em casos extremos, o golpe de ar\u00edete resultante pode interromper sistemas inteiros de tubula\u00e7\u00e3o e bombeamento.<\/p>\n<p>\u2022 Estabilidade de fluxo baixo e pulsante<\/p>\n<p>\u2022 Uma queda moderada na press\u00e3o<\/p>\n<p>\u2022 Veda\u00e7\u00e3o firme do assento de metal<\/p>\n<p>\u2022 Os contatos do assento ocorrem somente ap\u00f3s o disco estar assentado e fechado.<\/p>\n<p>Aplicativo:<\/p>\n<p>Como o disco de uma v\u00e1lvula de reten\u00e7\u00e3o de disco basculante \u00e9 montado em um \u00e2ngulo de 15 graus, ele abre em uma velocidade m\u00e9dia, come\u00e7ando em 0,6 m\/seg com um tempo de resposta curto. Isso evita que o disco &quot;martele&quot; em baixas velocidades e previne o desgaste da haste, molas e rolamentos. A veda\u00e7\u00e3o autocentrante fornece uma veda\u00e7\u00e3o excelente em diferenciais de press\u00e3o alta e baixa. Al\u00e9m disso, as v\u00e1lvulas podem ser inclu\u00eddas com molas extras para aumentar a velocidade de resposta se houver um alto risco de refluxo r\u00e1pido.<\/p>\n<p>O resultado \u00e9 uma v\u00e1lvula de reten\u00e7\u00e3o est\u00e1vel com um tempo de resposta r\u00e1pido que requer manuten\u00e7\u00e3o m\u00ednima. Isso torna esta v\u00e1lvula adequada para qualquer aplica\u00e7\u00e3o que exija uma resposta r\u00e1pida.<\/p>","protected":false},"excerpt":{"rendered":"<p>Uma v\u00e1lvula de reten\u00e7\u00e3o de disco basculante oferece uma solu\u00e7\u00e3o de fechamento r\u00e1pido. As v\u00e1lvulas de reten\u00e7\u00e3o de disco basculante fornecem uma op\u00e7\u00e3o de corpo dividido, veda\u00e7\u00e3o de press\u00e3o ou wafer com um design anti-slam.<\/p>\n<p>As v\u00e1lvulas de reten\u00e7\u00e3o de disco basculante s\u00e3o projetadas para \u00e1gua pot\u00e1vel e outros l\u00edquidos neutros, e s\u00e3o normalmente instaladas em aplica\u00e7\u00f5es de bombeamento para evitar refluxo no sistema. O disco basculante requer apenas uma press\u00e3o muito baixa para abrir.<\/p>\n<p>A caracter\u00edstica desta v\u00e1lvula \u00e9 \u201canti-batida\u201d. O disco, com seu formato, \u00e9 mantido na posi\u00e7\u00e3o aberta pelo fluxo de fluido, e seu retorno \u00e0 posi\u00e7\u00e3o fechada n\u00e3o causa um golpe violento repentino contra o assento. O design pode ser ASME B16.34, mas tamb\u00e9m EN 12516.<\/p>","protected":false},"featured_media":18181,"template":"","meta":{"advanced_seo_description":"","jetpack_seo_html_title":"","jetpack_seo_noindex":false},"product_brand":[],"product_cat":[82],"product_tag":[261,260,262,259],"class_list":{"0":"post-18180","1":"product","2":"type-product","3":"status-publish","4":"has-post-thumbnail","6":"product_cat-check-valves","7":"product_tag-12-inch-tilting-disc-check-valve","8":"product_tag-300lb-tilting-disc-check-valve","9":"product_tag-rf-end-tilting-disc-check-valve","10":"product_tag-tilting-disc-check-valve","12":"first","13":"instock","14":"shipping-taxable","15":"product-type-simple"},"jetpack_sharing_enabled":true,"_links":{"self":[{"href":"https:\/\/oudianvalve.com\/pt\/wp-json\/wp\/v2\/product\/18180","targetHints":{"allow":["GET"]}}],"collection":[{"href":"https:\/\/oudianvalve.com\/pt\/wp-json\/wp\/v2\/product"}],"about":[{"href":"https:\/\/oudianvalve.com\/pt\/wp-json\/wp\/v2\/types\/product"}],"wp:featuredmedia":[{"embeddable":true,"href":"https:\/\/oudianvalve.com\/pt\/wp-json\/wp\/v2\/media\/18181"}],"wp:attachment":[{"href":"https:\/\/oudianvalve.com\/pt\/wp-json\/wp\/v2\/media?parent=18180"}],"wp:term":[{"taxonomy":"product_brand","embeddable":true,"href":"https:\/\/oudianvalve.com\/pt\/wp-json\/wp\/v2\/product_brand?post=18180"},{"taxonomy":"product_cat","embeddable":true,"href":"https:\/\/oudianvalve.com\/pt\/wp-json\/wp\/v2\/product_cat?post=18180"},{"taxonomy":"product_tag","embeddable":true,"href":"https:\/\/oudianvalve.com\/pt\/wp-json\/wp\/v2\/product_tag?post=18180"}],"curies":[{"name":"wp","href":"https:\/\/api.w.org\/{rel}","templated":true}]}}