{"id":18178,"date":"2023-07-03T06:51:33","date_gmt":"2023-07-03T06:51:33","guid":{"rendered":"https:\/\/oudianvalve.com\/?post_type=product&#038;p=18178"},"modified":"2023-07-03T06:51:34","modified_gmt":"2023-07-03T06:51:34","slug":"ci-wafer-check-valve-pn16-316-trim-epdm-seat","status":"publish","type":"product","link":"https:\/\/oudianvalve.com\/pt\/products\/check-valves\/ci-wafer-check-valve-pn16-316-trim-epdm-seat\/","title":{"rendered":"V\u00e1lvula de reten\u00e7\u00e3o CI Wafer, guarni\u00e7\u00e3o PN16,316, sede Epdm"},"content":{"rendered":"<p>V\u00e1lvula de reten\u00e7\u00e3o de placa dupla tipo wafer para marinha<br \/>\nFlanges conforme ASME B\/16.4716.5, Classe 125\/150; DIN 2501, PN10\/PN16<br \/>\nASME B16.1\/B16.2<br \/>\nTamanho: DN40-DN900\/ 1,5\u2033-36\u2033<br \/>\nMateriais:<br \/>\nCorpo: Ferro fundido \/ Ferro d\u00factil \/ A\u00e7o fundido \/ A\u00e7o inoxid\u00e1vel \/ Bronze de alum\u00ednio<br \/>\nDisco: Ferro D\u00factil \/ A\u00e7o Inoxid\u00e1vel \/ Bronze de Alum\u00ednio<br \/>\nMola: A\u00e7o inoxid\u00e1vel (SS304, SS316, Inconel)<br \/>\nHaste: A\u00e7o inoxid\u00e1vel<br \/>\nAssento: EPDM \/ NBR \/ VITON \/ A\u00e7o inoxid\u00e1vel<br \/>\nPress\u00e3o de trabalho: 1,5\u2033-12\u2033 16 bar; 14\u2033-24\u2033 10bar\/16BAR; 28\u2033-36\u2033 m\u00e1x. 10 barras<br \/>\nTeste de press\u00e3o de acordo com as normas: API 598<\/p>\n<p>As v\u00e1lvulas de reten\u00e7\u00e3o Wafer s\u00e3o v\u00e1lvulas de tubula\u00e7\u00e3o em linha usadas para controlar a dire\u00e7\u00e3o do fluxo de fluido e reduzir ou evitar totalmente o poss\u00edvel refluxo nos sistemas de encanamento. As v\u00e1lvulas de reten\u00e7\u00e3o wafer tamb\u00e9m s\u00e3o conhecidas como v\u00e1lvulas clack, v\u00e1lvulas de refluxo, v\u00e1lvulas anti-retorno e v\u00e1lvulas unidirecionais<\/p>","protected":false},"excerpt":{"rendered":"<p>Corpo: ferro fundido GG 25. Discos em a\u00e7o inoxid\u00e1vel316. Haste e mola: AISI 316. Rolamentos: PTFE. Montagem entre flanges PN 10\/16 \u2013 ANSI 150 lbs. Assento: nitrilo vulcanizado na ranhura.<\/p>","protected":false},"featured_media":18179,"template":"","meta":{"advanced_seo_description":"","jetpack_seo_html_title":"","jetpack_seo_noindex":false},"product_brand":[],"product_cat":[82],"product_tag":[257,255,258,256],"class_list":{"0":"post-18178","1":"product","2":"type-product","3":"status-publish","4":"has-post-thumbnail","6":"product_cat-check-valves","7":"product_tag-316-trim-ci-wafer-check-valve","8":"product_tag-ci-wafer-check-valve","9":"product_tag-epdm-ci-wafer-check-valve","10":"product_tag-pn16-ci-wafer-check-valve","12":"first","13":"instock","14":"shipping-taxable","15":"product-type-simple"},"jetpack_sharing_enabled":true,"_links":{"self":[{"href":"https:\/\/oudianvalve.com\/pt\/wp-json\/wp\/v2\/product\/18178","targetHints":{"allow":["GET"]}}],"collection":[{"href":"https:\/\/oudianvalve.com\/pt\/wp-json\/wp\/v2\/product"}],"about":[{"href":"https:\/\/oudianvalve.com\/pt\/wp-json\/wp\/v2\/types\/product"}],"wp:featuredmedia":[{"embeddable":true,"href":"https:\/\/oudianvalve.com\/pt\/wp-json\/wp\/v2\/media\/18179"}],"wp:attachment":[{"href":"https:\/\/oudianvalve.com\/pt\/wp-json\/wp\/v2\/media?parent=18178"}],"wp:term":[{"taxonomy":"product_brand","embeddable":true,"href":"https:\/\/oudianvalve.com\/pt\/wp-json\/wp\/v2\/product_brand?post=18178"},{"taxonomy":"product_cat","embeddable":true,"href":"https:\/\/oudianvalve.com\/pt\/wp-json\/wp\/v2\/product_cat?post=18178"},{"taxonomy":"product_tag","embeddable":true,"href":"https:\/\/oudianvalve.com\/pt\/wp-json\/wp\/v2\/product_tag?post=18178"}],"curies":[{"name":"wp","href":"https:\/\/api.w.org\/{rel}","templated":true}]}}