{"id":18167,"date":"2023-06-30T04:28:52","date_gmt":"2023-06-30T04:28:52","guid":{"rendered":"https:\/\/oudianvalve.com\/?post_type=product&#038;p=18167"},"modified":"2023-06-30T04:36:12","modified_gmt":"2023-06-30T04:36:12","slug":"2pc-forged-steel-floating-ball-valvea105-316-trim-2-inch-600lb-rf-end","status":"publish","type":"product","link":"https:\/\/oudianvalve.com\/pt\/products\/ball-valves\/2pc-forged-steel-floating-ball-valvea105-316-trim-2-inch-600lb-rf-end\/","title":{"rendered":"V\u00e1lvula de esfera flutuante de a\u00e7o forjado 2 unidades, guarni\u00e7\u00e3o A105,316, 2 polegadas, 600LB, extremidade RF"},"content":{"rendered":"<p>Padr\u00e3o de projeto: API 6D\/API 608<br \/>\nSeguran\u00e7a contra inc\u00eandio: API 607\/6FA<br \/>\nClassifica\u00e7\u00f5es de temperatura de press\u00e3o: ASME B16.34<br \/>\nFaixa de tamanho: 2\u201d a 48\u201d \uff08DN50-DN1200\uff09<br \/>\nPorta: passagem total ou passagem reduzida<br \/>\nFaixa de press\u00e3o: 150LB a 2500LB<br \/>\nConex\u00f5es finais: RF flangeado, RTJ, solda de topo<br \/>\nTipo de bola: Bola s\u00f3lida forjada<br \/>\nDimens\u00f5es da extremidade flangeada: ASME B16.5 (24\u201d e abaixo), ASME B16.47 S\u00e9rie A ou B (acima de 24\u201d)<br \/>\nDimens\u00f5es da extremidade da solda de topo: ASME B16.25<br \/>\nDimens\u00f5es face a face: ASME B16.10<br \/>\nInspe\u00e7\u00e3o e Teste: API 6D<br \/>\nMateriais do corpo: A105\/A105N, F304, F316, F316L, F51, F53, F55, C95800, UNS N08825, UNS N06625.<br \/>\nMateriais do assento: PTFE, RPTFE, DEVLON, NYLON, PEEK, assento met\u00e1lico com TCC\/STL\/Ni.<\/p>\n<p>Caracter\u00edsticas do produto:<\/p>\n<p>1. A resist\u00eancia ao fluxo \u00e9 pequena;<br \/>\n2. Assento do pist\u00e3o, design de estrutura antiest\u00e1tica de prote\u00e7\u00e3o contra inc\u00eandio;<br \/>\n3. Nenhuma limita\u00e7\u00e3o na dire\u00e7\u00e3o do fluxo do meio \uff1b<br \/>\n4.Quando a v\u00e1lvula est\u00e1 na posi\u00e7\u00e3o totalmente aberta, as superf\u00edcies da sede ficam fora do fluxo de fluxo, sempre em contato total com a comporta que pode proteger as superf\u00edcies da sede e s\u00e3o adequadas para a tubula\u00e7\u00e3o de pigging;<br \/>\n5.A embalagem com mola pode ser escolhida;<br \/>\n6. A embalagem de baixa emiss\u00e3o pode ser escolhida de acordo com o requisito ISO 15848;<br \/>\n7. O design estendido da haste pode ser escolhido;<br \/>\n8. O design do assento de metal com metal pode ser escolhido;<br \/>\n9.DBB,DIB-1,DIB-2 design pode ser escolhido;<br \/>\n10.A bola \u00e9 fixada com uma placa de suporte e um eixo fixo;<\/p>\n<p>Vantagem:<\/p>\n<p>Material do corpo forjado, desempenho muito mais est\u00e1vel do que o corpo fundido que pode apresentar defeitos inter, j\u00e1 que o corpo \u00e9 feito de material forjado, n\u00e3o h\u00e1 nenhum reparo e a superf\u00edcie parece boa. Somente bola s\u00f3lida \u00e9 usada para garantir um excelente desempenho. Em compara\u00e7\u00e3o com as v\u00e1lvulas de esfera flutuantes, a esfera \u00e9 fixada pela haste e pelo munh\u00e3o inferior, portanto possui menor valor de torque. Quando a press\u00e3o na cavidade \u00e9 alta, ela empurra o movimento da sede da mola, fazendo com que a press\u00e3o seja liberada automaticamente. Nossas v\u00e1lvulas de esfera montadas em munh\u00e3o s\u00e3o estritamente projetadas e produzidas de acordo com API6D e padr\u00e3o relacionado, 100% testado de acordo com API6D. A pintura pode ser personalizada de acordo com as solicita\u00e7\u00f5es do cliente, como JOTUN, HEMPEL. O TPI \u00e9 aceito para inspe\u00e7\u00e3o de processo ou inspe\u00e7\u00e3o dimensional e de teste final.<\/p>\n<p>Princ\u00edpio da v\u00e1lvula esf\u00e9rica flutuante de a\u00e7o forjado: Este tipo de v\u00e1lvula esf\u00e9rica possui uma esfera flutuante suportada por duas sedes de v\u00e1lvula. Sob o efeito de m\u00e9dia press\u00e3o, um certo deslocamento pode ser gerado pela pr\u00f3pria esfera para ser pressionada sobre o anel de veda\u00e7\u00e3o da sede na sa\u00edda, garantindo a estanqueidade na sa\u00edda.<\/p>","protected":false},"excerpt":{"rendered":"<h3><\/h3>\n<div>\n<p>\u00a0 \u00a0 \u00a0 \u00a0 Pequena descri\u00e7\u00e3o:<\/p>\n<ul>\n<li>Bloqueio duplo e sangramento (DBB)<\/li>\n<li>Corpo derramado ou entrada lateral, corpo de 2 ou 3 pe\u00e7as<\/li>\n<li>Cap\u00f4 aparafusado<\/li>\n<li>Mola antiest\u00e1tica<\/li>\n<li>Haste anti-explos\u00e3o<\/li>\n<li>Seguro contra inc\u00eandio<\/li>\n<li>Al\u00edvio da autocavidade<\/li>\n<\/ul>\n<\/div>","protected":false},"featured_media":18168,"template":"","meta":{"advanced_seo_description":"","jetpack_seo_html_title":"","jetpack_seo_noindex":false},"product_brand":[],"product_cat":[83],"product_tag":[252,250,253,251,254],"class_list":{"0":"post-18167","1":"product","2":"type-product","3":"status-publish","4":"has-post-thumbnail","6":"product_cat-ball-valves","7":"product_tag-2-inch-forged-steel-floating-ball-valve","8":"product_tag-2pc-forged-steel-floating-ball-valve","9":"product_tag-600lb-forged-steel-floating-ball-valve","10":"product_tag-a105-forged-steel-floating-ball-valve","11":"product_tag-rf-end-forged-steel-floating-ball-valve","13":"first","14":"instock","15":"shipping-taxable","16":"product-type-simple"},"jetpack_sharing_enabled":true,"_links":{"self":[{"href":"https:\/\/oudianvalve.com\/pt\/wp-json\/wp\/v2\/product\/18167","targetHints":{"allow":["GET"]}}],"collection":[{"href":"https:\/\/oudianvalve.com\/pt\/wp-json\/wp\/v2\/product"}],"about":[{"href":"https:\/\/oudianvalve.com\/pt\/wp-json\/wp\/v2\/types\/product"}],"wp:featuredmedia":[{"embeddable":true,"href":"https:\/\/oudianvalve.com\/pt\/wp-json\/wp\/v2\/media\/18168"}],"wp:attachment":[{"href":"https:\/\/oudianvalve.com\/pt\/wp-json\/wp\/v2\/media?parent=18167"}],"wp:term":[{"taxonomy":"product_brand","embeddable":true,"href":"https:\/\/oudianvalve.com\/pt\/wp-json\/wp\/v2\/product_brand?post=18167"},{"taxonomy":"product_cat","embeddable":true,"href":"https:\/\/oudianvalve.com\/pt\/wp-json\/wp\/v2\/product_cat?post=18167"},{"taxonomy":"product_tag","embeddable":true,"href":"https:\/\/oudianvalve.com\/pt\/wp-json\/wp\/v2\/product_tag?post=18167"}],"curies":[{"name":"wp","href":"https:\/\/api.w.org\/{rel}","templated":true}]}}