{"id":18165,"date":"2023-06-30T03:26:42","date_gmt":"2023-06-30T03:26:42","guid":{"rendered":"https:\/\/oudianvalve.com\/?post_type=product&#038;p=18165"},"modified":"2023-06-30T03:26:43","modified_gmt":"2023-06-30T03:26:43","slug":"din-wafer-ball-valve-pn16-dn80-cf8m-rf-end","status":"publish","type":"product","link":"https:\/\/oudianvalve.com\/pt\/products\/ball-valves\/din-wafer-ball-valve-pn16-dn80-cf8m-rf-end\/","title":{"rendered":"V\u00e1lvula de esfera DIN Wafer, PN16, DN80, CF8M, extremidade RF"},"content":{"rendered":"<p>Padr\u00e3o de design e fabrica\u00e7\u00e3o: API 6D, API 608, BS 5351\/DIN3357\/JIS B2071<\/p>\n<p>Padr\u00e3o de press\u00e3o e temperatura: ASME B16.34\/DIN3230<\/p>\n<p>Padr\u00e3o de dimens\u00e3o face a face: ASME B16.10\/DIN3202\/JIS B2002<\/p>\n<p>Padr\u00e3o de flange: ASME B16.5, ASME B16.47\/DIN2543-2545-2501\/JIS B2220<\/p>\n<p>Padr\u00e3o de teste e inspe\u00e7\u00e3o: API 598, API 6D\/DIN2401\/JIS B2003.<\/p>\n<p>Tamanho: 1\/2\u201d-8\u201d(DN15~DN200)<\/p>\n<p>Classifica\u00e7\u00e3o de press\u00e3o: 150LB-300LB\/PN16~PN40\/10K~20K)<\/p>\n<p>Material: WCB\uff64LCB\uff64WCC\uff64CF8\uff64CF8M\uff64CF3\uff64C3M\uff64A890 4A\uff64A105\uff64LF2\uff64F304\uff64F316\uff64F304L\uff64F316L e outros<\/p>\n<p>Temperatura adequada: -196\u00baC~450\u00baC( Temperaturas diferentes escolhem materiais diferentes).<\/p>\n<p>Meio Adequado: \u00c1gua, Vapor, Petr\u00f3leo e g\u00e1s natural, etc.<\/p>\n<h4>Caracter\u00edsticas do produto<\/h4>\n<p>1. O produto \u00e9 leve;<br \/>\n2. A resist\u00eancia ao fluxo \u00e9 pequena;<br \/>\n3. Assento de v\u00e1lvula tipo l\u00e1bio, f\u00e1cil de abrir e fechar \uff1b<br \/>\n4. Nenhuma limita\u00e7\u00e3o na dire\u00e7\u00e3o do fluxo;<br \/>\n5. Design \u00e0 prova de fogo, antiest\u00e1tico, haste anti-explos\u00e3o;<br \/>\n6. A embalagem com mola pode ser escolhida;<br \/>\n7. A embalagem de baixa emiss\u00e3o pode ser escolhida de acordo com o requisito ISO 15848;<br \/>\n8. O design estendido da haste pode ser escolhido<br \/>\n9. Assento macio e assento de metal com metal podem ser escolhidos;<br \/>\n10. O design encamisado pode ser escolhido.\uff1b<\/p>\n<p>Ind\u00fastria de aplica\u00e7\u00e3o de produtos<\/p>\n<p>O produto \u00e9 adequado para ind\u00fastrias como petr\u00f3leo, qu\u00edmica, g\u00e1s natural, bioqu\u00edmica, farmac\u00eautica, prote\u00e7\u00e3o ambiental e novas energias.<\/p>","protected":false},"excerpt":{"rendered":"<p>Caracter\u00edsticas<\/p>\n<p>\uff0eFundi\u00e7\u00e3o de investimento<\/p>\n<p>\uff0eAl\u00e7a do dispositivo de bloqueio<\/p>\n<p>\uff0eDispositivo antiest\u00e1tico<\/p>\n<p>\uff0eHaste \u00e0 prova de explos\u00e3o<\/p>\n<p>\uff0eAcess\u00f3rios de automa\u00e7\u00e3o<\/p>\n<p>\uff0eAlmofada de montagem direta ISO5211<\/p>\n<p>\uff0eDesign de carregamento ao vivo<\/p>","protected":false},"featured_media":18166,"template":"","meta":{"advanced_seo_description":"","jetpack_seo_html_title":"","jetpack_seo_noindex":false},"product_brand":[],"product_cat":[83],"product_tag":[248,245,247,246,249],"class_list":{"0":"post-18165","1":"product","2":"type-product","3":"status-publish","4":"has-post-thumbnail","6":"product_cat-ball-valves","7":"product_tag-cf8m-din-wafer-ball-valve","8":"product_tag-din-wafer-ball-valve","9":"product_tag-dn80-din-wafer-ball-valve","10":"product_tag-pn16-din-wafer-ball-valve","11":"product_tag-rf-end-din-wafer-ball-valve","13":"first","14":"instock","15":"shipping-taxable","16":"product-type-simple"},"jetpack_sharing_enabled":true,"_links":{"self":[{"href":"https:\/\/oudianvalve.com\/pt\/wp-json\/wp\/v2\/product\/18165","targetHints":{"allow":["GET"]}}],"collection":[{"href":"https:\/\/oudianvalve.com\/pt\/wp-json\/wp\/v2\/product"}],"about":[{"href":"https:\/\/oudianvalve.com\/pt\/wp-json\/wp\/v2\/types\/product"}],"wp:featuredmedia":[{"embeddable":true,"href":"https:\/\/oudianvalve.com\/pt\/wp-json\/wp\/v2\/media\/18166"}],"wp:attachment":[{"href":"https:\/\/oudianvalve.com\/pt\/wp-json\/wp\/v2\/media?parent=18165"}],"wp:term":[{"taxonomy":"product_brand","embeddable":true,"href":"https:\/\/oudianvalve.com\/pt\/wp-json\/wp\/v2\/product_brand?post=18165"},{"taxonomy":"product_cat","embeddable":true,"href":"https:\/\/oudianvalve.com\/pt\/wp-json\/wp\/v2\/product_cat?post=18165"},{"taxonomy":"product_tag","embeddable":true,"href":"https:\/\/oudianvalve.com\/pt\/wp-json\/wp\/v2\/product_tag?post=18165"}],"curies":[{"name":"wp","href":"https:\/\/api.w.org\/{rel}","templated":true}]}}