{"id":18163,"date":"2023-06-30T03:14:35","date_gmt":"2023-06-30T03:14:35","guid":{"rendered":"https:\/\/oudianvalve.com\/?post_type=product&#038;p=18163"},"modified":"2025-06-14T05:54:21","modified_gmt":"2025-06-14T05:54:21","slug":"duplex-2507-ball-valve-600lb-3-inch-flange-end","status":"publish","type":"product","link":"https:\/\/oudianvalve.com\/pt\/products\/ball-valves\/duplex-2507-ball-valve-600lb-3-inch-flange-end\/","title":{"rendered":"V\u00e1lvula de esfera duplex 2507, 600 lb, 3 polegadas, extremidade flangeada"},"content":{"rendered":"<p>Padr\u00e3o de design e fabrica\u00e7\u00e3o: API 6D, API 608, BS 5351\/DIN3357\/JIS B2071<\/p>\n<p>Padr\u00e3o de press\u00e3o e temperatura: ASME B16.34\/DIN3230<\/p>\n<p>Padr\u00e3o de dimens\u00e3o face a face: ASME B16.10\/DIN3202\/JIS B2002<\/p>\n<p>Padr\u00e3o de flange: ASME B16.5, ASME B16.47\/DIN2543-2545-2501\/JIS B2220<\/p>\n<p>Padr\u00e3o de teste e inspe\u00e7\u00e3o: API 598, API 6D\/DIN2401\/JIS B2003.<\/p>\n<p>Tamanho: 1\/2\u201d-10\u201d(DN15~DN250)<\/p>\n<p>Classifica\u00e7\u00e3o de press\u00e3o: 150LB-600LB\/PN16~PN100\/10K~60K)<\/p>\n<p>Material: Duplex S31803 \u3001 Super Duplex S32750 \u3001 Super Duplex S327601A \u3001 2A \u3001 3A \u3001 4A \u3001 5A \u3001 6A \u3001 1B \u3001 1C, CD4MCu \u3001 CD4MCuN \u3001 CD3MCuN \u3001 CE8MN \u3001 CD6MN \u3001 CD3MN \u3001 CE3MN \u3001 CD3MWCuNF51 \u3001 F53 \u3001 F55 \u3001 F60<\/p>\n<p>Temperatura adequada: -196\u00baC~450\u00baC( Temperaturas diferentes escolhem materiais diferentes).<\/p>\n<p>Meio Adequado: \u00c1gua, Vapor, Petr\u00f3leo e g\u00e1s natural, etc.<\/p>\n<h4>Caracter\u00edsticas do produto<\/h4>\n<p>1. O produto \u00e9 leve;<br \/>\n2. A resist\u00eancia ao fluxo \u00e9 pequena;<br \/>\n3. Assento de v\u00e1lvula tipo l\u00e1bio, f\u00e1cil de abrir e fechar \uff1b<br \/>\n4. Nenhuma limita\u00e7\u00e3o na dire\u00e7\u00e3o do fluxo;<br \/>\n5. Design \u00e0 prova de fogo, antiest\u00e1tico, haste anti-explos\u00e3o;<br \/>\n6. A embalagem com mola pode ser escolhida;<br \/>\n7. A embalagem de baixa emiss\u00e3o pode ser escolhida de acordo com o requisito ISO 15848;<br \/>\n8. O design estendido da haste pode ser escolhido<br \/>\n9. Assento macio e assento de metal com metal podem ser escolhidos;<br \/>\n10. O design encamisado pode ser escolhido.\uff1b<\/p>\n<p>Fornecedor de v\u00e1lvulas de esfera duplex 2507, f\u00e1brica de v\u00e1lvulas de esfera 2507 de 600 lb, v\u00e1lvulas de esfera 2507 de 3 polegadas, v\u00e1lvulas de esfera 2507 com flange<\/p>","protected":false},"excerpt":{"rendered":"<p>Esfera flutuante, furo completo ou furo reduzido.<br \/>\nAlmofada de montagem ISO5211 para op\u00e7\u00e3o.<br \/>\nDesign de haste \u00e0 prova de explos\u00e3o.<br \/>\nVeda\u00e7\u00e3o da sede em PTFE\/RPTFE (o material da veda\u00e7\u00e3o da sede pode ser decidido a pedido do cliente ou de acordo com a condi\u00e7\u00e3o m\u00e9dia e de temperatura da v\u00e1lvula).<br \/>\nDesign antiest\u00e1tico e API 607 Fire Safe<br \/>\nProjeto dispon\u00edvel Opera\u00e7\u00e3o: Volante, Roda sem-fim, Atuador pneum\u00e1tico e Atuador el\u00e9trico<\/p>","protected":false},"featured_media":18164,"template":"","meta":{"advanced_seo_description":"","jetpack_seo_html_title":"","jetpack_seo_noindex":false},"product_brand":[],"product_cat":[83],"product_tag":[437,436,435,181],"class_list":{"0":"post-18163","1":"product","2":"type-product","3":"status-publish","4":"has-post-thumbnail","6":"product_cat-ball-valves","7":"product_tag-3-inch-2507-ball-valve","8":"product_tag-600lb-2507-ball-valve-factory","9":"product_tag-duplex-2507-ball-valve-supplier","10":"product_tag-flange-end-2507-ball-valve","12":"first","13":"instock","14":"shipping-taxable","15":"product-type-simple"},"jetpack_sharing_enabled":true,"_links":{"self":[{"href":"https:\/\/oudianvalve.com\/pt\/wp-json\/wp\/v2\/product\/18163","targetHints":{"allow":["GET"]}}],"collection":[{"href":"https:\/\/oudianvalve.com\/pt\/wp-json\/wp\/v2\/product"}],"about":[{"href":"https:\/\/oudianvalve.com\/pt\/wp-json\/wp\/v2\/types\/product"}],"wp:featuredmedia":[{"embeddable":true,"href":"https:\/\/oudianvalve.com\/pt\/wp-json\/wp\/v2\/media\/18164"}],"wp:attachment":[{"href":"https:\/\/oudianvalve.com\/pt\/wp-json\/wp\/v2\/media?parent=18163"}],"wp:term":[{"taxonomy":"product_brand","embeddable":true,"href":"https:\/\/oudianvalve.com\/pt\/wp-json\/wp\/v2\/product_brand?post=18163"},{"taxonomy":"product_cat","embeddable":true,"href":"https:\/\/oudianvalve.com\/pt\/wp-json\/wp\/v2\/product_cat?post=18163"},{"taxonomy":"product_tag","embeddable":true,"href":"https:\/\/oudianvalve.com\/pt\/wp-json\/wp\/v2\/product_tag?post=18163"}],"curies":[{"name":"wp","href":"https:\/\/api.w.org\/{rel}","templated":true}]}}