{"id":18161,"date":"2023-06-30T03:04:12","date_gmt":"2023-06-30T03:04:12","guid":{"rendered":"https:\/\/oudianvalve.com\/?post_type=product&#038;p=18161"},"modified":"2023-06-30T03:04:12","modified_gmt":"2023-06-30T03:04:12","slug":"2-pc-ball-vavle-flange-end-din-pn16-cf8-dn32","status":"publish","type":"product","link":"https:\/\/oudianvalve.com\/pt\/products\/ball-valves\/2-pc-ball-vavle-flange-end-din-pn16-cf8-dn32\/","title":{"rendered":"Extremidade do flange Vavle de esfera de 2 pe\u00e7as, DIN PN16, CF8, DN32"},"content":{"rendered":"<p>Padr\u00e3o de projeto:DIN3357,EN12516-1<br \/>\nSeguran\u00e7a contra inc\u00eandio: API 607\/6FA<br \/>\nClassifica\u00e7\u00f5es de press\u00e3o-temperatura: ASME B16.34<br \/>\nFaixa de tamanho: 1\/2\u201d a 12\u201d<br \/>\nFaixa de press\u00e3o: PN16\/40<br \/>\nConex\u00f5es finais: DIN 2543-2545, EN1092-1<br \/>\nTipo de bola: Bola s\u00f3lida forjada, Bola oca, Bola flutuante<br \/>\nInspe\u00e7\u00e3o e Teste: DIN3230, EN12266-1<br \/>\nPeso:-20\u00b0C~180\u00b0C<br \/>\nMateriais do corpo: WCB, CF8, CF8M CF3M, 4A,5A,6A, C95800.<br \/>\nMateriais do assento: PTFE, RPTFE, DEVLON, NYLON, PEEK, totalmente met\u00e1lico com revestimento duro<\/p>\n<p>Ind\u00fastria de aplica\u00e7\u00e3o de produtos<\/p>\n<p>O produto \u00e9 adequado para ind\u00fastrias como petr\u00f3leo, qu\u00edmica, g\u00e1s natural, bioqu\u00edmica, farmac\u00eautica, prote\u00e7\u00e3o ambiental e novas energias.<\/p>","protected":false},"excerpt":{"rendered":"<p>Caracter\u00edsticas<\/p>\n<p>\uff0eFundi\u00e7\u00e3o de investimento<\/p>\n<p>\uff0eAl\u00e7a do dispositivo de bloqueio<\/p>\n<p>\uff0eDispositivo antiest\u00e1tico<\/p>\n<p>\uff0eHaste \u00e0 prova de explos\u00e3o<\/p>\n<p>\uff0eAcess\u00f3rios de automa\u00e7\u00e3o<\/p>\n<p>\uff0eAlmofada de montagem direta ISO5211<\/p>","protected":false},"featured_media":18162,"template":"","meta":{"advanced_seo_description":"","jetpack_seo_html_title":"","jetpack_seo_noindex":false},"product_brand":[],"product_cat":[83],"product_tag":[236,238,237,239],"class_list":{"0":"post-18161","1":"product","2":"type-product","3":"status-publish","4":"has-post-thumbnail","6":"product_cat-ball-valves","7":"product_tag-2-pc-ball-vavle-flange-end","8":"product_tag-cf8-2-pc-ball-vavle","9":"product_tag-din-pn16-2-pc-ball-vavle","10":"product_tag-dn32-2-pc-ball-vavle","12":"first","13":"instock","14":"shipping-taxable","15":"product-type-simple"},"jetpack_sharing_enabled":true,"_links":{"self":[{"href":"https:\/\/oudianvalve.com\/pt\/wp-json\/wp\/v2\/product\/18161","targetHints":{"allow":["GET"]}}],"collection":[{"href":"https:\/\/oudianvalve.com\/pt\/wp-json\/wp\/v2\/product"}],"about":[{"href":"https:\/\/oudianvalve.com\/pt\/wp-json\/wp\/v2\/types\/product"}],"wp:featuredmedia":[{"embeddable":true,"href":"https:\/\/oudianvalve.com\/pt\/wp-json\/wp\/v2\/media\/18162"}],"wp:attachment":[{"href":"https:\/\/oudianvalve.com\/pt\/wp-json\/wp\/v2\/media?parent=18161"}],"wp:term":[{"taxonomy":"product_brand","embeddable":true,"href":"https:\/\/oudianvalve.com\/pt\/wp-json\/wp\/v2\/product_brand?post=18161"},{"taxonomy":"product_cat","embeddable":true,"href":"https:\/\/oudianvalve.com\/pt\/wp-json\/wp\/v2\/product_cat?post=18161"},{"taxonomy":"product_tag","embeddable":true,"href":"https:\/\/oudianvalve.com\/pt\/wp-json\/wp\/v2\/product_tag?post=18161"}],"curies":[{"name":"wp","href":"https:\/\/api.w.org\/{rel}","templated":true}]}}