{"id":18159,"date":"2023-06-30T02:44:01","date_gmt":"2023-06-30T02:44:01","guid":{"rendered":"https:\/\/oudianvalve.com\/?post_type=product&#038;p=18159"},"modified":"2023-06-30T02:44:02","modified_gmt":"2023-06-30T02:44:02","slug":"300lb-trunnion-mounted-ball-valve6-inch-cf8-rf-end","status":"publish","type":"product","link":"https:\/\/oudianvalve.com\/pt\/products\/ball-valves\/300lb-trunnion-mounted-ball-valve6-inch-cf8-rf-end\/","title":{"rendered":"V\u00e1lvula de esfera montada em munh\u00e3o de 300LB, 6 polegadas, CF8, extremidade RF"},"content":{"rendered":"<p>Padr\u00e3o de projeto: API 6D<br \/>\nSeguran\u00e7a contra inc\u00eandio: API 607\/6FA<br \/>\nClassifica\u00e7\u00f5es de press\u00e3o-temperatura: ASME B16.34<br \/>\nFaixa de tamanho: 2\u201d a 48\u201d<br \/>\nFaixa de press\u00e3o: Classe 150 a 2500<br \/>\nConex\u00f5es finais: RF flangeado, RTJ, solda de topo<br \/>\nTipo de esfera: Esfera s\u00f3lida forjada, montada em munh\u00e3o<br \/>\nDimens\u00f5es da extremidade flangeada: ASME B16.5 (\u226424\u201d), ASME B16.47 S\u00e9rie A ou B (&gt;24\u201d)<br \/>\nDimens\u00f5es da extremidade da solda de topo: ASME B16.25 face a face<br \/>\nDimens\u00f5es face a face: ASME B16.10<br \/>\nInspe\u00e7\u00e3o e Teste: API 6D<br \/>\nMateriais do corpo: WCB, CF8, CF8M CF3M, 4A,5A,6A, C95800.<br \/>\nMateriais do assento: PTFE, RPTFE, DEVLON, NYLON, PEEK, totalmente met\u00e1lico com revestimento duro.<\/p>\n<p>&nbsp;<\/p>\n<p>Caracter\u00edsticas do produto<\/p>\n<p>.A resist\u00eancia ao fluxo \u00e9 pequena;<br \/>\n2. Assento do pist\u00e3o, design de estrutura antiest\u00e1tica de prote\u00e7\u00e3o contra inc\u00eandio;<br \/>\n3. Nenhuma limita\u00e7\u00e3o na dire\u00e7\u00e3o do fluxo do meio \uff1b<br \/>\n4.Quando a v\u00e1lvula est\u00e1 na posi\u00e7\u00e3o totalmente aberta, as superf\u00edcies da sede ficam fora do fluxo de fluxo, sempre em contato total com a comporta que pode proteger as superf\u00edcies da sede e s\u00e3o adequadas para a tubula\u00e7\u00e3o de pigging;<br \/>\n5.A embalagem com mola pode ser escolhida;<br \/>\n6. A embalagem de baixa emiss\u00e3o pode ser escolhida de acordo com o requisito ISO 15848;<br \/>\n7. O design estendido da haste pode ser escolhido;<br \/>\n8. O design do assento de metal com metal pode ser escolhido;<br \/>\n9.DBB,DIB-1,DIB-2 design pode ser escolhido;<br \/>\n10.A bola \u00e9 fixada com uma placa de suporte e um eixo fixo;<\/p>\n<p>As v\u00e1lvulas de esfera s\u00e3o do tipo quarto de volta, o membro colsure \u00e9 uma esfera que pode girar 90 \u00b0. Quando a v\u00e1lvula \u00e9 posicionada onde o furo est\u00e1 alinhado na mesma dire\u00e7\u00e3o da tubula\u00e7\u00e3o, a v\u00e1lvula \u00e9 aberta e girando a esfera em 90\u00b0, a v\u00e1lvula \u00e9 fechada. H\u00e1 uma haste e um munh\u00e3o para fixar a esfera, e a esfera n\u00e3o pode se mover como uma v\u00e1lvula de esfera flutuante, a chamada v\u00e1lvula de esfera montada no munh\u00e3o. Em compara\u00e7\u00e3o com as v\u00e1lvulas multivoltas, as v\u00e1lvulas esfera com tempo de abertura e fechamento mais curto, vida \u00fatil mais longa e menos espa\u00e7o para instala\u00e7\u00e3o, e o estado aberto ou fechado da v\u00e1lvula podem ser facilmente detectados pela posi\u00e7\u00e3o da al\u00e7a. A v\u00e1lvula de esfera \u00e9 amplamente utilizada nas ind\u00fastrias de petr\u00f3leo e g\u00e1s, petroqu\u00edmica, energia e, geralmente, para aplica\u00e7\u00f5es liga-desliga, n\u00e3o sendo adequada para fins de controle de capacidade.<\/p>","protected":false},"excerpt":{"rendered":"<ul>\n<li>Parafuso duplo e sangramento<\/li>\n<li>Corpo derramado ou entrada lateral, corpo de 2 ou 3 pe\u00e7as<\/li>\n<li>Pist\u00e3o efetivo simples ou pist\u00e3o efetivo duplo (DIB-1, DIB-2)<\/li>\n<li>Cap\u00f4 aparafusado<\/li>\n<li>Dispositivo antiest\u00e1tico<\/li>\n<li>Haste anti-explos\u00e3o<\/li>\n<li>Seguro contra inc\u00eandio<\/li>\n<li>Auto Cavitry Relife<\/li>\n<li>Inje\u00e7\u00e3o de selante<\/li>\n<\/ul>","protected":false},"featured_media":18160,"template":"","meta":{"advanced_seo_description":"","jetpack_seo_html_title":"","jetpack_seo_noindex":false},"product_brand":[],"product_cat":[83],"product_tag":[232,233,234,235],"class_list":{"0":"post-18159","1":"product","2":"type-product","3":"status-publish","4":"has-post-thumbnail","6":"product_cat-ball-valves","7":"product_tag-300lb-trunnion-mounted-ball-valve","8":"product_tag-6-inch-300lb-trunnion-mounted-ball-valve","9":"product_tag-cf8-300lb-trunnion-mounted-ball-valve","10":"product_tag-rf-end-300lb-trunnion-mounted-ball-valve","12":"first","13":"instock","14":"shipping-taxable","15":"product-type-simple"},"jetpack_sharing_enabled":true,"_links":{"self":[{"href":"https:\/\/oudianvalve.com\/pt\/wp-json\/wp\/v2\/product\/18159","targetHints":{"allow":["GET"]}}],"collection":[{"href":"https:\/\/oudianvalve.com\/pt\/wp-json\/wp\/v2\/product"}],"about":[{"href":"https:\/\/oudianvalve.com\/pt\/wp-json\/wp\/v2\/types\/product"}],"wp:featuredmedia":[{"embeddable":true,"href":"https:\/\/oudianvalve.com\/pt\/wp-json\/wp\/v2\/media\/18160"}],"wp:attachment":[{"href":"https:\/\/oudianvalve.com\/pt\/wp-json\/wp\/v2\/media?parent=18159"}],"wp:term":[{"taxonomy":"product_brand","embeddable":true,"href":"https:\/\/oudianvalve.com\/pt\/wp-json\/wp\/v2\/product_brand?post=18159"},{"taxonomy":"product_cat","embeddable":true,"href":"https:\/\/oudianvalve.com\/pt\/wp-json\/wp\/v2\/product_cat?post=18159"},{"taxonomy":"product_tag","embeddable":true,"href":"https:\/\/oudianvalve.com\/pt\/wp-json\/wp\/v2\/product_tag?post=18159"}],"curies":[{"name":"wp","href":"https:\/\/api.w.org\/{rel}","templated":true}]}}