{"id":18152,"date":"2023-06-21T06:17:37","date_gmt":"2023-06-21T06:17:37","guid":{"rendered":"https:\/\/oudianvalve.com\/?post_type=product&#038;p=18152"},"modified":"2023-06-21T06:34:57","modified_gmt":"2023-06-21T06:34:57","slug":"din3352-non-rising-gate-valve-dn100-pn16-304","status":"publish","type":"product","link":"https:\/\/oudianvalve.com\/pt\/products\/gate-valves\/din3352-non-rising-gate-valve-dn100-pn16-304\/","title":{"rendered":"V\u00e1lvula de gaveta n\u00e3o ascendente DIN3352, DN100, PN16,304"},"content":{"rendered":"<p>Padr\u00e3o de projeto: EN 10434\/DIN3352<br \/>\nFaixa de tamanho: DN a DN1200<br \/>\nFaixa de press\u00e3o: PN 10 a PN160<br \/>\nConex\u00f5es finais: RF flangeado, RTJ, solda de topo<br \/>\nDimens\u00f5es finais flangeadas: EN 1092-1<br \/>\nDimens\u00f5es face a face: EN 558-1<br \/>\nInspe\u00e7\u00e3o e Teste: EN 12266-1<br \/>\nMateriais do corpo: ASTM A351 CF8, ASTM A351 CF8M, ASTM A351 CF3M, ASTM A351 CF8C<br \/>\nCN3MN, CK3MCUN, CN7M, ASTM A890 4A(CD3MN), ASTM A890 5A(CE3MN)<\/p>\n<p>Uma v\u00e1lvula gaveta de haste n\u00e3o ascendente \u00e9 um tipo de v\u00e1lvula gaveta em que a haste n\u00e3o se move para cima e para baixo com a gaveta conforme ela abre e fecha. Em vez disso, a comporta se move paralelamente ao eixo da haste da v\u00e1lvula. Este design permite uma altura de instala\u00e7\u00e3o mais baixa e reduz a quantidade de espa\u00e7o necess\u00e1ria para opera\u00e7\u00e3o. As v\u00e1lvulas de haste n\u00e3o ascendente s\u00e3o comumente usadas em sistemas de tubula\u00e7\u00f5es enterradas ou subterr\u00e2neas, pois s\u00e3o menos suscet\u00edveis a danos causados pelo movimento do solo.<\/p>\n<p>O funcionamento de uma v\u00e1lvula gaveta de haste n\u00e3o ascendente \u00e9 relativamente simples. A v\u00e1lvula consiste em uma comporta, que \u00e9 uma placa plana que se move paralelamente ao eixo da haste da v\u00e1lvula, e uma haste n\u00e3o ascendente, que \u00e9 conectada \u00e0 comporta e permanece em uma posi\u00e7\u00e3o fixa enquanto a comporta se abre e fecha. Quando a v\u00e1lvula est\u00e1 totalmente aberta, a comporta \u00e9 posicionada paralelamente ao fluxo do fluido, permitindo um fluxo desobstru\u00eddo. Para fechar a v\u00e1lvula, o operador simplesmente gira o volante na dire\u00e7\u00e3o oposta, fazendo com que a conex\u00e3o roscada mova a comporta de volta para uma posi\u00e7\u00e3o perpendicular e interrompendo o fluxo do fluido.<\/p>\n<p>O design da haste n\u00e3o ascendente permite uma altura de instala\u00e7\u00e3o mais baixa e reduz a quantidade de espa\u00e7o necess\u00e1ria para opera\u00e7\u00e3o, tornando-a uma escolha popular para sistemas de tubula\u00e7\u00f5es enterradas ou subterr\u00e2neas.<\/p>\n<p>&nbsp;<\/p>\n<p>&nbsp;<\/p>\n<p>&nbsp;<\/p>","protected":false},"excerpt":{"rendered":"<p>Vantagens da v\u00e1lvula gaveta com haste n\u00e3o ascendente<\/p>\n<p>Projeto de furo completo<br \/>\nAutolimpeza e perda de baixa press\u00e3o<br \/>\nA haste laminada garante bordas de rosca suaves e rosca dupla<br \/>\nBaixo torque operacional<br \/>\nInd\u00fastrias de v\u00e1lvulas gaveta n\u00e3o ascendentes:<\/p>","protected":false},"featured_media":18153,"template":"","meta":{"advanced_seo_description":"","jetpack_seo_html_title":"","jetpack_seo_noindex":false},"product_brand":[],"product_cat":[81],"product_tag":[219,216,217,218],"class_list":{"0":"post-18152","1":"product","2":"type-product","3":"status-publish","4":"has-post-thumbnail","6":"product_cat-gate-valves","7":"product_tag-304-din-non-rising-gate-valve","8":"product_tag-din-non-rising-gate-valve","9":"product_tag-dn100-din-non-rising-gate-valve","10":"product_tag-pn16-din-non-rising-gate-valve","12":"first","13":"instock","14":"shipping-taxable","15":"product-type-simple"},"jetpack_sharing_enabled":true,"_links":{"self":[{"href":"https:\/\/oudianvalve.com\/pt\/wp-json\/wp\/v2\/product\/18152","targetHints":{"allow":["GET"]}}],"collection":[{"href":"https:\/\/oudianvalve.com\/pt\/wp-json\/wp\/v2\/product"}],"about":[{"href":"https:\/\/oudianvalve.com\/pt\/wp-json\/wp\/v2\/types\/product"}],"wp:featuredmedia":[{"embeddable":true,"href":"https:\/\/oudianvalve.com\/pt\/wp-json\/wp\/v2\/media\/18153"}],"wp:attachment":[{"href":"https:\/\/oudianvalve.com\/pt\/wp-json\/wp\/v2\/media?parent=18152"}],"wp:term":[{"taxonomy":"product_brand","embeddable":true,"href":"https:\/\/oudianvalve.com\/pt\/wp-json\/wp\/v2\/product_brand?post=18152"},{"taxonomy":"product_cat","embeddable":true,"href":"https:\/\/oudianvalve.com\/pt\/wp-json\/wp\/v2\/product_cat?post=18152"},{"taxonomy":"product_tag","embeddable":true,"href":"https:\/\/oudianvalve.com\/pt\/wp-json\/wp\/v2\/product_tag?post=18152"}],"curies":[{"name":"wp","href":"https:\/\/api.w.org\/{rel}","templated":true}]}}