{"id":18146,"date":"2023-06-21T05:24:32","date_gmt":"2023-06-21T05:24:32","guid":{"rendered":"https:\/\/oudianvalve.com\/?post_type=product&#038;p=18146"},"modified":"2023-06-21T05:27:30","modified_gmt":"2023-06-21T05:27:30","slug":"a351-cn7m-alloy-20-swing-check-valve-150lb-2-inch","status":"publish","type":"product","link":"https:\/\/oudianvalve.com\/pt\/products\/check-valves\/a351-cn7m-alloy-20-swing-check-valve-150lb-2-inch\/","title":{"rendered":"V\u00e1lvula de reten\u00e7\u00e3o oscilante de liga 20 A351 CN7M, 150LB, 2 polegadas"},"content":{"rendered":"<p>Padr\u00e3o de projeto: API623\/ASME B16.34<br \/>\nClassifica\u00e7\u00f5es de press\u00e3o-temperatura: ASME B16.34<br \/>\nFaixa de tamanho: 2\u201d a 28\u201d<br \/>\nFaixa de press\u00e3o: Classe 150 a 2500<br \/>\nConex\u00f5es finais: RF flangeado, RTJ, solda de topo<br \/>\nDimens\u00f5es da extremidade flangeada: ASME B16.5 (\u226424\u201d), ASME B16.47 S\u00e9rie A ou B (&gt;24\u201d)<br \/>\nDimens\u00f5es da extremidade da solda de topo: ASME B16.25 face a face<br \/>\nDimens\u00f5es face a face: ASME B16.10<br \/>\nInspe\u00e7\u00e3o e Teste: API 598<br \/>\nMaterial:ASTM A351 CF8, ASTM A351 CF8M, ASTM A351 CF3M, ASTM A351 CF8C<br \/>\nCN3MN, CK3MCUN, CN7M, ASTM A890 4A(CD3MN), ASTM A890 5A(CE3MN),<br \/>\nASTM A890 6A(CD3MWCuN)<br \/>\nASTM B148 C95800, ASTM B148 C95500.<\/p>\n<p>A v\u00e1lvula de reten\u00e7\u00e3o oscilante A351 CN7M Alloy 20, tamb\u00e9m conhecida como v\u00e1lvula de reten\u00e7\u00e3o, v\u00e1lvula unidirecional ou v\u00e1lvula de fluxo reverso, refere-se a um tipo de v\u00e1lvula autom\u00e1tica que abre e fecha automaticamente a v\u00e1lvula, dependendo do fluxo do pr\u00f3prio meio. Geralmente \u00e9 usado em dutos para evitar refluxo m\u00e9dio. Adequado para fluxo pulsante, seu desempenho de veda\u00e7\u00e3o n\u00e3o \u00e9 t\u00e3o bom quanto o tipo de eleva\u00e7\u00e3o. As v\u00e1lvulas de reten\u00e7\u00e3o girat\u00f3rias s\u00e3o divididas em tr\u00eas tipos com base no di\u00e2metro da porta: disco simples, duplo e multidisco, para reduzir o impacto hidr\u00e1ulico e evitar que o meio pare ou retorne. As v\u00e1lvulas de reten\u00e7\u00e3o tamb\u00e9m podem ser usadas para fornecer tubula\u00e7\u00f5es para sistemas auxiliares onde a press\u00e3o pode subir acima da press\u00e3o do sistema. A v\u00e1lvula de reten\u00e7\u00e3o pode ser dividida principalmente em uma v\u00e1lvula de reten\u00e7\u00e3o oscilante que gira de acordo com o centro de gravidade e uma v\u00e1lvula de reten\u00e7\u00e3o elevat\u00f3ria que se move ao longo da linha de suc\u00e7\u00e3o.<\/p>\n<p>CN7M \u00e9 um a\u00e7o inoxid\u00e1vel austen\u00edtico utilizado para fundi\u00e7\u00e3o, com propriedades semelhantes \u00e0s da liga 20. Tamb\u00e9m \u00e9 utilizado como liga 20 em portas fundidas e possui excelente resist\u00eancia \u00e0 corros\u00e3o, resist\u00eancia a manchas e resist\u00eancia a trincas.<br \/>\nCN7M tem menos precipita\u00e7\u00e3o de carboneto durante o processo de soldagem, o que pode prevenir de forma est\u00e1vel a corros\u00e3o intergranular e prevenir a sensibiliza\u00e7\u00e3o. \u00c9 frequentemente usado em meios como \u00e1cido sulf\u00farico concentrado, \u00e1cido sulf\u00farico dilu\u00eddo e misturas de \u00e1cido sulf\u00farico.<\/p>","protected":false},"excerpt":{"rendered":"<ul>\n<li>Cap\u00f4: cap\u00f4 aparafusado<\/li>\n<li>Assento integral do corpo ou anel de assento renov\u00e1vel<\/li>\n<li>Unidirecional<\/li>\n<li>Disco tipo swing<\/li>\n<li>Disco fundido (acima de 4\u201d) ou disco forjado (2\u201d a 4\u201d)<\/li>\n<li>Abertura n\u00e3o completa ou disco de abertura total<\/li>\n<\/ul>","protected":false},"featured_media":18148,"template":"","meta":{"advanced_seo_description":"","jetpack_seo_html_title":"","jetpack_seo_noindex":false},"product_brand":[],"product_cat":[82],"product_tag":[213,214,212,215],"class_list":{"0":"post-18146","1":"product","2":"type-product","3":"status-publish","4":"has-post-thumbnail","6":"product_cat-check-valves","7":"product_tag-150lb-a351-cn7m-swing-check-valve","8":"product_tag-2-inch-a351-cn7m-swing-check-valve","9":"product_tag-a351-cn7m-alloy-20-swing-check-valve","10":"product_tag-alloy-20-swing-check-valve","12":"first","13":"instock","14":"shipping-taxable","15":"product-type-simple"},"jetpack_sharing_enabled":true,"_links":{"self":[{"href":"https:\/\/oudianvalve.com\/pt\/wp-json\/wp\/v2\/product\/18146","targetHints":{"allow":["GET"]}}],"collection":[{"href":"https:\/\/oudianvalve.com\/pt\/wp-json\/wp\/v2\/product"}],"about":[{"href":"https:\/\/oudianvalve.com\/pt\/wp-json\/wp\/v2\/types\/product"}],"wp:featuredmedia":[{"embeddable":true,"href":"https:\/\/oudianvalve.com\/pt\/wp-json\/wp\/v2\/media\/18148"}],"wp:attachment":[{"href":"https:\/\/oudianvalve.com\/pt\/wp-json\/wp\/v2\/media?parent=18146"}],"wp:term":[{"taxonomy":"product_brand","embeddable":true,"href":"https:\/\/oudianvalve.com\/pt\/wp-json\/wp\/v2\/product_brand?post=18146"},{"taxonomy":"product_cat","embeddable":true,"href":"https:\/\/oudianvalve.com\/pt\/wp-json\/wp\/v2\/product_cat?post=18146"},{"taxonomy":"product_tag","embeddable":true,"href":"https:\/\/oudianvalve.com\/pt\/wp-json\/wp\/v2\/product_tag?post=18146"}],"curies":[{"name":"wp","href":"https:\/\/api.w.org\/{rel}","templated":true}]}}