{"id":18142,"date":"2023-06-21T04:07:08","date_gmt":"2023-06-21T04:07:08","guid":{"rendered":"https:\/\/oudianvalve.com\/?post_type=product&#038;p=18142"},"modified":"2023-06-21T04:55:59","modified_gmt":"2023-06-21T04:55:59","slug":"cn7m-gate-valve-3-inch-api-600-150-lb-rf","status":"publish","type":"product","link":"https:\/\/oudianvalve.com\/pt\/products\/gate-valves\/cn7m-gate-valve-3-inch-api-600-150-lb-rf\/","title":{"rendered":"V\u00e1lvula gaveta CN7M, 3 polegadas, API 600, 150 LB, RF"},"content":{"rendered":"<p>Padr\u00e3o de projeto: API 600<br \/>\nClassifica\u00e7\u00f5es de press\u00e3o-temperatura: ASME B16.34<br \/>\nFaixa de tamanho: 2\u201d a 48\u201d<br \/>\nFaixa de press\u00e3o: Classe 150 a 2500<br \/>\nConex\u00f5es finais: RF flangeado, RTJ, solda de topo<br \/>\nDimens\u00f5es da extremidade flangeada: ASME B16.5 (\u226424\u201d), ASME B16.47 S\u00e9rie A ou B (&gt;24\u201d)<br \/>\nDimens\u00f5es da extremidade da solda de topo: ASME B16.25 face a face<br \/>\nDimens\u00f5es face a face: ASME B16.10<br \/>\nInspe\u00e7\u00e3o e Teste: API 598<br \/>\nMateriais do corpo: ASTM A351 CF8, ASTM A351 CF8M, ASTM A351 CF3M, ASTM A351 CF8C <a id=\"set-post-thumbnail\" class=\"thickbox\" href=\"https:\/\/oudianvalve.com\/wp-admin\/media-upload.php?post_id=18142&amp;type=image&amp;TB_iframe=1\">Definir imagem do produto<\/a><br \/>\nCN3MN, CK3MCUN, CN7M, ASTM A890 4A(CD3MN), ASTM A890 5A(CE3MN),<br \/>\nASTM A890 6A(CD3MWCuN)<br \/>\nASTM B148 C95800, ASTM B148 C95500.<br \/>\nMateriais de embalagem:Ptfe,PPL, grafite, grafite com fio inconel<\/p>","protected":false},"excerpt":{"rendered":"<p>CN7M \u00e9 uma liga \u00e0 base de n\u00edquel com padr\u00e3o de execu\u00e7\u00e3o ASTM A351\/351M-2018, formulada especificamente para fundi\u00e7\u00e3o de a\u00e7o inoxid\u00e1vel austen\u00edtico. Sua composi\u00e7\u00e3o qu\u00edmica principal \u00e9 muito semelhante \u00e0 liga 20 do UNS NO8020, e tamb\u00e9m \u00e9 aproximadamente chamada de liga 20 na China. Possui boa resist\u00eancia \u00e0 corros\u00e3o e \u00e9 adequado para meios como \u00e1cido sulf\u00farico, \u00e1cido n\u00edtrico, \u00e1cido clor\u00eddrico, sulfeto de hidrog\u00eanio, \u00e1cido org\u00e2nico, solu\u00e7\u00e3o alcalina, etc.<\/p>\n<ul>\n<li>Haste ascendente<\/li>\n<li>Assento de v\u00e1lvula integral\/assentos soldados com veda\u00e7\u00e3o<\/li>\n<li>Chefes para torneiras e bypass<\/li>\n<li>Totalmente guiado, cunha<\/li>\n<li>Emiss\u00f5es fugitivas testadas<\/li>\n<li>NACE MR0175 (opcional)<\/li>\n<\/ul>","protected":false},"featured_media":18143,"template":"","meta":{"advanced_seo_description":"","jetpack_seo_html_title":"","jetpack_seo_noindex":false},"product_brand":[],"product_cat":[81],"product_tag":[206,204,205,203,207],"class_list":{"0":"post-18142","1":"product","2":"type-product","3":"status-publish","4":"has-post-thumbnail","6":"product_cat-gate-valves","7":"product_tag-150lb-cn7m-gate-valve","8":"product_tag-3-inch-cn7m-gate-valve","9":"product_tag-api600-cn7m-gate-valve","10":"product_tag-cn7m-gate-valve","11":"product_tag-rf-end-cn7m-gate-valve","13":"first","14":"instock","15":"shipping-taxable","16":"product-type-simple"},"jetpack_sharing_enabled":true,"_links":{"self":[{"href":"https:\/\/oudianvalve.com\/pt\/wp-json\/wp\/v2\/product\/18142","targetHints":{"allow":["GET"]}}],"collection":[{"href":"https:\/\/oudianvalve.com\/pt\/wp-json\/wp\/v2\/product"}],"about":[{"href":"https:\/\/oudianvalve.com\/pt\/wp-json\/wp\/v2\/types\/product"}],"wp:featuredmedia":[{"embeddable":true,"href":"https:\/\/oudianvalve.com\/pt\/wp-json\/wp\/v2\/media\/18143"}],"wp:attachment":[{"href":"https:\/\/oudianvalve.com\/pt\/wp-json\/wp\/v2\/media?parent=18142"}],"wp:term":[{"taxonomy":"product_brand","embeddable":true,"href":"https:\/\/oudianvalve.com\/pt\/wp-json\/wp\/v2\/product_brand?post=18142"},{"taxonomy":"product_cat","embeddable":true,"href":"https:\/\/oudianvalve.com\/pt\/wp-json\/wp\/v2\/product_cat?post=18142"},{"taxonomy":"product_tag","embeddable":true,"href":"https:\/\/oudianvalve.com\/pt\/wp-json\/wp\/v2\/product_tag?post=18142"}],"curies":[{"name":"wp","href":"https:\/\/api.w.org\/{rel}","templated":true}]}}