{"id":18139,"date":"2023-06-21T02:54:42","date_gmt":"2023-06-21T02:54:42","guid":{"rendered":"https:\/\/oudianvalve.com\/?post_type=product&#038;p=18139"},"modified":"2023-06-21T02:54:43","modified_gmt":"2023-06-21T02:54:43","slug":"904l-ball-valve-dn50-pn16-flange-end","status":"publish","type":"product","link":"https:\/\/oudianvalve.com\/pt\/products\/ball-valves\/904l-ball-valve-dn50-pn16-flange-end\/","title":{"rendered":"V\u00e1lvula de esfera 904L, DN50, PN16, extremidade do flange"},"content":{"rendered":"<p>Padr\u00e3o de design e fabrica\u00e7\u00e3o: API 6D, API 608, BS 5351\/DIN3357\/JIS B2071<\/p>\n<p>Padr\u00e3o de press\u00e3o e temperatura: ASME B16.34\/DIN3230<\/p>\n<p>Padr\u00e3o de dimens\u00e3o face a face: ASME B16.10\/DIN3202\/JIS B2002<\/p>\n<p>Padr\u00e3o de flange: ASME B16.5, ASME B16.47\/DIN2543-2545-2501\/JIS B2220<\/p>\n<p>Padr\u00e3o de teste e inspe\u00e7\u00e3o: API 598, API 6D\/DIN2401\/JIS B2003.<\/p>\n<p>Tamanho: 1\/2\u201d-10\u201d(DN15~DN250)<\/p>\n<p>Classifica\u00e7\u00e3o de press\u00e3o: 150LB-600LB\/PN16~PN100\/10K~60K)<\/p>\n<p>Material principal da v\u00e1lvula de esfera de a\u00e7o inoxid\u00e1vel 310S:<br \/>\nCF8, CF3, CF8M, CF3M, CG8M, CG3M, CF8C, CK20304, 304, 316, 316L, 316Ti, 317, 317L, 310, 310S<br \/>\nF304, F304, F316, F316L, F316Ti, F317, F317L, F310, F310S<\/p>\n<p>Meios aplic\u00e1veis para v\u00e1lvulas: \u00e1gua, vapor, \u00f3leo, \u00e1cido n\u00edtrico, \u00e1cido ac\u00e9tico, meios oxidantes fortes, ur\u00e9ia, etc.<br \/>\n\u00c2mbito de aplica\u00e7\u00e3o: \u00e1gua da torneira, esgoto, constru\u00e7\u00e3o, petr\u00f3leo, ind\u00fastria qu\u00edmica, alimentos, medicamentos, t\u00eaxteis, energia, navios, metalurgia, calor, abastecimento e drenagem de \u00e1gua, tratamento de \u00e1gua, sistema de energia e outras tubula\u00e7\u00f5es.<\/p>\n<p>Marca e padr\u00e3o:<br \/>\nUNS N08904 (um padr\u00e3o desenvolvido em conjunto pela Sociedade Americana de Engenheiros Automotivos e pela Sociedade Americana de Testes e Materiais em 1967), DIN1.4539 (um padr\u00e3o alem\u00e3o), ASTM A240 (um padr\u00e3o da Sociedade Americana de Testes e Materiais; o novo padr\u00e3o classifica-o como uma s\u00e9rie de a\u00e7o inoxid\u00e1vel, enquanto a norma original ASME SB-625 o classifica como uma s\u00e9rie de liga \u00e0 base de n\u00edquel) e SUS890L.<\/p>\n<p>A aplica\u00e7\u00e3o do 904L na \u00e1rea de equipamentos de tratamento de \u00e1gua, como filtros, membranas de osmose reversa e outros componentes, pode melhorar a qualidade da \u00e1gua e a efici\u00eancia do tratamento. A composi\u00e7\u00e3o qu\u00edmica espec\u00edfica do 904L \u00e9: C: \u2264 0,02, Si: \u2264 1,00, Mn: \u2264 2,00, P: \u2264 0,045, S: \u2264 0,035, Cr: 19,00-23,00, Ni: 23,00-28,00, Mo: 4,00-5,00 . O 904L apresenta excelente resist\u00eancia \u00e0 corros\u00e3o em certos ambientes extremos, como alta salinidade, meios \u00e1cidos ou alcalinos<br \/>\n904L tem boa resist\u00eancia \u00e0 corros\u00e3o salina em alta temperatura e pode manter boa estabilidade e resist\u00eancia \u00e0 corros\u00e3o em ambientes salinos de alta temperatura. Propriedades mec\u00e2nicas do 904L: resist\u00eancia \u00e0 tra\u00e7\u00e3o 490 MPa, resist\u00eancia ao escoamento 215 MPa, alongamento 35%. O 904L pode alterar suas propriedades por meio de tratamento t\u00e9rmico, como recozimento, tratamento de solu\u00e7\u00e3o, etc., para melhorar sua resist\u00eancia, tenacidade ou resist\u00eancia \u00e0 corros\u00e3o.<\/p>\n<p>A v\u00e1lvula esfera 904L \u00e9 uma estrutura de corpo de v\u00e1lvula dividida em duas pe\u00e7as, com o flange intermedi\u00e1rio conectado por parafusos e a superf\u00edcie de veda\u00e7\u00e3o feita de politetrafluoretileno. A junta de veda\u00e7\u00e3o de politetrafluoroetileno \u00e9 embutida no anel de a\u00e7o inoxid\u00e1vel para garantir que o corpo da v\u00e1lvula esteja firmemente preso \u00e0 esfera e mantenha a veda\u00e7\u00e3o. Uma mola \u00e9 instalada entre a esfera, a haste da v\u00e1lvula e o corpo da v\u00e1lvula. A haste da v\u00e1lvula \u00e9 perfurada e conectada a uma pequena esfera de a\u00e7o e mola, formando uma estrutura antiest\u00e1tica para liberar a eletricidade est\u00e1tica gerada ao abrir e fechar a v\u00e1lvula. N\u00e3o h\u00e1 rolamento de PTFE, reduzindo o atrito e economizando trabalho. A sede da v\u00e1lvula est\u00e1 equipada com uma estrutura \u00e0 prova de fogo. No caso de danos \u00e0 veda\u00e7\u00e3o de PTFE causados por um inc\u00eandio, uma veda\u00e7\u00e3o metal com metal ainda pode ser formada entre a ranhura \u00e0 prova de fogo e a esfera para evitar vazamento do meio. A v\u00e1lvula esf\u00e9rica \u00e9 uma estrutura de passagem total e a vaz\u00e3o atrav\u00e9s da abertura da v\u00e1lvula \u00e9 consistente com a vaz\u00e3o do di\u00e2metro interno da tubula\u00e7\u00e3o, o que \u00e9 conveniente para limpeza e manuten\u00e7\u00e3o posteriores.<\/p>","protected":false},"excerpt":{"rendered":"<p>A v\u00e1lvula esfera 904L \u00e9 adequada para diversas concentra\u00e7\u00f5es de \u00e1cido sulf\u00farico abaixo de 70C e possui excelente resist\u00eancia \u00e0 corros\u00e3o sob press\u00e3o atmosf\u00e9rica a qualquer concentra\u00e7\u00e3o e temperatura de \u00e1cido ac\u00e9tico e uma mistura de \u00e1cido f\u00f3rmico e \u00e1cido ac\u00e9tico.<\/p>\n<p>Esfera flutuante, furo completo ou furo reduzido.<br \/>\nAlmofada de montagem ISO5211 para op\u00e7\u00e3o.<br \/>\nDesign de haste \u00e0 prova de explos\u00e3o.<br \/>\nVeda\u00e7\u00e3o da sede em PTFE\/RPTFE (o material da veda\u00e7\u00e3o da sede pode ser decidido a pedido do cliente ou de acordo com a condi\u00e7\u00e3o m\u00e9dia e de temperatura da v\u00e1lvula).<br \/>\nDesign antiest\u00e1tico e API 607 Fire Safe<br \/>\nProjeto dispon\u00edvel Opera\u00e7\u00e3o: Volante, Roda sem-fim, Atuador pneum\u00e1tico e Atuador el\u00e9trico.<\/p>","protected":false},"featured_media":18140,"template":"","meta":{"advanced_seo_description":"","jetpack_seo_html_title":"","jetpack_seo_noindex":false},"product_brand":[],"product_cat":[83],"product_tag":[199,200,202,201],"class_list":{"0":"post-18139","1":"product","2":"type-product","3":"status-publish","4":"has-post-thumbnail","6":"product_cat-ball-valves","7":"product_tag-904l-ball-valve","8":"product_tag-dn50-904l-ball-valve","9":"product_tag-flange-end-904l-ball-valve","10":"product_tag-pn16-904l-ball-valve","12":"first","13":"instock","14":"shipping-taxable","15":"product-type-simple"},"jetpack_sharing_enabled":true,"_links":{"self":[{"href":"https:\/\/oudianvalve.com\/pt\/wp-json\/wp\/v2\/product\/18139","targetHints":{"allow":["GET"]}}],"collection":[{"href":"https:\/\/oudianvalve.com\/pt\/wp-json\/wp\/v2\/product"}],"about":[{"href":"https:\/\/oudianvalve.com\/pt\/wp-json\/wp\/v2\/types\/product"}],"wp:featuredmedia":[{"embeddable":true,"href":"https:\/\/oudianvalve.com\/pt\/wp-json\/wp\/v2\/media\/18140"}],"wp:attachment":[{"href":"https:\/\/oudianvalve.com\/pt\/wp-json\/wp\/v2\/media?parent=18139"}],"wp:term":[{"taxonomy":"product_brand","embeddable":true,"href":"https:\/\/oudianvalve.com\/pt\/wp-json\/wp\/v2\/product_brand?post=18139"},{"taxonomy":"product_cat","embeddable":true,"href":"https:\/\/oudianvalve.com\/pt\/wp-json\/wp\/v2\/product_cat?post=18139"},{"taxonomy":"product_tag","embeddable":true,"href":"https:\/\/oudianvalve.com\/pt\/wp-json\/wp\/v2\/product_tag?post=18139"}],"curies":[{"name":"wp","href":"https:\/\/api.w.org\/{rel}","templated":true}]}}